{"id":1954,"date":"2013-01-27T16:46:00","date_gmt":"2013-01-27T15:46:00","guid":{"rendered":"http:\/\/hipsb.hr\/?page_id=1954"},"modified":"2020-02-26T10:22:32","modified_gmt":"2020-02-26T09:22:32","slug":"journal-scrinia-slavonica","status":"publish","type":"page","link":"http:\/\/hipsb.hr\/en\/publications\/journal-scrinia-slavonica\/","title":{"rendered":"Journal Scrinia Slavonica"},"content":{"rendered":"<p style=\"text-align: left;\"><span style=\"color: #000000;\">SCRINIA SLAVONICA, annual review of the Croatian Institute of History, Department for the History of Slavonia, Srijem and Baranja (in Slavonski Brod, Croatia), publishes articles dealing with the history of North-Eastern Croatia, comprising the following historical regions: Slavonia (in the modern geographical sense of this term), Srijem or Syrmia, and the Croatian part of Baranja \/ Baranya.<\/span><\/p>\n<p><span style=\"color: #000000;\">SCRINIA SLAVONICA aims at promoting regional history of Slavonia and its adjacent historically connected regions as a meaningful frame for a productive and diversified historical research. It accepts both in-depth research contributions and articles of synthesis or recapitulation (review articles), as well as editions of relevant source texts in limited selections. Besides that, a part of the review\u2019s space is dedicated to works on broader theoretical or methodological issues, primarily those applicable to specific regional research projects. Finally, articles in translation and book reviews are intended to help Croatian historians in their continuous following of historiographical developments and interesting events in the countries neighbouring Slavonia, i. e. Hungary, Serbia, and Bosnia-Herzegovina. These countries constitute an area which was encompassed in the course of past centuries by various structures of mutual connection and relationship. This largely common past results naturally in an overlap of interests (while not necessarily in unanimous interpretations) of present-day historiographies in Croatia and the neighbouring countries, which in turn requires communication, a sharing of knowledge, cooperation and a well- founded dialogue.<\/span><\/p>\n<p><span style=\"color: #000000;\">Editor-in-chief:<\/span> <strong><span style=\"color: #000000;\">Stanko Andri\u0107<br \/>\n<\/span><\/strong><br \/>\n<span style=\"color: #000000;\">Secretary:<\/span> <strong><span style=\"color: #000000;\">Marijan \u0160abi\u0107<br \/>\n<\/span><\/strong><br \/>\n<span style=\"color: #000000;\">Editorial Board:<\/span> <strong><span style=\"color: #000000;\">Miroslav Akmad\u017ea<\/span><\/strong><span style=\"color: #000000;\">,<\/span><strong><span style=\"color: #000000;\"> Mato Artukovi\u0107, Marija Karbi\u0107, Suzana Le\u010dek, Robert Skenderovi\u0107, Milan Vrbanus, Dinko \u017dupan<\/span><\/strong><span style=\"color: #000000;\">.\u00a0<\/span><span style=\"color: #000000;\">(All members of the Editorial Board are scholars in the academic ranks of Senior Research Fellow or higher).<\/span><\/p>\n<p><span style=\"color: #000000;\">Advisory Board:\u00a0<strong><span style=\"color: #000000;\">Carl Bethke\u00a0<\/span><\/strong>(T\u00fcbingen),\u00a0<strong><span style=\"color: #000000;\">Hrvoje Gra\u010danin\u00a0<\/span><\/strong>(Zagreb),\u00a0<strong><span style=\"color: #000000;\">Fazileta Hafizovi\u0107\u00a0<\/span><\/strong>(Sarajevo), <strong><span style=\"color: #000000;\">\u0110ura Hardi <\/span><\/strong>(Novi Sad),<strong><span style=\"color: #000000;\"> Alojz Ivani\u0161evi\u0107<\/span><\/strong> (Wien), <strong><span style=\"color: #000000;\">Milan Kruhek<\/span><\/strong> (Zagreb), <strong><span style=\"color: #000000;\">Damir Matanovi\u0107 <\/span><\/strong>(Osijek), <strong><span style=\"color: #000000;\">Nenad Moa\u010danin\u00a0<\/span><\/strong>(Zagreb), <strong><span style=\"color: #000000;\">Antal Moln\u00e1r\u00a0<\/span><\/strong>(Budapest), <strong><span style=\"color: #000000;\">Mirko Valenti\u0107\u00a0<\/span><\/strong>(Zagreb), <strong><span style=\"color: #000000;\">Szabolcs Varga<\/span><\/strong> (P\u00e9cs), <strong><span style=\"color: #000000;\">Bo\u017eena Vranje\u0161-\u0160oljan<\/span><\/strong> (Zagreb), <strong><span style=\"color: #000000;\">Piotr \u017burek <\/span><\/strong>(Bielsko-Bia\u0142a) and\u00a0<strong><span style=\"color: #000000;\">Zlata \u017divakovi\u0107-Ker\u017ee <\/span><\/strong>(Osijek).<\/span><\/p>\n<p><span style=\"color: #000000;\">Address: A. Star\u010devi\u0107a 8, HR-35000 Slavonski Brod<\/span><br \/>\n<span style=\"color: #000000;\"> Tel. \/ fax: (+385) (0)35 447 243<\/span><br \/>\n<span style=\"color: #000000;\">E-mail:<\/span> <a href=\"mailto:info@hipsb.hr\"><span style=\"color: #3366ff;\">info@hipsb.hr<\/span><br \/>\n<\/a><\/p>\n<p><span style=\"color: #000000;\">The journal has been published since 2001. Since 2011, by decision of the National Science Council, the journal has been listed in Group A1 in the list of categorized domestic journals in the humanities.<\/span><br \/>\n<span style=\"color: #000000;\"> Articles published in SCRINIA SLAVONICA are currently indexed in and available at: Historical Abstracts and Historical Abstracts with Full Text<\/span> (<span style=\"color: #3366ff;\"><a style=\"color: #3366ff;\" href=\"http:\/\/ebscohost.com\">http:\/\/ebscohost.com<\/a><\/span>)<span style=\"color: #000000;\">; European Reference Index for the Humanities and the Social Sciences (<\/span><span style=\"color: #3366ff;\"><a style=\"color: #3366ff;\" href=\"https:\/\/dbh.nsd.uib.no\/publiseringskanaler\/erihplus\/\">https:\/\/dbh.nsd.uib.no\/publiseringskanaler\/erihplus\/<\/a><\/span><span style=\"color: #000000;\">); Central and Eastern European Online Library<\/span> (<span style=\"color: #3366ff;\"><a style=\"color: #3366ff;\" href=\"http:\/\/www.ceeol.com\">http:\/\/www.ceeol.com<\/a><\/span>); <span style=\"color: #000000;\">Portal of Croatian Scientific Journals<\/span> (<span style=\"color: #3366ff;\"><a style=\"color: #3366ff;\" href=\"http:\/\/hrcak.srce.hr\">http:\/\/hrcak.srce.hr<\/a><\/span>).<\/p>\n<p><strong><span style=\"color: #000000;\">Scrinia Slavonica is an open access journal. Its full content is available <span style=\"color: #3366ff;\"><a style=\"color: #3366ff;\" href=\"http:\/\/hrcak.srce.hr\/scrinia-slavonica\">HERE<\/a><\/span>.<\/span><\/strong><em>\u00a0<\/em><\/p>\n<p><strong><span style=\"color: #000000;\">For the web-shop catalogue of the volumes published so far click<\/span> <span style=\"color: #3366ff;\"><a style=\"color: #3366ff;\" href=\"http:\/\/hipsb.hr\/katalog-web-shop\/\">HERE<\/a><\/span><\/strong>.<\/p>\n<p><strong>\u00a0<\/strong><\/p>\n<h2><strong>Information for Authors<\/strong><\/h2>\n<p><span style=\"color: #000000;\">Articles in SCRINIA SLAVONICA are published in Croatian, with summaries in English.<\/span><\/p>\n<p><span style=\"color: #000000;\">Detailed instructions for contributors can be found in the following documents:\u00a0<\/span><\/p>\n<p><a href=\"http:\/\/hipsb.hr\/wp-content\/uploads\/2013\/10\/Upute-suradnicima-u-Scriniai.pdf\" target=\"_blank\"><img loading=\"lazy\" class=\"alignleft wp-image-1018\" src=\"http:\/\/hipsb.hr\/wp-content\/uploads\/2013\/01\/pdf_file-180x180.jpg\" alt=\"Prika\u017ei PDF datoteku\" width=\"60\" height=\"60\" \/><\/a><br \/>\n<strong><span style=\"color: #000000;\">Instructions for contributors <\/span><\/strong><span style=\"color: #000000;\">(in Croatian)<\/span><\/p>\n<p>&nbsp;<\/p>\n<p>&nbsp;<\/p>\n<p><a href=\"http:\/\/hipsb.hr\/wp-content\/uploads\/2012\/12\/Upute-za-citiranje-HIP.pdf\"><img loading=\"lazy\" class=\"alignleft wp-image-1018\" src=\"http:\/\/hipsb.hr\/wp-content\/uploads\/2013\/01\/pdf_file-180x180.jpg\" alt=\"Prika\u017ei PDF datoteku\" width=\"60\" height=\"60\" \/><\/a><br \/>\n<strong><span style=\"color: #000000;\"><br \/>\nInstructions for writing notes and bibliographies in the editions of the Croatian Institute of History\u00a0<\/span><\/strong><span style=\"color: #000000;\">(in Croatian)<\/span><\/p>\n<p>&nbsp;<\/p>\n<p><span style=\"color: #000000;\">The call for papers is permanently open. Prospective authors are encouraged to send their manuscripts through journal&#8217;s web site via the following web address:<\/span><\/p>\n<p><span style=\"color: #0000ff;\"><a style=\"color: #0000ff;\" href=\"https:\/\/hrcak.srce.hr\/ojs\/index.php\/slavonica\/information\/authors\">https:\/\/hrcak.srce.hr\/ojs\/index.php\/slavonica\/information\/authors<\/a><\/span><\/p>\n<p><span style=\"color: #000000;\">In case of problems, authors can contact the Editorial Board by email.<\/span><\/p>\n<p><span style=\"color: #000000;\">The Editorial Board of SCRINIA SLAVONICA accepts all papers that haven\u2019t previously been published elsewhere. Accepted texts must be of a quality that meets the professional standards of the journal.<\/span><\/p>\n<p><span style=\"color: #000000;\">The Editorial Board provides two (exceptionally three) independent peer reviews for each scientific paper that undergoes editorial evaluation. SCRINIA SLAVONICA applies the double-blind review process common in the humanities, in which the editor doesn\u2019t disclose the identity of the author to the reviewer nor vice versa. Editor-in-chief or the Editorial Board may reject an article without external review if they believe the topic of the article lies outside the focus of the journal, if the author clearly doesn\u2019t respect ethic norms, if the article is of evidently poor quality, or if it doesn\u2019t meet the minimal technical conditions for being accepted in a scholarly journal. Authors will be informed of the results of the review process, and are obliged to revise their article according to any suggestions, demands, and critiques made by the reviewers and editors (and mark all such changes if asked to do so). The revised texts will be made available to the reviewers upon their request. Reviewers give their opinion about the quality of the manuscript and suggest a category for the article, while the final decision regarding the article\u2019s category is made by the Editorial Board, based on the Editor-in-chief\u2019s and reviewers\u2019 suggestions. Apart from peer-reviewed papers and book and journal reviews, SCRINIA SLAVONICA also publishes other contributions, such as conference and exhibition reports, obituaries, polemics, notifications, etc.<\/span><\/p>\n<p><strong><span style=\"color: #000000;\">*<\/span><\/strong><\/p>\n<p><span style=\"color: #000000;\">The journal SCRINIA SLAVONICA is committed to maintain high standards of ethical behaviour at all stages of the publication process.\u00a0<\/span><\/p>\n<p><span style=\"color: #000000;\">On the publishing ethics responsibilities of the publisher, editors, authors, and peer reviewers, please consult the following document:<\/span><\/p>\n<div dir=\"ltr\"><\/div>\n<p><a href=\"http:\/\/hipsb.hr\/wp-content\/uploads\/2013\/01\/Scrinia-Slavonica-PEM-Statement.pdf\"><img loading=\"lazy\" class=\"alignleft wp-image-1018\" style=\"border: 1px solid white; margin-left: 1px; margin-right: 1px;\" src=\"http:\/\/hipsb.hr\/wp-content\/uploads\/2013\/01\/pdf_file-180x180.jpg\" alt=\"Prika\u017ei PDF datoteku\" width=\"60\" height=\"60\" \/><\/a><br \/>\n<strong><span style=\"color: #000000;\"><br \/>\nPublication Ethics and Malpractice Statement for <span style=\"font-style: italic;\">Scrinia Slavonica\u00a0<\/span><\/span><\/strong><\/p>\n<p>&nbsp;<\/p>\n<p><span style=\"color: #000000;\">The Editorial Board of SCRINIA SLAVONICA bases its publishing ethics on the recommendations of the Croatian Ministry of Science and Education (MZO) and the Ethics Flowchart of the Committee on Publication Ethics (COPE).<\/span><\/p>\n<p><span style=\"color: #000000;\">The respective documents can be consulted here:<\/span><\/p>\n<p><a href=\"http:\/\/hipsb.hr\/wp-content\/uploads\/2012\/12\/MZO-Standard-uredni\u010dkog-rada.pdf\"><img loading=\"lazy\" class=\"alignleft wp-image-1018\" style=\"border: 1px solid white; margin-left: 1px; margin-right: 1px;\" src=\"http:\/\/hipsb.hr\/wp-content\/uploads\/2013\/01\/pdf_file-180x180.jpg\" alt=\"Prika\u017ei PDF datoteku\" width=\"60\" height=\"60\" \/><\/a><br \/>\n<strong><span style=\"color: #000000;\"><br \/>\nMZO\u00a0\u2013 Editorial standard<\/span><\/strong><span style=\"color: #000000;\"> (in Croatian)<\/span><\/p>\n<p style=\"text-align: left; padding-left: 90px;\"><span style=\"color: #000000;\">(also available here:<br \/>\n<\/span><span style=\"color: #000000;\"><span style=\"color: #3366ff;\"><a style=\"color: #3366ff;\" href=\"https:\/\/mzo.gov.hr\/istaknute-teme\/znanost\/znanstvena-infrastruktura\/znanstveno-izdavacka-djelatnost\/146\">https:\/\/mzo.gov.hr\/istaknute-teme\/znanost\/znanstvena-infrastruktura\/znanstveno-izdavacka-djelatnost\/146<\/a><\/span><\/span><span style=\"color: #000000;\">)<\/span><\/p>\n<p>&nbsp;<\/p>\n<p style=\"text-align: left; padding-left: 60px;\"><strong><span style=\"color: #000000;\">\u00a0 \u00a0COPE\u00a0\u2013 Editorial ethics guide <\/span><\/strong><span style=\"color: #000000;\">(in Croatian)<\/span><\/p>\n<p style=\"text-align: left; padding-left: 90px;\"><span style=\"color: #000000;\">(available here:<\/span><br \/>\n<span style=\"color: #3366ff;\"><a style=\"color: #3366ff;\" href=\"https:\/\/mzo.gov.hr\/UserDocsImages\/\/dokumenti\/Znanost\/ZnanstvenaInfrastruktura\/\/Eti%C4%8Dki%20postupnik%20za%20urednike.pdf\">https:\/\/mzo.gov.hr\/UserDocsImages\/\/dokumenti\/Znanost\/ZnanstvenaInfrastruktura\/\/Eti%C4%8Dki%20postupnik%20za%20urednike.pdf<\/a><\/span>)<\/p>\n","protected":false},"excerpt":{"rendered":"<p>SCRINIA SLAVONICA, annual review of the Croatian Institute of History, Department for the History of Slavonia, Srijem and Baranja (in Slavonski Brod, Croatia), publishes articles dealing with the history of North-Eastern Croatia, comprising the following historical regions: Slavonia (in the modern geographical sense of this term), Srijem or Syrmia, and the Croatian part of Baranja [&hellip;]<\/p>\n","protected":false},"author":1,"featured_media":3495,"parent":1950,"menu_order":0,"comment_status":"open","ping_status":"open","template":"","meta":[],"yoast_head":"<!-- This site is optimized with the Yoast SEO plugin v16.1.1 - https:\/\/yoast.com\/wordpress\/plugins\/seo\/ -->\n<title>Journal Scrinia Slavonica - Hrvatski institut za povijest<\/title>\n<link rel=\"canonical\" href=\"http:\/\/hipsb.hr\/opce-informacije\/casopis-scrinia-slavonica\/\" \/>\n<meta property=\"og:locale\" content=\"en_US\" \/>\n<meta property=\"og:type\" content=\"article\" \/>\n<meta property=\"og:title\" content=\"Journal Scrinia Slavonica - Hrvatski institut za povijest\" \/>\n<meta property=\"og:description\" content=\"SCRINIA SLAVONICA, annual review of the Croatian Institute of History, Department for the History of Slavonia, Srijem and Baranja (in Slavonski Brod, Croatia), publishes articles dealing with the history of North-Eastern Croatia, comprising the following historical regions: Slavonia (in the modern geographical sense of this term), Srijem or Syrmia, and the Croatian part of Baranja [&hellip;]\" \/>\n<meta property=\"og:url\" content=\"http:\/\/hipsb.hr\/opce-informacije\/casopis-scrinia-slavonica\/\" \/>\n<meta property=\"og:site_name\" content=\"Hrvatski institut za povijest\" \/>\n<meta property=\"article:modified_time\" content=\"2020-02-26T09:22:32+00:00\" \/>\n<meta property=\"og:image\" content=\"http:\/\/hipsb.hr\/wp-content\/uploads\/2012\/12\/scriniaslavonica.jpg\" \/>\n\t<meta property=\"og:image:width\" content=\"1024\" \/>\n\t<meta property=\"og:image:height\" content=\"402\" \/>\n<meta name=\"twitter:label1\" content=\"Est. reading time\">\n\t<meta name=\"twitter:data1\" content=\"5 minutes\">\n<script type=\"application\/ld+json\" class=\"yoast-schema-graph\">{\"@context\":\"https:\/\/schema.org\",\"@graph\":[{\"@type\":\"WebSite\",\"@id\":\"https:\/\/hipsb.hr\/#website\",\"url\":\"https:\/\/hipsb.hr\/\",\"name\":\"Hrvatski institut za povijest\",\"description\":\"Podru\\u017enica za povijest Slavonije, Srijema i Baranje\",\"potentialAction\":[{\"@type\":\"SearchAction\",\"target\":\"https:\/\/hipsb.hr\/?s={search_term_string}\",\"query-input\":\"required name=search_term_string\"}],\"inLanguage\":\"en-US\"},{\"@type\":\"ImageObject\",\"@id\":\"http:\/\/hipsb.hr\/opce-informacije\/casopis-scrinia-slavonica\/#primaryimage\",\"inLanguage\":\"en-US\",\"url\":\"http:\/\/hipsb.hr\/wp-content\/uploads\/2012\/12\/scriniaslavonica.jpg\",\"contentUrl\":\"http:\/\/hipsb.hr\/wp-content\/uploads\/2012\/12\/scriniaslavonica.jpg\",\"width\":1024,\"height\":402},{\"@type\":\"WebPage\",\"@id\":\"http:\/\/hipsb.hr\/opce-informacije\/casopis-scrinia-slavonica\/#webpage\",\"url\":\"http:\/\/hipsb.hr\/opce-informacije\/casopis-scrinia-slavonica\/\",\"name\":\"Journal Scrinia Slavonica - Hrvatski institut za povijest\",\"isPartOf\":{\"@id\":\"https:\/\/hipsb.hr\/#website\"},\"primaryImageOfPage\":{\"@id\":\"http:\/\/hipsb.hr\/opce-informacije\/casopis-scrinia-slavonica\/#primaryimage\"},\"datePublished\":\"2013-01-27T15:46:00+00:00\",\"dateModified\":\"2020-02-26T09:22:32+00:00\",\"breadcrumb\":{\"@id\":\"http:\/\/hipsb.hr\/opce-informacije\/casopis-scrinia-slavonica\/#breadcrumb\"},\"inLanguage\":\"en-US\",\"potentialAction\":[{\"@type\":\"ReadAction\",\"target\":[\"http:\/\/hipsb.hr\/opce-informacije\/casopis-scrinia-slavonica\/\"]}]},{\"@type\":\"BreadcrumbList\",\"@id\":\"http:\/\/hipsb.hr\/opce-informacije\/casopis-scrinia-slavonica\/#breadcrumb\",\"itemListElement\":[{\"@type\":\"ListItem\",\"position\":1,\"item\":{\"@type\":\"WebPage\",\"@id\":\"https:\/\/hipsb.hr\/en\/\",\"url\":\"https:\/\/hipsb.hr\/en\/\",\"name\":\"Home\"}},{\"@type\":\"ListItem\",\"position\":2,\"item\":{\"@type\":\"WebPage\",\"@id\":\"http:\/\/hipsb.hr\/opce-informacije\/\",\"url\":\"http:\/\/hipsb.hr\/opce-informacije\/\",\"name\":\"General Information\"}},{\"@type\":\"ListItem\",\"position\":3,\"item\":{\"@type\":\"WebPage\",\"@id\":\"http:\/\/hipsb.hr\/opce-informacije\/casopis-scrinia-slavonica\/\",\"url\":\"http:\/\/hipsb.hr\/opce-informacije\/casopis-scrinia-slavonica\/\",\"name\":\"Journal Scrinia Slavonica\"}}]}]}<\/script>\n<!-- \/ Yoast SEO plugin. -->","_links":{"self":[{"href":"http:\/\/hipsb.hr\/en\/wp-json\/wp\/v2\/pages\/1954"}],"collection":[{"href":"http:\/\/hipsb.hr\/en\/wp-json\/wp\/v2\/pages"}],"about":[{"href":"http:\/\/hipsb.hr\/en\/wp-json\/wp\/v2\/types\/page"}],"author":[{"embeddable":true,"href":"http:\/\/hipsb.hr\/en\/wp-json\/wp\/v2\/users\/1"}],"replies":[{"embeddable":true,"href":"http:\/\/hipsb.hr\/en\/wp-json\/wp\/v2\/comments?post=1954"}],"version-history":[{"count":47,"href":"http:\/\/hipsb.hr\/en\/wp-json\/wp\/v2\/pages\/1954\/revisions"}],"predecessor-version":[{"id":7904,"href":"http:\/\/hipsb.hr\/en\/wp-json\/wp\/v2\/pages\/1954\/revisions\/7904"}],"up":[{"embeddable":true,"href":"http:\/\/hipsb.hr\/en\/wp-json\/wp\/v2\/pages\/1950"}],"wp:featuredmedia":[{"embeddable":true,"href":"http:\/\/hipsb.hr\/en\/wp-json\/wp\/v2\/media\/3495"}],"wp:attachment":[{"href":"http:\/\/hipsb.hr\/en\/wp-json\/wp\/v2\/media?parent=1954"}],"curies":[{"name":"wp","href":"https:\/\/api.w.org\/{rel}","templated":true}]}}