{"id":13554,"date":"2023-06-28T14:33:50","date_gmt":"2023-06-28T12:33:50","guid":{"rendered":"http:\/\/hipsb.hr\/?post_type=product&#038;p=13554"},"modified":"2026-01-01T16:26:52","modified_gmt":"2026-01-01T15:26:52","slug":"crkva-i-drzava-dopisivanje-i-razgovori-izmedu-predstavnika-katolicke-crkve-i-komunisticke-drzavne-vlasti-u-jugoslaviji-svezak-vi-1974-1980","status":"publish","type":"product","link":"http:\/\/hipsb.hr\/en\/proizvod\/crkva-i-drzava-dopisivanje-i-razgovori-izmedu-predstavnika-katolicke-crkve-i-komunisticke-drzavne-vlasti-u-jugoslaviji-svezak-vi-1974-1980\/","title":{"rendered":"Crkva i dr\u017eava. Dopisivanje i razgovori izme\u0111u predstavnika Katoli\u010dke crkve i komunisti\u010dke dr\u017eavne vlasti u Jugoslaviji. Svezak VI. 1974.-1980."},"content":{"rendered":"<p><strong><a href=\"http:\/\/hipsb.hr\/wp-content\/uploads\/2023\/06\/CiD_6-Sadrzaj.pdf\">S A D R \u017d A J<\/a><\/strong><\/p>\n","protected":false},"excerpt":{"rendered":"<p>S A D R \u017d A J<\/p>\n","protected":false},"featured_media":13555,"comment_status":"closed","ping_status":"closed","template":"","meta":[],"yoast_head":"<!-- This site is optimized with the Yoast SEO plugin v16.1.1 - https:\/\/yoast.com\/wordpress\/plugins\/seo\/ -->\n<title>Crkva i dr\u017eava. Dopisivanje i razgovori izme\u0111u predstavnika Katoli\u010dke crkve i komunisti\u010dke dr\u017eavne vlasti u Jugoslaviji. Svezak VI. 1974.-1980. - Hrvatski institut za povijest<\/title>\n<link rel=\"canonical\" href=\"http:\/\/hipsb.hr\/proizvod\/crkva-i-drzava-dopisivanje-i-razgovori-izmedu-predstavnika-katolicke-crkve-i-komunisticke-drzavne-vlasti-u-jugoslaviji-svezak-vi-1974-1980\/\" \/>\n<meta property=\"og:locale\" content=\"en_US\" \/>\n<meta property=\"og:type\" content=\"article\" \/>\n<meta property=\"og:title\" content=\"Crkva i dr\u017eava. Dopisivanje i razgovori izme\u0111u predstavnika Katoli\u010dke crkve i komunisti\u010dke dr\u017eavne vlasti u Jugoslaviji. Svezak VI. 1974.-1980. - Hrvatski institut za povijest\" \/>\n<meta property=\"og:description\" content=\"S A D R \u017d A J\" \/>\n<meta property=\"og:url\" content=\"http:\/\/hipsb.hr\/proizvod\/crkva-i-drzava-dopisivanje-i-razgovori-izmedu-predstavnika-katolicke-crkve-i-komunisticke-drzavne-vlasti-u-jugoslaviji-svezak-vi-1974-1980\/\" \/>\n<meta property=\"og:site_name\" content=\"Hrvatski institut za povijest\" \/>\n<meta property=\"article:modified_time\" content=\"2026-01-01T15:26:52+00:00\" \/>\n<meta property=\"og:image\" content=\"http:\/\/hipsb.hr\/wp-content\/uploads\/2023\/06\/CiD_6-korice2-scaled.jpg\" \/>\n\t<meta property=\"og:image:width\" content=\"1656\" \/>\n\t<meta property=\"og:image:height\" content=\"2560\" \/>\n<meta name=\"twitter:label1\" content=\"Est. reading time\">\n\t<meta name=\"twitter:data1\" content=\"1 minute\">\n<script type=\"application\/ld+json\" class=\"yoast-schema-graph\">{\"@context\":\"https:\/\/schema.org\",\"@graph\":[{\"@type\":\"WebSite\",\"@id\":\"http:\/\/hipsb.hr\/#website\",\"url\":\"http:\/\/hipsb.hr\/\",\"name\":\"Hrvatski institut za povijest\",\"description\":\"Podru\\u017enica za povijest Slavonije, Srijema i Baranje\",\"potentialAction\":[{\"@type\":\"SearchAction\",\"target\":\"http:\/\/hipsb.hr\/?s={search_term_string}\",\"query-input\":\"required name=search_term_string\"}],\"inLanguage\":\"en-US\"},{\"@type\":\"ImageObject\",\"@id\":\"http:\/\/hipsb.hr\/proizvod\/crkva-i-drzava-dopisivanje-i-razgovori-izmedu-predstavnika-katolicke-crkve-i-komunisticke-drzavne-vlasti-u-jugoslaviji-svezak-vi-1974-1980\/#primaryimage\",\"inLanguage\":\"en-US\",\"url\":\"http:\/\/hipsb.hr\/wp-content\/uploads\/2023\/06\/CiD_6-korice2-scaled.jpg\",\"contentUrl\":\"http:\/\/hipsb.hr\/wp-content\/uploads\/2023\/06\/CiD_6-korice2-scaled.jpg\",\"width\":1656,\"height\":2560},{\"@type\":\"WebPage\",\"@id\":\"http:\/\/hipsb.hr\/proizvod\/crkva-i-drzava-dopisivanje-i-razgovori-izmedu-predstavnika-katolicke-crkve-i-komunisticke-drzavne-vlasti-u-jugoslaviji-svezak-vi-1974-1980\/#webpage\",\"url\":\"http:\/\/hipsb.hr\/proizvod\/crkva-i-drzava-dopisivanje-i-razgovori-izmedu-predstavnika-katolicke-crkve-i-komunisticke-drzavne-vlasti-u-jugoslaviji-svezak-vi-1974-1980\/\",\"name\":\"Crkva i dr\\u017eava. Dopisivanje i razgovori izme\\u0111u predstavnika Katoli\\u010dke crkve i komunisti\\u010dke dr\\u017eavne vlasti u Jugoslaviji. Svezak VI. 1974.-1980. - Hrvatski institut za povijest\",\"isPartOf\":{\"@id\":\"http:\/\/hipsb.hr\/#website\"},\"primaryImageOfPage\":{\"@id\":\"http:\/\/hipsb.hr\/proizvod\/crkva-i-drzava-dopisivanje-i-razgovori-izmedu-predstavnika-katolicke-crkve-i-komunisticke-drzavne-vlasti-u-jugoslaviji-svezak-vi-1974-1980\/#primaryimage\"},\"datePublished\":\"2023-06-28T12:33:50+00:00\",\"dateModified\":\"2026-01-01T15:26:52+00:00\",\"breadcrumb\":{\"@id\":\"http:\/\/hipsb.hr\/proizvod\/crkva-i-drzava-dopisivanje-i-razgovori-izmedu-predstavnika-katolicke-crkve-i-komunisticke-drzavne-vlasti-u-jugoslaviji-svezak-vi-1974-1980\/#breadcrumb\"},\"inLanguage\":\"en-US\",\"potentialAction\":[{\"@type\":\"ReadAction\",\"target\":[\"http:\/\/hipsb.hr\/proizvod\/crkva-i-drzava-dopisivanje-i-razgovori-izmedu-predstavnika-katolicke-crkve-i-komunisticke-drzavne-vlasti-u-jugoslaviji-svezak-vi-1974-1980\/\"]}]},{\"@type\":\"BreadcrumbList\",\"@id\":\"http:\/\/hipsb.hr\/proizvod\/crkva-i-drzava-dopisivanje-i-razgovori-izmedu-predstavnika-katolicke-crkve-i-komunisticke-drzavne-vlasti-u-jugoslaviji-svezak-vi-1974-1980\/#breadcrumb\",\"itemListElement\":[{\"@type\":\"ListItem\",\"position\":1,\"item\":{\"@type\":\"WebPage\",\"@id\":\"http:\/\/hipsb.hr\/en\/\",\"url\":\"http:\/\/hipsb.hr\/en\/\",\"name\":\"Home\"}},{\"@type\":\"ListItem\",\"position\":2,\"item\":{\"@type\":\"WebPage\",\"@id\":\"http:\/\/hipsb.hr\/shop\/\",\"url\":\"http:\/\/hipsb.hr\/shop\/\",\"name\":\"Proizvodi\"}},{\"@type\":\"ListItem\",\"position\":3,\"item\":{\"@type\":\"WebPage\",\"@id\":\"http:\/\/hipsb.hr\/proizvod\/crkva-i-drzava-dopisivanje-i-razgovori-izmedu-predstavnika-katolicke-crkve-i-komunisticke-drzavne-vlasti-u-jugoslaviji-svezak-vi-1974-1980\/\",\"url\":\"http:\/\/hipsb.hr\/proizvod\/crkva-i-drzava-dopisivanje-i-razgovori-izmedu-predstavnika-katolicke-crkve-i-komunisticke-drzavne-vlasti-u-jugoslaviji-svezak-vi-1974-1980\/\",\"name\":\"Crkva i dr\\u017eava. Dopisivanje i razgovori izme\\u0111u predstavnika Katoli\\u010dke crkve i komunisti\\u010dke dr\\u017eavne vlasti u Jugoslaviji. Svezak VI. 1974.-1980.\"}}]}]}<\/script>\n<!-- \/ Yoast SEO plugin. -->","_links":{"self":[{"href":"http:\/\/hipsb.hr\/en\/wp-json\/wp\/v2\/product\/13554"}],"collection":[{"href":"http:\/\/hipsb.hr\/en\/wp-json\/wp\/v2\/product"}],"about":[{"href":"http:\/\/hipsb.hr\/en\/wp-json\/wp\/v2\/types\/product"}],"replies":[{"embeddable":true,"href":"http:\/\/hipsb.hr\/en\/wp-json\/wp\/v2\/comments?post=13554"}],"wp:featuredmedia":[{"embeddable":true,"href":"http:\/\/hipsb.hr\/en\/wp-json\/wp\/v2\/media\/13555"}],"wp:attachment":[{"href":"http:\/\/hipsb.hr\/en\/wp-json\/wp\/v2\/media?parent=13554"}],"curies":[{"name":"wp","href":"https:\/\/api.w.org\/{rel}","templated":true}]}}