{"id":13626,"date":"2023-10-03T12:54:55","date_gmt":"2023-10-03T10:54:55","guid":{"rendered":"http:\/\/hipsb.hr\/?post_type=product&#038;p=13626"},"modified":"2023-10-03T12:58:31","modified_gmt":"2023-10-03T10:58:31","slug":"ivan-salic-osobni-tajnik-alojzija-stepinca-povijest-bebrine-salicev-zivotopis-i-korespondencija-s-obitelji-iz-zatvora-u-staroj-gradisci-i-nakon-izlaska","status":"publish","type":"product","link":"http:\/\/hipsb.hr\/en\/proizvod\/ivan-salic-osobni-tajnik-alojzija-stepinca-povijest-bebrine-salicev-zivotopis-i-korespondencija-s-obitelji-iz-zatvora-u-staroj-gradisci-i-nakon-izlaska\/","title":{"rendered":"Ivan \u0160ali\u0107 &#8211; osobni tajnik Alojzija Stepinca. Povijest Bebrine, \u0160ali\u0107ev \u017eivotopis i korespondencija s obitelji iz zatvora u Staroj Gradi\u0161ci i nakon izlaska"},"content":{"rendered":"<h2 class=\"single-product\"><strong><span style=\"color: #000000;\">O knjizi<\/span><\/strong><\/h2>\n<p>&nbsp;<\/p>\n<div class=\"product_content\">\n<p><span style=\"color: #000000;\">Sredi\u0161nja tema ove knjige je Ivan \u0160ali\u0107. Obra\u0111eno je \u0160ali\u0107evo djetinjstvo, osnovno\u0161kolsko i srednjo\u0161kolsko razdoblje \u0161kolovanja, vrijeme studiranja, slu\u017eenje vojnog roka te dovr\u0161etak studija i zare\u0111ivanje za sve\u0107enika. Opisana je njegova sve\u0107eni\u010dka slu\u017eba te studij kanonskog prava i doktorat u Rimu koji je prekinut po\u010detkom Drugog svjetskog rata na podru\u010dju dana\u0161nje Hrvatske. U tom je razdoblju i imenovan tajnikom nadbiskupa Alojzija Stepinca, \u0161to je obilje\u017eilo njegov \u017eivot do smrti. <\/span><span style=\"color: #000000;\">Analizirani su doga\u0111aji iz razdoblja Drugog svjetskog rata u kojima je \u0160ali\u0107 sudjelovao, njegovo uhi\u0107enje i su\u0111enje u procesu s vi\u0161e optu\u017eenika me\u0111u kojima je bio i zagreba\u010dki nadbiskup dr. Alojzije Stepinac. Nakon osude, obra\u0111eno je razdoblje provedeno u Kazneno-popravnom domu u Staroj Gradi\u0161ki gdje je \u0160ali\u0107 izdr\u017eavao zatvorsku kaznu. Treba istaknuti da su u knjizi objavljena sva dostupna pisma i dopisnice koje je uputio svojoj obitelji i koja je obitelj uputila njemu od 1946. do 1981. godine.<\/span><\/p>\n<p><span style=\"color: #000000;\">Knjiga se mo\u017ee naru\u010diti na <span style=\"color: #000080;\"><a style=\"color: #000080;\" href=\"https:\/\/despot-infinitus.com\/proizvod\/ivan-salic-osobni-tajnik-alojzija-stepinca\/\">Despot infinitus d.o.o.<\/a><\/span><\/span><\/p>\n<\/div>\n","protected":false},"excerpt":{"rendered":"<p>O knjizi &nbsp; Sredi\u0161nja tema ove knjige je Ivan \u0160ali\u0107. Obra\u0111eno je \u0160ali\u0107evo djetinjstvo, osnovno\u0161kolsko i srednjo\u0161kolsko razdoblje \u0161kolovanja, vrijeme studiranja, slu\u017eenje vojnog roka te dovr\u0161etak studija i zare\u0111ivanje za sve\u0107enika. Opisana je njegova sve\u0107eni\u010dka slu\u017eba te studij kanonskog prava i doktorat u Rimu koji je prekinut po\u010detkom Drugog svjetskog rata na podru\u010dju dana\u0161nje Hrvatske. [&hellip;]<\/p>\n","protected":false},"featured_media":13627,"comment_status":"closed","ping_status":"closed","template":"","meta":[],"yoast_head":"<!-- This site is optimized with the Yoast SEO plugin v16.1.1 - https:\/\/yoast.com\/wordpress\/plugins\/seo\/ -->\n<title>Ivan \u0160ali\u0107 - osobni tajnik Alojzija Stepinca. Povijest Bebrine, \u0160ali\u0107ev \u017eivotopis i korespondencija s obitelji iz zatvora u Staroj Gradi\u0161ci i nakon izlaska - Hrvatski institut za povijest<\/title>\n<link rel=\"canonical\" href=\"http:\/\/hipsb.hr\/proizvod\/ivan-salic-osobni-tajnik-alojzija-stepinca-povijest-bebrine-salicev-zivotopis-i-korespondencija-s-obitelji-iz-zatvora-u-staroj-gradisci-i-nakon-izlaska\/\" \/>\n<meta property=\"og:locale\" content=\"en_US\" \/>\n<meta property=\"og:type\" content=\"article\" \/>\n<meta property=\"og:title\" content=\"Ivan \u0160ali\u0107 - osobni tajnik Alojzija Stepinca. Povijest Bebrine, \u0160ali\u0107ev \u017eivotopis i korespondencija s obitelji iz zatvora u Staroj Gradi\u0161ci i nakon izlaska - Hrvatski institut za povijest\" \/>\n<meta property=\"og:description\" content=\"O knjizi &nbsp; Sredi\u0161nja tema ove knjige je Ivan \u0160ali\u0107. Obra\u0111eno je \u0160ali\u0107evo djetinjstvo, osnovno\u0161kolsko i srednjo\u0161kolsko razdoblje \u0161kolovanja, vrijeme studiranja, slu\u017eenje vojnog roka te dovr\u0161etak studija i zare\u0111ivanje za sve\u0107enika. Opisana je njegova sve\u0107eni\u010dka slu\u017eba te studij kanonskog prava i doktorat u Rimu koji je prekinut po\u010detkom Drugog svjetskog rata na podru\u010dju dana\u0161nje Hrvatske. [&hellip;]\" \/>\n<meta property=\"og:url\" content=\"http:\/\/hipsb.hr\/proizvod\/ivan-salic-osobni-tajnik-alojzija-stepinca-povijest-bebrine-salicev-zivotopis-i-korespondencija-s-obitelji-iz-zatvora-u-staroj-gradisci-i-nakon-izlaska\/\" \/>\n<meta property=\"og:site_name\" content=\"Hrvatski institut za povijest\" \/>\n<meta property=\"article:modified_time\" content=\"2023-10-03T10:58:31+00:00\" \/>\n<meta property=\"og:image\" content=\"http:\/\/hipsb.hr\/wp-content\/uploads\/2023\/10\/Salic-scaled.jpg\" \/>\n\t<meta property=\"og:image:width\" content=\"2139\" \/>\n\t<meta property=\"og:image:height\" content=\"2560\" \/>\n<meta name=\"twitter:label1\" content=\"Est. reading time\">\n\t<meta name=\"twitter:data1\" content=\"1 minute\">\n<script type=\"application\/ld+json\" class=\"yoast-schema-graph\">{\"@context\":\"https:\/\/schema.org\",\"@graph\":[{\"@type\":\"WebSite\",\"@id\":\"http:\/\/hipsb.hr\/#website\",\"url\":\"http:\/\/hipsb.hr\/\",\"name\":\"Hrvatski institut za povijest\",\"description\":\"Podru\\u017enica za povijest Slavonije, Srijema i Baranje\",\"potentialAction\":[{\"@type\":\"SearchAction\",\"target\":\"http:\/\/hipsb.hr\/?s={search_term_string}\",\"query-input\":\"required name=search_term_string\"}],\"inLanguage\":\"en-US\"},{\"@type\":\"ImageObject\",\"@id\":\"http:\/\/hipsb.hr\/proizvod\/ivan-salic-osobni-tajnik-alojzija-stepinca-povijest-bebrine-salicev-zivotopis-i-korespondencija-s-obitelji-iz-zatvora-u-staroj-gradisci-i-nakon-izlaska\/#primaryimage\",\"inLanguage\":\"en-US\",\"url\":\"http:\/\/hipsb.hr\/wp-content\/uploads\/2023\/10\/Salic-scaled.jpg\",\"contentUrl\":\"http:\/\/hipsb.hr\/wp-content\/uploads\/2023\/10\/Salic-scaled.jpg\",\"width\":2139,\"height\":2560},{\"@type\":\"WebPage\",\"@id\":\"http:\/\/hipsb.hr\/proizvod\/ivan-salic-osobni-tajnik-alojzija-stepinca-povijest-bebrine-salicev-zivotopis-i-korespondencija-s-obitelji-iz-zatvora-u-staroj-gradisci-i-nakon-izlaska\/#webpage\",\"url\":\"http:\/\/hipsb.hr\/proizvod\/ivan-salic-osobni-tajnik-alojzija-stepinca-povijest-bebrine-salicev-zivotopis-i-korespondencija-s-obitelji-iz-zatvora-u-staroj-gradisci-i-nakon-izlaska\/\",\"name\":\"Ivan \\u0160ali\\u0107 - osobni tajnik Alojzija Stepinca. Povijest Bebrine, \\u0160ali\\u0107ev \\u017eivotopis i korespondencija s obitelji iz zatvora u Staroj Gradi\\u0161ci i nakon izlaska - Hrvatski institut za povijest\",\"isPartOf\":{\"@id\":\"http:\/\/hipsb.hr\/#website\"},\"primaryImageOfPage\":{\"@id\":\"http:\/\/hipsb.hr\/proizvod\/ivan-salic-osobni-tajnik-alojzija-stepinca-povijest-bebrine-salicev-zivotopis-i-korespondencija-s-obitelji-iz-zatvora-u-staroj-gradisci-i-nakon-izlaska\/#primaryimage\"},\"datePublished\":\"2023-10-03T10:54:55+00:00\",\"dateModified\":\"2023-10-03T10:58:31+00:00\",\"breadcrumb\":{\"@id\":\"http:\/\/hipsb.hr\/proizvod\/ivan-salic-osobni-tajnik-alojzija-stepinca-povijest-bebrine-salicev-zivotopis-i-korespondencija-s-obitelji-iz-zatvora-u-staroj-gradisci-i-nakon-izlaska\/#breadcrumb\"},\"inLanguage\":\"en-US\",\"potentialAction\":[{\"@type\":\"ReadAction\",\"target\":[\"http:\/\/hipsb.hr\/proizvod\/ivan-salic-osobni-tajnik-alojzija-stepinca-povijest-bebrine-salicev-zivotopis-i-korespondencija-s-obitelji-iz-zatvora-u-staroj-gradisci-i-nakon-izlaska\/\"]}]},{\"@type\":\"BreadcrumbList\",\"@id\":\"http:\/\/hipsb.hr\/proizvod\/ivan-salic-osobni-tajnik-alojzija-stepinca-povijest-bebrine-salicev-zivotopis-i-korespondencija-s-obitelji-iz-zatvora-u-staroj-gradisci-i-nakon-izlaska\/#breadcrumb\",\"itemListElement\":[{\"@type\":\"ListItem\",\"position\":1,\"item\":{\"@type\":\"WebPage\",\"@id\":\"http:\/\/hipsb.hr\/en\/\",\"url\":\"http:\/\/hipsb.hr\/en\/\",\"name\":\"Home\"}},{\"@type\":\"ListItem\",\"position\":2,\"item\":{\"@type\":\"WebPage\",\"@id\":\"http:\/\/hipsb.hr\/shop\/\",\"url\":\"http:\/\/hipsb.hr\/shop\/\",\"name\":\"Proizvodi\"}},{\"@type\":\"ListItem\",\"position\":3,\"item\":{\"@type\":\"WebPage\",\"@id\":\"http:\/\/hipsb.hr\/proizvod\/ivan-salic-osobni-tajnik-alojzija-stepinca-povijest-bebrine-salicev-zivotopis-i-korespondencija-s-obitelji-iz-zatvora-u-staroj-gradisci-i-nakon-izlaska\/\",\"url\":\"http:\/\/hipsb.hr\/proizvod\/ivan-salic-osobni-tajnik-alojzija-stepinca-povijest-bebrine-salicev-zivotopis-i-korespondencija-s-obitelji-iz-zatvora-u-staroj-gradisci-i-nakon-izlaska\/\",\"name\":\"Ivan \\u0160ali\\u0107 &#8211; osobni tajnik Alojzija Stepinca. Povijest Bebrine, \\u0160ali\\u0107ev \\u017eivotopis i korespondencija s obitelji iz zatvora u Staroj Gradi\\u0161ci i nakon izlaska\"}}]}]}<\/script>\n<!-- \/ Yoast SEO plugin. -->","_links":{"self":[{"href":"http:\/\/hipsb.hr\/en\/wp-json\/wp\/v2\/product\/13626"}],"collection":[{"href":"http:\/\/hipsb.hr\/en\/wp-json\/wp\/v2\/product"}],"about":[{"href":"http:\/\/hipsb.hr\/en\/wp-json\/wp\/v2\/types\/product"}],"replies":[{"embeddable":true,"href":"http:\/\/hipsb.hr\/en\/wp-json\/wp\/v2\/comments?post=13626"}],"wp:featuredmedia":[{"embeddable":true,"href":"http:\/\/hipsb.hr\/en\/wp-json\/wp\/v2\/media\/13627"}],"wp:attachment":[{"href":"http:\/\/hipsb.hr\/en\/wp-json\/wp\/v2\/media?parent=13626"}],"curies":[{"name":"wp","href":"https:\/\/api.w.org\/{rel}","templated":true}]}}