{"id":15835,"date":"2025-07-15T09:18:49","date_gmt":"2025-07-15T07:18:49","guid":{"rendered":"http:\/\/hipsb.hr\/?post_type=product&#038;p=15835"},"modified":"2025-11-18T23:00:46","modified_gmt":"2025-11-18T22:00:46","slug":"crkva-i-drzava-dopisivanje-i-razgovori-izmedu-predstavnika-katolicke-crkve-i-komunisticke-drzavne-vlasti-u-jugoslaviji-sv-vii-1981-1990","status":"publish","type":"product","link":"http:\/\/hipsb.hr\/en\/proizvod\/crkva-i-drzava-dopisivanje-i-razgovori-izmedu-predstavnika-katolicke-crkve-i-komunisticke-drzavne-vlasti-u-jugoslaviji-sv-vii-1981-1990\/","title":{"rendered":"CRKVA I DR\u017dAVA. Dopisivanje i razgovori izme\u0111u predstavnika Katoli\u010dke crkve i komunisti\u010dke dr\u017eavne vlasti u Jugoslaviji. Sv. VII. 1981.-1990."},"content":{"rendered":"<p><strong><span style=\"color: #0000ff;\"><a style=\"color: #0000ff;\" href=\"http:\/\/hipsb.hr\/wp-content\/uploads\/2025\/07\/CiD_7_SADRZAJ.pdf\">\u00a0S A D R \u017d A J<\/a><\/span><\/strong><\/p>\n","protected":false},"excerpt":{"rendered":"<p>\u00a0S A D R \u017d A J<\/p>\n","protected":false},"featured_media":15839,"comment_status":"closed","ping_status":"closed","template":"","meta":[],"yoast_head":"<!-- This site is optimized with the Yoast SEO plugin v16.1.1 - https:\/\/yoast.com\/wordpress\/plugins\/seo\/ -->\n<title>CRKVA I DR\u017dAVA. Dopisivanje i razgovori izme\u0111u predstavnika Katoli\u010dke crkve i komunisti\u010dke dr\u017eavne vlasti u Jugoslaviji. Sv. VII. 1981.-1990. - Hrvatski institut za povijest<\/title>\n<link rel=\"canonical\" href=\"https:\/\/hipsb.hr\/en\/proizvod\/crkva-i-drzava-dopisivanje-i-razgovori-izmedu-predstavnika-katolicke-crkve-i-komunisticke-drzavne-vlasti-u-jugoslaviji-sv-vii-1981-1990\/\" \/>\n<meta property=\"og:locale\" content=\"en_US\" \/>\n<meta property=\"og:type\" content=\"article\" \/>\n<meta property=\"og:title\" content=\"CRKVA I DR\u017dAVA. Dopisivanje i razgovori izme\u0111u predstavnika Katoli\u010dke crkve i komunisti\u010dke dr\u017eavne vlasti u Jugoslaviji. Sv. VII. 1981.-1990. - Hrvatski institut za povijest\" \/>\n<meta property=\"og:description\" content=\"\u00a0S A D R \u017d A J\" \/>\n<meta property=\"og:url\" content=\"https:\/\/hipsb.hr\/en\/proizvod\/crkva-i-drzava-dopisivanje-i-razgovori-izmedu-predstavnika-katolicke-crkve-i-komunisticke-drzavne-vlasti-u-jugoslaviji-sv-vii-1981-1990\/\" \/>\n<meta property=\"og:site_name\" content=\"Hrvatski institut za povijest\" \/>\n<meta property=\"article:modified_time\" content=\"2025-11-18T22:00:46+00:00\" \/>\n<meta property=\"og:image\" content=\"http:\/\/hipsb.hr\/wp-content\/uploads\/2025\/07\/Korice_CiD_VII_weB.png\" \/>\n\t<meta property=\"og:image:width\" content=\"1074\" \/>\n\t<meta property=\"og:image:height\" content=\"1544\" \/>\n<meta name=\"twitter:label1\" content=\"Est. reading time\">\n\t<meta name=\"twitter:data1\" content=\"1 minute\">\n<script type=\"application\/ld+json\" class=\"yoast-schema-graph\">{\"@context\":\"https:\/\/schema.org\",\"@graph\":[{\"@type\":\"WebSite\",\"@id\":\"https:\/\/hipsb.hr\/#website\",\"url\":\"https:\/\/hipsb.hr\/\",\"name\":\"Hrvatski institut za povijest\",\"description\":\"Podru\\u017enica za povijest Slavonije, Srijema i Baranje\",\"potentialAction\":[{\"@type\":\"SearchAction\",\"target\":\"https:\/\/hipsb.hr\/?s={search_term_string}\",\"query-input\":\"required name=search_term_string\"}],\"inLanguage\":\"en-US\"},{\"@type\":\"ImageObject\",\"@id\":\"https:\/\/hipsb.hr\/en\/proizvod\/crkva-i-drzava-dopisivanje-i-razgovori-izmedu-predstavnika-katolicke-crkve-i-komunisticke-drzavne-vlasti-u-jugoslaviji-sv-vii-1981-1990\/#primaryimage\",\"inLanguage\":\"en-US\",\"url\":\"http:\/\/hipsb.hr\/wp-content\/uploads\/2025\/07\/Korice_CiD_VII_weB.png\",\"contentUrl\":\"http:\/\/hipsb.hr\/wp-content\/uploads\/2025\/07\/Korice_CiD_VII_weB.png\",\"width\":1074,\"height\":1544},{\"@type\":\"WebPage\",\"@id\":\"https:\/\/hipsb.hr\/en\/proizvod\/crkva-i-drzava-dopisivanje-i-razgovori-izmedu-predstavnika-katolicke-crkve-i-komunisticke-drzavne-vlasti-u-jugoslaviji-sv-vii-1981-1990\/#webpage\",\"url\":\"https:\/\/hipsb.hr\/en\/proizvod\/crkva-i-drzava-dopisivanje-i-razgovori-izmedu-predstavnika-katolicke-crkve-i-komunisticke-drzavne-vlasti-u-jugoslaviji-sv-vii-1981-1990\/\",\"name\":\"CRKVA I DR\\u017dAVA. Dopisivanje i razgovori izme\\u0111u predstavnika Katoli\\u010dke crkve i komunisti\\u010dke dr\\u017eavne vlasti u Jugoslaviji. Sv. VII. 1981.-1990. - Hrvatski institut za povijest\",\"isPartOf\":{\"@id\":\"https:\/\/hipsb.hr\/#website\"},\"primaryImageOfPage\":{\"@id\":\"https:\/\/hipsb.hr\/en\/proizvod\/crkva-i-drzava-dopisivanje-i-razgovori-izmedu-predstavnika-katolicke-crkve-i-komunisticke-drzavne-vlasti-u-jugoslaviji-sv-vii-1981-1990\/#primaryimage\"},\"datePublished\":\"2025-07-15T07:18:49+00:00\",\"dateModified\":\"2025-11-18T22:00:46+00:00\",\"breadcrumb\":{\"@id\":\"https:\/\/hipsb.hr\/en\/proizvod\/crkva-i-drzava-dopisivanje-i-razgovori-izmedu-predstavnika-katolicke-crkve-i-komunisticke-drzavne-vlasti-u-jugoslaviji-sv-vii-1981-1990\/#breadcrumb\"},\"inLanguage\":\"en-US\",\"potentialAction\":[{\"@type\":\"ReadAction\",\"target\":[\"https:\/\/hipsb.hr\/en\/proizvod\/crkva-i-drzava-dopisivanje-i-razgovori-izmedu-predstavnika-katolicke-crkve-i-komunisticke-drzavne-vlasti-u-jugoslaviji-sv-vii-1981-1990\/\"]}]},{\"@type\":\"BreadcrumbList\",\"@id\":\"https:\/\/hipsb.hr\/en\/proizvod\/crkva-i-drzava-dopisivanje-i-razgovori-izmedu-predstavnika-katolicke-crkve-i-komunisticke-drzavne-vlasti-u-jugoslaviji-sv-vii-1981-1990\/#breadcrumb\",\"itemListElement\":[{\"@type\":\"ListItem\",\"position\":1,\"item\":{\"@type\":\"WebPage\",\"@id\":\"https:\/\/hipsb.hr\/en\/\",\"url\":\"https:\/\/hipsb.hr\/en\/\",\"name\":\"Home\"}},{\"@type\":\"ListItem\",\"position\":2,\"item\":{\"@type\":\"WebPage\",\"@id\":\"http:\/\/hipsb.hr\/shop\/\",\"url\":\"http:\/\/hipsb.hr\/shop\/\",\"name\":\"Proizvodi\"}},{\"@type\":\"ListItem\",\"position\":3,\"item\":{\"@type\":\"WebPage\",\"@id\":\"https:\/\/hipsb.hr\/en\/proizvod\/crkva-i-drzava-dopisivanje-i-razgovori-izmedu-predstavnika-katolicke-crkve-i-komunisticke-drzavne-vlasti-u-jugoslaviji-sv-vii-1981-1990\/\",\"url\":\"https:\/\/hipsb.hr\/en\/proizvod\/crkva-i-drzava-dopisivanje-i-razgovori-izmedu-predstavnika-katolicke-crkve-i-komunisticke-drzavne-vlasti-u-jugoslaviji-sv-vii-1981-1990\/\",\"name\":\"CRKVA I DR\\u017dAVA. Dopisivanje i razgovori izme\\u0111u predstavnika Katoli\\u010dke crkve i komunisti\\u010dke dr\\u017eavne vlasti u Jugoslaviji. Sv. VII. 1981.-1990.\"}}]}]}<\/script>\n<!-- \/ Yoast SEO plugin. -->","_links":{"self":[{"href":"http:\/\/hipsb.hr\/en\/wp-json\/wp\/v2\/product\/15835"}],"collection":[{"href":"http:\/\/hipsb.hr\/en\/wp-json\/wp\/v2\/product"}],"about":[{"href":"http:\/\/hipsb.hr\/en\/wp-json\/wp\/v2\/types\/product"}],"replies":[{"embeddable":true,"href":"http:\/\/hipsb.hr\/en\/wp-json\/wp\/v2\/comments?post=15835"}],"wp:featuredmedia":[{"embeddable":true,"href":"http:\/\/hipsb.hr\/en\/wp-json\/wp\/v2\/media\/15839"}],"wp:attachment":[{"href":"http:\/\/hipsb.hr\/en\/wp-json\/wp\/v2\/media?parent=15835"}],"curies":[{"name":"wp","href":"https:\/\/api.w.org\/{rel}","templated":true}]}}