{"id":16570,"date":"2026-04-30T08:46:03","date_gmt":"2026-04-30T06:46:03","guid":{"rendered":"https:\/\/hipsb.hr\/?post_type=product&#038;p=16570"},"modified":"2026-04-30T08:48:00","modified_gmt":"2026-04-30T06:48:00","slug":"srednjovjekovni-alsan-i-svetiste-gospe-sumanovacke-zbornik-radova-znanstveno-strucnog-skupa-odrzanog-u-sumanovcima-1-lipnja-2023","status":"publish","type":"product","link":"http:\/\/hipsb.hr\/en\/proizvod\/srednjovjekovni-alsan-i-svetiste-gospe-sumanovacke-zbornik-radova-znanstveno-strucnog-skupa-odrzanog-u-sumanovcima-1-lipnja-2023\/","title":{"rendered":"SREDNJOVJEKOVNI AL\u0160AN I SVETI\u0160TE GOSPE \u0160UMANOVA\u010cKE. Zbornik radova znanstveno-stru\u010dnog skupa odr\u017eanog u \u0160umanovcima 1. lipnja 2023."},"content":{"rendered":"<p><span style=\"color: #0000ff;\"><strong><a style=\"color: #0000ff;\" href=\"http:\/\/hipsb.hr\/wp-content\/uploads\/2026\/04\/Zbornik-Alsan-sadrzaj.pdf\">S a d r \u017e a j<\/a><\/strong><\/span><\/p>\n","protected":false},"excerpt":{"rendered":"<p>S a d r \u017e a j<\/p>\n","protected":false},"featured_media":16573,"comment_status":"closed","ping_status":"closed","template":"","meta":[],"yoast_head":"<!-- This site is optimized with the Yoast SEO plugin v16.1.1 - https:\/\/yoast.com\/wordpress\/plugins\/seo\/ -->\n<title>SREDNJOVJEKOVNI AL\u0160AN I SVETI\u0160TE GOSPE \u0160UMANOVA\u010cKE. Zbornik radova znanstveno-stru\u010dnog skupa odr\u017eanog u \u0160umanovcima 1. lipnja 2023. - Hrvatski institut za povijest<\/title>\n<link rel=\"canonical\" href=\"http:\/\/hipsb.hr\/proizvod\/srednjovjekovni-alsan-i-svetiste-gospe-sumanovacke-zbornik-radova-znanstveno-strucnog-skupa-odrzanog-u-sumanovcima-1-lipnja-2023\/\" \/>\n<meta property=\"og:locale\" content=\"en_US\" \/>\n<meta property=\"og:type\" content=\"article\" \/>\n<meta property=\"og:title\" content=\"SREDNJOVJEKOVNI AL\u0160AN I SVETI\u0160TE GOSPE \u0160UMANOVA\u010cKE. Zbornik radova znanstveno-stru\u010dnog skupa odr\u017eanog u \u0160umanovcima 1. lipnja 2023. - Hrvatski institut za povijest\" \/>\n<meta property=\"og:description\" content=\"S a d r \u017e a j\" \/>\n<meta property=\"og:url\" content=\"http:\/\/hipsb.hr\/proizvod\/srednjovjekovni-alsan-i-svetiste-gospe-sumanovacke-zbornik-radova-znanstveno-strucnog-skupa-odrzanog-u-sumanovcima-1-lipnja-2023\/\" \/>\n<meta property=\"og:site_name\" content=\"Hrvatski institut za povijest\" \/>\n<meta property=\"article:modified_time\" content=\"2026-04-30T06:48:00+00:00\" \/>\n<meta property=\"og:image\" content=\"http:\/\/hipsb.hr\/wp-content\/uploads\/2026\/04\/Zbornik-Alsan_web-e1777531783600.png\" \/>\n\t<meta property=\"og:image:width\" content=\"649\" \/>\n\t<meta property=\"og:image:height\" content=\"988\" \/>\n<meta name=\"twitter:label1\" content=\"Est. reading time\">\n\t<meta name=\"twitter:data1\" content=\"1 minute\">\n<script type=\"application\/ld+json\" class=\"yoast-schema-graph\">{\"@context\":\"https:\/\/schema.org\",\"@graph\":[{\"@type\":\"WebSite\",\"@id\":\"http:\/\/hipsb.hr\/#website\",\"url\":\"http:\/\/hipsb.hr\/\",\"name\":\"Hrvatski institut za povijest\",\"description\":\"Podru\\u017enica za povijest Slavonije, Srijema i Baranje\",\"potentialAction\":[{\"@type\":\"SearchAction\",\"target\":\"http:\/\/hipsb.hr\/?s={search_term_string}\",\"query-input\":\"required name=search_term_string\"}],\"inLanguage\":\"en-US\"},{\"@type\":\"ImageObject\",\"@id\":\"http:\/\/hipsb.hr\/proizvod\/srednjovjekovni-alsan-i-svetiste-gospe-sumanovacke-zbornik-radova-znanstveno-strucnog-skupa-odrzanog-u-sumanovcima-1-lipnja-2023\/#primaryimage\",\"inLanguage\":\"en-US\",\"url\":\"http:\/\/hipsb.hr\/wp-content\/uploads\/2026\/04\/Zbornik-Alsan_web-e1777531783600.png\",\"contentUrl\":\"http:\/\/hipsb.hr\/wp-content\/uploads\/2026\/04\/Zbornik-Alsan_web-e1777531783600.png\",\"width\":649,\"height\":988},{\"@type\":\"WebPage\",\"@id\":\"http:\/\/hipsb.hr\/proizvod\/srednjovjekovni-alsan-i-svetiste-gospe-sumanovacke-zbornik-radova-znanstveno-strucnog-skupa-odrzanog-u-sumanovcima-1-lipnja-2023\/#webpage\",\"url\":\"http:\/\/hipsb.hr\/proizvod\/srednjovjekovni-alsan-i-svetiste-gospe-sumanovacke-zbornik-radova-znanstveno-strucnog-skupa-odrzanog-u-sumanovcima-1-lipnja-2023\/\",\"name\":\"SREDNJOVJEKOVNI AL\\u0160AN I SVETI\\u0160TE GOSPE \\u0160UMANOVA\\u010cKE. Zbornik radova znanstveno-stru\\u010dnog skupa odr\\u017eanog u \\u0160umanovcima 1. lipnja 2023. - Hrvatski institut za povijest\",\"isPartOf\":{\"@id\":\"http:\/\/hipsb.hr\/#website\"},\"primaryImageOfPage\":{\"@id\":\"http:\/\/hipsb.hr\/proizvod\/srednjovjekovni-alsan-i-svetiste-gospe-sumanovacke-zbornik-radova-znanstveno-strucnog-skupa-odrzanog-u-sumanovcima-1-lipnja-2023\/#primaryimage\"},\"datePublished\":\"2026-04-30T06:46:03+00:00\",\"dateModified\":\"2026-04-30T06:48:00+00:00\",\"breadcrumb\":{\"@id\":\"http:\/\/hipsb.hr\/proizvod\/srednjovjekovni-alsan-i-svetiste-gospe-sumanovacke-zbornik-radova-znanstveno-strucnog-skupa-odrzanog-u-sumanovcima-1-lipnja-2023\/#breadcrumb\"},\"inLanguage\":\"en-US\",\"potentialAction\":[{\"@type\":\"ReadAction\",\"target\":[\"http:\/\/hipsb.hr\/proizvod\/srednjovjekovni-alsan-i-svetiste-gospe-sumanovacke-zbornik-radova-znanstveno-strucnog-skupa-odrzanog-u-sumanovcima-1-lipnja-2023\/\"]}]},{\"@type\":\"BreadcrumbList\",\"@id\":\"http:\/\/hipsb.hr\/proizvod\/srednjovjekovni-alsan-i-svetiste-gospe-sumanovacke-zbornik-radova-znanstveno-strucnog-skupa-odrzanog-u-sumanovcima-1-lipnja-2023\/#breadcrumb\",\"itemListElement\":[{\"@type\":\"ListItem\",\"position\":1,\"item\":{\"@type\":\"WebPage\",\"@id\":\"http:\/\/hipsb.hr\/en\/\",\"url\":\"http:\/\/hipsb.hr\/en\/\",\"name\":\"Home\"}},{\"@type\":\"ListItem\",\"position\":2,\"item\":{\"@type\":\"WebPage\",\"@id\":\"http:\/\/hipsb.hr\/shop\/\",\"url\":\"http:\/\/hipsb.hr\/shop\/\",\"name\":\"Proizvodi\"}},{\"@type\":\"ListItem\",\"position\":3,\"item\":{\"@type\":\"WebPage\",\"@id\":\"http:\/\/hipsb.hr\/proizvod\/srednjovjekovni-alsan-i-svetiste-gospe-sumanovacke-zbornik-radova-znanstveno-strucnog-skupa-odrzanog-u-sumanovcima-1-lipnja-2023\/\",\"url\":\"http:\/\/hipsb.hr\/proizvod\/srednjovjekovni-alsan-i-svetiste-gospe-sumanovacke-zbornik-radova-znanstveno-strucnog-skupa-odrzanog-u-sumanovcima-1-lipnja-2023\/\",\"name\":\"SREDNJOVJEKOVNI AL\\u0160AN I SVETI\\u0160TE GOSPE \\u0160UMANOVA\\u010cKE. Zbornik radova znanstveno-stru\\u010dnog skupa odr\\u017eanog u \\u0160umanovcima 1. lipnja 2023.\"}}]}]}<\/script>\n<!-- \/ Yoast SEO plugin. -->","_links":{"self":[{"href":"http:\/\/hipsb.hr\/en\/wp-json\/wp\/v2\/product\/16570"}],"collection":[{"href":"http:\/\/hipsb.hr\/en\/wp-json\/wp\/v2\/product"}],"about":[{"href":"http:\/\/hipsb.hr\/en\/wp-json\/wp\/v2\/types\/product"}],"replies":[{"embeddable":true,"href":"http:\/\/hipsb.hr\/en\/wp-json\/wp\/v2\/comments?post=16570"}],"wp:featuredmedia":[{"embeddable":true,"href":"http:\/\/hipsb.hr\/en\/wp-json\/wp\/v2\/media\/16573"}],"wp:attachment":[{"href":"http:\/\/hipsb.hr\/en\/wp-json\/wp\/v2\/media?parent=16570"}],"curies":[{"name":"wp","href":"https:\/\/api.w.org\/{rel}","templated":true}]}}