{"id":2390,"date":"2013-02-18T07:06:45","date_gmt":"2013-02-18T06:06:45","guid":{"rendered":"http:\/\/hipsb.hr\/?post_type=product&#038;p=2390"},"modified":"2026-01-01T15:49:59","modified_gmt":"2026-01-01T14:49:59","slug":"2390","status":"publish","type":"product","link":"http:\/\/hipsb.hr\/en\/proizvod\/2390\/","title":{"rendered":"Prilozi za povijest Broda i okolice. Knjiga 1"},"content":{"rendered":"<p>Pred nama se nalazi prvi svezak povremenika Prilozi za povijest Broda i okolice,\u00a0koji ovim zbornikom radova pokre\u0107e Podru\u017enica za povijest Slavonije, Srijema\u00a0i Baranje iz Slavonskoga Broda. Njegovo pojavljivanje rezultat je potrebe, koja\u00a0se sve vi\u0161e osje\u0107a, da se stvori prostor za objavljivanje radova u kojima se na\u00a0znanstveno relevantan na\u010din progovara o povijesti Slavonskog Broda i njegove\u00a0okolice. Namjera je izdava\u010da, a \u0161to se vidi ve\u0107 i iz sadr\u017eaja ovoga sveska, koji je\u00a0pred nama, obuhvatiti \u0161iroki spektar tema iz politi\u010dke, dru\u0161tvene, gospodarske i\u00a0kulturne povijesti slavonskobrodskog kraja. Velika pa\u017enja bit \u0107e pritom posve\u0107ena\u00a0i objavljivanju izvorne gra\u0111e, koja predstavlja vrelo iz kojega mogu crpiti budu\u0107i\u00a0istra\u017eiva\u010di pro\u0161losti ovoga podru\u010dja, ali koja je \u010desto zanimljiva i obi\u010dnom \u010ditatelju,\u00a0koji kroz nju mo\u017ee osjetiti i duh pro\u0161lih vremena.<\/p>\n<p><span style=\"font-style: italic;\"><br \/>\nUvodna rije\u010d<\/span><\/p>\n","protected":false},"excerpt":{"rendered":"<p>Pred nama se nalazi prvi svezak povremenika Prilozi za povijest Broda i okolice,\u00a0koji ovim zbornikom radova pokre\u0107e Podru\u017enica za povijest Slavonije, Srijema\u00a0i Baranje iz Slavonskoga Broda. Njegovo pojavljivanje rezultat je potrebe, koja\u00a0se sve vi\u0161e osje\u0107a, da se stvori prostor za objavljivanje radova u kojima se na\u00a0znanstveno relevantan na\u010din progovara o povijesti Slavonskog Broda i njegove\u00a0okolice. [&hellip;]<\/p>\n","protected":false},"featured_media":4030,"comment_status":"closed","ping_status":"closed","template":"","meta":[],"yoast_head":"<!-- This site is optimized with the Yoast SEO plugin v16.1.1 - https:\/\/yoast.com\/wordpress\/plugins\/seo\/ -->\n<title>Prilozi za povijest Broda i okolice. Knjiga 1 - Hrvatski institut za povijest<\/title>\n<link rel=\"canonical\" href=\"http:\/\/hipsb.hr\/proizvod\/2390\/\" \/>\n<meta property=\"og:locale\" content=\"en_US\" \/>\n<meta property=\"og:type\" content=\"article\" \/>\n<meta property=\"og:title\" content=\"Prilozi za povijest Broda i okolice. Knjiga 1 - Hrvatski institut za povijest\" \/>\n<meta property=\"og:description\" content=\"Pred nama se nalazi prvi svezak povremenika Prilozi za povijest Broda i okolice,\u00a0koji ovim zbornikom radova pokre\u0107e Podru\u017enica za povijest Slavonije, Srijema\u00a0i Baranje iz Slavonskoga Broda. Njegovo pojavljivanje rezultat je potrebe, koja\u00a0se sve vi\u0161e osje\u0107a, da se stvori prostor za objavljivanje radova u kojima se na\u00a0znanstveno relevantan na\u010din progovara o povijesti Slavonskog Broda i njegove\u00a0okolice. [&hellip;]\" \/>\n<meta property=\"og:url\" content=\"http:\/\/hipsb.hr\/proizvod\/2390\/\" \/>\n<meta property=\"og:site_name\" content=\"Hrvatski institut za povijest\" \/>\n<meta property=\"article:modified_time\" content=\"2026-01-01T14:49:59+00:00\" \/>\n<meta property=\"og:image\" content=\"http:\/\/hipsb.hr\/wp-content\/uploads\/2013\/02\/prilozi_za_povijest_broda1.jpg\" \/>\n\t<meta property=\"og:image:width\" content=\"438\" \/>\n\t<meta property=\"og:image:height\" content=\"640\" \/>\n<meta name=\"twitter:label1\" content=\"Est. reading time\">\n\t<meta name=\"twitter:data1\" content=\"1 minute\">\n<script type=\"application\/ld+json\" class=\"yoast-schema-graph\">{\"@context\":\"https:\/\/schema.org\",\"@graph\":[{\"@type\":\"WebSite\",\"@id\":\"http:\/\/hipsb.hr\/#website\",\"url\":\"http:\/\/hipsb.hr\/\",\"name\":\"Hrvatski institut za povijest\",\"description\":\"Podru\\u017enica za povijest Slavonije, Srijema i Baranje\",\"potentialAction\":[{\"@type\":\"SearchAction\",\"target\":\"http:\/\/hipsb.hr\/?s={search_term_string}\",\"query-input\":\"required name=search_term_string\"}],\"inLanguage\":\"en-US\"},{\"@type\":\"ImageObject\",\"@id\":\"http:\/\/hipsb.hr\/proizvod\/2390\/#primaryimage\",\"inLanguage\":\"en-US\",\"url\":\"http:\/\/hipsb.hr\/wp-content\/uploads\/2013\/02\/prilozi_za_povijest_broda1.jpg\",\"contentUrl\":\"http:\/\/hipsb.hr\/wp-content\/uploads\/2013\/02\/prilozi_za_povijest_broda1.jpg\",\"width\":438,\"height\":640},{\"@type\":\"WebPage\",\"@id\":\"http:\/\/hipsb.hr\/proizvod\/2390\/#webpage\",\"url\":\"http:\/\/hipsb.hr\/proizvod\/2390\/\",\"name\":\"Prilozi za povijest Broda i okolice. Knjiga 1 - Hrvatski institut za povijest\",\"isPartOf\":{\"@id\":\"http:\/\/hipsb.hr\/#website\"},\"primaryImageOfPage\":{\"@id\":\"http:\/\/hipsb.hr\/proizvod\/2390\/#primaryimage\"},\"datePublished\":\"2013-02-18T06:06:45+00:00\",\"dateModified\":\"2026-01-01T14:49:59+00:00\",\"breadcrumb\":{\"@id\":\"http:\/\/hipsb.hr\/proizvod\/2390\/#breadcrumb\"},\"inLanguage\":\"en-US\",\"potentialAction\":[{\"@type\":\"ReadAction\",\"target\":[\"http:\/\/hipsb.hr\/proizvod\/2390\/\"]}]},{\"@type\":\"BreadcrumbList\",\"@id\":\"http:\/\/hipsb.hr\/proizvod\/2390\/#breadcrumb\",\"itemListElement\":[{\"@type\":\"ListItem\",\"position\":1,\"item\":{\"@type\":\"WebPage\",\"@id\":\"http:\/\/hipsb.hr\/en\/\",\"url\":\"http:\/\/hipsb.hr\/en\/\",\"name\":\"Home\"}},{\"@type\":\"ListItem\",\"position\":2,\"item\":{\"@type\":\"WebPage\",\"@id\":\"http:\/\/hipsb.hr\/shop\/\",\"url\":\"http:\/\/hipsb.hr\/shop\/\",\"name\":\"Proizvodi\"}},{\"@type\":\"ListItem\",\"position\":3,\"item\":{\"@type\":\"WebPage\",\"@id\":\"http:\/\/hipsb.hr\/proizvod\/2390\/\",\"url\":\"http:\/\/hipsb.hr\/proizvod\/2390\/\",\"name\":\"Prilozi za povijest Broda i okolice. Knjiga 1\"}}]}]}<\/script>\n<!-- \/ Yoast SEO plugin. -->","_links":{"self":[{"href":"http:\/\/hipsb.hr\/en\/wp-json\/wp\/v2\/product\/2390"}],"collection":[{"href":"http:\/\/hipsb.hr\/en\/wp-json\/wp\/v2\/product"}],"about":[{"href":"http:\/\/hipsb.hr\/en\/wp-json\/wp\/v2\/types\/product"}],"replies":[{"embeddable":true,"href":"http:\/\/hipsb.hr\/en\/wp-json\/wp\/v2\/comments?post=2390"}],"wp:featuredmedia":[{"embeddable":true,"href":"http:\/\/hipsb.hr\/en\/wp-json\/wp\/v2\/media\/4030"}],"wp:attachment":[{"href":"http:\/\/hipsb.hr\/en\/wp-json\/wp\/v2\/media?parent=2390"}],"curies":[{"name":"wp","href":"https:\/\/api.w.org\/{rel}","templated":true}]}}