{"id":3232,"date":"2014-09-10T09:56:41","date_gmt":"2014-09-10T07:56:41","guid":{"rendered":"http:\/\/hipsb.hr\/?post_type=product&#038;p=3232"},"modified":"2026-01-01T15:52:41","modified_gmt":"2026-01-01T14:52:41","slug":"republika-hrvatska-domovinski-rat-1990-1995-dokumenti-knjiga-16-dokumenti-institucija-pobunjenih-srba-u-republici-hrvatskoj-sijecanj-travanj1995","status":"publish","type":"product","link":"http:\/\/hipsb.hr\/en\/proizvod\/republika-hrvatska-domovinski-rat-1990-1995-dokumenti-knjiga-16-dokumenti-institucija-pobunjenih-srba-u-republici-hrvatskoj-sijecanj-travanj1995\/","title":{"rendered":"Republika Hrvatska i Domovinski rat 1990.-1995. \u2013 Dokumenti (knjiga 16): Dokumenti institucija pobunjenih Srba u Republici Hrvatskoj (sije\u010danj-travanj 1995.)"},"content":{"rendered":"<p>Dokumenti institucija pobunjenih Srba u Republici Hrvatskoj (sije\u010danj \u2013 travanj1995.) \u0161esnaesta su knjiga u seriji koju je pod naslovom \u201cRepublika Hrvatska i Domovinski rat 1990.-1995. \u2013 Dokumenti\u201d, od 2007. po\u010deo objavljivati Hrvatski memorijalno-dokumentacijski centar Domovinskog rata (dalje Centar). U knjizi su predstavljeni dokumenti iz arhivskog gradiva \u201cRepublike Srpske Krajine\u201d (RSK) koji se \u010duvaju u Centru i drugim arhivskim ustanovama u Republici Hrvatskoj. Objavljeni su kronolo\u0161kim slijedom s potrebnim znanstvenim aparatom, a obuhva\u0107aju razdoblje prve polovice 1995. godine. Svi navedeni dokumenti prepisani su, a njihovi originali ili preslike originala u posjedu su Centra. Ve\u0107i zahvati u tekstu nazna\u010deni su stavljanjem teksta u uglatu zagradu, a u bilje\u0161kama je upozoreno na dijelove dokumenta koji su u izvorniku o\u0161te\u0107eni i na dijelove koji su izostavljeni. Jednako tako, radi boljeg razumijevanja, u bilje\u0161kama su navedena imena ili prezimena sudionika koja se ne spominju u dokumentu ili podaci o drugim dokumentima i literaturi u kojima se spominje isti doga\u0111aj.<\/p>\n","protected":false},"excerpt":{"rendered":"<p>Dokumenti institucija pobunjenih Srba u Republici Hrvatskoj (sije\u010danj \u2013 travanj1995.) \u0161esnaesta su knjiga u seriji koju je pod naslovom \u201cRepublika Hrvatska i Domovinski rat 1990.-1995. \u2013 Dokumenti\u201d, od 2007. po\u010deo objavljivati Hrvatski memorijalno-dokumentacijski centar Domovinskog rata (dalje Centar). U knjizi su predstavljeni dokumenti iz arhivskog gradiva \u201cRepublike Srpske Krajine\u201d (RSK) koji se \u010duvaju u Centru [&hellip;]<\/p>\n","protected":false},"featured_media":4004,"comment_status":"closed","ping_status":"closed","template":"","meta":[],"yoast_head":"<!-- This site is optimized with the Yoast SEO plugin v16.1.1 - https:\/\/yoast.com\/wordpress\/plugins\/seo\/ -->\n<title>Republika Hrvatska i Domovinski rat 1990.-1995. \u2013 Dokumenti (knjiga 16): Dokumenti institucija pobunjenih Srba u Republici Hrvatskoj (sije\u010danj-travanj 1995.) - Hrvatski institut za povijest<\/title>\n<link rel=\"canonical\" href=\"http:\/\/hipsb.hr\/proizvod\/republika-hrvatska-domovinski-rat-1990-1995-dokumenti-knjiga-16-dokumenti-institucija-pobunjenih-srba-u-republici-hrvatskoj-sijecanj-travanj1995\/\" \/>\n<meta property=\"og:locale\" content=\"en_US\" \/>\n<meta property=\"og:type\" content=\"article\" \/>\n<meta property=\"og:title\" content=\"Republika Hrvatska i Domovinski rat 1990.-1995. \u2013 Dokumenti (knjiga 16): Dokumenti institucija pobunjenih Srba u Republici Hrvatskoj (sije\u010danj-travanj 1995.) - Hrvatski institut za povijest\" \/>\n<meta property=\"og:description\" content=\"Dokumenti institucija pobunjenih Srba u Republici Hrvatskoj (sije\u010danj \u2013 travanj1995.) \u0161esnaesta su knjiga u seriji koju je pod naslovom \u201cRepublika Hrvatska i Domovinski rat 1990.-1995. \u2013 Dokumenti\u201d, od 2007. po\u010deo objavljivati Hrvatski memorijalno-dokumentacijski centar Domovinskog rata (dalje Centar). U knjizi su predstavljeni dokumenti iz arhivskog gradiva \u201cRepublike Srpske Krajine\u201d (RSK) koji se \u010duvaju u Centru [&hellip;]\" \/>\n<meta property=\"og:url\" content=\"http:\/\/hipsb.hr\/proizvod\/republika-hrvatska-domovinski-rat-1990-1995-dokumenti-knjiga-16-dokumenti-institucija-pobunjenih-srba-u-republici-hrvatskoj-sijecanj-travanj1995\/\" \/>\n<meta property=\"og:site_name\" content=\"Hrvatski institut za povijest\" \/>\n<meta property=\"article:modified_time\" content=\"2026-01-01T14:52:41+00:00\" \/>\n<meta property=\"og:image\" content=\"http:\/\/hipsb.hr\/wp-content\/uploads\/2014\/09\/DokumentiRSK16_k-naslovnic1.jpg\" \/>\n\t<meta property=\"og:image:width\" content=\"452\" \/>\n\t<meta property=\"og:image:height\" content=\"640\" \/>\n<meta name=\"twitter:label1\" content=\"Est. reading time\">\n\t<meta name=\"twitter:data1\" content=\"1 minute\">\n<script type=\"application\/ld+json\" class=\"yoast-schema-graph\">{\"@context\":\"https:\/\/schema.org\",\"@graph\":[{\"@type\":\"WebSite\",\"@id\":\"https:\/\/hipsb.hr\/#website\",\"url\":\"https:\/\/hipsb.hr\/\",\"name\":\"Hrvatski institut za povijest\",\"description\":\"Podru\\u017enica za povijest Slavonije, Srijema i Baranje\",\"potentialAction\":[{\"@type\":\"SearchAction\",\"target\":\"https:\/\/hipsb.hr\/?s={search_term_string}\",\"query-input\":\"required name=search_term_string\"}],\"inLanguage\":\"en-US\"},{\"@type\":\"ImageObject\",\"@id\":\"http:\/\/hipsb.hr\/proizvod\/republika-hrvatska-domovinski-rat-1990-1995-dokumenti-knjiga-16-dokumenti-institucija-pobunjenih-srba-u-republici-hrvatskoj-sijecanj-travanj1995\/#primaryimage\",\"inLanguage\":\"en-US\",\"url\":\"http:\/\/hipsb.hr\/wp-content\/uploads\/2014\/09\/DokumentiRSK16_k-naslovnic1.jpg\",\"contentUrl\":\"http:\/\/hipsb.hr\/wp-content\/uploads\/2014\/09\/DokumentiRSK16_k-naslovnic1.jpg\",\"width\":452,\"height\":640},{\"@type\":\"WebPage\",\"@id\":\"http:\/\/hipsb.hr\/proizvod\/republika-hrvatska-domovinski-rat-1990-1995-dokumenti-knjiga-16-dokumenti-institucija-pobunjenih-srba-u-republici-hrvatskoj-sijecanj-travanj1995\/#webpage\",\"url\":\"http:\/\/hipsb.hr\/proizvod\/republika-hrvatska-domovinski-rat-1990-1995-dokumenti-knjiga-16-dokumenti-institucija-pobunjenih-srba-u-republici-hrvatskoj-sijecanj-travanj1995\/\",\"name\":\"Republika Hrvatska i Domovinski rat 1990.-1995. \\u2013 Dokumenti (knjiga 16): Dokumenti institucija pobunjenih Srba u Republici Hrvatskoj (sije\\u010danj-travanj 1995.) - Hrvatski institut za povijest\",\"isPartOf\":{\"@id\":\"https:\/\/hipsb.hr\/#website\"},\"primaryImageOfPage\":{\"@id\":\"http:\/\/hipsb.hr\/proizvod\/republika-hrvatska-domovinski-rat-1990-1995-dokumenti-knjiga-16-dokumenti-institucija-pobunjenih-srba-u-republici-hrvatskoj-sijecanj-travanj1995\/#primaryimage\"},\"datePublished\":\"2014-09-10T07:56:41+00:00\",\"dateModified\":\"2026-01-01T14:52:41+00:00\",\"breadcrumb\":{\"@id\":\"http:\/\/hipsb.hr\/proizvod\/republika-hrvatska-domovinski-rat-1990-1995-dokumenti-knjiga-16-dokumenti-institucija-pobunjenih-srba-u-republici-hrvatskoj-sijecanj-travanj1995\/#breadcrumb\"},\"inLanguage\":\"en-US\",\"potentialAction\":[{\"@type\":\"ReadAction\",\"target\":[\"http:\/\/hipsb.hr\/proizvod\/republika-hrvatska-domovinski-rat-1990-1995-dokumenti-knjiga-16-dokumenti-institucija-pobunjenih-srba-u-republici-hrvatskoj-sijecanj-travanj1995\/\"]}]},{\"@type\":\"BreadcrumbList\",\"@id\":\"http:\/\/hipsb.hr\/proizvod\/republika-hrvatska-domovinski-rat-1990-1995-dokumenti-knjiga-16-dokumenti-institucija-pobunjenih-srba-u-republici-hrvatskoj-sijecanj-travanj1995\/#breadcrumb\",\"itemListElement\":[{\"@type\":\"ListItem\",\"position\":1,\"item\":{\"@type\":\"WebPage\",\"@id\":\"https:\/\/hipsb.hr\/en\/\",\"url\":\"https:\/\/hipsb.hr\/en\/\",\"name\":\"Home\"}},{\"@type\":\"ListItem\",\"position\":2,\"item\":{\"@type\":\"WebPage\",\"@id\":\"http:\/\/hipsb.hr\/shop\/\",\"url\":\"http:\/\/hipsb.hr\/shop\/\",\"name\":\"Proizvodi\"}},{\"@type\":\"ListItem\",\"position\":3,\"item\":{\"@type\":\"WebPage\",\"@id\":\"http:\/\/hipsb.hr\/proizvod\/republika-hrvatska-domovinski-rat-1990-1995-dokumenti-knjiga-16-dokumenti-institucija-pobunjenih-srba-u-republici-hrvatskoj-sijecanj-travanj1995\/\",\"url\":\"http:\/\/hipsb.hr\/proizvod\/republika-hrvatska-domovinski-rat-1990-1995-dokumenti-knjiga-16-dokumenti-institucija-pobunjenih-srba-u-republici-hrvatskoj-sijecanj-travanj1995\/\",\"name\":\"Republika Hrvatska i Domovinski rat 1990.-1995. \\u2013 Dokumenti (knjiga 16): Dokumenti institucija pobunjenih Srba u Republici Hrvatskoj (sije\\u010danj-travanj 1995.)\"}}]}]}<\/script>\n<!-- \/ Yoast SEO plugin. -->","_links":{"self":[{"href":"http:\/\/hipsb.hr\/en\/wp-json\/wp\/v2\/product\/3232"}],"collection":[{"href":"http:\/\/hipsb.hr\/en\/wp-json\/wp\/v2\/product"}],"about":[{"href":"http:\/\/hipsb.hr\/en\/wp-json\/wp\/v2\/types\/product"}],"replies":[{"embeddable":true,"href":"http:\/\/hipsb.hr\/en\/wp-json\/wp\/v2\/comments?post=3232"}],"wp:featuredmedia":[{"embeddable":true,"href":"http:\/\/hipsb.hr\/en\/wp-json\/wp\/v2\/media\/4004"}],"wp:attachment":[{"href":"http:\/\/hipsb.hr\/en\/wp-json\/wp\/v2\/media?parent=3232"}],"curies":[{"name":"wp","href":"https:\/\/api.w.org\/{rel}","templated":true}]}}