{"id":4750,"date":"2016-08-10T12:35:20","date_gmt":"2016-08-10T10:35:20","guid":{"rendered":"http:\/\/hipsb.hr\/?post_type=product&#038;p=4750"},"modified":"2023-02-08T13:52:53","modified_gmt":"2023-02-08T12:52:53","slug":"divljina-s-pecatom-socioekoloski-sustav-brodske-posavine-u-18-stoljecu","status":"publish","type":"product","link":"http:\/\/hipsb.hr\/en\/proizvod\/divljina-s-pecatom-socioekoloski-sustav-brodske-posavine-u-18-stoljecu\/","title":{"rendered":"Divljina s pe\u010datom. Socioekolo\u0161ki sustav brodske Posavine u 18. stolje\u0107u"},"content":{"rendered":"<p>Knjiga je prvi sustavni poku\u0161aj pisanja ekohistorije rijeke Save u 18. stolje\u0107u. Autor u knjizi \u0161irim dijakronijskim zahvatima detaljno analizira rijeku Savu u brodskoj Posavini 18. stolje\u0107a kao dru\u0161tveno-historijski odnosno socioekolo\u0161ki sustav.<\/p>\n<p>Autor u svojoj analizi nastoji argumentirano poslo\u017eiti niz isprepletenih kontekstualnih okvira pri \u010demu je jasno nazna\u010dena njegova metodolo\u0161ka pozicionalnost kao istra\u017eiva\u010da.<\/p>\n<p>Interdisciplinarnim i transdisciplinarnim zahvatima autor poku\u0161ava objasniti proces antropizacije prostora rijeke Save u 18. stolje\u0107u kroz rekonstrukciju sociopoliti\u010dkog, kulturnog i ekolo\u0161kog konteksta brodske Posavine u 18. stolje\u0107u.<\/p>\n<p>Na taj je na\u010din autor izgradio svojevrsni ekohistorijski istra\u017eiva\u010dki model koji \u0107e svoju primjenu mo\u0107i na\u0107i u brojnim sli\u010dnim istra\u017eivanjima.<\/p>\n","protected":false},"excerpt":{"rendered":"<p>Knjiga je prvi sustavni poku\u0161aj pisanja ekohistorije rijeke Save u 18. stolje\u0107u. Autor u knjizi \u0161irim dijakronijskim zahvatima detaljno analizira rijeku Savu u brodskoj Posavini 18. stolje\u0107a kao dru\u0161tveno-historijski odnosno socioekolo\u0161ki sustav. Autor u svojoj analizi nastoji argumentirano poslo\u017eiti niz isprepletenih kontekstualnih okvira pri \u010demu je jasno nazna\u010dena njegova metodolo\u0161ka pozicionalnost kao istra\u017eiva\u010da. Interdisciplinarnim i [&hellip;]<\/p>\n","protected":false},"featured_media":4753,"comment_status":"closed","ping_status":"closed","template":"","meta":[],"yoast_head":"<!-- This site is optimized with the Yoast SEO plugin v16.1.1 - https:\/\/yoast.com\/wordpress\/plugins\/seo\/ -->\n<title>Divljina s pe\u010datom. Socioekolo\u0161ki sustav brodske Posavine u 18. stolje\u0107u - Hrvatski institut za povijest<\/title>\n<link rel=\"canonical\" href=\"http:\/\/hipsb.hr\/en\/proizvod\/divljina-s-pecatom-socioekoloski-sustav-brodske-posavine-u-18-stoljecu\/\" \/>\n<meta property=\"og:locale\" content=\"en_US\" \/>\n<meta property=\"og:type\" content=\"article\" \/>\n<meta property=\"og:title\" content=\"Divljina s pe\u010datom. Socioekolo\u0161ki sustav brodske Posavine u 18. stolje\u0107u - Hrvatski institut za povijest\" \/>\n<meta property=\"og:description\" content=\"Knjiga je prvi sustavni poku\u0161aj pisanja ekohistorije rijeke Save u 18. stolje\u0107u. Autor u knjizi \u0161irim dijakronijskim zahvatima detaljno analizira rijeku Savu u brodskoj Posavini 18. stolje\u0107a kao dru\u0161tveno-historijski odnosno socioekolo\u0161ki sustav. Autor u svojoj analizi nastoji argumentirano poslo\u017eiti niz isprepletenih kontekstualnih okvira pri \u010demu je jasno nazna\u010dena njegova metodolo\u0161ka pozicionalnost kao istra\u017eiva\u010da. Interdisciplinarnim i [&hellip;]\" \/>\n<meta property=\"og:url\" content=\"http:\/\/hipsb.hr\/en\/proizvod\/divljina-s-pecatom-socioekoloski-sustav-brodske-posavine-u-18-stoljecu\/\" \/>\n<meta property=\"og:site_name\" content=\"Hrvatski institut za povijest\" \/>\n<meta property=\"article:modified_time\" content=\"2023-02-08T12:52:53+00:00\" \/>\n<meta property=\"og:image\" content=\"http:\/\/hipsb.hr\/wp-content\/uploads\/2016\/08\/divljina_s_pecatom_korice.jpg\" \/>\n\t<meta property=\"og:image:width\" content=\"444\" \/>\n\t<meta property=\"og:image:height\" content=\"640\" \/>\n<meta name=\"twitter:label1\" content=\"Est. reading time\">\n\t<meta name=\"twitter:data1\" content=\"1 minute\">\n<script type=\"application\/ld+json\" class=\"yoast-schema-graph\">{\"@context\":\"https:\/\/schema.org\",\"@graph\":[{\"@type\":\"WebSite\",\"@id\":\"http:\/\/hipsb.hr\/#website\",\"url\":\"http:\/\/hipsb.hr\/\",\"name\":\"Hrvatski institut za povijest\",\"description\":\"Podru\\u017enica za povijest Slavonije, Srijema i Baranje\",\"potentialAction\":[{\"@type\":\"SearchAction\",\"target\":\"http:\/\/hipsb.hr\/?s={search_term_string}\",\"query-input\":\"required name=search_term_string\"}],\"inLanguage\":\"en-US\"},{\"@type\":\"ImageObject\",\"@id\":\"http:\/\/hipsb.hr\/en\/proizvod\/divljina-s-pecatom-socioekoloski-sustav-brodske-posavine-u-18-stoljecu\/#primaryimage\",\"inLanguage\":\"en-US\",\"url\":\"http:\/\/hipsb.hr\/wp-content\/uploads\/2016\/08\/divljina_s_pecatom_korice.jpg\",\"contentUrl\":\"http:\/\/hipsb.hr\/wp-content\/uploads\/2016\/08\/divljina_s_pecatom_korice.jpg\",\"width\":444,\"height\":640},{\"@type\":\"WebPage\",\"@id\":\"http:\/\/hipsb.hr\/en\/proizvod\/divljina-s-pecatom-socioekoloski-sustav-brodske-posavine-u-18-stoljecu\/#webpage\",\"url\":\"http:\/\/hipsb.hr\/en\/proizvod\/divljina-s-pecatom-socioekoloski-sustav-brodske-posavine-u-18-stoljecu\/\",\"name\":\"Divljina s pe\\u010datom. Socioekolo\\u0161ki sustav brodske Posavine u 18. stolje\\u0107u - Hrvatski institut za povijest\",\"isPartOf\":{\"@id\":\"http:\/\/hipsb.hr\/#website\"},\"primaryImageOfPage\":{\"@id\":\"http:\/\/hipsb.hr\/en\/proizvod\/divljina-s-pecatom-socioekoloski-sustav-brodske-posavine-u-18-stoljecu\/#primaryimage\"},\"datePublished\":\"2016-08-10T10:35:20+00:00\",\"dateModified\":\"2023-02-08T12:52:53+00:00\",\"breadcrumb\":{\"@id\":\"http:\/\/hipsb.hr\/en\/proizvod\/divljina-s-pecatom-socioekoloski-sustav-brodske-posavine-u-18-stoljecu\/#breadcrumb\"},\"inLanguage\":\"en-US\",\"potentialAction\":[{\"@type\":\"ReadAction\",\"target\":[\"http:\/\/hipsb.hr\/en\/proizvod\/divljina-s-pecatom-socioekoloski-sustav-brodske-posavine-u-18-stoljecu\/\"]}]},{\"@type\":\"BreadcrumbList\",\"@id\":\"http:\/\/hipsb.hr\/en\/proizvod\/divljina-s-pecatom-socioekoloski-sustav-brodske-posavine-u-18-stoljecu\/#breadcrumb\",\"itemListElement\":[{\"@type\":\"ListItem\",\"position\":1,\"item\":{\"@type\":\"WebPage\",\"@id\":\"http:\/\/hipsb.hr\/en\/\",\"url\":\"http:\/\/hipsb.hr\/en\/\",\"name\":\"Home\"}},{\"@type\":\"ListItem\",\"position\":2,\"item\":{\"@type\":\"WebPage\",\"@id\":\"http:\/\/hipsb.hr\/shop\/\",\"url\":\"http:\/\/hipsb.hr\/shop\/\",\"name\":\"Proizvodi\"}},{\"@type\":\"ListItem\",\"position\":3,\"item\":{\"@type\":\"WebPage\",\"@id\":\"http:\/\/hipsb.hr\/en\/proizvod\/divljina-s-pecatom-socioekoloski-sustav-brodske-posavine-u-18-stoljecu\/\",\"url\":\"http:\/\/hipsb.hr\/en\/proizvod\/divljina-s-pecatom-socioekoloski-sustav-brodske-posavine-u-18-stoljecu\/\",\"name\":\"Divljina s pe\\u010datom. Socioekolo\\u0161ki sustav brodske Posavine u 18. stolje\\u0107u\"}}]}]}<\/script>\n<!-- \/ Yoast SEO plugin. -->","_links":{"self":[{"href":"http:\/\/hipsb.hr\/en\/wp-json\/wp\/v2\/product\/4750"}],"collection":[{"href":"http:\/\/hipsb.hr\/en\/wp-json\/wp\/v2\/product"}],"about":[{"href":"http:\/\/hipsb.hr\/en\/wp-json\/wp\/v2\/types\/product"}],"replies":[{"embeddable":true,"href":"http:\/\/hipsb.hr\/en\/wp-json\/wp\/v2\/comments?post=4750"}],"wp:featuredmedia":[{"embeddable":true,"href":"http:\/\/hipsb.hr\/en\/wp-json\/wp\/v2\/media\/4753"}],"wp:attachment":[{"href":"http:\/\/hipsb.hr\/en\/wp-json\/wp\/v2\/media?parent=4750"}],"curies":[{"name":"wp","href":"https:\/\/api.w.org\/{rel}","templated":true}]}}