{"id":6073,"date":"2018-02-22T17:31:38","date_gmt":"2018-02-22T16:31:38","guid":{"rendered":"http:\/\/hipsb.hr\/?post_type=product&#038;p=6073"},"modified":"2026-01-21T12:51:35","modified_gmt":"2026-01-21T11:51:35","slug":"povijest-podunavskih-hrvata-bunjevaca-sokaca-doseljavanja-do-propasti-austro-ugarske-monarhije","status":"publish","type":"product","link":"http:\/\/hipsb.hr\/en\/proizvod\/povijest-podunavskih-hrvata-bunjevaca-sokaca-doseljavanja-do-propasti-austro-ugarske-monarhije\/","title":{"rendered":"Povijest podunavskih Hrvata (Bunjevaca i \u0160okaca) od doseljavanja do propasti Austro-Ugarske Monarhije"},"content":{"rendered":"<p>Autor je u knjizi prikazao povijest podunavskih Hrvata u sljede\u0107ih sedam poglavlja: Uvod; Migracije iz Dalmacije, Bosne i Hercegovine u Podunavlje u kasnome srednjem vijeku (do Moha\u010dke bitke 1526. godine); Ba\u010dka pod vla\u0161\u0107u Osmanlija; Dru\u0161tveni \u017eivot podunavskih Hrvata u 18. stolje\u0107u; Preporodno doba; Subotica \u2013 sredi\u0161te ba\u010dkih Hrvata; i Prvi svjetski rat.<\/p>\n<p>Radi se o prvoj\u00a0znanstvenoj sintezi povijesti podunavskih Hrvata (Bunjevaca i \u0160okaca) koja obuhva\u0107a klju\u010dna stolje\u0107a u kojima se odvijalo oblikovanje njihova predmodernog etno-kulturnog i potom modernog nacionalnog identiteta. Rezultati istra\u017eivanja i spoznaje koje donosi knjiga dr. Skenderovi\u0107a pokazuju da su podunavski Hrvati tijekom razdoblja ranoga novog vijeka bili \u010dvrsto povezani s prostorom Slavonije, Srijema i Baranje, pa se u to vrijeme mo\u017ee govoriti o \u0161irem slavonsko-podunavskom prostoru kulturnog djelovanja u kojem su vode\u0107u ulogu, osobito u 18. stolje\u0107u, igrali franjevci tzv. Budimskog kulturnog kruga.<\/p>\n<p>Autor tako\u0111er\u00a0pokazuje da su podunavski Hrvati tijekom \u010ditavog navedenog razdoblja upravo posredstvom hrvatskih intelektualaca s prostora Slavonije, Srijema i Baranje bili \u010dvrsto povezani s op\u0107im dru\u0161tvenim, kulturnim i politi\u010dkim zbivanjima u Trojednoj Kraljevini Hrvatskoj, Slavoniji i Dalmaciji, te da su zahvaljuju\u0107i toj povezanosti zadr\u017eali svoje etno-kulturni identitet i u najte\u017eim vremenima asimilacijskih pritisaka.<\/p>\n<p>Ujedno se obja\u0161njava i vrlo slo\u017eena problematika mnogostrukosti identiteta podunavskih Hrvata, odnosno uzroci pojave brojnih regionalnih i subetni\u010dkih imena pod kojima se oni pojavljuju u razdoblju od 16. do po\u010detka 20. stolje\u0107a (kao Raci, Iliri, Dalmatinci, Bunjevci i \u0160okci) te se tuma\u010de okolnosti pod kojima je i taj dio hrvatskog naroda s prostora ugarskog Podunavlja u\u0161ao u proces oblikovanja modernog hrvatskog nacionalnog identiteta potkraj 19. stolje\u0107a.<\/p>\n","protected":false},"excerpt":{"rendered":"<p>Autor je u knjizi prikazao povijest podunavskih Hrvata u sljede\u0107ih sedam poglavlja: Uvod; Migracije iz Dalmacije, Bosne i Hercegovine u Podunavlje u kasnome srednjem vijeku (do Moha\u010dke bitke 1526. godine); Ba\u010dka pod vla\u0161\u0107u Osmanlija; Dru\u0161tveni \u017eivot podunavskih Hrvata u 18. stolje\u0107u; Preporodno doba; Subotica \u2013 sredi\u0161te ba\u010dkih Hrvata; i Prvi svjetski rat. Radi se o [&hellip;]<\/p>\n","protected":false},"featured_media":6074,"comment_status":"closed","ping_status":"closed","template":"","meta":[],"yoast_head":"<!-- This site is optimized with the Yoast SEO plugin v16.1.1 - https:\/\/yoast.com\/wordpress\/plugins\/seo\/ -->\n<title>Povijest podunavskih Hrvata (Bunjevaca i \u0160okaca) od doseljavanja do propasti Austro-Ugarske Monarhije - Hrvatski institut za povijest<\/title>\n<link rel=\"canonical\" href=\"http:\/\/hipsb.hr\/en\/proizvod\/povijest-podunavskih-hrvata-bunjevaca-sokaca-doseljavanja-do-propasti-austro-ugarske-monarhije\/\" \/>\n<meta property=\"og:locale\" content=\"en_US\" \/>\n<meta property=\"og:type\" content=\"article\" \/>\n<meta property=\"og:title\" content=\"Povijest podunavskih Hrvata (Bunjevaca i \u0160okaca) od doseljavanja do propasti Austro-Ugarske Monarhije - Hrvatski institut za povijest\" \/>\n<meta property=\"og:description\" content=\"Autor je u knjizi prikazao povijest podunavskih Hrvata u sljede\u0107ih sedam poglavlja: Uvod; Migracije iz Dalmacije, Bosne i Hercegovine u Podunavlje u kasnome srednjem vijeku (do Moha\u010dke bitke 1526. godine); Ba\u010dka pod vla\u0161\u0107u Osmanlija; Dru\u0161tveni \u017eivot podunavskih Hrvata u 18. stolje\u0107u; Preporodno doba; Subotica \u2013 sredi\u0161te ba\u010dkih Hrvata; i Prvi svjetski rat. Radi se o [&hellip;]\" \/>\n<meta property=\"og:url\" content=\"http:\/\/hipsb.hr\/en\/proizvod\/povijest-podunavskih-hrvata-bunjevaca-sokaca-doseljavanja-do-propasti-austro-ugarske-monarhije\/\" \/>\n<meta property=\"og:site_name\" content=\"Hrvatski institut za povijest\" \/>\n<meta property=\"article:modified_time\" content=\"2026-01-21T11:51:35+00:00\" \/>\n<meta property=\"og:image\" content=\"http:\/\/hipsb.hr\/wp-content\/uploads\/2018\/02\/povijest_podunavskih_Hrvata.jpg\" \/>\n\t<meta property=\"og:image:width\" content=\"440\" \/>\n\t<meta property=\"og:image:height\" content=\"640\" \/>\n<meta name=\"twitter:label1\" content=\"Est. reading time\">\n\t<meta name=\"twitter:data1\" content=\"1 minute\">\n<script type=\"application\/ld+json\" class=\"yoast-schema-graph\">{\"@context\":\"https:\/\/schema.org\",\"@graph\":[{\"@type\":\"WebSite\",\"@id\":\"https:\/\/hipsb.hr\/#website\",\"url\":\"https:\/\/hipsb.hr\/\",\"name\":\"Hrvatski institut za povijest\",\"description\":\"Podru\\u017enica za povijest Slavonije, Srijema i Baranje\",\"potentialAction\":[{\"@type\":\"SearchAction\",\"target\":\"https:\/\/hipsb.hr\/?s={search_term_string}\",\"query-input\":\"required name=search_term_string\"}],\"inLanguage\":\"en-US\"},{\"@type\":\"ImageObject\",\"@id\":\"http:\/\/hipsb.hr\/en\/proizvod\/povijest-podunavskih-hrvata-bunjevaca-sokaca-doseljavanja-do-propasti-austro-ugarske-monarhije\/#primaryimage\",\"inLanguage\":\"en-US\",\"url\":\"http:\/\/hipsb.hr\/wp-content\/uploads\/2018\/02\/povijest_podunavskih_Hrvata.jpg\",\"contentUrl\":\"http:\/\/hipsb.hr\/wp-content\/uploads\/2018\/02\/povijest_podunavskih_Hrvata.jpg\",\"width\":440,\"height\":640},{\"@type\":\"WebPage\",\"@id\":\"http:\/\/hipsb.hr\/en\/proizvod\/povijest-podunavskih-hrvata-bunjevaca-sokaca-doseljavanja-do-propasti-austro-ugarske-monarhije\/#webpage\",\"url\":\"http:\/\/hipsb.hr\/en\/proizvod\/povijest-podunavskih-hrvata-bunjevaca-sokaca-doseljavanja-do-propasti-austro-ugarske-monarhije\/\",\"name\":\"Povijest podunavskih Hrvata (Bunjevaca i \\u0160okaca) od doseljavanja do propasti Austro-Ugarske Monarhije - Hrvatski institut za povijest\",\"isPartOf\":{\"@id\":\"https:\/\/hipsb.hr\/#website\"},\"primaryImageOfPage\":{\"@id\":\"http:\/\/hipsb.hr\/en\/proizvod\/povijest-podunavskih-hrvata-bunjevaca-sokaca-doseljavanja-do-propasti-austro-ugarske-monarhije\/#primaryimage\"},\"datePublished\":\"2018-02-22T16:31:38+00:00\",\"dateModified\":\"2026-01-21T11:51:35+00:00\",\"breadcrumb\":{\"@id\":\"http:\/\/hipsb.hr\/en\/proizvod\/povijest-podunavskih-hrvata-bunjevaca-sokaca-doseljavanja-do-propasti-austro-ugarske-monarhije\/#breadcrumb\"},\"inLanguage\":\"en-US\",\"potentialAction\":[{\"@type\":\"ReadAction\",\"target\":[\"http:\/\/hipsb.hr\/en\/proizvod\/povijest-podunavskih-hrvata-bunjevaca-sokaca-doseljavanja-do-propasti-austro-ugarske-monarhije\/\"]}]},{\"@type\":\"BreadcrumbList\",\"@id\":\"http:\/\/hipsb.hr\/en\/proizvod\/povijest-podunavskih-hrvata-bunjevaca-sokaca-doseljavanja-do-propasti-austro-ugarske-monarhije\/#breadcrumb\",\"itemListElement\":[{\"@type\":\"ListItem\",\"position\":1,\"item\":{\"@type\":\"WebPage\",\"@id\":\"https:\/\/hipsb.hr\/en\/\",\"url\":\"https:\/\/hipsb.hr\/en\/\",\"name\":\"Home\"}},{\"@type\":\"ListItem\",\"position\":2,\"item\":{\"@type\":\"WebPage\",\"@id\":\"http:\/\/hipsb.hr\/shop\/\",\"url\":\"http:\/\/hipsb.hr\/shop\/\",\"name\":\"Proizvodi\"}},{\"@type\":\"ListItem\",\"position\":3,\"item\":{\"@type\":\"WebPage\",\"@id\":\"http:\/\/hipsb.hr\/en\/proizvod\/povijest-podunavskih-hrvata-bunjevaca-sokaca-doseljavanja-do-propasti-austro-ugarske-monarhije\/\",\"url\":\"http:\/\/hipsb.hr\/en\/proizvod\/povijest-podunavskih-hrvata-bunjevaca-sokaca-doseljavanja-do-propasti-austro-ugarske-monarhije\/\",\"name\":\"Povijest podunavskih Hrvata (Bunjevaca i \\u0160okaca) od doseljavanja do propasti Austro-Ugarske Monarhije\"}}]}]}<\/script>\n<!-- \/ Yoast SEO plugin. -->","_links":{"self":[{"href":"http:\/\/hipsb.hr\/en\/wp-json\/wp\/v2\/product\/6073"}],"collection":[{"href":"http:\/\/hipsb.hr\/en\/wp-json\/wp\/v2\/product"}],"about":[{"href":"http:\/\/hipsb.hr\/en\/wp-json\/wp\/v2\/types\/product"}],"replies":[{"embeddable":true,"href":"http:\/\/hipsb.hr\/en\/wp-json\/wp\/v2\/comments?post=6073"}],"wp:featuredmedia":[{"embeddable":true,"href":"http:\/\/hipsb.hr\/en\/wp-json\/wp\/v2\/media\/6074"}],"wp:attachment":[{"href":"http:\/\/hipsb.hr\/en\/wp-json\/wp\/v2\/media?parent=6073"}],"curies":[{"name":"wp","href":"https:\/\/api.w.org\/{rel}","templated":true}]}}