{"id":6319,"date":"2018-06-06T09:10:05","date_gmt":"2018-06-06T07:10:05","guid":{"rendered":"http:\/\/hipsb.hr\/?post_type=product&#038;p=6319"},"modified":"2026-01-21T12:51:59","modified_gmt":"2026-01-21T11:51:59","slug":"slavonski-brod-brodsko-posavska-zupanija-domovinskom-ratu-zbornik-radova-znanstvenog-skupa","status":"publish","type":"product","link":"http:\/\/hipsb.hr\/en\/proizvod\/slavonski-brod-brodsko-posavska-zupanija-domovinskom-ratu-zbornik-radova-znanstvenog-skupa\/","title":{"rendered":"Slavonski Brod i Brodsko-posavska \u017eupanija u Domovinskom ratu. Zbornik radova znanstvenog skupa"},"content":{"rendered":"<p>Tematika Domovinskog rata u Hrvatskoj devedesetih godina 20. stolje\u0107a od iznimnog je interesa za hrvatsku suvremenu historiografiju, kao i za druge dru\u0161tveno-humanisti\u010dke, ali i pojedine prirodne znanosti. No, osim znanstvenika ta tematika, zbog svoje aktualnosti i \u010dinjenice da se Domovinski rat dogodio u nedavnoj pro\u0161losti pa ga se sje\u0107aju svi ro\u0111eni prije 1995., izaziva pozornost i \u0161ire hrvatske javnosti, kao i one u susjednim zemljama, sudionicama ratnih zbivanja. To se posebice odnosi na Srbiju, koja je izvr\u0161ila agresiju na Hrvatsku i Bosnu i Hercegovinu, kao i na Bosnu i Hercegovinu, koja je tako\u0111er bila meta srpsko-crnogorske agresije, ali i s \u010dijeg su podru\u010dja ti agresori napadali Hrvatsku. Potonje se posebice odnosi na Slavonski Brod i Brodsko-posavsku \u017eupaniju, koji se geografski nalaze uz same granice tih dr\u017eava i koji su glavne vojne udare trpjeli upravo s tih podru\u010dja.<br \/>\nU takvom spletu okolnosti Slavonski Brod i Brodsko-posavska \u017eupanija postali su iznimno va\u017ean vojno-strate\u0161ki \u010dimbenik u obrani Hrvatske od velikosrpske agresije. To je podru\u010dje postalo bojno polje od iznimnog zna\u010daja, na kojem su se odvijali ratni sukobi velikih razmjera. To je rezultiralo uklju\u010divanjem velikog broja stanovnika tog podru\u010dja u obrambene ratne aktivnosti, bilo u sklopu hrvatskih vojno-redarstvenih snaga, bilo u sklopu civilne za\u0161tite, vatrogasnih postrojbi, zdravstvenih i socijalnih ustanova, kao i mnogih drugih logisti\u010dkih i humanitarnih aktivnosti. Osim domicilnog stanovni\u0161tva u obrani navedenog podru\u010dja sudjelovale su i mnoge vojno-redarstvene postrojbe, kao i razne humanitarne i druge organizacije i pojedinci iz drugih dijelova Hrvatske.<br \/>\nRatne aktivnosti rezultirale su velikim ljudskim i materijalnim stradanjima. Mnogi su branitelji i civili, me\u0111u kojima i djeca, smrtno stradali ili postali invalidi. Brojni su civili morali pred agresorskom najezdom napustiti svoje domove i potra\u017eiti privremeni smje\u0161taj u dijelovima Hrvatske koji nisu bili izravno ugro\u017eeni ratnim zbivanjima. Uslijed agresorskih aktivnosti poru\u0161ene su mnoge zgrade i gospodarski objekti, \u0161to je znatno ote\u017ealo svakodnevni \u017eivot stanovni\u0161tva na navedenom podru\u010dju. Sve te okolnosti dovele su do bitnih promjena \u017eivotnih prilika na tom podru\u010dju, ne samo tijekom, nego i nakon rata, posebice na podru\u010dju gospodarskih i demografskih prilika.<br \/>\nKako bismo dobili \u0161to jasniju sliku o svim navedenim problemima tijekom ratnih zbivanja, kao i njihovim posljedicama, smatrali smo nu\u017enim organizirati znanstveni skup na tu temu, na kojem bi se iznijeli rezultati dosada\u0161njih historiografskih i drugih znanstvenih istra\u017eivanja. Kako je 2016. godine Hrvatski institut za povijest, Podru\u017enica za povijest Slavonije, Srijema i Baranje u Slavonskom Brodu, obilje\u017eavala 20. godi\u0161njicu svoga osnivanja, smatrali smo da je to najbolja prigoda za organizaciju znanstvenog skupa na temu Slavonski Brod i Brodsko-posavska \u017eupanija u Domovinskom ratu.<br \/>\nZnanstveni skup odr\u017ean je u Slavonskom Brodu 22. i 23. rujna 2016. godine.<br \/>\nNa skupu su sudjelovala 23 izlaga\u010da iz raznih znanstvenih i drugih ustanova iz cijele Hrvatske, a teme njihovih izlaganja obuhva\u0107ale su razna podru\u010dja, kao \u0161to su vojna problematika, politika, gospodarstvo, socijalna slu\u017eba i zdravstvo, demografija, \u0161kolstvo, Crkva, tisak i razna druga podru\u010dja.<br \/>\nNavedena izlaganja autori su realizirali i u pisanom obliku, rezultat \u010dega je ovaj Zbornik radova, koji objavljujemo kako bi bio dostupan znanstvenoj, ali i svekolikoj zainteresiranoj javnosti i bio pomo\u0107 u daljnjim istra\u017eivanjima povijesti Domovinskog rata.<\/p>\n","protected":false},"excerpt":{"rendered":"<p>Tematika Domovinskog rata u Hrvatskoj devedesetih godina 20. stolje\u0107a od iznimnog je interesa za hrvatsku suvremenu historiografiju, kao i za druge dru\u0161tveno-humanisti\u010dke, ali i pojedine prirodne znanosti. No, osim znanstvenika ta tematika, zbog svoje aktualnosti i \u010dinjenice da se Domovinski rat dogodio u nedavnoj pro\u0161losti pa ga se sje\u0107aju svi ro\u0111eni prije 1995., izaziva pozornost [&hellip;]<\/p>\n","protected":false},"featured_media":6324,"comment_status":"closed","ping_status":"closed","template":"","meta":[],"yoast_head":"<!-- This site is optimized with the Yoast SEO plugin v16.1.1 - https:\/\/yoast.com\/wordpress\/plugins\/seo\/ -->\n<title>Slavonski Brod i Brodsko-posavska \u017eupanija u Domovinskom ratu. Zbornik radova znanstvenog skupa - Hrvatski institut za povijest<\/title>\n<link rel=\"canonical\" href=\"https:\/\/hipsb.hr\/en\/proizvod\/slavonski-brod-brodsko-posavska-zupanija-domovinskom-ratu-zbornik-radova-znanstvenog-skupa\/\" \/>\n<meta property=\"og:locale\" content=\"en_US\" \/>\n<meta property=\"og:type\" content=\"article\" \/>\n<meta property=\"og:title\" content=\"Slavonski Brod i Brodsko-posavska \u017eupanija u Domovinskom ratu. Zbornik radova znanstvenog skupa - Hrvatski institut za povijest\" \/>\n<meta property=\"og:description\" content=\"Tematika Domovinskog rata u Hrvatskoj devedesetih godina 20. stolje\u0107a od iznimnog je interesa za hrvatsku suvremenu historiografiju, kao i za druge dru\u0161tveno-humanisti\u010dke, ali i pojedine prirodne znanosti. No, osim znanstvenika ta tematika, zbog svoje aktualnosti i \u010dinjenice da se Domovinski rat dogodio u nedavnoj pro\u0161losti pa ga se sje\u0107aju svi ro\u0111eni prije 1995., izaziva pozornost [&hellip;]\" \/>\n<meta property=\"og:url\" content=\"https:\/\/hipsb.hr\/en\/proizvod\/slavonski-brod-brodsko-posavska-zupanija-domovinskom-ratu-zbornik-radova-znanstvenog-skupa\/\" \/>\n<meta property=\"og:site_name\" content=\"Hrvatski institut za povijest\" \/>\n<meta property=\"article:modified_time\" content=\"2026-01-21T11:51:59+00:00\" \/>\n<meta property=\"og:image\" content=\"http:\/\/hipsb.hr\/wp-content\/uploads\/2018\/06\/naslovnica-zbornik.jpg\" \/>\n\t<meta property=\"og:image:width\" content=\"565\" \/>\n\t<meta property=\"og:image:height\" content=\"800\" \/>\n<meta name=\"twitter:label1\" content=\"Est. reading time\">\n\t<meta name=\"twitter:data1\" content=\"3 minutes\">\n<script type=\"application\/ld+json\" class=\"yoast-schema-graph\">{\"@context\":\"https:\/\/schema.org\",\"@graph\":[{\"@type\":\"WebSite\",\"@id\":\"https:\/\/hipsb.hr\/#website\",\"url\":\"https:\/\/hipsb.hr\/\",\"name\":\"Hrvatski institut za povijest\",\"description\":\"Podru\\u017enica za povijest Slavonije, Srijema i Baranje\",\"potentialAction\":[{\"@type\":\"SearchAction\",\"target\":\"https:\/\/hipsb.hr\/?s={search_term_string}\",\"query-input\":\"required name=search_term_string\"}],\"inLanguage\":\"en-US\"},{\"@type\":\"ImageObject\",\"@id\":\"https:\/\/hipsb.hr\/en\/proizvod\/slavonski-brod-brodsko-posavska-zupanija-domovinskom-ratu-zbornik-radova-znanstvenog-skupa\/#primaryimage\",\"inLanguage\":\"en-US\",\"url\":\"http:\/\/hipsb.hr\/wp-content\/uploads\/2018\/06\/naslovnica-zbornik.jpg\",\"contentUrl\":\"http:\/\/hipsb.hr\/wp-content\/uploads\/2018\/06\/naslovnica-zbornik.jpg\",\"width\":565,\"height\":800},{\"@type\":\"WebPage\",\"@id\":\"https:\/\/hipsb.hr\/en\/proizvod\/slavonski-brod-brodsko-posavska-zupanija-domovinskom-ratu-zbornik-radova-znanstvenog-skupa\/#webpage\",\"url\":\"https:\/\/hipsb.hr\/en\/proizvod\/slavonski-brod-brodsko-posavska-zupanija-domovinskom-ratu-zbornik-radova-znanstvenog-skupa\/\",\"name\":\"Slavonski Brod i Brodsko-posavska \\u017eupanija u Domovinskom ratu. Zbornik radova znanstvenog skupa - Hrvatski institut za povijest\",\"isPartOf\":{\"@id\":\"https:\/\/hipsb.hr\/#website\"},\"primaryImageOfPage\":{\"@id\":\"https:\/\/hipsb.hr\/en\/proizvod\/slavonski-brod-brodsko-posavska-zupanija-domovinskom-ratu-zbornik-radova-znanstvenog-skupa\/#primaryimage\"},\"datePublished\":\"2018-06-06T07:10:05+00:00\",\"dateModified\":\"2026-01-21T11:51:59+00:00\",\"breadcrumb\":{\"@id\":\"https:\/\/hipsb.hr\/en\/proizvod\/slavonski-brod-brodsko-posavska-zupanija-domovinskom-ratu-zbornik-radova-znanstvenog-skupa\/#breadcrumb\"},\"inLanguage\":\"en-US\",\"potentialAction\":[{\"@type\":\"ReadAction\",\"target\":[\"https:\/\/hipsb.hr\/en\/proizvod\/slavonski-brod-brodsko-posavska-zupanija-domovinskom-ratu-zbornik-radova-znanstvenog-skupa\/\"]}]},{\"@type\":\"BreadcrumbList\",\"@id\":\"https:\/\/hipsb.hr\/en\/proizvod\/slavonski-brod-brodsko-posavska-zupanija-domovinskom-ratu-zbornik-radova-znanstvenog-skupa\/#breadcrumb\",\"itemListElement\":[{\"@type\":\"ListItem\",\"position\":1,\"item\":{\"@type\":\"WebPage\",\"@id\":\"https:\/\/hipsb.hr\/en\/\",\"url\":\"https:\/\/hipsb.hr\/en\/\",\"name\":\"Home\"}},{\"@type\":\"ListItem\",\"position\":2,\"item\":{\"@type\":\"WebPage\",\"@id\":\"http:\/\/hipsb.hr\/shop\/\",\"url\":\"http:\/\/hipsb.hr\/shop\/\",\"name\":\"Proizvodi\"}},{\"@type\":\"ListItem\",\"position\":3,\"item\":{\"@type\":\"WebPage\",\"@id\":\"https:\/\/hipsb.hr\/en\/proizvod\/slavonski-brod-brodsko-posavska-zupanija-domovinskom-ratu-zbornik-radova-znanstvenog-skupa\/\",\"url\":\"https:\/\/hipsb.hr\/en\/proizvod\/slavonski-brod-brodsko-posavska-zupanija-domovinskom-ratu-zbornik-radova-znanstvenog-skupa\/\",\"name\":\"Slavonski Brod i Brodsko-posavska \\u017eupanija u Domovinskom ratu. Zbornik radova znanstvenog skupa\"}}]}]}<\/script>\n<!-- \/ Yoast SEO plugin. -->","_links":{"self":[{"href":"http:\/\/hipsb.hr\/en\/wp-json\/wp\/v2\/product\/6319"}],"collection":[{"href":"http:\/\/hipsb.hr\/en\/wp-json\/wp\/v2\/product"}],"about":[{"href":"http:\/\/hipsb.hr\/en\/wp-json\/wp\/v2\/types\/product"}],"replies":[{"embeddable":true,"href":"http:\/\/hipsb.hr\/en\/wp-json\/wp\/v2\/comments?post=6319"}],"wp:featuredmedia":[{"embeddable":true,"href":"http:\/\/hipsb.hr\/en\/wp-json\/wp\/v2\/media\/6324"}],"wp:attachment":[{"href":"http:\/\/hipsb.hr\/en\/wp-json\/wp\/v2\/media?parent=6319"}],"curies":[{"name":"wp","href":"https:\/\/api.w.org\/{rel}","templated":true}]}}