{"id":6423,"date":"2018-10-24T14:10:15","date_gmt":"2018-10-24T12:10:15","guid":{"rendered":"http:\/\/hipsb.hr\/?post_type=product&#038;p=6423"},"modified":"2024-11-19T23:01:06","modified_gmt":"2024-11-19T22:01:06","slug":"madari-istocne-slavonije-1702-do-1831","status":"publish","type":"product","link":"http:\/\/hipsb.hr\/en\/proizvod\/madari-istocne-slavonije-1702-do-1831\/","title":{"rendered":"Ma\u0111ari isto\u010dne Slavonije od 1702. do 1831."},"content":{"rendered":"<p>Knjiga \u201eMa\u0111ari isto\u010dne Slavonije od 1702. do 1831.\u201d u potpunosti se temelji na doktorskoj disertaciji \u201eStanovni\u0161tvo Hrastina, Laslova, Koro\u0111a i Retfale u 18. i prvoj tre\u0107ini 19. stolje\u0107a\u201d, koju sam obranio 24. lipnja 2016. na Hrvatskim studijima Sveu\u010dili\u0161ta u Zagrebu. Velika pomo\u0107 na doktorskom studiju bila mi je stipendija So\u00f3s K\u00e1lm\u00e1n Ministarstva za ljudske resurse Ma\u0111arske, koju sam primio 2015. godine (ma\u0111. \u201eAz Emberi Er\u0151forr\u00e1sok Miniszt\u00e9riuma \u2018So\u00f3s K\u00e1lm\u00e1n\u2019 \u00f6szt\u00f6nd\u00edj). Najve\u0107e zahvale za iscrpne savjete prilikom izrade disertacije svakako dugujem svojoj mentorici, izv. prof. dr. sc. Dubravki Bo\u017ei\u0107 Bogovi\u0107.<\/p>\n<p>Razlog zbog kojega je naslov ove knjige izmijenjen u odnosu na naslov disertacije prvenstveno je potreba za jasno\u0107om. Naime, \u010detiri naselja koja su bila predmetom analize potencijalno zainteresiranom istra\u017eiva\u010du ili \u010ditatelju mo\u017eda na prvu ne odaju po \u010demu su ta naselja specifi\u010dna u odnosu na bilo koja druga \u010detiri naselja u isto\u010dnoj Slavoniji. Na ovaj je na\u010din u naslovu mogu\u0107e donekle izbjegnuta potpuna preciznost, jer zasigurno da je pojedina\u010dnih Ma\u0111ara ili poneke ma\u0111arske obitelji bilo i u drugim naseljima isto\u010dne Slavonije, no niti u jednom naselju isto\u010dne Slavonije oni nisu predstavljali iole zna\u010dajniji udio stanovni\u0161tva u danom razdoblju. Glede kronolo\u0161koga okvira, njegovu donju granicu \u010dine prvi poznati austrijski popisi nakon oslobo\u0111enja Slavonije od Osmanlija i ona je poprili\u010dno jasna. Provizornijom se \u010dini zaklju\u010dna godina analize. Me\u0111utim, u okvirima danoga istra\u017eivanja, ona ima smisla iz vi\u0161e razloga, a mo\u017eda ponajvi\u0161e stoga \u0161to od tridesetih godina 19. stolje\u0107a zapo\u010dinje kolonizacija ma\u0111arskoga stanovni\u0161tva iz u\u017ee Ugarske na podru\u010dje (isto\u010dne) Slavonije. Nadalje, od sredine 19. stolje\u0107a zapo\u010dinje i razdoblje vo\u0111enja modernih popisa stanovni\u0161tva, te bi za kasnija razdoblja bilo potrebno primijeniti potpuno druga\u010diju metodologiju pristupa temi.<\/p>\n<p style=\"text-align: right;\">Denis Njari<\/p>\n","protected":false},"excerpt":{"rendered":"<p>Knjiga \u201eMa\u0111ari isto\u010dne Slavonije od 1702. do 1831.\u201d u potpunosti se temelji na doktorskoj disertaciji \u201eStanovni\u0161tvo Hrastina, Laslova, Koro\u0111a i Retfale u 18. i prvoj tre\u0107ini 19. stolje\u0107a\u201d, koju sam obranio 24. lipnja 2016. na Hrvatskim studijima Sveu\u010dili\u0161ta u Zagrebu. Velika pomo\u0107 na doktorskom studiju bila mi je stipendija So\u00f3s K\u00e1lm\u00e1n Ministarstva za ljudske resurse [&hellip;]<\/p>\n","protected":false},"featured_media":6424,"comment_status":"closed","ping_status":"closed","template":"","meta":[],"yoast_head":"<!-- This site is optimized with the Yoast SEO plugin v16.1.1 - https:\/\/yoast.com\/wordpress\/plugins\/seo\/ -->\n<title>Ma\u0111ari isto\u010dne Slavonije od 1702. do 1831. - Hrvatski institut za povijest<\/title>\n<link rel=\"canonical\" href=\"http:\/\/hipsb.hr\/en\/proizvod\/madari-istocne-slavonije-1702-do-1831\/\" \/>\n<meta property=\"og:locale\" content=\"en_US\" \/>\n<meta property=\"og:type\" content=\"article\" \/>\n<meta property=\"og:title\" content=\"Ma\u0111ari isto\u010dne Slavonije od 1702. do 1831. - Hrvatski institut za povijest\" \/>\n<meta property=\"og:description\" content=\"Knjiga \u201eMa\u0111ari isto\u010dne Slavonije od 1702. do 1831.\u201d u potpunosti se temelji na doktorskoj disertaciji \u201eStanovni\u0161tvo Hrastina, Laslova, Koro\u0111a i Retfale u 18. i prvoj tre\u0107ini 19. stolje\u0107a\u201d, koju sam obranio 24. lipnja 2016. na Hrvatskim studijima Sveu\u010dili\u0161ta u Zagrebu. Velika pomo\u0107 na doktorskom studiju bila mi je stipendija So\u00f3s K\u00e1lm\u00e1n Ministarstva za ljudske resurse [&hellip;]\" \/>\n<meta property=\"og:url\" content=\"http:\/\/hipsb.hr\/en\/proizvod\/madari-istocne-slavonije-1702-do-1831\/\" \/>\n<meta property=\"og:site_name\" content=\"Hrvatski institut za povijest\" \/>\n<meta property=\"article:modified_time\" content=\"2024-11-19T22:01:06+00:00\" \/>\n<meta property=\"og:image\" content=\"http:\/\/hipsb.hr\/wp-content\/uploads\/2018\/10\/ma\u0111ari_korice.jpg\" \/>\n\t<meta property=\"og:image:width\" content=\"1885\" \/>\n\t<meta property=\"og:image:height\" content=\"2677\" \/>\n<meta name=\"twitter:label1\" content=\"Est. reading time\">\n\t<meta name=\"twitter:data1\" content=\"2 minutes\">\n<script type=\"application\/ld+json\" class=\"yoast-schema-graph\">{\"@context\":\"https:\/\/schema.org\",\"@graph\":[{\"@type\":\"WebSite\",\"@id\":\"https:\/\/hipsb.hr\/#website\",\"url\":\"https:\/\/hipsb.hr\/\",\"name\":\"Hrvatski institut za povijest\",\"description\":\"Podru\\u017enica za povijest Slavonije, Srijema i Baranje\",\"potentialAction\":[{\"@type\":\"SearchAction\",\"target\":\"https:\/\/hipsb.hr\/?s={search_term_string}\",\"query-input\":\"required name=search_term_string\"}],\"inLanguage\":\"en-US\"},{\"@type\":\"ImageObject\",\"@id\":\"http:\/\/hipsb.hr\/en\/proizvod\/madari-istocne-slavonije-1702-do-1831\/#primaryimage\",\"inLanguage\":\"en-US\",\"url\":\"http:\/\/hipsb.hr\/wp-content\/uploads\/2018\/10\/ma\\u0111ari_korice.jpg\",\"contentUrl\":\"http:\/\/hipsb.hr\/wp-content\/uploads\/2018\/10\/ma\\u0111ari_korice.jpg\",\"width\":1885,\"height\":2677},{\"@type\":\"WebPage\",\"@id\":\"http:\/\/hipsb.hr\/en\/proizvod\/madari-istocne-slavonije-1702-do-1831\/#webpage\",\"url\":\"http:\/\/hipsb.hr\/en\/proizvod\/madari-istocne-slavonije-1702-do-1831\/\",\"name\":\"Ma\\u0111ari isto\\u010dne Slavonije od 1702. do 1831. - Hrvatski institut za povijest\",\"isPartOf\":{\"@id\":\"https:\/\/hipsb.hr\/#website\"},\"primaryImageOfPage\":{\"@id\":\"http:\/\/hipsb.hr\/en\/proizvod\/madari-istocne-slavonije-1702-do-1831\/#primaryimage\"},\"datePublished\":\"2018-10-24T12:10:15+00:00\",\"dateModified\":\"2024-11-19T22:01:06+00:00\",\"breadcrumb\":{\"@id\":\"http:\/\/hipsb.hr\/en\/proizvod\/madari-istocne-slavonije-1702-do-1831\/#breadcrumb\"},\"inLanguage\":\"en-US\",\"potentialAction\":[{\"@type\":\"ReadAction\",\"target\":[\"http:\/\/hipsb.hr\/en\/proizvod\/madari-istocne-slavonije-1702-do-1831\/\"]}]},{\"@type\":\"BreadcrumbList\",\"@id\":\"http:\/\/hipsb.hr\/en\/proizvod\/madari-istocne-slavonije-1702-do-1831\/#breadcrumb\",\"itemListElement\":[{\"@type\":\"ListItem\",\"position\":1,\"item\":{\"@type\":\"WebPage\",\"@id\":\"https:\/\/hipsb.hr\/en\/\",\"url\":\"https:\/\/hipsb.hr\/en\/\",\"name\":\"Home\"}},{\"@type\":\"ListItem\",\"position\":2,\"item\":{\"@type\":\"WebPage\",\"@id\":\"http:\/\/hipsb.hr\/shop\/\",\"url\":\"http:\/\/hipsb.hr\/shop\/\",\"name\":\"Proizvodi\"}},{\"@type\":\"ListItem\",\"position\":3,\"item\":{\"@type\":\"WebPage\",\"@id\":\"http:\/\/hipsb.hr\/en\/proizvod\/madari-istocne-slavonije-1702-do-1831\/\",\"url\":\"http:\/\/hipsb.hr\/en\/proizvod\/madari-istocne-slavonije-1702-do-1831\/\",\"name\":\"Ma\\u0111ari isto\\u010dne Slavonije od 1702. do 1831.\"}}]}]}<\/script>\n<!-- \/ Yoast SEO plugin. -->","_links":{"self":[{"href":"http:\/\/hipsb.hr\/en\/wp-json\/wp\/v2\/product\/6423"}],"collection":[{"href":"http:\/\/hipsb.hr\/en\/wp-json\/wp\/v2\/product"}],"about":[{"href":"http:\/\/hipsb.hr\/en\/wp-json\/wp\/v2\/types\/product"}],"replies":[{"embeddable":true,"href":"http:\/\/hipsb.hr\/en\/wp-json\/wp\/v2\/comments?post=6423"}],"wp:featuredmedia":[{"embeddable":true,"href":"http:\/\/hipsb.hr\/en\/wp-json\/wp\/v2\/media\/6424"}],"wp:attachment":[{"href":"http:\/\/hipsb.hr\/en\/wp-json\/wp\/v2\/media?parent=6423"}],"curies":[{"name":"wp","href":"https:\/\/api.w.org\/{rel}","templated":true}]}}