{"id":838,"date":"2013-01-01T17:36:30","date_gmt":"2013-01-01T16:36:30","guid":{"rendered":"http:\/\/hipsb.hr\/?post_type=product&#038;p=838"},"modified":"2023-02-08T15:56:35","modified_gmt":"2023-02-08T14:56:35","slug":"partizanska-i-komunisticka-represija-i-zlocini-u-hrvatskoj-1944-1946-dokumenti-knjiga-1","status":"publish","type":"product","link":"http:\/\/hipsb.hr\/en\/proizvod\/partizanska-i-komunisticka-represija-i-zlocini-u-hrvatskoj-1944-1946-dokumenti-knjiga-1\/","title":{"rendered":"Partizanska i komunisti\u010dka represija i zlo\u010dini u Hrvatskoj 1944.-1946.: dokumenti. Knjiga 1"},"content":{"rendered":"<p>Podru\u017enica za povijest Slavonije, Srijema i Baranje Hrvatskog instituta za povijest 2005. pokrenula je u Hrvatskoj jedinstven nakladni\u010dki projekt objavljivanja izvornih dokumenata o represiji i zlo\u010dinima koje su partizanske i komunisti\u010dke vlasti provodile pred kraj i neposredno po zavr\u0161etku\u00a0 Drugoga svjetskog rata u Hrvatskoj. Prva knjiga u ovoj seriji, koja uz petnaest faksimila donosi 110 prijepisa dokumenata s op\u0161irnim bilje\u0161kama, do\u017eivjela je ve\u0107 svoje tre\u0107e izdanje.<\/p>\n","protected":false},"excerpt":{"rendered":"<p>Podru\u017enica za povijest Slavonije, Srijema i Baranje Hrvatskog instituta za povijest 2005. pokrenula je u Hrvatskoj jedinstven nakladni\u010dki projekt objavljivanja izvornih dokumenata o represiji i zlo\u010dinima koje su partizanske i komunisti\u010dke vlasti provodile pred kraj i neposredno po zavr\u0161etku\u00a0 Drugoga svjetskog rata u Hrvatskoj. Prva knjiga u ovoj seriji, koja uz petnaest faksimila donosi 110 [&hellip;]<\/p>\n","protected":false},"featured_media":1071,"comment_status":"open","ping_status":"closed","template":"","meta":[],"yoast_head":"<!-- This site is optimized with the Yoast SEO plugin v16.1.1 - https:\/\/yoast.com\/wordpress\/plugins\/seo\/ -->\n<title>Partizanska i komunisti\u010dka represija i zlo\u010dini u Hrvatskoj 1944.-1946.: dokumenti. Knjiga 1 - Hrvatski institut za povijest<\/title>\n<link rel=\"canonical\" href=\"http:\/\/hipsb.hr\/proizvod\/partizanska-i-komunisticka-represija-i-zlocini-u-hrvatskoj-1944-1946-dokumenti-knjiga-1\/\" \/>\n<meta property=\"og:locale\" content=\"en_US\" \/>\n<meta property=\"og:type\" content=\"article\" \/>\n<meta property=\"og:title\" content=\"Partizanska i komunisti\u010dka represija i zlo\u010dini u Hrvatskoj 1944.-1946.: dokumenti. Knjiga 1 - Hrvatski institut za povijest\" \/>\n<meta property=\"og:description\" content=\"Podru\u017enica za povijest Slavonije, Srijema i Baranje Hrvatskog instituta za povijest 2005. pokrenula je u Hrvatskoj jedinstven nakladni\u010dki projekt objavljivanja izvornih dokumenata o represiji i zlo\u010dinima koje su partizanske i komunisti\u010dke vlasti provodile pred kraj i neposredno po zavr\u0161etku\u00a0 Drugoga svjetskog rata u Hrvatskoj. Prva knjiga u ovoj seriji, koja uz petnaest faksimila donosi 110 [&hellip;]\" \/>\n<meta property=\"og:url\" content=\"http:\/\/hipsb.hr\/proizvod\/partizanska-i-komunisticka-represija-i-zlocini-u-hrvatskoj-1944-1946-dokumenti-knjiga-1\/\" \/>\n<meta property=\"og:site_name\" content=\"Hrvatski institut za povijest\" \/>\n<meta property=\"article:modified_time\" content=\"2023-02-08T14:56:35+00:00\" \/>\n<meta property=\"og:image\" content=\"http:\/\/hipsb.hr\/wp-content\/uploads\/2013\/01\/Partizanska-i-komunisticka-represija-u-Hrvatskoj-1944-1946-v02.jpg\" \/>\n\t<meta property=\"og:image:width\" content=\"1341\" \/>\n\t<meta property=\"og:image:height\" content=\"1887\" \/>\n<script type=\"application\/ld+json\" class=\"yoast-schema-graph\">{\"@context\":\"https:\/\/schema.org\",\"@graph\":[{\"@type\":\"WebSite\",\"@id\":\"http:\/\/hipsb.hr\/#website\",\"url\":\"http:\/\/hipsb.hr\/\",\"name\":\"Hrvatski institut za povijest\",\"description\":\"Podru\\u017enica za povijest Slavonije, Srijema i Baranje\",\"potentialAction\":[{\"@type\":\"SearchAction\",\"target\":\"http:\/\/hipsb.hr\/?s={search_term_string}\",\"query-input\":\"required name=search_term_string\"}],\"inLanguage\":\"en-US\"},{\"@type\":\"ImageObject\",\"@id\":\"http:\/\/hipsb.hr\/proizvod\/partizanska-i-komunisticka-represija-i-zlocini-u-hrvatskoj-1944-1946-dokumenti-knjiga-1\/#primaryimage\",\"inLanguage\":\"en-US\",\"url\":\"http:\/\/hipsb.hr\/wp-content\/uploads\/2013\/01\/Partizanska-i-komunisticka-represija-u-Hrvatskoj-1944-1946-v02.jpg\",\"contentUrl\":\"http:\/\/hipsb.hr\/wp-content\/uploads\/2013\/01\/Partizanska-i-komunisticka-represija-u-Hrvatskoj-1944-1946-v02.jpg\",\"width\":1341,\"height\":1887},{\"@type\":\"WebPage\",\"@id\":\"http:\/\/hipsb.hr\/proizvod\/partizanska-i-komunisticka-represija-i-zlocini-u-hrvatskoj-1944-1946-dokumenti-knjiga-1\/#webpage\",\"url\":\"http:\/\/hipsb.hr\/proizvod\/partizanska-i-komunisticka-represija-i-zlocini-u-hrvatskoj-1944-1946-dokumenti-knjiga-1\/\",\"name\":\"Partizanska i komunisti\\u010dka represija i zlo\\u010dini u Hrvatskoj 1944.-1946.: dokumenti. Knjiga 1 - Hrvatski institut za povijest\",\"isPartOf\":{\"@id\":\"http:\/\/hipsb.hr\/#website\"},\"primaryImageOfPage\":{\"@id\":\"http:\/\/hipsb.hr\/proizvod\/partizanska-i-komunisticka-represija-i-zlocini-u-hrvatskoj-1944-1946-dokumenti-knjiga-1\/#primaryimage\"},\"datePublished\":\"2013-01-01T16:36:30+00:00\",\"dateModified\":\"2023-02-08T14:56:35+00:00\",\"breadcrumb\":{\"@id\":\"http:\/\/hipsb.hr\/proizvod\/partizanska-i-komunisticka-represija-i-zlocini-u-hrvatskoj-1944-1946-dokumenti-knjiga-1\/#breadcrumb\"},\"inLanguage\":\"en-US\",\"potentialAction\":[{\"@type\":\"ReadAction\",\"target\":[\"http:\/\/hipsb.hr\/proizvod\/partizanska-i-komunisticka-represija-i-zlocini-u-hrvatskoj-1944-1946-dokumenti-knjiga-1\/\"]}]},{\"@type\":\"BreadcrumbList\",\"@id\":\"http:\/\/hipsb.hr\/proizvod\/partizanska-i-komunisticka-represija-i-zlocini-u-hrvatskoj-1944-1946-dokumenti-knjiga-1\/#breadcrumb\",\"itemListElement\":[{\"@type\":\"ListItem\",\"position\":1,\"item\":{\"@type\":\"WebPage\",\"@id\":\"http:\/\/hipsb.hr\/en\/\",\"url\":\"http:\/\/hipsb.hr\/en\/\",\"name\":\"Home\"}},{\"@type\":\"ListItem\",\"position\":2,\"item\":{\"@type\":\"WebPage\",\"@id\":\"http:\/\/hipsb.hr\/shop\/\",\"url\":\"http:\/\/hipsb.hr\/shop\/\",\"name\":\"Proizvodi\"}},{\"@type\":\"ListItem\",\"position\":3,\"item\":{\"@type\":\"WebPage\",\"@id\":\"http:\/\/hipsb.hr\/proizvod\/partizanska-i-komunisticka-represija-i-zlocini-u-hrvatskoj-1944-1946-dokumenti-knjiga-1\/\",\"url\":\"http:\/\/hipsb.hr\/proizvod\/partizanska-i-komunisticka-represija-i-zlocini-u-hrvatskoj-1944-1946-dokumenti-knjiga-1\/\",\"name\":\"Partizanska i komunisti\\u010dka represija i zlo\\u010dini u Hrvatskoj 1944.-1946.: dokumenti. Knjiga 1\"}}]}]}<\/script>\n<!-- \/ Yoast SEO plugin. -->","_links":{"self":[{"href":"http:\/\/hipsb.hr\/en\/wp-json\/wp\/v2\/product\/838"}],"collection":[{"href":"http:\/\/hipsb.hr\/en\/wp-json\/wp\/v2\/product"}],"about":[{"href":"http:\/\/hipsb.hr\/en\/wp-json\/wp\/v2\/types\/product"}],"replies":[{"embeddable":true,"href":"http:\/\/hipsb.hr\/en\/wp-json\/wp\/v2\/comments?post=838"}],"wp:featuredmedia":[{"embeddable":true,"href":"http:\/\/hipsb.hr\/en\/wp-json\/wp\/v2\/media\/1071"}],"wp:attachment":[{"href":"http:\/\/hipsb.hr\/en\/wp-json\/wp\/v2\/media?parent=838"}],"curies":[{"name":"wp","href":"https:\/\/api.w.org\/{rel}","templated":true}]}}