{"id":842,"date":"2013-01-01T17:48:13","date_gmt":"2013-01-01T16:48:13","guid":{"rendered":"http:\/\/hipsb.hr\/?post_type=product&#038;p=842"},"modified":"2023-11-14T23:00:43","modified_gmt":"2023-11-14T22:00:43","slug":"seljacka-sloga-u-slavoniji-srijemu-i-baranji-1925-1941","status":"publish","type":"product","link":"http:\/\/hipsb.hr\/en\/proizvod\/seljacka-sloga-u-slavoniji-srijemu-i-baranji-1925-1941\/","title":{"rendered":"Selja\u010dka sloga u Slavoniji, Srijemu i Baranji (1925.-1941.)"},"content":{"rendered":"<p style=\"text-align: left;\">Selja\u010dka sloga je nastala kao prva od velikih organizacija vezanih uz HSS, a preuzela je djelatnost na podru\u010dju kulture i prosvjete, te u gospodarstvu tamo gdje nije bilo specijaliziranih gospodarskih organizacija &#8230;<br \/>\nTijekom 1920-ih godina Selja\u010dka sloga je sa svojih 216 ogranaka postala va\u017enim promicateljem ideolo\u0161kih u\u010denja o vrijednosti izvorne narodne (selja\u010dke) kulture, ali i o potrebi usvajanja novih znanja nu\u017enih za snala\u017eenje u modernom svijetu. Kada je u 1930-im godinama mre\u017ea njenih ogranaka u svim hrvatskim krajevima prema\u0161ila 1.100 sela, postalo je jasno da se radi o na\u0161oj najja\u010doj i najutjecajnijoj kulturno-prosvjetnoj organizaciji.<em><br \/>\n<\/em><\/p>\n<p style=\"text-align: right;\">(Iz <em>Uvoda)<\/em><\/p>\n","protected":false},"excerpt":{"rendered":"<p>Selja\u010dka sloga je nastala kao prva od velikih organizacija vezanih uz HSS, a preuzela je djelatnost na podru\u010dju kulture i prosvjete, te u gospodarstvu tamo gdje nije bilo specijaliziranih gospodarskih organizacija &#8230; Tijekom 1920-ih godina Selja\u010dka sloga je sa svojih 216 ogranaka postala va\u017enim promicateljem ideolo\u0161kih u\u010denja o vrijednosti izvorne narodne (selja\u010dke) kulture, ali i [&hellip;]<\/p>\n","protected":false},"featured_media":843,"comment_status":"open","ping_status":"closed","template":"","meta":[],"yoast_head":"<!-- This site is optimized with the Yoast SEO plugin v16.1.1 - https:\/\/yoast.com\/wordpress\/plugins\/seo\/ -->\n<title>Selja\u010dka sloga u Slavoniji, Srijemu i Baranji (1925.-1941.) - Hrvatski institut za povijest<\/title>\n<link rel=\"canonical\" href=\"http:\/\/hipsb.hr\/proizvod\/seljacka-sloga-u-slavoniji-srijemu-i-baranji-1925-1941\/\" \/>\n<meta property=\"og:locale\" content=\"en_US\" \/>\n<meta property=\"og:type\" content=\"article\" \/>\n<meta property=\"og:title\" content=\"Selja\u010dka sloga u Slavoniji, Srijemu i Baranji (1925.-1941.) - Hrvatski institut za povijest\" \/>\n<meta property=\"og:description\" content=\"Selja\u010dka sloga je nastala kao prva od velikih organizacija vezanih uz HSS, a preuzela je djelatnost na podru\u010dju kulture i prosvjete, te u gospodarstvu tamo gdje nije bilo specijaliziranih gospodarskih organizacija &#8230; Tijekom 1920-ih godina Selja\u010dka sloga je sa svojih 216 ogranaka postala va\u017enim promicateljem ideolo\u0161kih u\u010denja o vrijednosti izvorne narodne (selja\u010dke) kulture, ali i [&hellip;]\" \/>\n<meta property=\"og:url\" content=\"http:\/\/hipsb.hr\/proizvod\/seljacka-sloga-u-slavoniji-srijemu-i-baranji-1925-1941\/\" \/>\n<meta property=\"og:site_name\" content=\"Hrvatski institut za povijest\" \/>\n<meta property=\"article:modified_time\" content=\"2023-11-14T22:00:43+00:00\" \/>\n<meta property=\"og:image\" content=\"http:\/\/hipsb.hr\/wp-content\/uploads\/2013\/01\/29_seljackasloga.jpg\" \/>\n\t<meta property=\"og:image:width\" content=\"487\" \/>\n\t<meta property=\"og:image:height\" content=\"693\" \/>\n<meta name=\"twitter:label1\" content=\"Est. reading time\">\n\t<meta name=\"twitter:data1\" content=\"1 minute\">\n<script type=\"application\/ld+json\" class=\"yoast-schema-graph\">{\"@context\":\"https:\/\/schema.org\",\"@graph\":[{\"@type\":\"WebSite\",\"@id\":\"http:\/\/hipsb.hr\/#website\",\"url\":\"http:\/\/hipsb.hr\/\",\"name\":\"Hrvatski institut za povijest\",\"description\":\"Podru\\u017enica za povijest Slavonije, Srijema i Baranje\",\"potentialAction\":[{\"@type\":\"SearchAction\",\"target\":\"http:\/\/hipsb.hr\/?s={search_term_string}\",\"query-input\":\"required name=search_term_string\"}],\"inLanguage\":\"en-US\"},{\"@type\":\"ImageObject\",\"@id\":\"http:\/\/hipsb.hr\/proizvod\/seljacka-sloga-u-slavoniji-srijemu-i-baranji-1925-1941\/#primaryimage\",\"inLanguage\":\"en-US\",\"url\":\"http:\/\/hipsb.hr\/wp-content\/uploads\/2013\/01\/29_seljackasloga.jpg\",\"contentUrl\":\"http:\/\/hipsb.hr\/wp-content\/uploads\/2013\/01\/29_seljackasloga.jpg\",\"width\":487,\"height\":693},{\"@type\":\"WebPage\",\"@id\":\"http:\/\/hipsb.hr\/proizvod\/seljacka-sloga-u-slavoniji-srijemu-i-baranji-1925-1941\/#webpage\",\"url\":\"http:\/\/hipsb.hr\/proizvod\/seljacka-sloga-u-slavoniji-srijemu-i-baranji-1925-1941\/\",\"name\":\"Selja\\u010dka sloga u Slavoniji, Srijemu i Baranji (1925.-1941.) - Hrvatski institut za povijest\",\"isPartOf\":{\"@id\":\"http:\/\/hipsb.hr\/#website\"},\"primaryImageOfPage\":{\"@id\":\"http:\/\/hipsb.hr\/proizvod\/seljacka-sloga-u-slavoniji-srijemu-i-baranji-1925-1941\/#primaryimage\"},\"datePublished\":\"2013-01-01T16:48:13+00:00\",\"dateModified\":\"2023-11-14T22:00:43+00:00\",\"breadcrumb\":{\"@id\":\"http:\/\/hipsb.hr\/proizvod\/seljacka-sloga-u-slavoniji-srijemu-i-baranji-1925-1941\/#breadcrumb\"},\"inLanguage\":\"en-US\",\"potentialAction\":[{\"@type\":\"ReadAction\",\"target\":[\"http:\/\/hipsb.hr\/proizvod\/seljacka-sloga-u-slavoniji-srijemu-i-baranji-1925-1941\/\"]}]},{\"@type\":\"BreadcrumbList\",\"@id\":\"http:\/\/hipsb.hr\/proizvod\/seljacka-sloga-u-slavoniji-srijemu-i-baranji-1925-1941\/#breadcrumb\",\"itemListElement\":[{\"@type\":\"ListItem\",\"position\":1,\"item\":{\"@type\":\"WebPage\",\"@id\":\"http:\/\/hipsb.hr\/en\/\",\"url\":\"http:\/\/hipsb.hr\/en\/\",\"name\":\"Home\"}},{\"@type\":\"ListItem\",\"position\":2,\"item\":{\"@type\":\"WebPage\",\"@id\":\"http:\/\/hipsb.hr\/shop\/\",\"url\":\"http:\/\/hipsb.hr\/shop\/\",\"name\":\"Proizvodi\"}},{\"@type\":\"ListItem\",\"position\":3,\"item\":{\"@type\":\"WebPage\",\"@id\":\"http:\/\/hipsb.hr\/proizvod\/seljacka-sloga-u-slavoniji-srijemu-i-baranji-1925-1941\/\",\"url\":\"http:\/\/hipsb.hr\/proizvod\/seljacka-sloga-u-slavoniji-srijemu-i-baranji-1925-1941\/\",\"name\":\"Selja\\u010dka sloga u Slavoniji, Srijemu i Baranji (1925.-1941.)\"}}]}]}<\/script>\n<!-- \/ Yoast SEO plugin. -->","_links":{"self":[{"href":"http:\/\/hipsb.hr\/en\/wp-json\/wp\/v2\/product\/842"}],"collection":[{"href":"http:\/\/hipsb.hr\/en\/wp-json\/wp\/v2\/product"}],"about":[{"href":"http:\/\/hipsb.hr\/en\/wp-json\/wp\/v2\/types\/product"}],"replies":[{"embeddable":true,"href":"http:\/\/hipsb.hr\/en\/wp-json\/wp\/v2\/comments?post=842"}],"wp:featuredmedia":[{"embeddable":true,"href":"http:\/\/hipsb.hr\/en\/wp-json\/wp\/v2\/media\/843"}],"wp:attachment":[{"href":"http:\/\/hipsb.hr\/en\/wp-json\/wp\/v2\/media?parent=842"}],"curies":[{"name":"wp","href":"https:\/\/api.w.org\/{rel}","templated":true}]}}