{"id":846,"date":"2013-01-01T17:55:27","date_gmt":"2013-01-01T16:55:27","guid":{"rendered":"http:\/\/hipsb.hr\/?post_type=product&#038;p=846"},"modified":"2023-02-08T15:55:35","modified_gmt":"2023-02-08T14:55:35","slug":"velikanovicev-zbornik-zbornik-radova-sa-znanstvenoga-skupa-o-ivanu-velikanovicu","status":"publish","type":"product","link":"http:\/\/hipsb.hr\/en\/proizvod\/velikanovicev-zbornik-zbornik-radova-sa-znanstvenoga-skupa-o-ivanu-velikanovicu\/","title":{"rendered":"Velikanovi\u0107ev zbornik. Zbornik radova sa znanstvenoga skupa o Ivanu Velikanovi\u0107u"},"content":{"rendered":"<p>U povodu 200. godi\u0161njice smrti fra Ivana Velikanovi\u0107a Bro\u0111anina, svestranog kulturnog djelatnika, knji\u017eevnika, prevoditelja, jezikoslovca\u00a0 i teologa, odr\u017ean je 21. I 22. studenog 2003. u Slavonskom Brodu znanstveni skup, na kojem je sudjelovalo dvadeset i osam hrvatskih znanstvenika &#8211; povjesni\u010dara i filologa. Njihova su izlaganja o Velikanovi\u0107u objavljena u ovom zborniku. Radovi u zborniku raspore\u0111eni su u pet cjelina: I. <i>Uvodni dio<\/i>, II. <i>\u017divot i djelovanje<\/i>, III. <i>Slovopis, pravopis i jezik Ivana Velikanovi\u0107a<\/i>, IV. <i>Pisac, prevodilac i prire\u0111iva\u010d<\/i> i V. <i>Franjevci u Brodu i Vukovaru<\/i>.<\/p>\n","protected":false},"excerpt":{"rendered":"<p>U povodu 200. godi\u0161njice smrti fra Ivana Velikanovi\u0107a Bro\u0111anina, svestranog kulturnog djelatnika, knji\u017eevnika, prevoditelja, jezikoslovca\u00a0 i teologa, odr\u017ean je 21. I 22. studenog 2003. u Slavonskom Brodu znanstveni skup, na kojem je sudjelovalo dvadeset i osam hrvatskih znanstvenika &#8211; povjesni\u010dara i filologa. Njihova su izlaganja o Velikanovi\u0107u objavljena u ovom zborniku. Radovi u zborniku raspore\u0111eni [&hellip;]<\/p>\n","protected":false},"featured_media":847,"comment_status":"open","ping_status":"closed","template":"","meta":[],"yoast_head":"<!-- This site is optimized with the Yoast SEO plugin v16.1.1 - https:\/\/yoast.com\/wordpress\/plugins\/seo\/ -->\n<title>Velikanovi\u0107ev zbornik. Zbornik radova sa znanstvenoga skupa o Ivanu Velikanovi\u0107u - Hrvatski institut za povijest<\/title>\n<link rel=\"canonical\" href=\"http:\/\/hipsb.hr\/en\/proizvod\/velikanovicev-zbornik-zbornik-radova-sa-znanstvenoga-skupa-o-ivanu-velikanovicu\/\" \/>\n<meta property=\"og:locale\" content=\"en_US\" \/>\n<meta property=\"og:type\" content=\"article\" \/>\n<meta property=\"og:title\" content=\"Velikanovi\u0107ev zbornik. Zbornik radova sa znanstvenoga skupa o Ivanu Velikanovi\u0107u - Hrvatski institut za povijest\" \/>\n<meta property=\"og:description\" content=\"U povodu 200. godi\u0161njice smrti fra Ivana Velikanovi\u0107a Bro\u0111anina, svestranog kulturnog djelatnika, knji\u017eevnika, prevoditelja, jezikoslovca\u00a0 i teologa, odr\u017ean je 21. I 22. studenog 2003. u Slavonskom Brodu znanstveni skup, na kojem je sudjelovalo dvadeset i osam hrvatskih znanstvenika &#8211; povjesni\u010dara i filologa. Njihova su izlaganja o Velikanovi\u0107u objavljena u ovom zborniku. Radovi u zborniku raspore\u0111eni [&hellip;]\" \/>\n<meta property=\"og:url\" content=\"http:\/\/hipsb.hr\/en\/proizvod\/velikanovicev-zbornik-zbornik-radova-sa-znanstvenoga-skupa-o-ivanu-velikanovicu\/\" \/>\n<meta property=\"og:site_name\" content=\"Hrvatski institut za povijest\" \/>\n<meta property=\"article:modified_time\" content=\"2023-02-08T14:55:35+00:00\" \/>\n<meta property=\"og:image\" content=\"http:\/\/hipsb.hr\/wp-content\/uploads\/2013\/01\/31_velikanovic.jpg\" \/>\n\t<meta property=\"og:image:width\" content=\"587\" \/>\n\t<meta property=\"og:image:height\" content=\"808\" \/>\n<script type=\"application\/ld+json\" class=\"yoast-schema-graph\">{\"@context\":\"https:\/\/schema.org\",\"@graph\":[{\"@type\":\"WebSite\",\"@id\":\"http:\/\/hipsb.hr\/#website\",\"url\":\"http:\/\/hipsb.hr\/\",\"name\":\"Hrvatski institut za povijest\",\"description\":\"Podru\\u017enica za povijest Slavonije, Srijema i Baranje\",\"potentialAction\":[{\"@type\":\"SearchAction\",\"target\":\"http:\/\/hipsb.hr\/?s={search_term_string}\",\"query-input\":\"required name=search_term_string\"}],\"inLanguage\":\"en-US\"},{\"@type\":\"ImageObject\",\"@id\":\"http:\/\/hipsb.hr\/en\/proizvod\/velikanovicev-zbornik-zbornik-radova-sa-znanstvenoga-skupa-o-ivanu-velikanovicu\/#primaryimage\",\"inLanguage\":\"en-US\",\"url\":\"http:\/\/hipsb.hr\/wp-content\/uploads\/2013\/01\/31_velikanovic.jpg\",\"contentUrl\":\"http:\/\/hipsb.hr\/wp-content\/uploads\/2013\/01\/31_velikanovic.jpg\",\"width\":587,\"height\":808},{\"@type\":\"WebPage\",\"@id\":\"http:\/\/hipsb.hr\/en\/proizvod\/velikanovicev-zbornik-zbornik-radova-sa-znanstvenoga-skupa-o-ivanu-velikanovicu\/#webpage\",\"url\":\"http:\/\/hipsb.hr\/en\/proizvod\/velikanovicev-zbornik-zbornik-radova-sa-znanstvenoga-skupa-o-ivanu-velikanovicu\/\",\"name\":\"Velikanovi\\u0107ev zbornik. Zbornik radova sa znanstvenoga skupa o Ivanu Velikanovi\\u0107u - Hrvatski institut za povijest\",\"isPartOf\":{\"@id\":\"http:\/\/hipsb.hr\/#website\"},\"primaryImageOfPage\":{\"@id\":\"http:\/\/hipsb.hr\/en\/proizvod\/velikanovicev-zbornik-zbornik-radova-sa-znanstvenoga-skupa-o-ivanu-velikanovicu\/#primaryimage\"},\"datePublished\":\"2013-01-01T16:55:27+00:00\",\"dateModified\":\"2023-02-08T14:55:35+00:00\",\"breadcrumb\":{\"@id\":\"http:\/\/hipsb.hr\/en\/proizvod\/velikanovicev-zbornik-zbornik-radova-sa-znanstvenoga-skupa-o-ivanu-velikanovicu\/#breadcrumb\"},\"inLanguage\":\"en-US\",\"potentialAction\":[{\"@type\":\"ReadAction\",\"target\":[\"http:\/\/hipsb.hr\/en\/proizvod\/velikanovicev-zbornik-zbornik-radova-sa-znanstvenoga-skupa-o-ivanu-velikanovicu\/\"]}]},{\"@type\":\"BreadcrumbList\",\"@id\":\"http:\/\/hipsb.hr\/en\/proizvod\/velikanovicev-zbornik-zbornik-radova-sa-znanstvenoga-skupa-o-ivanu-velikanovicu\/#breadcrumb\",\"itemListElement\":[{\"@type\":\"ListItem\",\"position\":1,\"item\":{\"@type\":\"WebPage\",\"@id\":\"http:\/\/hipsb.hr\/en\/\",\"url\":\"http:\/\/hipsb.hr\/en\/\",\"name\":\"Home\"}},{\"@type\":\"ListItem\",\"position\":2,\"item\":{\"@type\":\"WebPage\",\"@id\":\"http:\/\/hipsb.hr\/shop\/\",\"url\":\"http:\/\/hipsb.hr\/shop\/\",\"name\":\"Proizvodi\"}},{\"@type\":\"ListItem\",\"position\":3,\"item\":{\"@type\":\"WebPage\",\"@id\":\"http:\/\/hipsb.hr\/en\/proizvod\/velikanovicev-zbornik-zbornik-radova-sa-znanstvenoga-skupa-o-ivanu-velikanovicu\/\",\"url\":\"http:\/\/hipsb.hr\/en\/proizvod\/velikanovicev-zbornik-zbornik-radova-sa-znanstvenoga-skupa-o-ivanu-velikanovicu\/\",\"name\":\"Velikanovi\\u0107ev zbornik. Zbornik radova sa znanstvenoga skupa o Ivanu Velikanovi\\u0107u\"}}]}]}<\/script>\n<!-- \/ Yoast SEO plugin. -->","_links":{"self":[{"href":"http:\/\/hipsb.hr\/en\/wp-json\/wp\/v2\/product\/846"}],"collection":[{"href":"http:\/\/hipsb.hr\/en\/wp-json\/wp\/v2\/product"}],"about":[{"href":"http:\/\/hipsb.hr\/en\/wp-json\/wp\/v2\/types\/product"}],"replies":[{"embeddable":true,"href":"http:\/\/hipsb.hr\/en\/wp-json\/wp\/v2\/comments?post=846"}],"wp:featuredmedia":[{"embeddable":true,"href":"http:\/\/hipsb.hr\/en\/wp-json\/wp\/v2\/media\/847"}],"wp:attachment":[{"href":"http:\/\/hipsb.hr\/en\/wp-json\/wp\/v2\/media?parent=846"}],"curies":[{"name":"wp","href":"https:\/\/api.w.org\/{rel}","templated":true}]}}