{"id":852,"date":"2013-01-01T18:03:53","date_gmt":"2013-01-01T17:03:53","guid":{"rendered":"http:\/\/hipsb.hr\/?post_type=product&#038;p=852"},"modified":"2026-01-01T15:35:55","modified_gmt":"2026-01-01T14:35:55","slug":"stradalnici-brodsko-posavske-zupanije-u-domovinskom-ratu","status":"publish","type":"product","link":"http:\/\/hipsb.hr\/en\/proizvod\/stradalnici-brodsko-posavske-zupanije-u-domovinskom-ratu\/","title":{"rendered":"Stradalnici Brodsko-posavske \u017eupanije u Domovinskom ratu"},"content":{"rendered":"<p>Knjiga je podijeljena u dva dijela. U prvome dijelu su prikazani doga\u0111aji u Brodsko-novogradi\u0161koj Posavini do zaklju\u010denja Sarajevskog primirja po\u010detkom 1992., a dan je i kra\u0107i prikaz svakodnevnog \u017eivota u ratnim uvjetima. Ovaj dio sadr\u017ei i statisti\u010dko-kvantitativne i grafi\u010dke pokazatelje o stradalnicima iz Domovinskoga rata s podru\u010dja Brodsko-posavske \u017eupanije. Drugi dio sadr\u017ei poimeni\u010dne popise \u017ertava i stradalnika s podru\u010dja \u017eupanije.<\/p>\n","protected":false},"excerpt":{"rendered":"<p>Knjiga je podijeljena u dva dijela. U prvome dijelu su prikazani doga\u0111aji u Brodsko-novogradi\u0161koj Posavini do zaklju\u010denja Sarajevskog primirja po\u010detkom 1992., a dan je i kra\u0107i prikaz svakodnevnog \u017eivota u ratnim uvjetima. Ovaj dio sadr\u017ei i statisti\u010dko-kvantitativne i grafi\u010dke pokazatelje o stradalnicima iz Domovinskoga rata s podru\u010dja Brodsko-posavske \u017eupanije. Drugi dio sadr\u017ei poimeni\u010dne popise \u017ertava [&hellip;]<\/p>\n","protected":false},"featured_media":853,"comment_status":"open","ping_status":"closed","template":"","meta":[],"yoast_head":"<!-- This site is optimized with the Yoast SEO plugin v16.1.1 - https:\/\/yoast.com\/wordpress\/plugins\/seo\/ -->\n<title>Stradalnici Brodsko-posavske \u017eupanije u Domovinskom ratu - Hrvatski institut za povijest<\/title>\n<link rel=\"canonical\" href=\"http:\/\/hipsb.hr\/en\/proizvod\/stradalnici-brodsko-posavske-zupanije-u-domovinskom-ratu\/\" \/>\n<meta property=\"og:locale\" content=\"en_US\" \/>\n<meta property=\"og:type\" content=\"article\" \/>\n<meta property=\"og:title\" content=\"Stradalnici Brodsko-posavske \u017eupanije u Domovinskom ratu - Hrvatski institut za povijest\" \/>\n<meta property=\"og:description\" content=\"Knjiga je podijeljena u dva dijela. U prvome dijelu su prikazani doga\u0111aji u Brodsko-novogradi\u0161koj Posavini do zaklju\u010denja Sarajevskog primirja po\u010detkom 1992., a dan je i kra\u0107i prikaz svakodnevnog \u017eivota u ratnim uvjetima. Ovaj dio sadr\u017ei i statisti\u010dko-kvantitativne i grafi\u010dke pokazatelje o stradalnicima iz Domovinskoga rata s podru\u010dja Brodsko-posavske \u017eupanije. Drugi dio sadr\u017ei poimeni\u010dne popise \u017ertava [&hellip;]\" \/>\n<meta property=\"og:url\" content=\"http:\/\/hipsb.hr\/en\/proizvod\/stradalnici-brodsko-posavske-zupanije-u-domovinskom-ratu\/\" \/>\n<meta property=\"og:site_name\" content=\"Hrvatski institut za povijest\" \/>\n<meta property=\"article:modified_time\" content=\"2026-01-01T14:35:55+00:00\" \/>\n<meta property=\"og:image\" content=\"http:\/\/hipsb.hr\/wp-content\/uploads\/2013\/01\/34_stradalnicibpz.jpg\" \/>\n\t<meta property=\"og:image:width\" content=\"480\" \/>\n\t<meta property=\"og:image:height\" content=\"674\" \/>\n<script type=\"application\/ld+json\" class=\"yoast-schema-graph\">{\"@context\":\"https:\/\/schema.org\",\"@graph\":[{\"@type\":\"WebSite\",\"@id\":\"http:\/\/hipsb.hr\/#website\",\"url\":\"http:\/\/hipsb.hr\/\",\"name\":\"Hrvatski institut za povijest\",\"description\":\"Podru\\u017enica za povijest Slavonije, Srijema i Baranje\",\"potentialAction\":[{\"@type\":\"SearchAction\",\"target\":\"http:\/\/hipsb.hr\/?s={search_term_string}\",\"query-input\":\"required name=search_term_string\"}],\"inLanguage\":\"en-US\"},{\"@type\":\"ImageObject\",\"@id\":\"http:\/\/hipsb.hr\/en\/proizvod\/stradalnici-brodsko-posavske-zupanije-u-domovinskom-ratu\/#primaryimage\",\"inLanguage\":\"en-US\",\"url\":\"http:\/\/hipsb.hr\/wp-content\/uploads\/2013\/01\/34_stradalnicibpz.jpg\",\"contentUrl\":\"http:\/\/hipsb.hr\/wp-content\/uploads\/2013\/01\/34_stradalnicibpz.jpg\",\"width\":480,\"height\":674},{\"@type\":\"WebPage\",\"@id\":\"http:\/\/hipsb.hr\/en\/proizvod\/stradalnici-brodsko-posavske-zupanije-u-domovinskom-ratu\/#webpage\",\"url\":\"http:\/\/hipsb.hr\/en\/proizvod\/stradalnici-brodsko-posavske-zupanije-u-domovinskom-ratu\/\",\"name\":\"Stradalnici Brodsko-posavske \\u017eupanije u Domovinskom ratu - Hrvatski institut za povijest\",\"isPartOf\":{\"@id\":\"http:\/\/hipsb.hr\/#website\"},\"primaryImageOfPage\":{\"@id\":\"http:\/\/hipsb.hr\/en\/proizvod\/stradalnici-brodsko-posavske-zupanije-u-domovinskom-ratu\/#primaryimage\"},\"datePublished\":\"2013-01-01T17:03:53+00:00\",\"dateModified\":\"2026-01-01T14:35:55+00:00\",\"breadcrumb\":{\"@id\":\"http:\/\/hipsb.hr\/en\/proizvod\/stradalnici-brodsko-posavske-zupanije-u-domovinskom-ratu\/#breadcrumb\"},\"inLanguage\":\"en-US\",\"potentialAction\":[{\"@type\":\"ReadAction\",\"target\":[\"http:\/\/hipsb.hr\/en\/proizvod\/stradalnici-brodsko-posavske-zupanije-u-domovinskom-ratu\/\"]}]},{\"@type\":\"BreadcrumbList\",\"@id\":\"http:\/\/hipsb.hr\/en\/proizvod\/stradalnici-brodsko-posavske-zupanije-u-domovinskom-ratu\/#breadcrumb\",\"itemListElement\":[{\"@type\":\"ListItem\",\"position\":1,\"item\":{\"@type\":\"WebPage\",\"@id\":\"http:\/\/hipsb.hr\/en\/\",\"url\":\"http:\/\/hipsb.hr\/en\/\",\"name\":\"Home\"}},{\"@type\":\"ListItem\",\"position\":2,\"item\":{\"@type\":\"WebPage\",\"@id\":\"http:\/\/hipsb.hr\/shop\/\",\"url\":\"http:\/\/hipsb.hr\/shop\/\",\"name\":\"Proizvodi\"}},{\"@type\":\"ListItem\",\"position\":3,\"item\":{\"@type\":\"WebPage\",\"@id\":\"http:\/\/hipsb.hr\/en\/proizvod\/stradalnici-brodsko-posavske-zupanije-u-domovinskom-ratu\/\",\"url\":\"http:\/\/hipsb.hr\/en\/proizvod\/stradalnici-brodsko-posavske-zupanije-u-domovinskom-ratu\/\",\"name\":\"Stradalnici Brodsko-posavske \\u017eupanije u Domovinskom ratu\"}}]}]}<\/script>\n<!-- \/ Yoast SEO plugin. -->","_links":{"self":[{"href":"http:\/\/hipsb.hr\/en\/wp-json\/wp\/v2\/product\/852"}],"collection":[{"href":"http:\/\/hipsb.hr\/en\/wp-json\/wp\/v2\/product"}],"about":[{"href":"http:\/\/hipsb.hr\/en\/wp-json\/wp\/v2\/types\/product"}],"replies":[{"embeddable":true,"href":"http:\/\/hipsb.hr\/en\/wp-json\/wp\/v2\/comments?post=852"}],"wp:featuredmedia":[{"embeddable":true,"href":"http:\/\/hipsb.hr\/en\/wp-json\/wp\/v2\/media\/853"}],"wp:attachment":[{"href":"http:\/\/hipsb.hr\/en\/wp-json\/wp\/v2\/media?parent=852"}],"curies":[{"name":"wp","href":"https:\/\/api.w.org\/{rel}","templated":true}]}}