{"id":860,"date":"2013-01-01T18:17:03","date_gmt":"2013-01-01T17:17:03","guid":{"rendered":"http:\/\/hipsb.hr\/?post_type=product&#038;p=860"},"modified":"2022-09-09T12:30:59","modified_gmt":"2022-09-09T10:30:59","slug":"vinkovci-u-srednjem-vijeku-podrucje-grada-vinkovaca-od-kasne-antike-do-kraja-turske-vlasti","status":"publish","type":"product","link":"http:\/\/hipsb.hr\/en\/proizvod\/vinkovci-u-srednjem-vijeku-podrucje-grada-vinkovaca-od-kasne-antike-do-kraja-turske-vlasti\/","title":{"rendered":"Vinkovci u srednjem vijeku. Podru\u010dje grada Vinkovaca od kasne antike do kraja turske vlasti"},"content":{"rendered":"<p>Monografija obra\u0111uje sve dostupne, objavljene i neobjavljene, pisane izvore za povijest srednjovjekovnog naselja-trgovi\u0161ta na mjestu dana\u0161njih Vinkovaca, koje se u onodobnim izvorima naziva Szentillye (\u2018 Sveti Ilija\u2019 ), a u osmanskima Ilinci. Uz to se prikazuju i rezultati arheolo\u0161kih istra\u017eivanja te materijalni tragovi srednjega vijeka na tlu Vinkovaca. Sa\u010duvani izvori omogu\u0107uju uvid prije svega u crkvenu povijest (\u017eupa sv. Ilije) i vlasteotske prilike u Szentillyeu-Vinkovcima, a u manjoj mjeri i u privredni i dru\u0161tveni karakter samog naselja. Osobito je zna\u010dajan doprinos monografije u tome \u0161to pokazuje na kakav se na\u010din odr\u017eao naseobeni kontinuitet na tom tlu na prijelazu iz srednjeg u rani novi vijek (moderni grad Vinkovci razvio se iz kasnosrednjovjekovnog sela Vinkovci koje je spadalo u distrikt trgovi\u0161ta Szentillye\/Ilinci, opustjelog u vrijeme turskih osvajanja). U monografiji se osim toga ra\u0161\u010dlanjuju i odbacuju neke dosada\u0161nje historiografske zablude vezane za povijest Vinkovaca (npr. tobo\u017enja darovnica cara Justinijana I sv. Benediktu u kojoj se spominju Cibale, anti\u010dki prete\u010da Vinkovaca; teza da je goti\u010dka crkva sv. Ilije na vinkova\u010dkoj Meraji bila franjeva\u010dka).<\/p>\n<p>&nbsp;<\/p>\n<h1>Sadr\u017eaj<\/h1>\n<p><em>Uvod<\/em><br \/>\n<em>1. Cibalska ba\u0161tina <\/em><br \/>\n<em>2. Germani i Huni <\/em><br \/>\n<em>3. Nijema i tamna stolje\u0107a <\/em><br \/>\n<em>4. Crkva i naselje na Meraji prije prvih zapisa <\/em><br \/>\n<em>5. Tragom svetoga Ilije <\/em><br \/>\n<em>6. Bogata \u017eupa u ra\u010dunima papinske desetine <\/em><br \/>\n<em>7. Jo\u0161 o svetom Iliji i njegovoj vinkova\u010dkoj crkvi <\/em><br \/>\n<em>8. Szentillye, posjeti Ba\u0107inskih od roda Szente-M\u00e1gocs <\/em><br \/>\n<em>9. Pogled unatrag: naselje vukovarskih gradukmeta u 13. stolje\u0107u <\/em><br \/>\n<em>10. Je li se Szentillye zvao i Bogd\u00e1nfalva? <\/em><br \/>\n<em>11. Sajmovi u Szentillyeu u 14. stolje\u0107u <\/em><br \/>\n<em>12. Franjeva\u010dki samostan &#8220;Sveti Ilija&#8221; i srednjovjekovni Vinkovci <\/em><br \/>\n<em>13. Parnice Ba\u0107inskih na po\u010detku 15. stolje\u0107a <\/em><br \/>\n<em>14. Dvojbena darovnica Al\u0161anskih Talovcima <\/em><br \/>\n<em>15. Talovcikao suvlasnici Szentillyea <\/em><br \/>\n<em>16. Pobunjenici Lovro B\u00e1nffy i Ivan Kishorv\u00e1t <\/em><br \/>\n<em>17. Oru\u017eana akcija bra\u0107e Ger\u00e9b <\/em><br \/>\n<em>18. Suvlasnici Szentillyea na po\u010detku 16. stolje\u0107a <\/em><br \/>\n<em>19. Sukob i dioba Lovre B\u00e1nffyja i Ivana Kishorv\u00e1ta <\/em><br \/>\n<em>20. Posljednji vlastelin Vid Srli\u0107\/Srdi\u0107 <\/em><br \/>\n<em>21. Ilinci i Vinkovci u osmanskim izvorima <\/em><br \/>\n<em>22. Szentillye poslije Szentillyea . <\/em><br \/>\n<em>23. Rje\u0161enje problema naseobinskog kontinuiteta <\/em><br \/>\n<em>24. Crkvena povijest Vinkovaca u doba turske vladavine<\/em><br \/>\n<em>25. Crkva sv. Ilije na Meraji: epilog<\/em><\/p>\n<p><em>Prilog 1: Va\u017eniji srednjovjekovni materijalni ostatci i arheolo\u0161ki nalazi<\/em>\u00a0<em>u Vinkovcima <\/em><br \/>\n<em>Prilog 2: Kronolo\u0161ki pregled izravnih pisanih podataka<\/em>\u00a0<em>o Szentillyeu i Vinkovcima u srednjem vijeku <\/em><br \/>\n<em>Prilog 3: Shematski prikaz vlastelinske povijesti vinkova\u010dkog Szentillyea <\/em><br \/>\n<em>Prilog 4: Posjedi oko Szentillyea prema vlastelinskim popisima <\/em><em>Zemljopisne karte, planovi i tlocrti <\/em><br \/>\n<em>Slike<\/em><br \/>\n<em>Summary: Vinkovci in tfae Middle Ages. The Vinkovci urban area<\/em>\u00a0<em>from the Late Antiquhy until the end of the Olloman rule <\/em><br \/>\n<em>Bibliografija <\/em><br \/>\n<em>Kazalo vlastitih imena<\/em><\/p>\n","protected":false},"excerpt":{"rendered":"<p>Monografija obra\u0111uje sve dostupne, objavljene i neobjavljene, pisane izvore za povijest srednjovjekovnog naselja-trgovi\u0161ta na mjestu dana\u0161njih Vinkovaca, koje se u onodobnim izvorima naziva Szentillye (\u2018 Sveti Ilija\u2019 ), a u osmanskima Ilinci. Uz to se prikazuju i rezultati arheolo\u0161kih istra\u017eivanja te materijalni tragovi srednjega vijeka na tlu Vinkovaca. Sa\u010duvani izvori omogu\u0107uju uvid prije svega u [&hellip;]<\/p>\n","protected":false},"featured_media":861,"comment_status":"open","ping_status":"closed","template":"","meta":[],"yoast_head":"<!-- This site is optimized with the Yoast SEO plugin v16.1.1 - https:\/\/yoast.com\/wordpress\/plugins\/seo\/ -->\n<title>Vinkovci u srednjem vijeku. Podru\u010dje grada Vinkovaca od kasne antike do kraja turske vlasti - Hrvatski institut za povijest<\/title>\n<link rel=\"canonical\" href=\"http:\/\/hipsb.hr\/proizvod\/vinkovci-u-srednjem-vijeku-podrucje-grada-vinkovaca-od-kasne-antike-do-kraja-turske-vlasti\/\" \/>\n<meta property=\"og:locale\" content=\"en_US\" \/>\n<meta property=\"og:type\" content=\"article\" \/>\n<meta property=\"og:title\" content=\"Vinkovci u srednjem vijeku. Podru\u010dje grada Vinkovaca od kasne antike do kraja turske vlasti - Hrvatski institut za povijest\" \/>\n<meta property=\"og:description\" content=\"Monografija obra\u0111uje sve dostupne, objavljene i neobjavljene, pisane izvore za povijest srednjovjekovnog naselja-trgovi\u0161ta na mjestu dana\u0161njih Vinkovaca, koje se u onodobnim izvorima naziva Szentillye (\u2018 Sveti Ilija\u2019 ), a u osmanskima Ilinci. Uz to se prikazuju i rezultati arheolo\u0161kih istra\u017eivanja te materijalni tragovi srednjega vijeka na tlu Vinkovaca. Sa\u010duvani izvori omogu\u0107uju uvid prije svega u [&hellip;]\" \/>\n<meta property=\"og:url\" content=\"http:\/\/hipsb.hr\/proizvod\/vinkovci-u-srednjem-vijeku-podrucje-grada-vinkovaca-od-kasne-antike-do-kraja-turske-vlasti\/\" \/>\n<meta property=\"og:site_name\" content=\"Hrvatski institut za povijest\" \/>\n<meta property=\"article:modified_time\" content=\"2022-09-09T10:30:59+00:00\" \/>\n<meta property=\"og:image\" content=\"http:\/\/hipsb.hr\/wp-content\/uploads\/2013\/01\/38_vinkovci.jpg\" \/>\n\t<meta property=\"og:image:width\" content=\"449\" \/>\n\t<meta property=\"og:image:height\" content=\"641\" \/>\n<meta name=\"twitter:label1\" content=\"Est. reading time\">\n\t<meta name=\"twitter:data1\" content=\"2 minutes\">\n<script type=\"application\/ld+json\" class=\"yoast-schema-graph\">{\"@context\":\"https:\/\/schema.org\",\"@graph\":[{\"@type\":\"WebSite\",\"@id\":\"http:\/\/hipsb.hr\/#website\",\"url\":\"http:\/\/hipsb.hr\/\",\"name\":\"Hrvatski institut za povijest\",\"description\":\"Podru\\u017enica za povijest Slavonije, Srijema i Baranje\",\"potentialAction\":[{\"@type\":\"SearchAction\",\"target\":\"http:\/\/hipsb.hr\/?s={search_term_string}\",\"query-input\":\"required name=search_term_string\"}],\"inLanguage\":\"en-US\"},{\"@type\":\"ImageObject\",\"@id\":\"http:\/\/hipsb.hr\/proizvod\/vinkovci-u-srednjem-vijeku-podrucje-grada-vinkovaca-od-kasne-antike-do-kraja-turske-vlasti\/#primaryimage\",\"inLanguage\":\"en-US\",\"url\":\"http:\/\/hipsb.hr\/wp-content\/uploads\/2013\/01\/38_vinkovci.jpg\",\"contentUrl\":\"http:\/\/hipsb.hr\/wp-content\/uploads\/2013\/01\/38_vinkovci.jpg\",\"width\":449,\"height\":641},{\"@type\":\"WebPage\",\"@id\":\"http:\/\/hipsb.hr\/proizvod\/vinkovci-u-srednjem-vijeku-podrucje-grada-vinkovaca-od-kasne-antike-do-kraja-turske-vlasti\/#webpage\",\"url\":\"http:\/\/hipsb.hr\/proizvod\/vinkovci-u-srednjem-vijeku-podrucje-grada-vinkovaca-od-kasne-antike-do-kraja-turske-vlasti\/\",\"name\":\"Vinkovci u srednjem vijeku. Podru\\u010dje grada Vinkovaca od kasne antike do kraja turske vlasti - Hrvatski institut za povijest\",\"isPartOf\":{\"@id\":\"http:\/\/hipsb.hr\/#website\"},\"primaryImageOfPage\":{\"@id\":\"http:\/\/hipsb.hr\/proizvod\/vinkovci-u-srednjem-vijeku-podrucje-grada-vinkovaca-od-kasne-antike-do-kraja-turske-vlasti\/#primaryimage\"},\"datePublished\":\"2013-01-01T17:17:03+00:00\",\"dateModified\":\"2022-09-09T10:30:59+00:00\",\"breadcrumb\":{\"@id\":\"http:\/\/hipsb.hr\/proizvod\/vinkovci-u-srednjem-vijeku-podrucje-grada-vinkovaca-od-kasne-antike-do-kraja-turske-vlasti\/#breadcrumb\"},\"inLanguage\":\"en-US\",\"potentialAction\":[{\"@type\":\"ReadAction\",\"target\":[\"http:\/\/hipsb.hr\/proizvod\/vinkovci-u-srednjem-vijeku-podrucje-grada-vinkovaca-od-kasne-antike-do-kraja-turske-vlasti\/\"]}]},{\"@type\":\"BreadcrumbList\",\"@id\":\"http:\/\/hipsb.hr\/proizvod\/vinkovci-u-srednjem-vijeku-podrucje-grada-vinkovaca-od-kasne-antike-do-kraja-turske-vlasti\/#breadcrumb\",\"itemListElement\":[{\"@type\":\"ListItem\",\"position\":1,\"item\":{\"@type\":\"WebPage\",\"@id\":\"http:\/\/hipsb.hr\/en\/\",\"url\":\"http:\/\/hipsb.hr\/en\/\",\"name\":\"Home\"}},{\"@type\":\"ListItem\",\"position\":2,\"item\":{\"@type\":\"WebPage\",\"@id\":\"http:\/\/hipsb.hr\/shop\/\",\"url\":\"http:\/\/hipsb.hr\/shop\/\",\"name\":\"Proizvodi\"}},{\"@type\":\"ListItem\",\"position\":3,\"item\":{\"@type\":\"WebPage\",\"@id\":\"http:\/\/hipsb.hr\/proizvod\/vinkovci-u-srednjem-vijeku-podrucje-grada-vinkovaca-od-kasne-antike-do-kraja-turske-vlasti\/\",\"url\":\"http:\/\/hipsb.hr\/proizvod\/vinkovci-u-srednjem-vijeku-podrucje-grada-vinkovaca-od-kasne-antike-do-kraja-turske-vlasti\/\",\"name\":\"Vinkovci u srednjem vijeku. Podru\\u010dje grada Vinkovaca od kasne antike do kraja turske vlasti\"}}]}]}<\/script>\n<!-- \/ Yoast SEO plugin. -->","_links":{"self":[{"href":"http:\/\/hipsb.hr\/en\/wp-json\/wp\/v2\/product\/860"}],"collection":[{"href":"http:\/\/hipsb.hr\/en\/wp-json\/wp\/v2\/product"}],"about":[{"href":"http:\/\/hipsb.hr\/en\/wp-json\/wp\/v2\/types\/product"}],"replies":[{"embeddable":true,"href":"http:\/\/hipsb.hr\/en\/wp-json\/wp\/v2\/comments?post=860"}],"wp:featuredmedia":[{"embeddable":true,"href":"http:\/\/hipsb.hr\/en\/wp-json\/wp\/v2\/media\/861"}],"wp:attachment":[{"href":"http:\/\/hipsb.hr\/en\/wp-json\/wp\/v2\/media?parent=860"}],"curies":[{"name":"wp","href":"https:\/\/api.w.org\/{rel}","templated":true}]}}