{"id":862,"date":"2013-01-01T18:20:33","date_gmt":"2013-01-01T17:20:33","guid":{"rendered":"http:\/\/hipsb.hr\/?post_type=product&#038;p=862"},"modified":"2022-09-09T12:30:28","modified_gmt":"2022-09-09T10:30:28","slug":"vrijeme-zlocina-novi-prilozi-za-povijest-koprivnicke-podravine-1941-1948","status":"publish","type":"product","link":"http:\/\/hipsb.hr\/en\/proizvod\/vrijeme-zlocina-novi-prilozi-za-povijest-koprivnicke-podravine-1941-1948\/","title":{"rendered":"Vrijeme zlo\u010dina: Novi prilozi za povijest koprivni\u010dke Podravine 1941.-1948."},"content":{"rendered":"<p>Knjiga se sastoji od\u00a0<strong>sadr\u017eaja<\/strong>, zatim\u00a0<strong>predgovora<\/strong>\u00a0\u017deljka Kru\u0161elja Kru\u0161elja (9-11),\u00a0<strong>uvoda<\/strong>\u00a0(13-17) te\u00a0<strong>dva glavna dijela<\/strong>\u00a0knjige pod naslovom:\u00a0<strong><em>Rat i pora\u0107e<\/em><\/strong><em>\u00a0<\/em>\u00a0(str. 19-368).\u00a0<strong><em>i Popisi \u017ertava<\/em><\/strong>\u00a0(str. 369-459), te popis izvora i literature (str. 461-464), bilje\u0161ke o autoru (str. 465) i Dodatak \/tabelarni prikazi \u017ertava\/ (str. 467- 479).<\/p>\n<p>U\u00a0<strong>predgovoru\u00a0<\/strong>\u017d. Kru\u0161elj ukazuje na vrlo slo\u017eenu politi\u010dku situaciju u Podravini u Kraljevini Jugoslaviji\u00a0<em>izme\u0111u dva svjetska rata<\/em>, obilje\u017eenu posebice dr\u017eavnim terorom, koja je bitno utjecala na zbivanja tijekom rata i pora\u0107a koja Z. Despot u knjizi prikazuje, pretvaraju\u0107i to podru\u010dje u svojevrsno \u00ab<em>bure baruta<\/em>\u00bb gdje je \u00ab<em>gospodarska i socijalna besperpektivnost sna\u017eno preplitala s politi\u010dkim sukobljavanjima i brutalnim obra\u010dunavanjima<\/em>\u00bb i gdje je usta\u0161ki totalitarni sustav u NDH 1941.-1945.\u00a0 s nevi\u0111enim zlo\u010dinima prema rasnom, nacionalnom i politi\u010dkom klju\u010du na podravskim prostorima, nakon \u0161to su 1945. komunisti preuzeli vlast zamijenio njihov totalitarni model vladavine sa\u00a0 \u017eestokim obra\u010dunom i brojnim zlo\u010dinima ne samo s pripadnicima usta\u0161kog pokreta, njihovim simpatizerima i dijelom domobrana ve\u0107 i prema svim stvarnim i potencijalnim politi\u010dkim protivnicima, prevenstveno onima iz redova HSS-a i katoli\u010dke crkve, ali i prema klasnim protivnicima. Tako je u sve te tri razli\u010dite dr\u017eavne tvorevine bilo \u00ab<em>vrijeme netrpeljivih<\/em>\u00bb kada su \u00ab<em>mr\u017enja i bezobzirnost prema neistomi\u0161ljenicima u sva tri sustava bili i nerazdvojivi dio po\u017eeljnih manira<\/em>\u00bb\u00a0\u2013 zaklju\u010duje Kru\u0161elj.<\/p>\n<p>U\u00a0<strong>uvodu\u00a0<\/strong>Z. Despot konstatira kako se ova njegova knjiga nadovezuje naknjigu \u017d. Kru\u0161elja \u00ab<em>U \u017ervnju dr\u017eavnog terora i usta\u0161kog terorizma: politi\u010dka zbivanja u korpivni\u010dkoj Podravini od objave \u0161estosje\u010danjske diktature do sloma Kraljevine Jugoslavije (1929.-1941.)<\/em>\u00bb, bez \u010dijeg \u010ditanja \u010ditatelji ne\u0107e mo\u0107i shvatiti i povezati \u010dinjenice te doga\u0111aje od 1941. do 1948. (posebice\u00a0 odnose i sukobe izme\u0111u suprotstavljenih politi\u010dkih grupacija i pojedinaca) koje Despot u ovoj knjizi donosi zato \u0161to mnoga od tih zbivanja svoje ishodi\u0161te imaju u prijeratnim doga\u0111ajima koje je Kru\u0161elj opisao.<br \/>\nUz zahvalu svima koji su pomogli\u00a0 da knjiga iza\u0111e iz tiska, Despot upznaje \u010ditatelje s njezinim ciljem za koji kra\u017ee da \u00ab<em>jest javnosti predo\u010diti nove nepoznate, pre\u0161u\u0107ivane \u010dinjenice i podatke, doga\u0111aje i osobe iz toga razdoblja<\/em>\u00bb na osnovu dostupne arhivske gra\u0111e\u00a0 uz konzultaciju objavljene\u00a0<em>literature<\/em>\u00a0te pojedinih\u00a0<em>\u017eivu\u0107ih aktera<\/em>\u00a0tada\u0161njih zbivanja. Ukratko iznosi sadr\u017eaj knjige, ukazuje za\u0161to obuhva\u0107a razdoblje od 1941. do 1948. godine, zatim poja\u0161njava raznolike bilje\u0161ke ispod teksta i neke stare signature dokumenata i posebno poja\u0161njava sve popise \u017ertava ukazuju\u0107i na njihove nedostake kako bi se izbjegli mogu\u0107e nejasno\u0107e i nesporazumi.<\/p>\n<p>U<strong>\u00a0prvom dijelu\u00a0<\/strong>knjige pod naslovom:<strong>\u00a0<em>Rat i pora\u0107e<\/em>\u00a0<\/strong>autor po godinama od 1941. do 1947\/48. kronolo\u0161kim slijedom donosi na 350 stranica obilje novih, vrlo zanimljivih dosad malo poznatih ili potpuno nepoznatih te pre\u0161u\u0107enih podataka o doga\u0111ajima, li\u010dnostima, problemima, \u017ertvama i sustavima u tome vrlo slo\u017eenom i krvavom razdoblju povijesti koprivni\u010dke Podravine (odnosno podru\u010dju nekada\u0161njih kotareva Koprivnice i \u0110ur\u0111evac). Svi podaci prezentirani su kronolo\u0161kim i tematskim slijedom jednostavnim jezikom na vrlo lagan, razumljiv i svima pristupa\u010dnim na\u010din. Tako se kod svake ratne godine sadr\u017eaji o kojima se u tekstu govori iskazuje kroz po desetak podnaslova, a kod poratnih godina s po dva podnasova. Za ilustraciju navodim\u00a0<strong>podnaslove\u00a0<\/strong>pod\u00a0<strong>1941.<\/strong>\u00a0godinom. To su:\u00a0<em>Nijemci u Podravini; Usta\u0161e preuzimaju vlast od HSS-a, Prvi usta\u0161ki logor; \u017didovi \u00abnestali\u00bb preko no\u0107i; Odmazda prema Srbima; Istrabljenje Roma; Raslojavanje HSS-a; Koprivi\u010danci kod Paveli\u0107a; Prvi oru\u017eanbi izgred; Sukobi izme\u0111u usta\u0161a; Problemi sa zbrinjavanjem stanovni\u0161tva; Slovenci na imanjima Srba; Prva partizanska akcija i Dravski most opet u prometu<\/em>; te\u00a0<strong>za 1945.<\/strong>:\u00a0<em>Pu\u010dka \u0161koola oti\u0161la u zrak; Odli\u010dja uo\u010di propasti NDH; \u00abDanica\u00bb &#8211; postaja kri\u017enog puta; Ispitivanja ratnih zlo\u010dina; Borba za vlast; Protiv \u0161verca; Komunisti preorali grobove; Prvi poslijeratni izbori i Iskapanje \u017ertava;<\/em><strong>1946.<\/strong>:<em>\u00a0Gradski izbori i Partija protiv Crkve te\u00a0<strong>1947.\/48.<\/strong><\/em>:<em>\u00a0Udba \u00ab\u010disti teren\u00bb i \u00abPlan Deseti travanj i(li) \u00abOperacija Gvardijan\u00bb.\u00a0<\/em>Mo\u017eemo posebno istaknuti neke djelove koje isti\u010de i Despot, a to su npr. novi podatci o prvom usta\u0161kom logoru \u00abDanici\u00bb kod Koprivnice, ali i o njezinu ponovnom djelovanju nakon rata za partizanske vlasti, o \u010demu se do sada \u0161utjelo; zatim je tu najiscrpnija analizi umorstva Mihovila Pavleka Mi\u0161kine, knji\u017eevnika i selja\u010dkog tribuna; prikaz sudbine prognanih Udbinjana u Podravini od kraja 1942. godine; novi i do sada\u00a0 nepoznati podaci o tzv. Podravskoj partizanskoj republici 1943.\/1944., o Rafaelu Bobanu i njegovoj Crnoj legiji, te o velikoj bitci za Koprivnicu u jesen 1944. i o \u00abOperaciji Gvardijan\u00bb kako ju je zvala UDB-a \u2013 tada\u0161nja jugoslavenska tajna policija, koje svojim zna\u010denjem i sadr\u017eajem posebno nadilaze koprivni\u010dko podru\u010dje. Na kraju toga dijela dano je\u00a0<strong>9 \u017eivotopisa<\/strong>\u00a0nekih od najzna\u010dajnijih sudionika tih zbivanja uglavnom Koprivi\u010danaca. Predo\u010deni podaci su znanstveno utemeljeni po\u0161to se daju, gdje god je to bilo mogu\u0107e, na osnovu\u00a0<strong>arhivske gra\u0111e koja se citira na gotovo svakoj stranici teksta, a dio koje se navodi u bilje\u0161kama, uz citiranje i druge vrste gra\u0111e (va\u017enije izjave, svjedo\u010denja i sl.) sve u izvornom obliku kako bi najbolje oslikali tada\u0161nju situaciju, naravno uz njihovu kriti\u010dku obradu.<\/strong><\/p>\n<p>U\u00a0<strong>drugom dijelu<\/strong>\u00a0s naslovom:\u00a0<strong><em>Popisi \u017ertava<\/em><\/strong>\u00a0na 80-tak stranica dani su popisi preneseni prema izvornicima u HDA u Zagrebu i Dr\u017eavnom Arhivu u Bjelovaru, koji iako svi nisu to\u010dni ni potpuni, predstavljaju nezaobilazni povijesni izvor, od kojih se ovdje ve\u0107ina njih po prvi puta objavljuju, a sadr\u017ee:<\/p>\n<ol>\n<li><strong>Popise<\/strong>\u00a0prema podacima\u00a0<strong>Usta\u0161kog povjerenstva za grad i kotar Koprivnicu 1941.-1942.<\/strong>\u00a0\u00a0uglavnom logora\u0161a \u00abDanice\u00bb, ali i zato\u010denika te stradalih u logorima Jasenovac, \u0110akovo i Loborgrad \/uz imena njihovih roditelja te pojedine rodbine\/ (<strong><em>objavljuje se po prvi puta).<\/em><\/strong><\/li>\n<li><strong><em>Poimeni\u010dne<\/em><\/strong>\u00a0<strong><em>popise \u017ertava li\u0161enih \u017eivota za vrijeme okupacije na podru\u010dju kotara koprivni\u010dkog (1478 osoba) i \u0111ur\u0111eva\u010dkog\u00a0 (816 osoba)<\/em><\/strong>\u00a0<strong><em>i me\u0111u \u017didovima Koprivnice (199 osoba) i koprivni\u010dkog kotara (62 osobe)\u00a0<\/em><\/strong>prema podacima\u00a0<strong>Zemaljske komisije za utvr\u0111ivanje ratnih zlo\u010dina okupatora i njegovih pomaga\u010da Hrvatske<\/strong>\u00a0i\u00a0<strong>Gradske komisije u Koprivnici\u00a0<\/strong>(<em>ve\u0107im dijelom objavljivani)<\/em>,<strong>\u00a0te rimokatoli\u010dkih \u017eupnih ureda i pravoslavnih parohija<\/strong>\u00a0 iz 1945. godine\u00a0<strong>za koje osobe su do tada uspjeli prikupiti osnovne podatke\u00a0<\/strong><em>(koji se objavljuju po prvi puta).<\/em><\/li>\n<li><strong><em>Popis odu\u0111enika i presuda Vojnog suda u Bjelovaru 1945.-1946 i popis zlo\u010dinaca i pripadnika neprijateljskih formacija i organizacija<\/em><\/strong><strong>\u00a0a\u00a0<\/strong>prema podacima<strong>\u00a0Okru\u017ene komisije za utvr\u0111ivanje ratnih zlo\u010dina okupatora i njegovih pomaga\u010da Bjelovar\u00a0<\/strong><em>(koji se objavljuju po prvi puta).<\/em><\/li>\n<li><strong><em>Rekonstrukciju banditizma za biv\u0161i kotar Koprivnica (nakon zavr\u0161etka rata) i to dmetni\u010dke grupe i odmetnike \u00abbunkera\u0161e\u00bb te njihove jatake, a prema podacima Slu\u017ebe dr\u017eavne sigurnosti SR Hrvatske\u00a0<\/em><\/strong><em>(koji se objavljuju po prvi puta).<\/em><\/li>\n<\/ol>\n<p>Kod svakog od ovih popisa autor je ve\u0107 u uvodu pojasnio njihov sadr\u017eaj i nedostatke te iskazao nadu da \u0107e oni poslu\u017eiti kao glavni temelj za\u00a0 jedno cjelovito znanstveno istra\u017eivanje koje treba rezultirati cjelovitim popisom svih \u017ertava u koprivni\u010dkoj Podravini u tome razdoblju uz njihovu pomnu analizu, a \u0161to se i mi nadamo, jer na \u017ealost neki podaci, smr\u0107u sudionika odlaze u nepovrat.<br \/>\nSlijedi\u00a0<strong><em>popis kori\u0161tenih neobjavljenih i objavljenih\u00a0<\/em>izvora te literature<\/strong>\u00a0(uz onodobne tiskovine),\u00a0\u00a0<strong><em>kratka bilje\u0161ka o autoru<\/em><\/strong>\u00a0 i\u00a0<strong><em>Dodatak (tabelarni prikaz \u017ertava)<\/em><\/strong>\u00a0za koji je Despot poja\u0161njenje dao u uvodu s ukazom na njihove nedostatke.<br \/>\nSmatram da je trebalo dati na kraju jedan\u00a0<strong>kratki sa\u017eetak sadr\u017eaja knjige na stranim jezicima\u00a0<\/strong>kako bi ista bila<strong>\u00a0dostupna i inozemsnim \u010ditateljima\u00a0<\/strong>koji ne poznaju hrvatski jezik.<\/p>\n<p>Tekst Despotove knjige prati\u00a0<strong>95<\/strong>\u00a0prigodnih izvrsnih\u00a0<strong>ilustracija<\/strong>\u00a01941.-1948. (od kojih 23 faksimila\u00a0<strong>dokumenata<\/strong>, 45 fasimila raznih plakatiranih<strong>obavijesti, oglasa, poziva, naredbi i proglasa<\/strong>, 11 faksimila iz onodobnog tiska, 5 zemljovida i 10 skupnih\u00a0<strong>fotografija\u00a0<\/strong>osoba i doga\u0111aja), bez onih na koricama. Sav ovaj ilustrativni povijesni materijal je\u00a0 vrlo zna\u010dajane posebice kao svojevrstan\u00a0<strong>dokument vremena<\/strong>.<\/p>\n<p style=\"text-align: right;\"><em>Prof. dr. sc. Zdravko Dizdar<\/em><\/p>\n","protected":false},"excerpt":{"rendered":"<p>Knjiga se sastoji od\u00a0sadr\u017eaja, zatim\u00a0predgovora\u00a0\u017deljka Kru\u0161elja Kru\u0161elja (9-11),\u00a0uvoda\u00a0(13-17) te\u00a0dva glavna dijela\u00a0knjige pod naslovom:\u00a0Rat i pora\u0107e\u00a0\u00a0(str. 19-368).\u00a0i Popisi \u017ertava\u00a0(str. 369-459), te popis izvora i literature (str. 461-464), bilje\u0161ke o autoru (str. 465) i Dodatak \/tabelarni prikazi \u017ertava\/ (str. 467- 479). U\u00a0predgovoru\u00a0\u017d. Kru\u0161elj ukazuje na vrlo slo\u017eenu politi\u010dku situaciju u Podravini u Kraljevini Jugoslaviji\u00a0izme\u0111u dva svjetska rata, [&hellip;]<\/p>\n","protected":false},"featured_media":863,"comment_status":"open","ping_status":"closed","template":"","meta":[],"yoast_head":"<!-- This site is optimized with the Yoast SEO plugin v16.1.1 - https:\/\/yoast.com\/wordpress\/plugins\/seo\/ -->\n<title>Vrijeme zlo\u010dina: Novi prilozi za povijest koprivni\u010dke Podravine 1941.-1948. - Hrvatski institut za povijest<\/title>\n<link rel=\"canonical\" href=\"http:\/\/hipsb.hr\/proizvod\/vrijeme-zlocina-novi-prilozi-za-povijest-koprivnicke-podravine-1941-1948\/\" \/>\n<meta property=\"og:locale\" content=\"en_US\" \/>\n<meta property=\"og:type\" content=\"article\" \/>\n<meta property=\"og:title\" content=\"Vrijeme zlo\u010dina: Novi prilozi za povijest koprivni\u010dke Podravine 1941.-1948. - Hrvatski institut za povijest\" \/>\n<meta property=\"og:description\" content=\"Knjiga se sastoji od\u00a0sadr\u017eaja, zatim\u00a0predgovora\u00a0\u017deljka Kru\u0161elja Kru\u0161elja (9-11),\u00a0uvoda\u00a0(13-17) te\u00a0dva glavna dijela\u00a0knjige pod naslovom:\u00a0Rat i pora\u0107e\u00a0\u00a0(str. 19-368).\u00a0i Popisi \u017ertava\u00a0(str. 369-459), te popis izvora i literature (str. 461-464), bilje\u0161ke o autoru (str. 465) i Dodatak \/tabelarni prikazi \u017ertava\/ (str. 467- 479). U\u00a0predgovoru\u00a0\u017d. Kru\u0161elj ukazuje na vrlo slo\u017eenu politi\u010dku situaciju u Podravini u Kraljevini Jugoslaviji\u00a0izme\u0111u dva svjetska rata, [&hellip;]\" \/>\n<meta property=\"og:url\" content=\"http:\/\/hipsb.hr\/proizvod\/vrijeme-zlocina-novi-prilozi-za-povijest-koprivnicke-podravine-1941-1948\/\" \/>\n<meta property=\"og:site_name\" content=\"Hrvatski institut za povijest\" \/>\n<meta property=\"article:modified_time\" content=\"2022-09-09T10:30:28+00:00\" \/>\n<meta property=\"og:image\" content=\"http:\/\/hipsb.hr\/wp-content\/uploads\/2013\/01\/39_vrijemezlocina.jpg\" \/>\n\t<meta property=\"og:image:width\" content=\"450\" \/>\n\t<meta property=\"og:image:height\" content=\"652\" \/>\n<meta name=\"twitter:label1\" content=\"Est. reading time\">\n\t<meta name=\"twitter:data1\" content=\"7 minutes\">\n<script type=\"application\/ld+json\" class=\"yoast-schema-graph\">{\"@context\":\"https:\/\/schema.org\",\"@graph\":[{\"@type\":\"WebSite\",\"@id\":\"http:\/\/hipsb.hr\/#website\",\"url\":\"http:\/\/hipsb.hr\/\",\"name\":\"Hrvatski institut za povijest\",\"description\":\"Podru\\u017enica za povijest Slavonije, Srijema i Baranje\",\"potentialAction\":[{\"@type\":\"SearchAction\",\"target\":\"http:\/\/hipsb.hr\/?s={search_term_string}\",\"query-input\":\"required name=search_term_string\"}],\"inLanguage\":\"en-US\"},{\"@type\":\"ImageObject\",\"@id\":\"http:\/\/hipsb.hr\/proizvod\/vrijeme-zlocina-novi-prilozi-za-povijest-koprivnicke-podravine-1941-1948\/#primaryimage\",\"inLanguage\":\"en-US\",\"url\":\"http:\/\/hipsb.hr\/wp-content\/uploads\/2013\/01\/39_vrijemezlocina.jpg\",\"contentUrl\":\"http:\/\/hipsb.hr\/wp-content\/uploads\/2013\/01\/39_vrijemezlocina.jpg\",\"width\":450,\"height\":652},{\"@type\":\"WebPage\",\"@id\":\"http:\/\/hipsb.hr\/proizvod\/vrijeme-zlocina-novi-prilozi-za-povijest-koprivnicke-podravine-1941-1948\/#webpage\",\"url\":\"http:\/\/hipsb.hr\/proizvod\/vrijeme-zlocina-novi-prilozi-za-povijest-koprivnicke-podravine-1941-1948\/\",\"name\":\"Vrijeme zlo\\u010dina: Novi prilozi za povijest koprivni\\u010dke Podravine 1941.-1948. - Hrvatski institut za povijest\",\"isPartOf\":{\"@id\":\"http:\/\/hipsb.hr\/#website\"},\"primaryImageOfPage\":{\"@id\":\"http:\/\/hipsb.hr\/proizvod\/vrijeme-zlocina-novi-prilozi-za-povijest-koprivnicke-podravine-1941-1948\/#primaryimage\"},\"datePublished\":\"2013-01-01T17:20:33+00:00\",\"dateModified\":\"2022-09-09T10:30:28+00:00\",\"breadcrumb\":{\"@id\":\"http:\/\/hipsb.hr\/proizvod\/vrijeme-zlocina-novi-prilozi-za-povijest-koprivnicke-podravine-1941-1948\/#breadcrumb\"},\"inLanguage\":\"en-US\",\"potentialAction\":[{\"@type\":\"ReadAction\",\"target\":[\"http:\/\/hipsb.hr\/proizvod\/vrijeme-zlocina-novi-prilozi-za-povijest-koprivnicke-podravine-1941-1948\/\"]}]},{\"@type\":\"BreadcrumbList\",\"@id\":\"http:\/\/hipsb.hr\/proizvod\/vrijeme-zlocina-novi-prilozi-za-povijest-koprivnicke-podravine-1941-1948\/#breadcrumb\",\"itemListElement\":[{\"@type\":\"ListItem\",\"position\":1,\"item\":{\"@type\":\"WebPage\",\"@id\":\"http:\/\/hipsb.hr\/en\/\",\"url\":\"http:\/\/hipsb.hr\/en\/\",\"name\":\"Home\"}},{\"@type\":\"ListItem\",\"position\":2,\"item\":{\"@type\":\"WebPage\",\"@id\":\"http:\/\/hipsb.hr\/shop\/\",\"url\":\"http:\/\/hipsb.hr\/shop\/\",\"name\":\"Proizvodi\"}},{\"@type\":\"ListItem\",\"position\":3,\"item\":{\"@type\":\"WebPage\",\"@id\":\"http:\/\/hipsb.hr\/proizvod\/vrijeme-zlocina-novi-prilozi-za-povijest-koprivnicke-podravine-1941-1948\/\",\"url\":\"http:\/\/hipsb.hr\/proizvod\/vrijeme-zlocina-novi-prilozi-za-povijest-koprivnicke-podravine-1941-1948\/\",\"name\":\"Vrijeme zlo\\u010dina: Novi prilozi za povijest koprivni\\u010dke Podravine 1941.-1948.\"}}]}]}<\/script>\n<!-- \/ Yoast SEO plugin. -->","_links":{"self":[{"href":"http:\/\/hipsb.hr\/en\/wp-json\/wp\/v2\/product\/862"}],"collection":[{"href":"http:\/\/hipsb.hr\/en\/wp-json\/wp\/v2\/product"}],"about":[{"href":"http:\/\/hipsb.hr\/en\/wp-json\/wp\/v2\/types\/product"}],"replies":[{"embeddable":true,"href":"http:\/\/hipsb.hr\/en\/wp-json\/wp\/v2\/comments?post=862"}],"wp:featuredmedia":[{"embeddable":true,"href":"http:\/\/hipsb.hr\/en\/wp-json\/wp\/v2\/media\/863"}],"wp:attachment":[{"href":"http:\/\/hipsb.hr\/en\/wp-json\/wp\/v2\/media?parent=862"}],"curies":[{"name":"wp","href":"https:\/\/api.w.org\/{rel}","templated":true}]}}