{"id":880,"date":"2013-01-01T18:53:24","date_gmt":"2013-01-01T17:53:24","guid":{"rendered":"http:\/\/hipsb.hr\/?post_type=product&#038;p=880"},"modified":"2022-09-09T12:26:46","modified_gmt":"2022-09-09T10:26:46","slug":"logor-krndija-1945-1946","status":"publish","type":"product","link":"http:\/\/hipsb.hr\/en\/proizvod\/logor-krndija-1945-1946\/","title":{"rendered":"Logor Krndija 1945.-1946."},"content":{"rendered":"<p>U knjizi autor opisuje sudbinu preostalog njema\u010dkog stanovni\u0161tva u Hrvatskoj nakon Drugoga svjetskog rata.Za sudbinu hrvatskih Nijemaca paradigmatsko je selo Krndija u Slavoniji (4 km sjeverozapadno od Punitovaca &#8211; \u0110akov\u0161tina).<\/p>\n<p>Od kolovoza 1945. do svibnja 1946. Krndija je jedan od najve\u0107ih logora u Hrvatskoj i Jugoslaviji za preostalo njema\u010dko stanovni\u0161tvo (prete\u017eno starce, \u017eene i djecu) jednog dijela Slavonije i Srijema (\u0110akovo, Vinkovci, Slavonski Brod, \u017dupanja, Slatina, Virovitica, Po\u017eega, Vukovar &#8230;), sredi\u0161nje Hrvatske (Zagreb, Novska, Kutina, Gare\u0161nica, Daruvar, Bjelovar, Sisak, Kostajnica \u2026) i bosanske Posavine (Bosanski Brod, Bijeljina, Br\u010dko, Prnjavor \u2026). Procjenjuje se da je kroz logor Krndiju 1945.\/1946. pro\u0161lo oko 3 500 do 4 000 logora\u0161a, te da ih je oko 500 do<br \/>\n1 500 u logoru izgubilo \u017eivot.<\/p>\n<p>U knjizi se, pored dokumenata komande logora, zapisa iz dnevnika pojedinih logora\u0161a, te sje\u0107anja\/iskaza, nalazi i Popis utvr\u0111enih \u017ertava u logoru Krndiji 1945.\/1946.<\/p>\n","protected":false},"excerpt":{"rendered":"<p>U knjizi autor opisuje sudbinu preostalog njema\u010dkog stanovni\u0161tva u Hrvatskoj nakon Drugoga svjetskog rata.Za sudbinu hrvatskih Nijemaca paradigmatsko je selo Krndija u Slavoniji (4 km sjeverozapadno od Punitovaca &#8211; \u0110akov\u0161tina). Od kolovoza 1945. do svibnja 1946. Krndija je jedan od najve\u0107ih logora u Hrvatskoj i Jugoslaviji za preostalo njema\u010dko stanovni\u0161tvo (prete\u017eno starce, \u017eene i djecu) [&hellip;]<\/p>\n","protected":false},"featured_media":881,"comment_status":"open","ping_status":"closed","template":"","meta":[],"yoast_head":"<!-- This site is optimized with the Yoast SEO plugin v16.1.1 - https:\/\/yoast.com\/wordpress\/plugins\/seo\/ -->\n<title>Logor Krndija 1945.-1946. - Hrvatski institut za povijest<\/title>\n<link rel=\"canonical\" href=\"http:\/\/hipsb.hr\/en\/proizvod\/logor-krndija-1945-1946\/\" \/>\n<meta property=\"og:locale\" content=\"en_US\" \/>\n<meta property=\"og:type\" content=\"article\" \/>\n<meta property=\"og:title\" content=\"Logor Krndija 1945.-1946. - Hrvatski institut za povijest\" \/>\n<meta property=\"og:description\" content=\"U knjizi autor opisuje sudbinu preostalog njema\u010dkog stanovni\u0161tva u Hrvatskoj nakon Drugoga svjetskog rata.Za sudbinu hrvatskih Nijemaca paradigmatsko je selo Krndija u Slavoniji (4 km sjeverozapadno od Punitovaca &#8211; \u0110akov\u0161tina). Od kolovoza 1945. do svibnja 1946. Krndija je jedan od najve\u0107ih logora u Hrvatskoj i Jugoslaviji za preostalo njema\u010dko stanovni\u0161tvo (prete\u017eno starce, \u017eene i djecu) [&hellip;]\" \/>\n<meta property=\"og:url\" content=\"http:\/\/hipsb.hr\/en\/proizvod\/logor-krndija-1945-1946\/\" \/>\n<meta property=\"og:site_name\" content=\"Hrvatski institut za povijest\" \/>\n<meta property=\"article:modified_time\" content=\"2022-09-09T10:26:46+00:00\" \/>\n<meta property=\"og:image\" content=\"http:\/\/hipsb.hr\/wp-content\/uploads\/2013\/01\/48_logorkrndija.jpg\" \/>\n\t<meta property=\"og:image:width\" content=\"492\" \/>\n\t<meta property=\"og:image:height\" content=\"684\" \/>\n<meta name=\"twitter:label1\" content=\"Est. reading time\">\n\t<meta name=\"twitter:data1\" content=\"1 minute\">\n<script type=\"application\/ld+json\" class=\"yoast-schema-graph\">{\"@context\":\"https:\/\/schema.org\",\"@graph\":[{\"@type\":\"WebSite\",\"@id\":\"https:\/\/hipsb.hr\/#website\",\"url\":\"https:\/\/hipsb.hr\/\",\"name\":\"Hrvatski institut za povijest\",\"description\":\"Podru\\u017enica za povijest Slavonije, Srijema i Baranje\",\"potentialAction\":[{\"@type\":\"SearchAction\",\"target\":\"https:\/\/hipsb.hr\/?s={search_term_string}\",\"query-input\":\"required name=search_term_string\"}],\"inLanguage\":\"en-US\"},{\"@type\":\"ImageObject\",\"@id\":\"http:\/\/hipsb.hr\/en\/proizvod\/logor-krndija-1945-1946\/#primaryimage\",\"inLanguage\":\"en-US\",\"url\":\"http:\/\/hipsb.hr\/wp-content\/uploads\/2013\/01\/48_logorkrndija.jpg\",\"contentUrl\":\"http:\/\/hipsb.hr\/wp-content\/uploads\/2013\/01\/48_logorkrndija.jpg\",\"width\":492,\"height\":684},{\"@type\":\"WebPage\",\"@id\":\"http:\/\/hipsb.hr\/en\/proizvod\/logor-krndija-1945-1946\/#webpage\",\"url\":\"http:\/\/hipsb.hr\/en\/proizvod\/logor-krndija-1945-1946\/\",\"name\":\"Logor Krndija 1945.-1946. - Hrvatski institut za povijest\",\"isPartOf\":{\"@id\":\"https:\/\/hipsb.hr\/#website\"},\"primaryImageOfPage\":{\"@id\":\"http:\/\/hipsb.hr\/en\/proizvod\/logor-krndija-1945-1946\/#primaryimage\"},\"datePublished\":\"2013-01-01T17:53:24+00:00\",\"dateModified\":\"2022-09-09T10:26:46+00:00\",\"breadcrumb\":{\"@id\":\"http:\/\/hipsb.hr\/en\/proizvod\/logor-krndija-1945-1946\/#breadcrumb\"},\"inLanguage\":\"en-US\",\"potentialAction\":[{\"@type\":\"ReadAction\",\"target\":[\"http:\/\/hipsb.hr\/en\/proizvod\/logor-krndija-1945-1946\/\"]}]},{\"@type\":\"BreadcrumbList\",\"@id\":\"http:\/\/hipsb.hr\/en\/proizvod\/logor-krndija-1945-1946\/#breadcrumb\",\"itemListElement\":[{\"@type\":\"ListItem\",\"position\":1,\"item\":{\"@type\":\"WebPage\",\"@id\":\"https:\/\/hipsb.hr\/en\/\",\"url\":\"https:\/\/hipsb.hr\/en\/\",\"name\":\"Home\"}},{\"@type\":\"ListItem\",\"position\":2,\"item\":{\"@type\":\"WebPage\",\"@id\":\"http:\/\/hipsb.hr\/shop\/\",\"url\":\"http:\/\/hipsb.hr\/shop\/\",\"name\":\"Proizvodi\"}},{\"@type\":\"ListItem\",\"position\":3,\"item\":{\"@type\":\"WebPage\",\"@id\":\"http:\/\/hipsb.hr\/en\/proizvod\/logor-krndija-1945-1946\/\",\"url\":\"http:\/\/hipsb.hr\/en\/proizvod\/logor-krndija-1945-1946\/\",\"name\":\"Logor Krndija 1945.-1946.\"}}]}]}<\/script>\n<!-- \/ Yoast SEO plugin. -->","_links":{"self":[{"href":"http:\/\/hipsb.hr\/en\/wp-json\/wp\/v2\/product\/880"}],"collection":[{"href":"http:\/\/hipsb.hr\/en\/wp-json\/wp\/v2\/product"}],"about":[{"href":"http:\/\/hipsb.hr\/en\/wp-json\/wp\/v2\/types\/product"}],"replies":[{"embeddable":true,"href":"http:\/\/hipsb.hr\/en\/wp-json\/wp\/v2\/comments?post=880"}],"wp:featuredmedia":[{"embeddable":true,"href":"http:\/\/hipsb.hr\/en\/wp-json\/wp\/v2\/media\/881"}],"wp:attachment":[{"href":"http:\/\/hipsb.hr\/en\/wp-json\/wp\/v2\/media?parent=880"}],"curies":[{"name":"wp","href":"https:\/\/api.w.org\/{rel}","templated":true}]}}