{"id":896,"date":"2013-01-01T19:25:18","date_gmt":"2013-01-01T18:25:18","guid":{"rendered":"http:\/\/hipsb.hr\/?post_type=product&#038;p=896"},"modified":"2026-01-01T15:43:03","modified_gmt":"2026-01-01T14:43:03","slug":"jubilej-100-godisnjice-osnivanja-grkokatolickih-zupa-sibinj-gornji-andrijevci-i-slavonski-brod-1908-2008","status":"publish","type":"product","link":"http:\/\/hipsb.hr\/en\/proizvod\/jubilej-100-godisnjice-osnivanja-grkokatolickih-zupa-sibinj-gornji-andrijevci-i-slavonski-brod-1908-2008\/","title":{"rendered":"Jubilej 100. godi\u0161njice osnivanja grkokatoli\u010dkih \u017eupa Sibinj, Gornji Andrijevci i Slavonski Brod: 1908.-2008."},"content":{"rendered":"<p>S namjerom \u0161to kvalitetnijeg predstavljanja povijesti multietni\u010dkog prostora Brodskog Posavlja, kao i ostalih podru\u010dja Slavonije, Srijema i Baranje, brodska Podru\u017enica Hrvatskog instituta za povijest pokrenula niz <b><i>Etni\u010dke teme<\/i><\/b>. Prva knjiga unutar ovog niza, koja svjedo\u010di o stoljetnoj kulturi su\u017eivota na na\u0161im prostorima, jest <b><i>Jubilej 100. godi\u0161njice osnivanja<\/i><\/b><i> <b>grkokatoli\u010dkih \u017eupa Sibinj, Gornji Andrijevci, Slavonski Brod 1908. &#8211; 2008.<\/b><\/i> skupine autora: <b>o. Ivan Bar\u0161\u010devski<\/b>,<b> Olja Bar\u0161\u010devski <\/b>i<b> \u017deljko Peh<\/b>. Svojim sadr\u017eajem knjiga se odnosi na vrlo zna\u010dajnu, ali, na\u017ealost, jo\u0161 uvijek nedovoljno istra\u017eenu temu rekonstrukcije nastanka i egzistencije ukrajinskog pu\u010danstva na hrvatskim prostorima.<\/p>\n<p>Jedna od sredi\u0161njih institucija ukrajinskog pu\u010danstva na ovim prostorima, u smislu organiziranja, bila je njihova crkva &#8211; grkokatoli\u010dka. Bez obzira na te\u0161ke povijesne, politi\u010dke i druge okolnosti koje su uvjetovale sudbinu ukrajinskog kontingenta na hrvatskim prostorima, ta je crkva ne samo opstala, nego je i sa\u010duvala zna\u010dajnu informaciju o svojoj pastvi. Stoga je prou\u010davanje povijesti Ukrajinske grkokatoli\u010dke crkve u Hrvatskoj bitno povezano s povije\u0161\u0107u ukrajinske migracije na ove prostore.<\/p>\n<p>Knjiga se sastoji od tri poglavlja. U prvom poglavlju o. Ivan Bar\u0161\u010devski priredio je kronike \u017eupa koje su vodili \u017eupnici od dolaska Ukrajinaca u ova mjesta po\u010detkom 20. stolje\u0107a i osnivanja \u017eupa do dana\u0161njih dana.<\/p>\n<p>Drugo poglavlje predstavlja diplomski rad Olje Bar\u0161\u010devski <i>Pro\u0161lost i<\/i> <i>sada\u0161njost grkokatoli\u010dke \u017eupe Uspenija Presvete Bogorodice u Sibinju i njezine perspektive u budu\u0107nosti <\/i>koji je nagra\u0111en na Katoli\u010dkom bogoslovnom fakultetu u Zagrebu i daje op\u0107i pregled povijesti grkokatoli\u010dke zajednice u ovim \u017eupama.<\/p>\n<p>Tre\u0107e poglavlje, kojeg je autor \u017deljko Peh, je marljivo skupljena genealogija ukrajinskih obitelji od njihovog dolaska po\u010detkom 20. stolje\u0107a. Autor je nastojao rekonstruirati popis svih obitelji u sljede\u0107im naseljima: Bilice, Brodski Stupnik, Bu\u010dje, Bukovlje, \u010celikovi\u0107i, Drenovac, Gornji Andrijevci, Grgurevi\u0107i, Gri\u017ei\u0107i, Groma\u010dnik, Jaka\u010dina, Je\u017eevik, Kloko\u010devik, Kujnik, Magi\u0107 Mala, Radovanje, Ravan &#8211; Br\u010dino, Sibinj, Slobodnica, Stari Slatinik, \u0160u\u0161njevci, Trnjani, Vranovci i Zagra\u0111e.<\/p>\n<p>Zahvaljuju\u0107i po prvi puta publiciranim dokumentima, dnevnicima, uspomenama (pojedini doga\u0111aji iz lokalne povjesnice, posebno za vrijeme i nakon Prvoga svjetskog rata, poznati su upravo iz ovih kronika), uklju\u010duju\u0107i i svjedo\u010denja iz Bosne gdje je prebivalo ukrajinsko pu\u010danstvo, doseljeno potom u hrvatske krajeve, prikazan je niz dramati\u010dnih razdoblja, ratnih i politi\u010dkih previranja kojima je ispunjeno pro\u0161lo stolje\u0107e.<\/p>\n<p>Autori su u ovoj knjizi obradili \u0161irok krug informativne gra\u0111e koja, uz odre\u0111ene autorske komentare, stvara panoramsku sliku sto godina \u017eivota ukrajinskog etnosa u hrvatskom dru\u0161tvu.<\/p>\n","protected":false},"excerpt":{"rendered":"<p>S namjerom \u0161to kvalitetnijeg predstavljanja povijesti multietni\u010dkog prostora Brodskog Posavlja, kao i ostalih podru\u010dja Slavonije, Srijema i Baranje, brodska Podru\u017enica Hrvatskog instituta za povijest pokrenula niz Etni\u010dke teme. Prva knjiga unutar ovog niza, koja svjedo\u010di o stoljetnoj kulturi su\u017eivota na na\u0161im prostorima, jest Jubilej 100. godi\u0161njice osnivanja grkokatoli\u010dkih \u017eupa Sibinj, Gornji Andrijevci, Slavonski Brod 1908. [&hellip;]<\/p>\n","protected":false},"featured_media":897,"comment_status":"open","ping_status":"closed","template":"","meta":[],"yoast_head":"<!-- This site is optimized with the Yoast SEO plugin v16.1.1 - https:\/\/yoast.com\/wordpress\/plugins\/seo\/ -->\n<title>Jubilej 100. godi\u0161njice osnivanja grkokatoli\u010dkih \u017eupa Sibinj, Gornji Andrijevci i Slavonski Brod: 1908.-2008. - Hrvatski institut za povijest<\/title>\n<link rel=\"canonical\" href=\"http:\/\/hipsb.hr\/en\/proizvod\/jubilej-100-godisnjice-osnivanja-grkokatolickih-zupa-sibinj-gornji-andrijevci-i-slavonski-brod-1908-2008\/\" \/>\n<meta property=\"og:locale\" content=\"en_US\" \/>\n<meta property=\"og:type\" content=\"article\" \/>\n<meta property=\"og:title\" content=\"Jubilej 100. godi\u0161njice osnivanja grkokatoli\u010dkih \u017eupa Sibinj, Gornji Andrijevci i Slavonski Brod: 1908.-2008. - Hrvatski institut za povijest\" \/>\n<meta property=\"og:description\" content=\"S namjerom \u0161to kvalitetnijeg predstavljanja povijesti multietni\u010dkog prostora Brodskog Posavlja, kao i ostalih podru\u010dja Slavonije, Srijema i Baranje, brodska Podru\u017enica Hrvatskog instituta za povijest pokrenula niz Etni\u010dke teme. Prva knjiga unutar ovog niza, koja svjedo\u010di o stoljetnoj kulturi su\u017eivota na na\u0161im prostorima, jest Jubilej 100. godi\u0161njice osnivanja grkokatoli\u010dkih \u017eupa Sibinj, Gornji Andrijevci, Slavonski Brod 1908. [&hellip;]\" \/>\n<meta property=\"og:url\" content=\"http:\/\/hipsb.hr\/en\/proizvod\/jubilej-100-godisnjice-osnivanja-grkokatolickih-zupa-sibinj-gornji-andrijevci-i-slavonski-brod-1908-2008\/\" \/>\n<meta property=\"og:site_name\" content=\"Hrvatski institut za povijest\" \/>\n<meta property=\"article:modified_time\" content=\"2026-01-01T14:43:03+00:00\" \/>\n<meta property=\"og:image\" content=\"http:\/\/hipsb.hr\/wp-content\/uploads\/2013\/01\/56_grkokatolici.jpg\" \/>\n\t<meta property=\"og:image:width\" content=\"498\" \/>\n\t<meta property=\"og:image:height\" content=\"694\" \/>\n<meta name=\"twitter:label1\" content=\"Est. reading time\">\n\t<meta name=\"twitter:data1\" content=\"2 minutes\">\n<script type=\"application\/ld+json\" class=\"yoast-schema-graph\">{\"@context\":\"https:\/\/schema.org\",\"@graph\":[{\"@type\":\"WebSite\",\"@id\":\"http:\/\/hipsb.hr\/en\/#website\",\"url\":\"http:\/\/hipsb.hr\/en\/\",\"name\":\"Hrvatski institut za povijest\",\"description\":\"Podru\\u017enica za povijest Slavonije, Srijema i Baranje\",\"potentialAction\":[{\"@type\":\"SearchAction\",\"target\":\"http:\/\/hipsb.hr\/en\/?s={search_term_string}\",\"query-input\":\"required name=search_term_string\"}],\"inLanguage\":\"en-US\"},{\"@type\":\"ImageObject\",\"@id\":\"http:\/\/hipsb.hr\/en\/proizvod\/jubilej-100-godisnjice-osnivanja-grkokatolickih-zupa-sibinj-gornji-andrijevci-i-slavonski-brod-1908-2008\/#primaryimage\",\"inLanguage\":\"en-US\",\"url\":\"http:\/\/hipsb.hr\/wp-content\/uploads\/2013\/01\/56_grkokatolici.jpg\",\"contentUrl\":\"http:\/\/hipsb.hr\/wp-content\/uploads\/2013\/01\/56_grkokatolici.jpg\",\"width\":498,\"height\":694},{\"@type\":\"WebPage\",\"@id\":\"http:\/\/hipsb.hr\/en\/proizvod\/jubilej-100-godisnjice-osnivanja-grkokatolickih-zupa-sibinj-gornji-andrijevci-i-slavonski-brod-1908-2008\/#webpage\",\"url\":\"http:\/\/hipsb.hr\/en\/proizvod\/jubilej-100-godisnjice-osnivanja-grkokatolickih-zupa-sibinj-gornji-andrijevci-i-slavonski-brod-1908-2008\/\",\"name\":\"Jubilej 100. godi\\u0161njice osnivanja grkokatoli\\u010dkih \\u017eupa Sibinj, Gornji Andrijevci i Slavonski Brod: 1908.-2008. - Hrvatski institut za povijest\",\"isPartOf\":{\"@id\":\"http:\/\/hipsb.hr\/en\/#website\"},\"primaryImageOfPage\":{\"@id\":\"http:\/\/hipsb.hr\/en\/proizvod\/jubilej-100-godisnjice-osnivanja-grkokatolickih-zupa-sibinj-gornji-andrijevci-i-slavonski-brod-1908-2008\/#primaryimage\"},\"datePublished\":\"2013-01-01T18:25:18+00:00\",\"dateModified\":\"2026-01-01T14:43:03+00:00\",\"breadcrumb\":{\"@id\":\"http:\/\/hipsb.hr\/en\/proizvod\/jubilej-100-godisnjice-osnivanja-grkokatolickih-zupa-sibinj-gornji-andrijevci-i-slavonski-brod-1908-2008\/#breadcrumb\"},\"inLanguage\":\"en-US\",\"potentialAction\":[{\"@type\":\"ReadAction\",\"target\":[\"http:\/\/hipsb.hr\/en\/proizvod\/jubilej-100-godisnjice-osnivanja-grkokatolickih-zupa-sibinj-gornji-andrijevci-i-slavonski-brod-1908-2008\/\"]}]},{\"@type\":\"BreadcrumbList\",\"@id\":\"http:\/\/hipsb.hr\/en\/proizvod\/jubilej-100-godisnjice-osnivanja-grkokatolickih-zupa-sibinj-gornji-andrijevci-i-slavonski-brod-1908-2008\/#breadcrumb\",\"itemListElement\":[{\"@type\":\"ListItem\",\"position\":1,\"item\":{\"@type\":\"WebPage\",\"@id\":\"http:\/\/hipsb.hr\/en\/\",\"url\":\"http:\/\/hipsb.hr\/en\/\",\"name\":\"Home\"}},{\"@type\":\"ListItem\",\"position\":2,\"item\":{\"@type\":\"WebPage\",\"@id\":\"http:\/\/hipsb.hr\/shop\/\",\"url\":\"http:\/\/hipsb.hr\/shop\/\",\"name\":\"Proizvodi\"}},{\"@type\":\"ListItem\",\"position\":3,\"item\":{\"@type\":\"WebPage\",\"@id\":\"http:\/\/hipsb.hr\/en\/proizvod\/jubilej-100-godisnjice-osnivanja-grkokatolickih-zupa-sibinj-gornji-andrijevci-i-slavonski-brod-1908-2008\/\",\"url\":\"http:\/\/hipsb.hr\/en\/proizvod\/jubilej-100-godisnjice-osnivanja-grkokatolickih-zupa-sibinj-gornji-andrijevci-i-slavonski-brod-1908-2008\/\",\"name\":\"Jubilej 100. godi\\u0161njice osnivanja grkokatoli\\u010dkih \\u017eupa Sibinj, Gornji Andrijevci i Slavonski Brod: 1908.-2008.\"}}]}]}<\/script>\n<!-- \/ Yoast SEO plugin. -->","_links":{"self":[{"href":"http:\/\/hipsb.hr\/en\/wp-json\/wp\/v2\/product\/896"}],"collection":[{"href":"http:\/\/hipsb.hr\/en\/wp-json\/wp\/v2\/product"}],"about":[{"href":"http:\/\/hipsb.hr\/en\/wp-json\/wp\/v2\/types\/product"}],"replies":[{"embeddable":true,"href":"http:\/\/hipsb.hr\/en\/wp-json\/wp\/v2\/comments?post=896"}],"wp:featuredmedia":[{"embeddable":true,"href":"http:\/\/hipsb.hr\/en\/wp-json\/wp\/v2\/media\/897"}],"wp:attachment":[{"href":"http:\/\/hipsb.hr\/en\/wp-json\/wp\/v2\/media?parent=896"}],"curies":[{"name":"wp","href":"https:\/\/api.w.org\/{rel}","templated":true}]}}