{"id":912,"date":"2013-01-01T20:10:30","date_gmt":"2013-01-01T19:10:30","guid":{"rendered":"http:\/\/hipsb.hr\/?post_type=product&#038;p=912"},"modified":"2025-11-04T07:40:59","modified_gmt":"2025-11-04T06:40:59","slug":"znanost-i-svjetonazor-etnologija-i-prosvjetna-politika-banovine-hrvatske-1939-1941","status":"publish","type":"product","link":"http:\/\/hipsb.hr\/en\/proizvod\/znanost-i-svjetonazor-etnologija-i-prosvjetna-politika-banovine-hrvatske-1939-1941\/","title":{"rendered":"Znanost i svjetonazor: etnologija i prosvjetna politika Banovine Hrvatske 1939.-1941."},"content":{"rendered":"<p>U me\u0111uratnoj se Hrvatskoj uz bok politi\u010dkom pokretu ravnopravno vodila borba za vlastitu kulturu i identitet. Naime, u kontekstu op\u0107e, \u00abnacionalizacije dru\u0161tva\u00bb u Europi nakon Prvoga svjetskog rata, jezik nacionalne ideologije postao je me\u0111unarodnim simbolom<br \/>\nprepoznavanja, a \u00abkulturna individualnost\u00bb politi\u010dkim oru\u017ejem. Za male nacije bez vlastite dr\u017eave (poput Hrvatske) kultura je naj\u010de\u0161\u0107e bila i jedini na\u010din iskazivanja vlastitog identiteta. U ovom se istra\u017eivanju poku\u0161alo pokazati na koji se na\u010din kulturni nacionalizam\u00a0o\u010ditovao u Hrvatskoj i kako je utjecao na oblikovanje njenog nacionalnog i socijalnog identiteta.<\/p>\n<p>Na primjeru prosvjetne reforme provedene u vrijeme Banovine Hrvatske (1939.-1941.) prikazan je slo\u017een suodnos ideologije i znanosti. Tada je Hrvatska selja\u010dka stranka, nositeljica dominantne ideologije hrvatskog me\u0111ura\u0107a, prvi put dobila priliku, svoje ideje provesti ne samo izvaninstitucionalno, nego i s pozicija dr\u017eavne uprave. U sredi\u0161tu reforme na\u0161la se etnologija, koja je nadma\u0161ila dotada\u0161nju \u00abkraljicu\u00bb humanisti\u010dkih znanosti, povijest, i postala glavnim prenositeljem nove ideologije u \u010dijem je sredi\u0161tu bilo selo kao izvor kulturnog i nacionalnog identiteta. Etnologizacijom \u0161kolstva ona je svojim znanstvenim autoritetom zajam\u010dila ispravnost novih ideja, prvenstveno nacionalnog samopo\u0161tovanja, te jednako va\u017eno me\u0111ustale\u0161ke socijalne solidarnosti i osjetljivosti, ostvaruju\u0107i tako svoju \u00abnacionalnu misiju\u00bb. Istra\u017eivanje je pokazalo kako se usporedno s ideolo\u0161kom \u00abupotrebom znanosti\u00bb, pri \u010demu je etnologija postajala glasnogovornicom i okvirom novog svjetonazora, odvijao i proces njenog izravnog utjecaja na hrvatsku selja\u010dku ideologiju, \u0161to je etnologiji zajam\u010dilo znanstveni dignitet, a ideologiji otvorenost nu\u017enu za usvajanje slo\u017eenog modernog identiteta.<\/p>\n","protected":false},"excerpt":{"rendered":"<p>U me\u0111uratnoj se Hrvatskoj uz bok politi\u010dkom pokretu ravnopravno vodila borba za vlastitu kulturu i identitet. Naime, u kontekstu op\u0107e, \u00abnacionalizacije dru\u0161tva\u00bb u Europi nakon Prvoga svjetskog rata, jezik nacionalne ideologije postao je me\u0111unarodnim simbolom prepoznavanja, a \u00abkulturna individualnost\u00bb politi\u010dkim oru\u017ejem. Za male nacije bez vlastite dr\u017eave (poput Hrvatske) kultura je naj\u010de\u0161\u0107e bila i jedini [&hellip;]<\/p>\n","protected":false},"featured_media":913,"comment_status":"open","ping_status":"closed","template":"","meta":[],"yoast_head":"<!-- This site is optimized with the Yoast SEO plugin v16.1.1 - https:\/\/yoast.com\/wordpress\/plugins\/seo\/ -->\n<title>Znanost i svjetonazor: etnologija i prosvjetna politika Banovine Hrvatske 1939.-1941. - Hrvatski institut za povijest<\/title>\n<link rel=\"canonical\" href=\"http:\/\/hipsb.hr\/en\/proizvod\/znanost-i-svjetonazor-etnologija-i-prosvjetna-politika-banovine-hrvatske-1939-1941\/\" \/>\n<meta property=\"og:locale\" content=\"en_US\" \/>\n<meta property=\"og:type\" content=\"article\" \/>\n<meta property=\"og:title\" content=\"Znanost i svjetonazor: etnologija i prosvjetna politika Banovine Hrvatske 1939.-1941. - Hrvatski institut za povijest\" \/>\n<meta property=\"og:description\" content=\"U me\u0111uratnoj se Hrvatskoj uz bok politi\u010dkom pokretu ravnopravno vodila borba za vlastitu kulturu i identitet. Naime, u kontekstu op\u0107e, \u00abnacionalizacije dru\u0161tva\u00bb u Europi nakon Prvoga svjetskog rata, jezik nacionalne ideologije postao je me\u0111unarodnim simbolom prepoznavanja, a \u00abkulturna individualnost\u00bb politi\u010dkim oru\u017ejem. Za male nacije bez vlastite dr\u017eave (poput Hrvatske) kultura je naj\u010de\u0161\u0107e bila i jedini [&hellip;]\" \/>\n<meta property=\"og:url\" content=\"http:\/\/hipsb.hr\/en\/proizvod\/znanost-i-svjetonazor-etnologija-i-prosvjetna-politika-banovine-hrvatske-1939-1941\/\" \/>\n<meta property=\"og:site_name\" content=\"Hrvatski institut za povijest\" \/>\n<meta property=\"article:modified_time\" content=\"2025-11-04T06:40:59+00:00\" \/>\n<meta property=\"og:image\" content=\"http:\/\/hipsb.hr\/wp-content\/uploads\/2013\/01\/64_znanostisvjetonazor.jpg\" \/>\n\t<meta property=\"og:image:width\" content=\"456\" \/>\n\t<meta property=\"og:image:height\" content=\"644\" \/>\n<meta name=\"twitter:label1\" content=\"Est. reading time\">\n\t<meta name=\"twitter:data1\" content=\"2 minutes\">\n<script type=\"application\/ld+json\" class=\"yoast-schema-graph\">{\"@context\":\"https:\/\/schema.org\",\"@graph\":[{\"@type\":\"WebSite\",\"@id\":\"https:\/\/hipsb.hr\/#website\",\"url\":\"https:\/\/hipsb.hr\/\",\"name\":\"Hrvatski institut za povijest\",\"description\":\"Podru\\u017enica za povijest Slavonije, Srijema i Baranje\",\"potentialAction\":[{\"@type\":\"SearchAction\",\"target\":\"https:\/\/hipsb.hr\/?s={search_term_string}\",\"query-input\":\"required name=search_term_string\"}],\"inLanguage\":\"en-US\"},{\"@type\":\"ImageObject\",\"@id\":\"http:\/\/hipsb.hr\/en\/proizvod\/znanost-i-svjetonazor-etnologija-i-prosvjetna-politika-banovine-hrvatske-1939-1941\/#primaryimage\",\"inLanguage\":\"en-US\",\"url\":\"http:\/\/hipsb.hr\/wp-content\/uploads\/2013\/01\/64_znanostisvjetonazor.jpg\",\"contentUrl\":\"http:\/\/hipsb.hr\/wp-content\/uploads\/2013\/01\/64_znanostisvjetonazor.jpg\",\"width\":456,\"height\":644},{\"@type\":\"WebPage\",\"@id\":\"http:\/\/hipsb.hr\/en\/proizvod\/znanost-i-svjetonazor-etnologija-i-prosvjetna-politika-banovine-hrvatske-1939-1941\/#webpage\",\"url\":\"http:\/\/hipsb.hr\/en\/proizvod\/znanost-i-svjetonazor-etnologija-i-prosvjetna-politika-banovine-hrvatske-1939-1941\/\",\"name\":\"Znanost i svjetonazor: etnologija i prosvjetna politika Banovine Hrvatske 1939.-1941. - Hrvatski institut za povijest\",\"isPartOf\":{\"@id\":\"https:\/\/hipsb.hr\/#website\"},\"primaryImageOfPage\":{\"@id\":\"http:\/\/hipsb.hr\/en\/proizvod\/znanost-i-svjetonazor-etnologija-i-prosvjetna-politika-banovine-hrvatske-1939-1941\/#primaryimage\"},\"datePublished\":\"2013-01-01T19:10:30+00:00\",\"dateModified\":\"2025-11-04T06:40:59+00:00\",\"breadcrumb\":{\"@id\":\"http:\/\/hipsb.hr\/en\/proizvod\/znanost-i-svjetonazor-etnologija-i-prosvjetna-politika-banovine-hrvatske-1939-1941\/#breadcrumb\"},\"inLanguage\":\"en-US\",\"potentialAction\":[{\"@type\":\"ReadAction\",\"target\":[\"http:\/\/hipsb.hr\/en\/proizvod\/znanost-i-svjetonazor-etnologija-i-prosvjetna-politika-banovine-hrvatske-1939-1941\/\"]}]},{\"@type\":\"BreadcrumbList\",\"@id\":\"http:\/\/hipsb.hr\/en\/proizvod\/znanost-i-svjetonazor-etnologija-i-prosvjetna-politika-banovine-hrvatske-1939-1941\/#breadcrumb\",\"itemListElement\":[{\"@type\":\"ListItem\",\"position\":1,\"item\":{\"@type\":\"WebPage\",\"@id\":\"https:\/\/hipsb.hr\/en\/\",\"url\":\"https:\/\/hipsb.hr\/en\/\",\"name\":\"Home\"}},{\"@type\":\"ListItem\",\"position\":2,\"item\":{\"@type\":\"WebPage\",\"@id\":\"http:\/\/hipsb.hr\/shop\/\",\"url\":\"http:\/\/hipsb.hr\/shop\/\",\"name\":\"Proizvodi\"}},{\"@type\":\"ListItem\",\"position\":3,\"item\":{\"@type\":\"WebPage\",\"@id\":\"http:\/\/hipsb.hr\/en\/proizvod\/znanost-i-svjetonazor-etnologija-i-prosvjetna-politika-banovine-hrvatske-1939-1941\/\",\"url\":\"http:\/\/hipsb.hr\/en\/proizvod\/znanost-i-svjetonazor-etnologija-i-prosvjetna-politika-banovine-hrvatske-1939-1941\/\",\"name\":\"Znanost i svjetonazor: etnologija i prosvjetna politika Banovine Hrvatske 1939.-1941.\"}}]}]}<\/script>\n<!-- \/ Yoast SEO plugin. -->","_links":{"self":[{"href":"http:\/\/hipsb.hr\/en\/wp-json\/wp\/v2\/product\/912"}],"collection":[{"href":"http:\/\/hipsb.hr\/en\/wp-json\/wp\/v2\/product"}],"about":[{"href":"http:\/\/hipsb.hr\/en\/wp-json\/wp\/v2\/types\/product"}],"replies":[{"embeddable":true,"href":"http:\/\/hipsb.hr\/en\/wp-json\/wp\/v2\/comments?post=912"}],"wp:featuredmedia":[{"embeddable":true,"href":"http:\/\/hipsb.hr\/en\/wp-json\/wp\/v2\/media\/913"}],"wp:attachment":[{"href":"http:\/\/hipsb.hr\/en\/wp-json\/wp\/v2\/media?parent=912"}],"curies":[{"name":"wp","href":"https:\/\/api.w.org\/{rel}","templated":true}]}}