{"id":914,"date":"2013-01-01T20:14:17","date_gmt":"2013-01-01T19:14:17","guid":{"rendered":"http:\/\/hipsb.hr\/?post_type=product&#038;p=914"},"modified":"2025-01-11T11:02:50","modified_gmt":"2025-01-11T10:02:50","slug":"to-sam-radio-u-ratu-sine-zapadna-slavonija-1990-1995","status":"publish","type":"product","link":"http:\/\/hipsb.hr\/en\/proizvod\/to-sam-radio-u-ratu-sine-zapadna-slavonija-1990-1995\/","title":{"rendered":"To sam radio u ratu, sine (zapadna Slavonija 1990.-1995.)"},"content":{"rendered":"<p>Nemilosrdna ratna dokumentaristika i istan\u010dana empatija umjetnika fotografije \u2013 tako se mo\u017ee opisati fotomonografija \u00bbTo sam radio u ratu, sine\u00ab daruvarskog ratnog fotoreportera Tonija Hnoj\u010dika, koju je ovih dana objavio Hrvatski memorijalno-dokumentacijski centar Domovinskog rata.<br \/>\nHnoj\u010dik je fotoaparatom dokumentirao cijeli rat i pora\u0107e u zapadnoj Slavoniji: dekadenciju socijalizma potkraj osamdesetih, prve mitinge i osnivanje stranaka na prijelomu desetlje\u0107a, stra\u0161na razaranja 1991., povratak u razoreni Pakrac i Lipik, do osloba\u0111anja u \u00bbBljesku\u00ab 1995. Hnoj\u010dik, \u010ceh i svojedobni pra\u0161ki student, dostojan je nastavlja\u010d tradicije pra\u0161ke \u0161kole fotografije, koja i u najte\u017eim ljudskim situacijama traga za empatijom i solidarno\u0161\u0107u, pa \u010dak i humorom.<\/p>\n<p>&nbsp;<\/p>\n<p>Njegove fotografije odi\u0161u razumijevanjem ljudskih tragedija, ali i odlu\u010dno\u0161\u0107u da se dokumentiraju \u010dak i najte\u017ee ratne bestijalnosti. Sve je to vidljivo na stotinama fotografija objavljenih u Hnoj\u010dikovoj knjizi: tu su fotografije tijela raskomadanih granatama, ali i najsuptilniji izrazi lica optere\u0107enih patnjom; fotografije ratnih akcija, pucnjave i ranjavanja, ali i emotivni trenuci povratka u razru\u0161ene ku\u0107e, nabijeni tugom, nadom, odlu\u010dno\u0161\u0107u&#8230; Toni Hnoj\u010dik, kojega su novinari nazvali \u00bbdobrim duhom zapadne Slavonije\u00ab, uistinu je dojmljivo dokumentirao najte\u017ee razdoblje u zapadnoj Slavoniji tijekom druge polovine dvadesetog stolje\u0107a.<\/p>\n<p>&nbsp;<\/p>\n<p style=\"text-align: right;\">Boris Paveli\u0107 ,\u00a0HINA<\/p>\n<p style=\"text-align: center;\"><a href=\"http:\/\/hipsb.hr\/wp-content\/uploads\/2013\/01\/ratnipakrac.jpg\"><img loading=\"lazy\" class=\"aligncenter size-full wp-image-1044\" src=\"http:\/\/hipsb.hr\/wp-content\/uploads\/2013\/01\/ratnipakrac.jpg\" alt=\"ratnipakrac\" width=\"518\" height=\"344\" srcset=\"http:\/\/hipsb.hr\/wp-content\/uploads\/2013\/01\/ratnipakrac.jpg 518w, http:\/\/hipsb.hr\/wp-content\/uploads\/2013\/01\/ratnipakrac-180x119.jpg 180w, http:\/\/hipsb.hr\/wp-content\/uploads\/2013\/01\/ratnipakrac-90x59.jpg 90w, http:\/\/hipsb.hr\/wp-content\/uploads\/2013\/01\/ratnipakrac-300x199.jpg 300w\" sizes=\"(max-width: 518px) 100vw, 518px\" \/><\/a><\/p>\n","protected":false},"excerpt":{"rendered":"<p>Nemilosrdna ratna dokumentaristika i istan\u010dana empatija umjetnika fotografije \u2013 tako se mo\u017ee opisati fotomonografija \u00bbTo sam radio u ratu, sine\u00ab daruvarskog ratnog fotoreportera Tonija Hnoj\u010dika, koju je ovih dana objavio Hrvatski memorijalno-dokumentacijski centar Domovinskog rata. Hnoj\u010dik je fotoaparatom dokumentirao cijeli rat i pora\u0107e u zapadnoj Slavoniji: dekadenciju socijalizma potkraj osamdesetih, prve mitinge i osnivanje stranaka [&hellip;]<\/p>\n","protected":false},"featured_media":915,"comment_status":"open","ping_status":"closed","template":"","meta":[],"yoast_head":"<!-- This site is optimized with the Yoast SEO plugin v16.1.1 - https:\/\/yoast.com\/wordpress\/plugins\/seo\/ -->\n<title>To sam radio u ratu, sine (zapadna Slavonija 1990.-1995.) - Hrvatski institut za povijest<\/title>\n<link rel=\"canonical\" href=\"http:\/\/hipsb.hr\/en\/proizvod\/to-sam-radio-u-ratu-sine-zapadna-slavonija-1990-1995\/\" \/>\n<meta property=\"og:locale\" content=\"en_US\" \/>\n<meta property=\"og:type\" content=\"article\" \/>\n<meta property=\"og:title\" content=\"To sam radio u ratu, sine (zapadna Slavonija 1990.-1995.) - Hrvatski institut za povijest\" \/>\n<meta property=\"og:description\" content=\"Nemilosrdna ratna dokumentaristika i istan\u010dana empatija umjetnika fotografije \u2013 tako se mo\u017ee opisati fotomonografija \u00bbTo sam radio u ratu, sine\u00ab daruvarskog ratnog fotoreportera Tonija Hnoj\u010dika, koju je ovih dana objavio Hrvatski memorijalno-dokumentacijski centar Domovinskog rata. Hnoj\u010dik je fotoaparatom dokumentirao cijeli rat i pora\u0107e u zapadnoj Slavoniji: dekadenciju socijalizma potkraj osamdesetih, prve mitinge i osnivanje stranaka [&hellip;]\" \/>\n<meta property=\"og:url\" content=\"http:\/\/hipsb.hr\/en\/proizvod\/to-sam-radio-u-ratu-sine-zapadna-slavonija-1990-1995\/\" \/>\n<meta property=\"og:site_name\" content=\"Hrvatski institut za povijest\" \/>\n<meta property=\"article:modified_time\" content=\"2025-01-11T10:02:50+00:00\" \/>\n<meta property=\"og:image\" content=\"http:\/\/hipsb.hr\/wp-content\/uploads\/2013\/01\/65_tosamradiouratusine.jpg\" \/>\n\t<meta property=\"og:image:width\" content=\"607\" \/>\n\t<meta property=\"og:image:height\" content=\"842\" \/>\n<meta name=\"twitter:label1\" content=\"Est. reading time\">\n\t<meta name=\"twitter:data1\" content=\"1 minute\">\n<script type=\"application\/ld+json\" class=\"yoast-schema-graph\">{\"@context\":\"https:\/\/schema.org\",\"@graph\":[{\"@type\":\"WebSite\",\"@id\":\"http:\/\/hipsb.hr\/en\/#website\",\"url\":\"http:\/\/hipsb.hr\/en\/\",\"name\":\"Hrvatski institut za povijest\",\"description\":\"Podru\\u017enica za povijest Slavonije, Srijema i Baranje\",\"potentialAction\":[{\"@type\":\"SearchAction\",\"target\":\"http:\/\/hipsb.hr\/en\/?s={search_term_string}\",\"query-input\":\"required name=search_term_string\"}],\"inLanguage\":\"en-US\"},{\"@type\":\"ImageObject\",\"@id\":\"http:\/\/hipsb.hr\/en\/proizvod\/to-sam-radio-u-ratu-sine-zapadna-slavonija-1990-1995\/#primaryimage\",\"inLanguage\":\"en-US\",\"url\":\"http:\/\/hipsb.hr\/wp-content\/uploads\/2013\/01\/65_tosamradiouratusine.jpg\",\"contentUrl\":\"http:\/\/hipsb.hr\/wp-content\/uploads\/2013\/01\/65_tosamradiouratusine.jpg\",\"width\":607,\"height\":842},{\"@type\":\"WebPage\",\"@id\":\"http:\/\/hipsb.hr\/en\/proizvod\/to-sam-radio-u-ratu-sine-zapadna-slavonija-1990-1995\/#webpage\",\"url\":\"http:\/\/hipsb.hr\/en\/proizvod\/to-sam-radio-u-ratu-sine-zapadna-slavonija-1990-1995\/\",\"name\":\"To sam radio u ratu, sine (zapadna Slavonija 1990.-1995.) - Hrvatski institut za povijest\",\"isPartOf\":{\"@id\":\"http:\/\/hipsb.hr\/en\/#website\"},\"primaryImageOfPage\":{\"@id\":\"http:\/\/hipsb.hr\/en\/proizvod\/to-sam-radio-u-ratu-sine-zapadna-slavonija-1990-1995\/#primaryimage\"},\"datePublished\":\"2013-01-01T19:14:17+00:00\",\"dateModified\":\"2025-01-11T10:02:50+00:00\",\"breadcrumb\":{\"@id\":\"http:\/\/hipsb.hr\/en\/proizvod\/to-sam-radio-u-ratu-sine-zapadna-slavonija-1990-1995\/#breadcrumb\"},\"inLanguage\":\"en-US\",\"potentialAction\":[{\"@type\":\"ReadAction\",\"target\":[\"http:\/\/hipsb.hr\/en\/proizvod\/to-sam-radio-u-ratu-sine-zapadna-slavonija-1990-1995\/\"]}]},{\"@type\":\"BreadcrumbList\",\"@id\":\"http:\/\/hipsb.hr\/en\/proizvod\/to-sam-radio-u-ratu-sine-zapadna-slavonija-1990-1995\/#breadcrumb\",\"itemListElement\":[{\"@type\":\"ListItem\",\"position\":1,\"item\":{\"@type\":\"WebPage\",\"@id\":\"http:\/\/hipsb.hr\/en\/\",\"url\":\"http:\/\/hipsb.hr\/en\/\",\"name\":\"Home\"}},{\"@type\":\"ListItem\",\"position\":2,\"item\":{\"@type\":\"WebPage\",\"@id\":\"http:\/\/hipsb.hr\/shop\/\",\"url\":\"http:\/\/hipsb.hr\/shop\/\",\"name\":\"Proizvodi\"}},{\"@type\":\"ListItem\",\"position\":3,\"item\":{\"@type\":\"WebPage\",\"@id\":\"http:\/\/hipsb.hr\/en\/proizvod\/to-sam-radio-u-ratu-sine-zapadna-slavonija-1990-1995\/\",\"url\":\"http:\/\/hipsb.hr\/en\/proizvod\/to-sam-radio-u-ratu-sine-zapadna-slavonija-1990-1995\/\",\"name\":\"To sam radio u ratu, sine (zapadna Slavonija 1990.-1995.)\"}}]}]}<\/script>\n<!-- \/ Yoast SEO plugin. -->","_links":{"self":[{"href":"http:\/\/hipsb.hr\/en\/wp-json\/wp\/v2\/product\/914"}],"collection":[{"href":"http:\/\/hipsb.hr\/en\/wp-json\/wp\/v2\/product"}],"about":[{"href":"http:\/\/hipsb.hr\/en\/wp-json\/wp\/v2\/types\/product"}],"replies":[{"embeddable":true,"href":"http:\/\/hipsb.hr\/en\/wp-json\/wp\/v2\/comments?post=914"}],"wp:featuredmedia":[{"embeddable":true,"href":"http:\/\/hipsb.hr\/en\/wp-json\/wp\/v2\/media\/915"}],"wp:attachment":[{"href":"http:\/\/hipsb.hr\/en\/wp-json\/wp\/v2\/media?parent=914"}],"curies":[{"name":"wp","href":"https:\/\/api.w.org\/{rel}","templated":true}]}}