{"id":12050,"date":"2022-05-23T09:33:16","date_gmt":"2022-05-23T07:33:16","guid":{"rendered":"http:\/\/hipsb.hr\/en\/?page_id=12050"},"modified":"2023-10-16T09:03:36","modified_gmt":"2023-10-16T07:03:36","slug":"regional-translocality-in-historical-perspective-the-case-of-slavonia-and-bosnia","status":"publish","type":"page","link":"https:\/\/hipsb.hr\/en\/ustroj\/projekti\/regional-translocality-in-historical-perspective-the-case-of-slavonia-and-bosnia\/","title":{"rendered":"Regional Translocality in Historical Perspective: The Case of Slavonia and Bosnia"},"content":{"rendered":"\n<p><\/p>\n\n\n\n<p><\/p>\n\n\n\n<p><\/p>\n\n\n\n<p><strong><span class=\"has-inline-color has-black-color\">Principal Investigators:&nbsp;<\/span><\/strong><span class=\"has-inline-color has-black-color\">Prof. Dr. Markus Koller (Ruhr Universit\u00e4t Bochum), Prof. Dr. Stefan Rohdewald (Universit\u00e4t Leipzig), Dr. sc. Dino Mujad\u017eevi\u0107, senior researcher (Croatian Institute of History, Humboldtian)<\/span><\/p>\n\n\n\n<p><\/p>\n\n\n\n<p><\/p>\n\n\n\n<p class=\"has-text-align-left\"><strong><span class=\"has-inline-color has-black-color\">Croatian Research Team:<\/span><\/strong><span class=\"has-inline-color has-cyan-bluish-gray-color\"> <\/span><span class=\"has-inline-color has-black-color\">dr. sc. Stanko Andri\u0107, dr. sc. Dinko \u017dupan, dr. sc. Rudolph Bari\u0161i\u0107, dr. sc. An\u0111elko Vla\u0161i\u0107<\/span><\/p>\n\n\n\n<p><\/p>\n\n\n\n<p><strong><span class=\"has-inline-color has-black-color\">German Research Team:<\/span><\/strong><span class=\"has-inline-color has-black-color\"><strong> <\/strong>dr<strong>. <\/strong>Florian Riedler, dr. Elisa Satjukow, dr. Carl Bethke<\/span>, Mario \u0160ain, <span class=\"has-inline-color has-black-color\">Barbaros K\u00f6ksal<strong>\u00a0 <\/strong><\/span><\/p>\n\n\n\n<p><\/p>\n\n\n\n<p><\/p>\n\n\n\n<p><\/p>\n\n\n\n<p><strong><u><span class=\"has-inline-color has-black-color\">Overview of the project<\/span><\/u><\/strong><\/p>\n\n\n\n<p><\/p>\n\n\n\n<p><span class=\"has-inline-color has-black-color\">This project aims to establish a partnership between Department for the History of Slavonia, Syrmia and Baranya of the Croatian Institute of History in Slavonski Brod (Hrvatski institut za povijest \u2013 Podru\u017enica za povijest Slavonije Srijema i Baranje), and the Zentrum f\u00fcr Mittelmeerstudien at the Ruhr Universit\u00e4t Bochum, as well as the Lehrstuhl f\u00fcr Ost- und S\u00fcdosteurop\u00e4ische Geschichte in Leipzig at the Universit\u00e4t Leipzig. The partnership will be funded by the Alexander von Humboldt Foundation. It is organized around interdisciplinary research on historical interactions between Slavonia (comprising the eastern parts of the Republic of Croatia) and Bosnia (consisting of the northern and central parts of Bosnia and Herzegovina) \u2013 two neighbouring and historically heavily interconnected regions that are today delimited by the state and regional border along the river Sava \u2013 and their consequences. Also, this project will<a> <\/a>look into comparative cases in other parts of Southeast Europe and adjacent regions (such as the Pannonian Basin) and theoretical approaches to translocality in general.<\/span><\/p>\n\n\n\n<p><span class=\"has-inline-color has-black-color\">The particular contribution of the project lies in the fact that in its treatment of trans-boundary interaction, exchange and communication between places, it goes beyond the concept of (trans)nationality and instead employs a much more analytically precise concept of translocality. The concept of tranlocality is often discussed in the framework of the global history approach. The use of the concept of translocality enables a more fine-grained approach that is fully capable of addressing historical ties on a \u201clower\u201d, previously often ignored scale established between local rather than national contexts, in this case between the two regions of Slavonia and Bosnia and the microregions within them. According to Freitag &amp; von Oppen (2010), there are two dimensions to the concept of translocality. In the descriptive sense, it refers to phenomena that result from a multitude of circulations and transfers. It designates outcomes of movements of people, goods, knowledge across distances and boundaries. In the research sense, it stresses the fact that interaction, exchange and communication between places, actors and concepts have far more diverse, often contradictory, outcomes than previous research on transfers assumed. Within this conceptual framework, not only the circulation of people and goods, but also the simultaneous transfer and convergences of culture and knowledge between local contexts is easily addressed. Increasingly, the researchers are interested also in the challenges to translocality, i.e., various obstacles to and the disintegration to mobility and transfers.<\/span><\/p>\n\n\n\n<p><span class=\"has-inline-color has-black-color\">The project\u2019s focus primarily lies on the historical timespan between the 15<sup>th<\/sup> and 20<sup>th<\/sup> century, during which Slavonia as well as Southeast Europe and neighbouring European regions in the Pannonian Basin, in one way or another, dealt with the direct and indirect Ottoman influence. Thus, this project will especially stress the decisive factor of the Ottoman legacy in the context of the development and (dis)-continuities of the regional interconnectedness. Let us consider the translocal interactions between Slavonia and Bosnia, the objective of our case study. During this long period \u2013 including several epochs stretching from the Late Middle Ages to the 19<sup>th<\/sup> century \u2013 both regions were to different degrees directly influenced by the presence of the Ottoman Empire and its rivalry with the Hungarian Kingdom as well as the Habsburg Monarchy\/Austro-Hungary. Even later, the legacy of the Ottoman Empire, primarily the location of regional border and socio-cultural differences between Slavonia and Bosnia, continued to shape their interactions. The Ottoman and post-Ottoman influence on Bosnian-Slavonian ties can be divided into the following periods: a) the era of Ottoman incursions and conquests in the 15<sup>th<\/sup> and first half of the 16<sup>th<\/sup> century; b) the era of Ottoman rule over both regions from the mid-16<sup>th<\/sup> century to the end of the 17<sup>th<\/sup> century. The Ottomans united more firmly the two regions of our interest within their realm during most of the 16<sup>th<\/sup> and 17<sup>th<\/sup> centuries, even administratively integrating it within Bosnian <em>eyalet<\/em> for most of the time. This situation broadened the scope of interactions, exchange and communication across the river Sava; c) the era of the Habsburg (Slavonian side)-Ottoman (Bosnian side) border in the valley of the river Sava from 1699 to 1878. After the Habsburg <span style=\"font-style: italic;\">reconquista<\/span> of what is now Slavonia and incursions in the Balkans in the late 17<sup>th<\/sup> century as well as during the period of Habsburg control of large parts of northern Bosnia in the first half of the 18<sup>th<\/sup> century the relations between the two regions continued often in the shape of migrations. During the period between the stabilization of the Habsburg-Ottoman border on the Sava in 1739 and the Austro-Hungarian occupation of Bosnia and Herzegovina in 1878, the interactions between the two regions lessened but continued nevertheless; d) the post-Ottoman era after both regions were reunited under Austro-Hungarian administration, from 1878 onwards (with Ottoman nominal rule in Bosnia until 1908). Between 1918 and 1991 both Bosnia and Slavonia were united within two South Slavic states as well as within the WWII Independent State of Croatia.<\/span><\/p>\n\n\n\n<p><span class=\"has-inline-color has-black-color\">During our meetings and conferences as well as in the materials we plan to publish, we will present, evaluate and discuss the research findings about Slavonian-Bosnian translocality across these periods in a comparative fashion including the comparison with similar cases of historical and contemporary regional interconnectedness in Southeast Europe and neighbouring regions in the Pannonian Basin.<\/span><\/p>\n\n\n\n<p><\/p>\n\n\n\n<p><span class=\"has-inline-color has-black-color\">Having that in mind, the main questions pertinent to the investigation in this project are: 1<a>) <\/a>what were socio-cultural implications that came into being through translocal phenomena (such as migration, mobility, trade, communication, transfer of knowledge and culture) between regions under investigation; 2) who were the actors engaged in these activities between regions; 3) how did the frontier or its absence play a concrete role in controlling and channelling translocal phenomena; 4) what was the influence of regional and supra-regional (e.g,, imperial) elites on facilitating translocal activities; 5) how did translocal phenomena occurring between the regions under analysis fit into larger socio-economic trends in Southeast Europe and the Pannonian Basin? &nbsp;<\/span><\/p>\n\n\n\n<p><\/p>\n\n\n\n<p><\/p>\n\n\n\n<p><strong><u><span class=\"has-inline-color has-black-color\">Funding<\/span><\/u><\/strong><\/p>\n\n\n\n<p><\/p>\n\n\n\n<p class=\"has-text-align-left\"><span class=\"has-inline-color has-black-color\">This project is funded by the Research Group Linkage Programme of the Alexander von Humboldt Foundation.<\/span><\/p>\n\n\n\n<p><span class=\"has-inline-color has-black-color\">Information on the Alexander von Humboldt Foundatin: <\/span><a href=\"https:\/\/www.humboldt-foundation.de\/en\/\"><span class=\"has-inline-color has-vivid-cyan-blue-color\">https:\/\/www.humboldt-foundation.de\/en\/<\/span><\/a><\/p>\n\n\n\n<p class=\"has-text-align-left\"><span class=\"has-inline-color has-black-color\">Information on the funding scheme: <\/span><a href=\"https:\/\/www.humboldt-foundation.de\/en\/apply\/alumni-programmes\/alumni-abroad\/research-group-linkage-programme\"><span class=\"has-inline-color has-vivid-cyan-blue-color\">https:\/\/www.humboldt-foundation.de\/en\/apply\/alumni-programmes\/alumni-abroad\/research-group-linkage-programme<\/span><\/a><\/p>\n\n\n\n<p><\/p>\n\n\n\n<p><span class=\"has-inline-color has-black-color\"> <\/span><strong><span class=\"has-inline-color has-black-color\"><u>Duration<\/u>:<\/span><span class=\"has-inline-color has-cyan-bluish-gray-color\"> <\/span><\/strong><span class=\"has-inline-color has-black-color\">July 1 2022 &#8211; June 30 2025<\/span><\/p>\n","protected":false},"excerpt":{"rendered":"<p>Principal Investigators:&nbsp;Prof. Dr. Markus Koller (Ruhr Universit\u00e4t Bochum), Prof. Dr. Stefan Rohdewald (Universit\u00e4t Leipzig), Dr. sc. Dino Mujad\u017eevi\u0107, senior researcher (Croatian Institute of History, Humboldtian) Croatian Research Team: dr. sc. Stanko Andri\u0107, dr. sc. Dinko \u017dupan, dr. sc. Rudolph Bari\u0161i\u0107, dr. sc. An\u0111elko Vla\u0161i\u0107 German Research Team: dr. Florian Riedler, dr. Elisa Satjukow, dr. Carl [&hellip;]<\/p>\n","protected":false},"author":80,"featured_media":0,"parent":19,"menu_order":0,"comment_status":"closed","ping_status":"closed","template":"","meta":[],"yoast_head":"<!-- This site is optimized with the Yoast SEO plugin v16.1.1 - https:\/\/yoast.com\/wordpress\/plugins\/seo\/ -->\n<title>Regional Translocality in Historical Perspective: The Case of Slavonia and Bosnia - Hrvatski institut za povijest<\/title>\n<link rel=\"canonical\" href=\"https:\/\/hipsb.hr\/en\/ustroj\/projekti\/regional-translocality-in-historical-perspective-the-case-of-slavonia-and-bosnia\/\" \/>\n<meta property=\"og:locale\" content=\"en_US\" \/>\n<meta property=\"og:type\" content=\"article\" \/>\n<meta property=\"og:title\" content=\"Regional Translocality in Historical Perspective: The Case of Slavonia and Bosnia - Hrvatski institut za povijest\" \/>\n<meta property=\"og:description\" content=\"Principal Investigators:&nbsp;Prof. Dr. Markus Koller (Ruhr Universit\u00e4t Bochum), Prof. Dr. Stefan Rohdewald (Universit\u00e4t Leipzig), Dr. sc. Dino Mujad\u017eevi\u0107, senior researcher (Croatian Institute of History, Humboldtian) Croatian Research Team: dr. sc. Stanko Andri\u0107, dr. sc. Dinko \u017dupan, dr. sc. Rudolph Bari\u0161i\u0107, dr. sc. An\u0111elko Vla\u0161i\u0107 German Research Team: dr. Florian Riedler, dr. Elisa Satjukow, dr. Carl [&hellip;]\" \/>\n<meta property=\"og:url\" content=\"https:\/\/hipsb.hr\/en\/ustroj\/projekti\/regional-translocality-in-historical-perspective-the-case-of-slavonia-and-bosnia\/\" \/>\n<meta property=\"og:site_name\" content=\"Hrvatski institut za povijest\" \/>\n<meta property=\"article:modified_time\" content=\"2023-10-16T07:03:36+00:00\" \/>\n<meta name=\"twitter:label1\" content=\"Est. reading time\">\n\t<meta name=\"twitter:data1\" content=\"5 minutes\">\n<script type=\"application\/ld+json\" class=\"yoast-schema-graph\">{\"@context\":\"https:\/\/schema.org\",\"@graph\":[{\"@type\":\"WebSite\",\"@id\":\"https:\/\/hipsb.hr\/#website\",\"url\":\"https:\/\/hipsb.hr\/\",\"name\":\"Hrvatski institut za povijest\",\"description\":\"Podru\\u017enica za povijest Slavonije, Srijema i Baranje\",\"potentialAction\":[{\"@type\":\"SearchAction\",\"target\":\"https:\/\/hipsb.hr\/?s={search_term_string}\",\"query-input\":\"required name=search_term_string\"}],\"inLanguage\":\"en-US\"},{\"@type\":\"WebPage\",\"@id\":\"https:\/\/hipsb.hr\/en\/ustroj\/projekti\/regional-translocality-in-historical-perspective-the-case-of-slavonia-and-bosnia\/#webpage\",\"url\":\"https:\/\/hipsb.hr\/en\/ustroj\/projekti\/regional-translocality-in-historical-perspective-the-case-of-slavonia-and-bosnia\/\",\"name\":\"Regional Translocality in Historical Perspective: The Case of Slavonia and Bosnia - Hrvatski institut za povijest\",\"isPartOf\":{\"@id\":\"https:\/\/hipsb.hr\/#website\"},\"datePublished\":\"2022-05-23T07:33:16+00:00\",\"dateModified\":\"2023-10-16T07:03:36+00:00\",\"breadcrumb\":{\"@id\":\"https:\/\/hipsb.hr\/en\/ustroj\/projekti\/regional-translocality-in-historical-perspective-the-case-of-slavonia-and-bosnia\/#breadcrumb\"},\"inLanguage\":\"en-US\",\"potentialAction\":[{\"@type\":\"ReadAction\",\"target\":[\"https:\/\/hipsb.hr\/en\/ustroj\/projekti\/regional-translocality-in-historical-perspective-the-case-of-slavonia-and-bosnia\/\"]}]},{\"@type\":\"BreadcrumbList\",\"@id\":\"https:\/\/hipsb.hr\/en\/ustroj\/projekti\/regional-translocality-in-historical-perspective-the-case-of-slavonia-and-bosnia\/#breadcrumb\",\"itemListElement\":[{\"@type\":\"ListItem\",\"position\":1,\"item\":{\"@type\":\"WebPage\",\"@id\":\"https:\/\/hipsb.hr\/en\/\",\"url\":\"https:\/\/hipsb.hr\/en\/\",\"name\":\"Home\"}},{\"@type\":\"ListItem\",\"position\":2,\"item\":{\"@type\":\"WebPage\",\"@id\":\"https:\/\/hipsb.hr\/en\/general-information\/\",\"url\":\"https:\/\/hipsb.hr\/en\/general-information\/\",\"name\":\"Ustroj\"}},{\"@type\":\"ListItem\",\"position\":3,\"item\":{\"@type\":\"WebPage\",\"@id\":\"https:\/\/hipsb.hr\/en\/general-information\/projects\/\",\"url\":\"https:\/\/hipsb.hr\/en\/general-information\/projects\/\",\"name\":\"Projekti\"}},{\"@type\":\"ListItem\",\"position\":4,\"item\":{\"@type\":\"WebPage\",\"@id\":\"https:\/\/hipsb.hr\/en\/ustroj\/projekti\/regional-translocality-in-historical-perspective-the-case-of-slavonia-and-bosnia\/\",\"url\":\"https:\/\/hipsb.hr\/en\/ustroj\/projekti\/regional-translocality-in-historical-perspective-the-case-of-slavonia-and-bosnia\/\",\"name\":\"Regional Translocality in Historical Perspective: The Case of Slavonia and Bosnia\"}}]}]}<\/script>\n<!-- \/ Yoast SEO plugin. -->","_links":{"self":[{"href":"https:\/\/hipsb.hr\/en\/wp-json\/wp\/v2\/pages\/12050"}],"collection":[{"href":"https:\/\/hipsb.hr\/en\/wp-json\/wp\/v2\/pages"}],"about":[{"href":"https:\/\/hipsb.hr\/en\/wp-json\/wp\/v2\/types\/page"}],"author":[{"embeddable":true,"href":"https:\/\/hipsb.hr\/en\/wp-json\/wp\/v2\/users\/80"}],"replies":[{"embeddable":true,"href":"https:\/\/hipsb.hr\/en\/wp-json\/wp\/v2\/comments?post=12050"}],"version-history":[{"count":47,"href":"https:\/\/hipsb.hr\/en\/wp-json\/wp\/v2\/pages\/12050\/revisions"}],"predecessor-version":[{"id":13647,"href":"https:\/\/hipsb.hr\/en\/wp-json\/wp\/v2\/pages\/12050\/revisions\/13647"}],"up":[{"embeddable":true,"href":"https:\/\/hipsb.hr\/en\/wp-json\/wp\/v2\/pages\/19"}],"wp:attachment":[{"href":"https:\/\/hipsb.hr\/en\/wp-json\/wp\/v2\/media?parent=12050"}],"curies":[{"name":"wp","href":"https:\/\/api.w.org\/{rel}","templated":true}]}}