{"id":11312,"date":"2022-01-19T10:50:58","date_gmt":"2022-01-19T09:50:58","guid":{"rendered":"http:\/\/hipsb.hr\/?post_type=product&#038;p=11312"},"modified":"2026-01-01T16:31:31","modified_gmt":"2026-01-01T15:31:31","slug":"dunav-u-hrvatskoj-povijesti-i-kulturi-zbornik-radova-znanstvenog-skupa","status":"publish","type":"product","link":"https:\/\/hipsb.hr\/en\/proizvod\/dunav-u-hrvatskoj-povijesti-i-kulturi-zbornik-radova-znanstvenog-skupa\/","title":{"rendered":"Dunav u hrvatskoj povijesti i kulturi. Zbornik radova znanstvenog skupa"},"content":{"rendered":"<p><span style=\"color: #000000;\">Dunav protje\u010de kroz vi\u0161e zemalja od ijedne svjetske rijeke i s porje\u010djem zaprema velik dio srednje Europe. Ta rijeka od davnina olak\u0161ava razmjenu materijalnih i duhovnih dostignu\u0107a izme\u0111u Alpa i Crnog mora. Istodobno kao prirodna prepreka razdvaja dr\u017eavno-upravne jedinice od starog vijeka naovamo. Premda manjim odsje\u010dkom dodiruje hrvatske krajeve, Dunav s Dravom i Savom tvori triptih glavnih teku\u0107ica na hrvatskom povijesnom prostoru. Duboko utkan u zajedni\u010dko pam\u0107enje, Dunav zaslu\u017euje prikladnu istra\u017eiva\u010dku pa\u017enju.<\/span><\/p>\n<p><span style=\"color: #000000;\">Razli\u010dite humanisti\u010dke discipline bavile su se dunavskim temama. Arheolozi su ostvarili plodne rezultate istra\u017euju\u0107i materijalne tragove podunavske prapovijesti i antike. Etnolozi su prou\u010davali duhovnu kulturu, napose tradicijske napjeve iz Podunavlja. Obje discipline u na\u0161im je krajevima zadu\u017eio istaknuti stvaralac <strong>Matija Petar Katan\u010di\u0107 (1750-1825<\/strong>). U studiji <strong>\u00bbDe Istro eiusque adcolis commentatio\u00ab<\/strong> (\u00bb<strong>Rasprava o Dunavu i stanovnicima uza nj<\/strong>\u00ab; Budim, 1798) skicirao je podrijetlo, naseobine, obi\u010daje i jezik starih \u017eitelja Podunavlja temeljem filolo\u0161kih, geografskih i arheolo\u0161kih podataka. Suvremeni hrvatski povjesni\u010dari uglavnom su usputno sagledavali Dunav kao me\u0111u i poveznicu, uz sporadi\u010dne priloge iz vizure gospodarske i kulturne povijesti.<\/span><\/p>\n<p><span style=\"color: #000000;\">Ekohistorija, unatrag nekoliko desetlje\u0107a vrlo dinami\u010dan ogranak povijesne znanosti, ponudila je vrijedne radove o vodama. Premda je u europskim razmjerima rijeka Rajna pobudila najve\u0107e zanimanje, te\u017ei\u0161te se postupno premje\u0161ta na multidisciplinarna istra\u017eivanja najdulje srednjoeuropske rijeke. Posebno je djelotvoran be\u010dki <strong>\u00bbCentar za povijest okoli\u0161a\u00ab<\/strong> (njem. <strong>\u00bbZentrum f\u00fcr Umweltgeschichte\u00ab<\/strong>) u \u010dijem okrilju radi <strong>\u00bbInicijativa za ekohistoriju Dunava\u00ab<\/strong> (engl. <strong>\u00bbDanube Environmental History Initiative\u00ab<\/strong>). Pored ostalih priloga znanstvenici uposleni na toj instituciji objavili su monografiju <strong>\u00bb\u00d6sterreichs Donau: Landschaft \u2013 Fisch \u2013 Geschichte\u00ab<\/strong> (Be\u010d, 2014) u kojoj su ispitali prirodnu, dru\u0161tvenu i kulturnu va\u017enost gornjeg Dunava. Dunav se sustavno istra\u017eivao i u na\u0161em neposrednom susjedstvu, \u0161to potvr\u0111uju zbornici <strong>\u00bbPlovidba na Dunavu i njegovim pritokama\u00ab<\/strong> (Beograd, 1983) i <strong>\u00bbDunavom od Bezdana do Beograda\u00ab<\/strong> (Beograd, 2012). Za ranija pak razdoblja va\u017eni su naslovi <strong>\u00bbRoma e le province del Danubio\u00ab<\/strong> (Catanzaro, 2010) i <strong>\u00bbArheologija na Dunavu\u00ab<\/strong> (Zagreb i Vukovar, 2013).<\/span><\/p>\n<p><span style=\"color: #000000;\">U okviru doma\u0107e historiografije prou\u010davanje povijesti okoli\u0161a dobiloje nov zamah po\u010detkom 21. stolje\u0107a. Znanstvenici okupljeni oko \u010dasopisa <strong>\u00bbPodravina\u00ab<\/strong> te <strong>\u00bbEkonomska i ekohistorija\u00ab<\/strong> unaprijedili su ovu disciplinu brojnim doprinosima. U ta se kretanja uklju\u010dio i Hrvatski institut za povijest \u2013 Podru\u017enica za povijest Slavonije, Srijema i Baranje. Osim \u0161to je realizirala istra\u017eiva\u010dki projekt o antropizaciji slavonskih \u0161uma, ta institucija u razmaku od pet godina priredila je \u010detiri skupa s ekohistorijskim temama, od \u010dega dva s tematskom okosnicom iz povijesti rijeka. Znanstveni skup <strong>\u00bbRijeka Sava u povijesti\u00ab<\/strong> iznjedrio je istoimeni zbornik. Potaknuti uspjehom tog simpozija i na tragu rezultata \u0161to su ih srednjoeuropske historiografije ve\u0107 polu\u010dile prou\u010davaju\u0107i Dunav, zaposlenici Podru\u017enice odlu\u010dili su organizirati okupljanje <strong>\u00bbDunav u hrvatskoj povijesti i kulturi\u00ab<\/strong>. <\/span><\/p>\n<p><span style=\"color: #000000;\"><strong>Podru\u017enica Hrvatskog instituta za povijest<\/strong> i <strong>Gradski muzej Vukovar<\/strong> zajedni\u010dki su priredili simpozij. Znanstveni odbor odabrao je 30 tema me\u0111u pristiglim prijavama. Raspore\u0111en u osam tematskih sesija, skup se odr\u017eao od 10. do 12. listopada 2018. u Slavonskom Brodu i Vukovaru. Sudjelovala su 32 izlaga\u010da iz Hrvatske i Srbije. Gradska knji\u017enica Slavonski Brod ugostila je prvi dio konferencije, a drugi se odr\u017eao u Dvorani vlastelinstva Gradskog muzeja Vukovar, neposredno uz Dunav. Sudionici su predstavili radove iz gledi\u0161ta politi\u010dke, ekolo\u0161ke, gospodarske, demografske, urbane i <\/span><span style=\"color: #000000;\">kulturne povijesti. Pored historiografskih, posjetitelji su slu\u0161ali arheolo\u0161ke, knji\u017eevnoznanstvene, etnolo\u0161ke i povijesnoumjetni\u010dke rasprave o temama u kronolo\u0161kom rasponu od prapovijesti do dana\u0161njice. Ilustracije, zemljovidi, reprodukcije arhivske gra\u0111e, arheolo\u0161kog materijala i umjetni\u010dkih predmeta pratili su izlaganja. Izlo\u017eiv\u0161i pojedina\u010dne referate, znanstvenici su razmjenjivali mi\u0161ljenja o pote\u0161ko\u0107ama pri obradi dunavskih tema te o prednostima i nedostacima pojedinog metodolo\u0161kog pristupa. Ve\u0107 prema vlastitoj specijalizaciji, uzajamno su se upu\u0107ivali na dodatna vrela i literaturu. Pokazalo se da se najpouzdanija tuma\u010denja temelje na ra\u0161\u010dlambi raznovrsnih vrela. Budu\u0107i da su neka pitanja uslijed vremenskog ograni\u010denja ostala neodgovorena ili nedotaknuta, izlaga\u010di su najavili njihovu podrobniju obradu u tiskanoj publikaciji. U okviru skupa sudionici su posjetili Muzej vu\u010dedolske kulture. <\/span><\/p>\n<p><span style=\"color: #000000;\">Rutina znanstveni\u010dkog rada nala\u017ee da se rezultati simpozija objedine i podastru na uvid znanstvenoj i \u0161iroj zajednici. Organizatori su stoga potaknuli sudionike skupa na slanje rukopisa. Tako je nastao zbornik <strong>\u00bbDunav u hrvatskoj povijesti i kulturi\u00ab<\/strong>. Edicija koju predajemo \u010ditateljima broji 23 recenzirana priloga. Sastavili su ih izlaga\u010di, mahom znanstvenici zaposleni na ustanovima u Hrvatskoj i Srbiji. \u017deljeli bismo da potonja \u010dinjenica ne bude tek puka potvrda me\u0111unarodnog obilje\u017eja skupa, ve\u0107 smjerokaz za djelotvornu suradnju dviju susjednih historiografija. Po\u017eeljno je da zbornik dospije u ruke i \u0161iroj javnosti. Svrha ove publikacije nije samo rasvjetljavanje povijesnih pitanja, ve\u0107 i podizanje dru\u0161tvene svijesti o za\u0161titi Dunava i odr\u017eivom razvoju njegove okolice. <\/span><\/p>\n<p><span style=\"color: #000000;\">Raznovrsni prilozi redaju se po kronolo\u0161kom klju\u010du i vi\u0161e-manje ravnomjerno pokrivaju sva razdoblja. Autori su otvorili niz neistra\u017eenih pitanja i potkrijepili vlastite teze novim dokazima. Jedni su nastojali ilustrirati ulogu Dunava u \u0161irim povijesnim fenomenima (npr. u upravnim promjenama, razvoju gradova, seobama, poimanju prostora i dr.). Drugi su ponudili mikrohistorijska istra\u017eivanja kojima su na pojedina\u010dnim primjerima upotpunili spoznaje o Dunavu u na\u0161em prirodnom i kulturnom naslije\u0111u. Tre\u0107i su ispitali duhovno i simboli\u010dko mjesto Dunava u pisanoj i usmenoj predaji.<\/span><\/p>\n<p><span style=\"color: #000000;\">Ukupno uzev\u0161i, u studijama se ogleda slojevitost i istra\u017eiva\u010dki potencijal dunavskih tema. Radi lak\u0161eg snala\u017eenja radovi su opremljeni likovnim i grafi\u010dkim prilozima te sa\u017eecima na stranim jezicima.<\/span><br \/>\n<span style=\"color: #000000;\">Zahvalni smo svim sudionicima skupa, autorima pojedina\u010dnih priloga, recenzentima i svima koji su doprinijeli nastanku zbornika \u00bbDunav u hrvatskoj povijesti i kulturi\u00ab. Potaknu li ovdje sabrani radovi budu\u0107a promi\u0161ljanja o Dunavu, rezultati njihova truda past \u0107e na plodno tlo.<\/span><\/p>\n<p>&nbsp;<\/p>\n<p>&nbsp;<\/p>\n<p style=\"text-align: right;\"><span style=\"color: #000000;\">Urednik<\/span><\/p>\n<p><span style=\"color: #0000ff;\"><strong><a style=\"color: #0000ff;\" href=\"http:\/\/hipsb.hr\/wp-content\/uploads\/2022\/01\/Sadrzaj.pdf\">Sadr\u017eaj zbornika<\/a><\/strong><\/span><\/p>\n","protected":false},"excerpt":{"rendered":"<p>Dunav protje\u010de kroz vi\u0161e zemalja od ijedne svjetske rijeke i s porje\u010djem zaprema velik dio srednje Europe. Ta rijeka od davnina olak\u0161ava razmjenu materijalnih i duhovnih dostignu\u0107a izme\u0111u Alpa i Crnog mora. Istodobno kao prirodna prepreka razdvaja dr\u017eavno-upravne jedinice od starog vijeka naovamo. Premda manjim odsje\u010dkom dodiruje hrvatske krajeve, Dunav s Dravom i Savom tvori [&hellip;]<\/p>\n","protected":false},"featured_media":11313,"comment_status":"closed","ping_status":"closed","template":"","meta":[],"yoast_head":"<!-- This site is optimized with the Yoast SEO plugin v16.1.1 - https:\/\/yoast.com\/wordpress\/plugins\/seo\/ -->\n<title>Dunav u hrvatskoj povijesti i kulturi. Zbornik radova znanstvenog skupa - Hrvatski institut za povijest<\/title>\n<link rel=\"canonical\" href=\"https:\/\/hipsb.hr\/en\/proizvod\/dunav-u-hrvatskoj-povijesti-i-kulturi-zbornik-radova-znanstvenog-skupa\/\" \/>\n<meta property=\"og:locale\" content=\"en_US\" \/>\n<meta property=\"og:type\" content=\"article\" \/>\n<meta property=\"og:title\" content=\"Dunav u hrvatskoj povijesti i kulturi. Zbornik radova znanstvenog skupa - Hrvatski institut za povijest\" \/>\n<meta property=\"og:description\" content=\"Dunav protje\u010de kroz vi\u0161e zemalja od ijedne svjetske rijeke i s porje\u010djem zaprema velik dio srednje Europe. Ta rijeka od davnina olak\u0161ava razmjenu materijalnih i duhovnih dostignu\u0107a izme\u0111u Alpa i Crnog mora. Istodobno kao prirodna prepreka razdvaja dr\u017eavno-upravne jedinice od starog vijeka naovamo. Premda manjim odsje\u010dkom dodiruje hrvatske krajeve, Dunav s Dravom i Savom tvori [&hellip;]\" \/>\n<meta property=\"og:url\" content=\"https:\/\/hipsb.hr\/en\/proizvod\/dunav-u-hrvatskoj-povijesti-i-kulturi-zbornik-radova-znanstvenog-skupa\/\" \/>\n<meta property=\"og:site_name\" content=\"Hrvatski institut za povijest\" \/>\n<meta property=\"article:modified_time\" content=\"2026-01-01T15:31:31+00:00\" \/>\n<meta property=\"og:image\" content=\"https:\/\/hipsb.hr\/wp-content\/uploads\/2022\/01\/zbornik-Dunav.jpg\" \/>\n\t<meta property=\"og:image:width\" content=\"431\" \/>\n\t<meta property=\"og:image:height\" content=\"639\" \/>\n<meta name=\"twitter:label1\" content=\"Est. reading time\">\n\t<meta name=\"twitter:data1\" content=\"4 minutes\">\n<script type=\"application\/ld+json\" class=\"yoast-schema-graph\">{\"@context\":\"https:\/\/schema.org\",\"@graph\":[{\"@type\":\"WebSite\",\"@id\":\"http:\/\/hipsb.hr\/en\/#website\",\"url\":\"http:\/\/hipsb.hr\/en\/\",\"name\":\"Hrvatski institut za povijest\",\"description\":\"Podru\\u017enica za povijest Slavonije, Srijema i Baranje\",\"potentialAction\":[{\"@type\":\"SearchAction\",\"target\":\"http:\/\/hipsb.hr\/en\/?s={search_term_string}\",\"query-input\":\"required name=search_term_string\"}],\"inLanguage\":\"en-US\"},{\"@type\":\"ImageObject\",\"@id\":\"https:\/\/hipsb.hr\/en\/proizvod\/dunav-u-hrvatskoj-povijesti-i-kulturi-zbornik-radova-znanstvenog-skupa\/#primaryimage\",\"inLanguage\":\"en-US\",\"url\":\"https:\/\/hipsb.hr\/wp-content\/uploads\/2022\/01\/zbornik-Dunav.jpg\",\"contentUrl\":\"https:\/\/hipsb.hr\/wp-content\/uploads\/2022\/01\/zbornik-Dunav.jpg\",\"width\":431,\"height\":639},{\"@type\":\"WebPage\",\"@id\":\"https:\/\/hipsb.hr\/en\/proizvod\/dunav-u-hrvatskoj-povijesti-i-kulturi-zbornik-radova-znanstvenog-skupa\/#webpage\",\"url\":\"https:\/\/hipsb.hr\/en\/proizvod\/dunav-u-hrvatskoj-povijesti-i-kulturi-zbornik-radova-znanstvenog-skupa\/\",\"name\":\"Dunav u hrvatskoj povijesti i kulturi. Zbornik radova znanstvenog skupa - Hrvatski institut za povijest\",\"isPartOf\":{\"@id\":\"http:\/\/hipsb.hr\/en\/#website\"},\"primaryImageOfPage\":{\"@id\":\"https:\/\/hipsb.hr\/en\/proizvod\/dunav-u-hrvatskoj-povijesti-i-kulturi-zbornik-radova-znanstvenog-skupa\/#primaryimage\"},\"datePublished\":\"2022-01-19T09:50:58+00:00\",\"dateModified\":\"2026-01-01T15:31:31+00:00\",\"breadcrumb\":{\"@id\":\"https:\/\/hipsb.hr\/en\/proizvod\/dunav-u-hrvatskoj-povijesti-i-kulturi-zbornik-radova-znanstvenog-skupa\/#breadcrumb\"},\"inLanguage\":\"en-US\",\"potentialAction\":[{\"@type\":\"ReadAction\",\"target\":[\"https:\/\/hipsb.hr\/en\/proizvod\/dunav-u-hrvatskoj-povijesti-i-kulturi-zbornik-radova-znanstvenog-skupa\/\"]}]},{\"@type\":\"BreadcrumbList\",\"@id\":\"https:\/\/hipsb.hr\/en\/proizvod\/dunav-u-hrvatskoj-povijesti-i-kulturi-zbornik-radova-znanstvenog-skupa\/#breadcrumb\",\"itemListElement\":[{\"@type\":\"ListItem\",\"position\":1,\"item\":{\"@type\":\"WebPage\",\"@id\":\"http:\/\/hipsb.hr\/en\/\",\"url\":\"http:\/\/hipsb.hr\/en\/\",\"name\":\"Home\"}},{\"@type\":\"ListItem\",\"position\":2,\"item\":{\"@type\":\"WebPage\",\"@id\":\"http:\/\/hipsb.hr\/shop\/\",\"url\":\"http:\/\/hipsb.hr\/shop\/\",\"name\":\"Proizvodi\"}},{\"@type\":\"ListItem\",\"position\":3,\"item\":{\"@type\":\"WebPage\",\"@id\":\"https:\/\/hipsb.hr\/en\/proizvod\/dunav-u-hrvatskoj-povijesti-i-kulturi-zbornik-radova-znanstvenog-skupa\/\",\"url\":\"https:\/\/hipsb.hr\/en\/proizvod\/dunav-u-hrvatskoj-povijesti-i-kulturi-zbornik-radova-znanstvenog-skupa\/\",\"name\":\"Dunav u hrvatskoj povijesti i kulturi. Zbornik radova znanstvenog skupa\"}}]}]}<\/script>\n<!-- \/ Yoast SEO plugin. -->","_links":{"self":[{"href":"https:\/\/hipsb.hr\/en\/wp-json\/wp\/v2\/product\/11312"}],"collection":[{"href":"https:\/\/hipsb.hr\/en\/wp-json\/wp\/v2\/product"}],"about":[{"href":"https:\/\/hipsb.hr\/en\/wp-json\/wp\/v2\/types\/product"}],"replies":[{"embeddable":true,"href":"https:\/\/hipsb.hr\/en\/wp-json\/wp\/v2\/comments?post=11312"}],"wp:featuredmedia":[{"embeddable":true,"href":"https:\/\/hipsb.hr\/en\/wp-json\/wp\/v2\/media\/11313"}],"wp:attachment":[{"href":"https:\/\/hipsb.hr\/en\/wp-json\/wp\/v2\/media?parent=11312"}],"curies":[{"name":"wp","href":"https:\/\/api.w.org\/{rel}","templated":true}]}}