{"id":11501,"date":"2022-03-18T13:11:57","date_gmt":"2022-03-18T12:11:57","guid":{"rendered":"http:\/\/hipsb.hr\/?post_type=product&#038;p=11501"},"modified":"2026-01-01T16:24:56","modified_gmt":"2026-01-01T15:24:56","slug":"prilozi-za-povijest-broda-i-okolice-knjiga-5","status":"publish","type":"product","link":"https:\/\/hipsb.hr\/en\/proizvod\/prilozi-za-povijest-broda-i-okolice-knjiga-5\/","title":{"rendered":"Prilozi za povijest Broda i okolice. Knjiga 5"},"content":{"rendered":"<p>&nbsp;<\/p>\n<p style=\"text-align: left;\"><span style=\"color: #000000;\">Peti svezak povremenika <strong>Prilozi za povijest Broda i okolice<\/strong> objavljuje se u sklopu obilje\u017eavanja 25. obljetnice osnutka Podru\u017enice za povijest Slavonije, Srijema i Baranje. Samim time, ovaj broj nastavlja svojevrsnu tradicijsku nit kako izdava\u0161tva Podru\u017enice tako i samog povremenika, \u010diji je prvi broj objavljen 2013. godine. Prilozi su, uz sada ve\u0107 prepoznatljiv \u010dasopis<strong> Scrinia Slavonica<\/strong>, postali vrijedan izvor za prou\u010davanje povijesti slavonskobrodskog kraja s obzirom na \u010dinjenicu da je u njima objavljen niz razli\u010ditih radova koji obra\u0111uju razli\u010dite teme vezane uz Slavonski Brod i njegovu okolicu.<\/span><\/p>\n<p style=\"text-align: left;\"><span style=\"color: #000000;\">Kako su i prethodni urednici istaknuli, jedan je od ciljeva<strong> Priloga<\/strong> otvaranje prostora za objavljivanje radova iz domene lokalne povijesti. Sukladno tome, u ovom su broju zastupljeni tekstovi koji su tematski vezani uz podru\u010dja poput Sibinja, Velike Kopanice, ali i oni koji se bave gradom Brodom, poput \u010dlanka u kojemu se na temelju tvorni\u010dkih novina analizira tvornica \u201e\u0110uro \u0110akovi\u0107\u201c ili teksta o Ma\u0111arskoj \u0161koli u Slavonskom Brodu koja je itekako ostavila trag u kulturi i obrazovanju grada. Ovaj broj nastavlja i tradiciju u smislu metodolo\u0161kih spojeva historiografskih, arhivisti\u010dkih te sociolo\u0161kih studija, kako je to u uvodniku prethodnog broja istaknuo dr. Dinko \u017dupan. Kao posebna odlika ovog broja isti\u010de se raznovrsnost autora koji se bave razli\u010ditim istra\u017eiva\u010dkim granama i razdobljima, od srednjeg vijeka preko \u201edugog\u201c 19. stolje\u0107a do 20. stolje\u0107a i suvremene povijesti. Iz navedenoga djelomi\u010dno proizlazi i ranije spomenuta tematska raznolikost ovoga broja, u okviru koje su istra\u017eiva\u010dki obra\u0111ene teme koje, izme\u0111u ostaloga, pripadaju vojnoj, kulturnoj te politi\u010dkoj povijesti. Tako\u0111er, va\u017eno je istaknuti kako se tekstom Ivana Miku\u0161a, koji analizira \u201eetape promjena u stanju i poslovanju\u201c poduze\u0107a \u201e\u0110uro \u0110akovi\u0107\u201c tijekom kasnih 1980-ih i ranih 1990-ih godina, Podru\u017enica na odre\u0111eni na\u010din priklju\u010duje i obilje\u017eavanju stote obljetnice osnutka tvornice koja je uvelike obilje\u017eila \u0161ire slavonskobrodsko podru\u010dje u razli\u010ditim aspektima, od ekonomskog pa do kulturnog, uzimaju\u0107i u obzir niz aktivnosti kojima se radni\u0161tvo bavilo izvan redovitog radnog vremena.<\/span><\/p>\n<p>&nbsp;<\/p>\n<p><a href=\"http:\/\/hipsb.hr\/wp-content\/uploads\/2022\/03\/Sadrzaj_prilozi_5.pdf\"><strong>S A D R \u017d A J\u00a0<\/strong><\/a><\/p>\n","protected":false},"excerpt":{"rendered":"<p>&nbsp; Peti svezak povremenika Prilozi za povijest Broda i okolice objavljuje se u sklopu obilje\u017eavanja 25. obljetnice osnutka Podru\u017enice za povijest Slavonije, Srijema i Baranje. Samim time, ovaj broj nastavlja svojevrsnu tradicijsku nit kako izdava\u0161tva Podru\u017enice tako i samog povremenika, \u010diji je prvi broj objavljen 2013. godine. Prilozi su, uz sada ve\u0107 prepoznatljiv \u010dasopis Scrinia [&hellip;]<\/p>\n","protected":false},"featured_media":11502,"comment_status":"closed","ping_status":"closed","template":"","meta":[],"yoast_head":"<!-- This site is optimized with the Yoast SEO plugin v16.1.1 - https:\/\/yoast.com\/wordpress\/plugins\/seo\/ -->\n<title>Prilozi za povijest Broda i okolice. Knjiga 5 - Hrvatski institut za povijest<\/title>\n<link rel=\"canonical\" href=\"http:\/\/hipsb.hr\/en\/proizvod\/prilozi-za-povijest-broda-i-okolice-knjiga-5\/\" \/>\n<meta property=\"og:locale\" content=\"en_US\" \/>\n<meta property=\"og:type\" content=\"article\" \/>\n<meta property=\"og:title\" content=\"Prilozi za povijest Broda i okolice. Knjiga 5 - Hrvatski institut za povijest\" \/>\n<meta property=\"og:description\" content=\"&nbsp; Peti svezak povremenika Prilozi za povijest Broda i okolice objavljuje se u sklopu obilje\u017eavanja 25. obljetnice osnutka Podru\u017enice za povijest Slavonije, Srijema i Baranje. Samim time, ovaj broj nastavlja svojevrsnu tradicijsku nit kako izdava\u0161tva Podru\u017enice tako i samog povremenika, \u010diji je prvi broj objavljen 2013. godine. Prilozi su, uz sada ve\u0107 prepoznatljiv \u010dasopis Scrinia [&hellip;]\" \/>\n<meta property=\"og:url\" content=\"http:\/\/hipsb.hr\/en\/proizvod\/prilozi-za-povijest-broda-i-okolice-knjiga-5\/\" \/>\n<meta property=\"og:site_name\" content=\"Hrvatski institut za povijest\" \/>\n<meta property=\"article:modified_time\" content=\"2026-01-01T15:24:56+00:00\" \/>\n<meta property=\"og:image\" content=\"https:\/\/hipsb.hr\/wp-content\/uploads\/2022\/03\/Prilozi_5-korice_FIN-scaled.jpg\" \/>\n\t<meta property=\"og:image:width\" content=\"1712\" \/>\n\t<meta property=\"og:image:height\" content=\"2560\" \/>\n<meta name=\"twitter:label1\" content=\"Est. reading time\">\n\t<meta name=\"twitter:data1\" content=\"2 minutes\">\n<script type=\"application\/ld+json\" class=\"yoast-schema-graph\">{\"@context\":\"https:\/\/schema.org\",\"@graph\":[{\"@type\":\"WebSite\",\"@id\":\"http:\/\/hipsb.hr\/#website\",\"url\":\"http:\/\/hipsb.hr\/\",\"name\":\"Hrvatski institut za povijest\",\"description\":\"Podru\\u017enica za povijest Slavonije, Srijema i Baranje\",\"potentialAction\":[{\"@type\":\"SearchAction\",\"target\":\"http:\/\/hipsb.hr\/?s={search_term_string}\",\"query-input\":\"required name=search_term_string\"}],\"inLanguage\":\"en-US\"},{\"@type\":\"ImageObject\",\"@id\":\"http:\/\/hipsb.hr\/en\/proizvod\/prilozi-za-povijest-broda-i-okolice-knjiga-5\/#primaryimage\",\"inLanguage\":\"en-US\",\"url\":\"https:\/\/hipsb.hr\/wp-content\/uploads\/2022\/03\/Prilozi_5-korice_FIN-scaled.jpg\",\"contentUrl\":\"https:\/\/hipsb.hr\/wp-content\/uploads\/2022\/03\/Prilozi_5-korice_FIN-scaled.jpg\",\"width\":1712,\"height\":2560},{\"@type\":\"WebPage\",\"@id\":\"http:\/\/hipsb.hr\/en\/proizvod\/prilozi-za-povijest-broda-i-okolice-knjiga-5\/#webpage\",\"url\":\"http:\/\/hipsb.hr\/en\/proizvod\/prilozi-za-povijest-broda-i-okolice-knjiga-5\/\",\"name\":\"Prilozi za povijest Broda i okolice. Knjiga 5 - Hrvatski institut za povijest\",\"isPartOf\":{\"@id\":\"http:\/\/hipsb.hr\/#website\"},\"primaryImageOfPage\":{\"@id\":\"http:\/\/hipsb.hr\/en\/proizvod\/prilozi-za-povijest-broda-i-okolice-knjiga-5\/#primaryimage\"},\"datePublished\":\"2022-03-18T12:11:57+00:00\",\"dateModified\":\"2026-01-01T15:24:56+00:00\",\"breadcrumb\":{\"@id\":\"http:\/\/hipsb.hr\/en\/proizvod\/prilozi-za-povijest-broda-i-okolice-knjiga-5\/#breadcrumb\"},\"inLanguage\":\"en-US\",\"potentialAction\":[{\"@type\":\"ReadAction\",\"target\":[\"http:\/\/hipsb.hr\/en\/proizvod\/prilozi-za-povijest-broda-i-okolice-knjiga-5\/\"]}]},{\"@type\":\"BreadcrumbList\",\"@id\":\"http:\/\/hipsb.hr\/en\/proizvod\/prilozi-za-povijest-broda-i-okolice-knjiga-5\/#breadcrumb\",\"itemListElement\":[{\"@type\":\"ListItem\",\"position\":1,\"item\":{\"@type\":\"WebPage\",\"@id\":\"http:\/\/hipsb.hr\/en\/\",\"url\":\"http:\/\/hipsb.hr\/en\/\",\"name\":\"Home\"}},{\"@type\":\"ListItem\",\"position\":2,\"item\":{\"@type\":\"WebPage\",\"@id\":\"http:\/\/hipsb.hr\/shop\/\",\"url\":\"http:\/\/hipsb.hr\/shop\/\",\"name\":\"Proizvodi\"}},{\"@type\":\"ListItem\",\"position\":3,\"item\":{\"@type\":\"WebPage\",\"@id\":\"http:\/\/hipsb.hr\/en\/proizvod\/prilozi-za-povijest-broda-i-okolice-knjiga-5\/\",\"url\":\"http:\/\/hipsb.hr\/en\/proizvod\/prilozi-za-povijest-broda-i-okolice-knjiga-5\/\",\"name\":\"Prilozi za povijest Broda i okolice. Knjiga 5\"}}]}]}<\/script>\n<!-- \/ Yoast SEO plugin. -->","_links":{"self":[{"href":"https:\/\/hipsb.hr\/en\/wp-json\/wp\/v2\/product\/11501"}],"collection":[{"href":"https:\/\/hipsb.hr\/en\/wp-json\/wp\/v2\/product"}],"about":[{"href":"https:\/\/hipsb.hr\/en\/wp-json\/wp\/v2\/types\/product"}],"replies":[{"embeddable":true,"href":"https:\/\/hipsb.hr\/en\/wp-json\/wp\/v2\/comments?post=11501"}],"wp:featuredmedia":[{"embeddable":true,"href":"https:\/\/hipsb.hr\/en\/wp-json\/wp\/v2\/media\/11502"}],"wp:attachment":[{"href":"https:\/\/hipsb.hr\/en\/wp-json\/wp\/v2\/media?parent=11501"}],"curies":[{"name":"wp","href":"https:\/\/api.w.org\/{rel}","templated":true}]}}