{"id":12849,"date":"2022-12-16T15:40:11","date_gmt":"2022-12-16T14:40:11","guid":{"rendered":"http:\/\/hipsb.hr\/?post_type=product&#038;p=12849"},"modified":"2026-01-01T16:25:37","modified_gmt":"2026-01-01T15:25:37","slug":"12849","status":"publish","type":"product","link":"https:\/\/hipsb.hr\/en\/proizvod\/12849\/","title":{"rendered":"Prema povijesti slavonskih \u0161uma. Prilozi za sintezu"},"content":{"rendered":"<p><a href=\"http:\/\/hipsb.hr\/wp-content\/uploads\/2022\/12\/Zbornik-Prema-povijesti-slavonskih-suma-SADRZAJ.pdf\"><strong>S A D R \u017d A J<\/strong><\/a><\/p>\n<p>&nbsp;<\/p>\n<p style=\"text-align: left;\"><span style=\"color: #000000;\">Ova knjiga predstavlja drugu u nizu od planiranih triju knjiga \u010detverogodi\u0161njeg istra\u017eiva\u010dkog projekta \u201eOd pra\u0161uma do oranica: povijest antropizacije \u0161uma u Slavoniji od srednjeg vijeka do po\u010detka dvadesetog stolje\u0107a\u201c (IP-2014-09-6719), nov\u010dano podr\u017eanog od Hrvatske zaklade za znanost tijekom njegova izvo\u0111enja od 1. lipnja 2015. do 31. svibnja 2019. godine. Prva knjiga toga troknji\u017eja zbornik je radova istoimenog znanstvenog skupa s me\u0111unarodnim sudjelovanjem \u201eSlavonske \u0161ume kroz povijest\u201d, odr\u017eanog u Slavonskom Brodu 1. i 2. listopada 2015. godine. Zbornik radova objavljen je 2018. godine i nai\u0161ao je na brojne pozitivne reakcije, \u0161to nas je potaknulo da krenemo u objavljivanje i druge knjige iz ovog troknji\u017eja. Ova druga knjiga, \u201ePrema povijesti slavonskih \u0161uma \u2013 Prilozi za sintezu\u201d, zami\u0161ljena je kao zbornik autorskih priloga suradnika spomenutog projekta o povijesti \u0161uma u Slavoniji: Stanka Andri\u0107a, Karla Beljana, Josipa Parata, Roberta Skenderovi\u0107a, Krunoslava Teslaka, An\u0111elka Vla\u0161i\u0107a, Milana Vrbanusa i Dinka \u017dupana. Ostaje jo\u0161 rad na objavljivanju tre\u0107e knjige, Izabrani izvori za povijest \u0161uma Slavonije, Srijema i Baranje, strukturirane kao izbor povijesne gra\u0111e o povijesti \u0161uma u Slavoniji. Vjerujemo da \u0107e i ona uskoro ugledati svjetlo dana.<\/span><\/p>\n","protected":false},"excerpt":{"rendered":"<p><a href=\"http:\/\/hipsb.hr\/wp-content\/uploads\/2022\/12\/Zbornik-Prema-povijesti-slavonskih-suma-SADRZAJ.pdf\">Zbornik Prema povijesti slavonskih suma-SADRZAJ<\/a><\/p>\n","protected":false},"featured_media":12850,"comment_status":"closed","ping_status":"closed","template":"","meta":[],"yoast_head":"<!-- This site is optimized with the Yoast SEO plugin v16.1.1 - https:\/\/yoast.com\/wordpress\/plugins\/seo\/ -->\n<title>Prema povijesti slavonskih \u0161uma. Prilozi za sintezu - Hrvatski institut za povijest<\/title>\n<link rel=\"canonical\" href=\"https:\/\/hipsb.hr\/en\/proizvod\/12849\/\" \/>\n<meta property=\"og:locale\" content=\"en_US\" \/>\n<meta property=\"og:type\" content=\"article\" \/>\n<meta property=\"og:title\" content=\"Prema povijesti slavonskih \u0161uma. Prilozi za sintezu - Hrvatski institut za povijest\" \/>\n<meta property=\"og:description\" content=\"Zbornik Prema povijesti slavonskih suma-SADRZAJ\" \/>\n<meta property=\"og:url\" content=\"https:\/\/hipsb.hr\/en\/proizvod\/12849\/\" \/>\n<meta property=\"og:site_name\" content=\"Hrvatski institut za povijest\" \/>\n<meta property=\"article:modified_time\" content=\"2026-01-01T15:25:37+00:00\" \/>\n<meta property=\"og:image\" content=\"https:\/\/hipsb.hr\/wp-content\/uploads\/2022\/12\/Zbornik-Prema-povijesti-slavonskih-suma-OMOT-fin-\u2013-kopija-scaled.jpg\" \/>\n\t<meta property=\"og:image:width\" content=\"1746\" \/>\n\t<meta property=\"og:image:height\" content=\"2560\" \/>\n<meta name=\"twitter:label1\" content=\"Est. reading time\">\n\t<meta name=\"twitter:data1\" content=\"1 minute\">\n<script type=\"application\/ld+json\" class=\"yoast-schema-graph\">{\"@context\":\"https:\/\/schema.org\",\"@graph\":[{\"@type\":\"WebSite\",\"@id\":\"http:\/\/hipsb.hr\/en\/#website\",\"url\":\"http:\/\/hipsb.hr\/en\/\",\"name\":\"Hrvatski institut za povijest\",\"description\":\"Podru\\u017enica za povijest Slavonije, Srijema i Baranje\",\"potentialAction\":[{\"@type\":\"SearchAction\",\"target\":\"http:\/\/hipsb.hr\/en\/?s={search_term_string}\",\"query-input\":\"required name=search_term_string\"}],\"inLanguage\":\"en-US\"},{\"@type\":\"ImageObject\",\"@id\":\"https:\/\/hipsb.hr\/en\/proizvod\/12849\/#primaryimage\",\"inLanguage\":\"en-US\",\"url\":\"https:\/\/hipsb.hr\/wp-content\/uploads\/2022\/12\/Zbornik-Prema-povijesti-slavonskih-suma-OMOT-fin-\\u2013-kopija-scaled.jpg\",\"contentUrl\":\"https:\/\/hipsb.hr\/wp-content\/uploads\/2022\/12\/Zbornik-Prema-povijesti-slavonskih-suma-OMOT-fin-\\u2013-kopija-scaled.jpg\",\"width\":1746,\"height\":2560},{\"@type\":\"WebPage\",\"@id\":\"https:\/\/hipsb.hr\/en\/proizvod\/12849\/#webpage\",\"url\":\"https:\/\/hipsb.hr\/en\/proizvod\/12849\/\",\"name\":\"Prema povijesti slavonskih \\u0161uma. Prilozi za sintezu - Hrvatski institut za povijest\",\"isPartOf\":{\"@id\":\"http:\/\/hipsb.hr\/en\/#website\"},\"primaryImageOfPage\":{\"@id\":\"https:\/\/hipsb.hr\/en\/proizvod\/12849\/#primaryimage\"},\"datePublished\":\"2022-12-16T14:40:11+00:00\",\"dateModified\":\"2026-01-01T15:25:37+00:00\",\"breadcrumb\":{\"@id\":\"https:\/\/hipsb.hr\/en\/proizvod\/12849\/#breadcrumb\"},\"inLanguage\":\"en-US\",\"potentialAction\":[{\"@type\":\"ReadAction\",\"target\":[\"https:\/\/hipsb.hr\/en\/proizvod\/12849\/\"]}]},{\"@type\":\"BreadcrumbList\",\"@id\":\"https:\/\/hipsb.hr\/en\/proizvod\/12849\/#breadcrumb\",\"itemListElement\":[{\"@type\":\"ListItem\",\"position\":1,\"item\":{\"@type\":\"WebPage\",\"@id\":\"http:\/\/hipsb.hr\/en\/\",\"url\":\"http:\/\/hipsb.hr\/en\/\",\"name\":\"Home\"}},{\"@type\":\"ListItem\",\"position\":2,\"item\":{\"@type\":\"WebPage\",\"@id\":\"http:\/\/hipsb.hr\/en\/shop\/\",\"url\":\"http:\/\/hipsb.hr\/en\/shop\/\",\"name\":\"Proizvodi\"}},{\"@type\":\"ListItem\",\"position\":3,\"item\":{\"@type\":\"WebPage\",\"@id\":\"https:\/\/hipsb.hr\/en\/proizvod\/12849\/\",\"url\":\"https:\/\/hipsb.hr\/en\/proizvod\/12849\/\",\"name\":\"Prema povijesti slavonskih \\u0161uma. Prilozi za sintezu\"}}]}]}<\/script>\n<!-- \/ Yoast SEO plugin. -->","_links":{"self":[{"href":"https:\/\/hipsb.hr\/en\/wp-json\/wp\/v2\/product\/12849"}],"collection":[{"href":"https:\/\/hipsb.hr\/en\/wp-json\/wp\/v2\/product"}],"about":[{"href":"https:\/\/hipsb.hr\/en\/wp-json\/wp\/v2\/types\/product"}],"replies":[{"embeddable":true,"href":"https:\/\/hipsb.hr\/en\/wp-json\/wp\/v2\/comments?post=12849"}],"wp:featuredmedia":[{"embeddable":true,"href":"https:\/\/hipsb.hr\/en\/wp-json\/wp\/v2\/media\/12850"}],"wp:attachment":[{"href":"https:\/\/hipsb.hr\/en\/wp-json\/wp\/v2\/media?parent=12849"}],"curies":[{"name":"wp","href":"https:\/\/api.w.org\/{rel}","templated":true}]}}