{"id":13618,"date":"2023-09-25T13:41:34","date_gmt":"2023-09-25T11:41:34","guid":{"rendered":"http:\/\/hipsb.hr\/?post_type=product&#038;p=13618"},"modified":"2025-11-18T23:00:46","modified_gmt":"2025-11-18T22:00:46","slug":"istrazitelj-demoni-balkanskoga-rata-i-svjetska-pravda","status":"publish","type":"product","link":"https:\/\/hipsb.hr\/en\/proizvod\/istrazitelj-demoni-balkanskoga-rata-i-svjetska-pravda\/","title":{"rendered":"Istra\u017eitelj. Demoni balkanskoga rata i svjetska pravda"},"content":{"rendered":"<p><span style=\"color: #000000;\">Knjiga je memoarsko gradivo \u010de\u0161kog kriminalista Vladim\u00edra Dzure o njegovom sudjelovanju u radu Me\u0111unarodnog kaznenog suda za biv\u0161u Jugoslaviju (MKSJ) u Den Haagu, koji je istra\u017eivao zlo\u010dine srpskih snaga po\u010dinjene u Hrvatskoj i Bosni i Hercegovini tijekom rata od 1991. do 1995. godine.<\/span><\/p>\n","protected":false},"excerpt":{"rendered":"<p>Knjiga je memoarsko gradivo \u010de\u0161kog kriminalista Vladim\u00edra Dzure o njegovom sudjelovanju u radu Me\u0111unarodnog kaznenog suda za biv\u0161u Jugoslaviju (MKSJ) u Den Haagu, koji je istra\u017eivao zlo\u010dine srpskih snaga po\u010dinjene u Hrvatskoj i Bosni i Hercegovini tijekom rata od 1991. do 1995. godine.<\/p>\n","protected":false},"featured_media":13620,"comment_status":"closed","ping_status":"closed","template":"","meta":[],"yoast_head":"<!-- This site is optimized with the Yoast SEO plugin v16.1.1 - https:\/\/yoast.com\/wordpress\/plugins\/seo\/ -->\n<title>Istra\u017eitelj. Demoni balkanskoga rata i svjetska pravda - Hrvatski institut za povijest<\/title>\n<link rel=\"canonical\" href=\"https:\/\/hipsb.hr\/proizvod\/istrazitelj-demoni-balkanskoga-rata-i-svjetska-pravda\/\" \/>\n<meta property=\"og:locale\" content=\"en_US\" \/>\n<meta property=\"og:type\" content=\"article\" \/>\n<meta property=\"og:title\" content=\"Istra\u017eitelj. Demoni balkanskoga rata i svjetska pravda - Hrvatski institut za povijest\" \/>\n<meta property=\"og:description\" content=\"Knjiga je memoarsko gradivo \u010de\u0161kog kriminalista Vladim\u00edra Dzure o njegovom sudjelovanju u radu Me\u0111unarodnog kaznenog suda za biv\u0161u Jugoslaviju (MKSJ) u Den Haagu, koji je istra\u017eivao zlo\u010dine srpskih snaga po\u010dinjene u Hrvatskoj i Bosni i Hercegovini tijekom rata od 1991. do 1995. godine.\" \/>\n<meta property=\"og:url\" content=\"https:\/\/hipsb.hr\/proizvod\/istrazitelj-demoni-balkanskoga-rata-i-svjetska-pravda\/\" \/>\n<meta property=\"og:site_name\" content=\"Hrvatski institut za povijest\" \/>\n<meta property=\"article:modified_time\" content=\"2025-11-18T22:00:46+00:00\" \/>\n<meta property=\"og:image\" content=\"https:\/\/hipsb.hr\/wp-content\/uploads\/2023\/09\/istrazitelj-scaled.jpg\" \/>\n\t<meta property=\"og:image:width\" content=\"1797\" \/>\n\t<meta property=\"og:image:height\" content=\"2560\" \/>\n<meta name=\"twitter:label1\" content=\"Est. reading time\">\n\t<meta name=\"twitter:data1\" content=\"1 minute\">\n<script type=\"application\/ld+json\" class=\"yoast-schema-graph\">{\"@context\":\"https:\/\/schema.org\",\"@graph\":[{\"@type\":\"WebSite\",\"@id\":\"https:\/\/hipsb.hr\/#website\",\"url\":\"https:\/\/hipsb.hr\/\",\"name\":\"Hrvatski institut za povijest\",\"description\":\"Podru\\u017enica za povijest Slavonije, Srijema i Baranje\",\"potentialAction\":[{\"@type\":\"SearchAction\",\"target\":\"https:\/\/hipsb.hr\/?s={search_term_string}\",\"query-input\":\"required name=search_term_string\"}],\"inLanguage\":\"en-US\"},{\"@type\":\"ImageObject\",\"@id\":\"https:\/\/hipsb.hr\/proizvod\/istrazitelj-demoni-balkanskoga-rata-i-svjetska-pravda\/#primaryimage\",\"inLanguage\":\"en-US\",\"url\":\"https:\/\/hipsb.hr\/wp-content\/uploads\/2023\/09\/istrazitelj-scaled.jpg\",\"contentUrl\":\"https:\/\/hipsb.hr\/wp-content\/uploads\/2023\/09\/istrazitelj-scaled.jpg\",\"width\":1797,\"height\":2560},{\"@type\":\"WebPage\",\"@id\":\"https:\/\/hipsb.hr\/proizvod\/istrazitelj-demoni-balkanskoga-rata-i-svjetska-pravda\/#webpage\",\"url\":\"https:\/\/hipsb.hr\/proizvod\/istrazitelj-demoni-balkanskoga-rata-i-svjetska-pravda\/\",\"name\":\"Istra\\u017eitelj. Demoni balkanskoga rata i svjetska pravda - Hrvatski institut za povijest\",\"isPartOf\":{\"@id\":\"https:\/\/hipsb.hr\/#website\"},\"primaryImageOfPage\":{\"@id\":\"https:\/\/hipsb.hr\/proizvod\/istrazitelj-demoni-balkanskoga-rata-i-svjetska-pravda\/#primaryimage\"},\"datePublished\":\"2023-09-25T11:41:34+00:00\",\"dateModified\":\"2025-11-18T22:00:46+00:00\",\"breadcrumb\":{\"@id\":\"https:\/\/hipsb.hr\/proizvod\/istrazitelj-demoni-balkanskoga-rata-i-svjetska-pravda\/#breadcrumb\"},\"inLanguage\":\"en-US\",\"potentialAction\":[{\"@type\":\"ReadAction\",\"target\":[\"https:\/\/hipsb.hr\/proizvod\/istrazitelj-demoni-balkanskoga-rata-i-svjetska-pravda\/\"]}]},{\"@type\":\"BreadcrumbList\",\"@id\":\"https:\/\/hipsb.hr\/proizvod\/istrazitelj-demoni-balkanskoga-rata-i-svjetska-pravda\/#breadcrumb\",\"itemListElement\":[{\"@type\":\"ListItem\",\"position\":1,\"item\":{\"@type\":\"WebPage\",\"@id\":\"https:\/\/hipsb.hr\/en\/\",\"url\":\"https:\/\/hipsb.hr\/en\/\",\"name\":\"Home\"}},{\"@type\":\"ListItem\",\"position\":2,\"item\":{\"@type\":\"WebPage\",\"@id\":\"http:\/\/hipsb.hr\/shop\/\",\"url\":\"http:\/\/hipsb.hr\/shop\/\",\"name\":\"Proizvodi\"}},{\"@type\":\"ListItem\",\"position\":3,\"item\":{\"@type\":\"WebPage\",\"@id\":\"https:\/\/hipsb.hr\/proizvod\/istrazitelj-demoni-balkanskoga-rata-i-svjetska-pravda\/\",\"url\":\"https:\/\/hipsb.hr\/proizvod\/istrazitelj-demoni-balkanskoga-rata-i-svjetska-pravda\/\",\"name\":\"Istra\\u017eitelj. Demoni balkanskoga rata i svjetska pravda\"}}]}]}<\/script>\n<!-- \/ Yoast SEO plugin. -->","_links":{"self":[{"href":"https:\/\/hipsb.hr\/en\/wp-json\/wp\/v2\/product\/13618"}],"collection":[{"href":"https:\/\/hipsb.hr\/en\/wp-json\/wp\/v2\/product"}],"about":[{"href":"https:\/\/hipsb.hr\/en\/wp-json\/wp\/v2\/types\/product"}],"replies":[{"embeddable":true,"href":"https:\/\/hipsb.hr\/en\/wp-json\/wp\/v2\/comments?post=13618"}],"wp:featuredmedia":[{"embeddable":true,"href":"https:\/\/hipsb.hr\/en\/wp-json\/wp\/v2\/media\/13620"}],"wp:attachment":[{"href":"https:\/\/hipsb.hr\/en\/wp-json\/wp\/v2\/media?parent=13618"}],"curies":[{"name":"wp","href":"https:\/\/api.w.org\/{rel}","templated":true}]}}