{"id":15901,"date":"2025-09-22T12:18:14","date_gmt":"2025-09-22T10:18:14","guid":{"rendered":"http:\/\/hipsb.hr\/?post_type=product&#038;p=15901"},"modified":"2025-11-18T23:00:47","modified_gmt":"2025-11-18T22:00:47","slug":"sijaci-i-sokci-u-pozeskoj-kotlini-etnolingvisticko-i-knjizevnopovijesno-istrazivanje","status":"publish","type":"product","link":"https:\/\/hipsb.hr\/en\/proizvod\/sijaci-i-sokci-u-pozeskoj-kotlini-etnolingvisticko-i-knjizevnopovijesno-istrazivanje\/","title":{"rendered":"\u0160ijaci i \u0160okci u Po\u017ee\u0161koj kotlini. Etnolingvisti\u010dko i knji\u017eevnopovijesno istra\u017eivanje"},"content":{"rendered":"<p><span style=\"color: #0000ff;\"><strong><a style=\"color: #0000ff;\" href=\"http:\/\/hipsb.hr\/wp-content\/uploads\/2025\/09\/Sadrzaj.pdf\">S A D R \u017d A J<\/a><\/strong><\/span><\/p>\n","protected":false},"excerpt":{"rendered":"<p>S A D R \u017d A J<\/p>\n","protected":false},"featured_media":15906,"comment_status":"closed","ping_status":"closed","template":"","meta":[],"yoast_head":"<!-- This site is optimized with the Yoast SEO plugin v16.1.1 - https:\/\/yoast.com\/wordpress\/plugins\/seo\/ -->\n<title>\u0160ijaci i \u0160okci u Po\u017ee\u0161koj kotlini. Etnolingvisti\u010dko i knji\u017eevnopovijesno istra\u017eivanje - Hrvatski institut za povijest<\/title>\n<link rel=\"canonical\" href=\"https:\/\/hipsb.hr\/proizvod\/sijaci-i-sokci-u-pozeskoj-kotlini-etnolingvisticko-i-knjizevnopovijesno-istrazivanje\/\" \/>\n<meta property=\"og:locale\" content=\"en_US\" \/>\n<meta property=\"og:type\" content=\"article\" \/>\n<meta property=\"og:title\" content=\"\u0160ijaci i \u0160okci u Po\u017ee\u0161koj kotlini. Etnolingvisti\u010dko i knji\u017eevnopovijesno istra\u017eivanje - Hrvatski institut za povijest\" \/>\n<meta property=\"og:description\" content=\"S A D R \u017d A J\" \/>\n<meta property=\"og:url\" content=\"https:\/\/hipsb.hr\/proizvod\/sijaci-i-sokci-u-pozeskoj-kotlini-etnolingvisticko-i-knjizevnopovijesno-istrazivanje\/\" \/>\n<meta property=\"og:site_name\" content=\"Hrvatski institut za povijest\" \/>\n<meta property=\"article:modified_time\" content=\"2025-11-18T22:00:47+00:00\" \/>\n<meta property=\"og:image\" content=\"https:\/\/hipsb.hr\/wp-content\/uploads\/2025\/09\/Omot.png\" \/>\n\t<meta property=\"og:image:width\" content=\"1598\" \/>\n\t<meta property=\"og:image:height\" content=\"2349\" \/>\n<meta name=\"twitter:label1\" content=\"Est. reading time\">\n\t<meta name=\"twitter:data1\" content=\"1 minute\">\n<script type=\"application\/ld+json\" class=\"yoast-schema-graph\">{\"@context\":\"https:\/\/schema.org\",\"@graph\":[{\"@type\":\"WebSite\",\"@id\":\"http:\/\/hipsb.hr\/en\/#website\",\"url\":\"http:\/\/hipsb.hr\/en\/\",\"name\":\"Hrvatski institut za povijest\",\"description\":\"Podru\\u017enica za povijest Slavonije, Srijema i Baranje\",\"potentialAction\":[{\"@type\":\"SearchAction\",\"target\":\"http:\/\/hipsb.hr\/en\/?s={search_term_string}\",\"query-input\":\"required name=search_term_string\"}],\"inLanguage\":\"en-US\"},{\"@type\":\"ImageObject\",\"@id\":\"https:\/\/hipsb.hr\/proizvod\/sijaci-i-sokci-u-pozeskoj-kotlini-etnolingvisticko-i-knjizevnopovijesno-istrazivanje\/#primaryimage\",\"inLanguage\":\"en-US\",\"url\":\"https:\/\/hipsb.hr\/wp-content\/uploads\/2025\/09\/Omot.png\",\"contentUrl\":\"https:\/\/hipsb.hr\/wp-content\/uploads\/2025\/09\/Omot.png\",\"width\":1598,\"height\":2349},{\"@type\":\"WebPage\",\"@id\":\"https:\/\/hipsb.hr\/proizvod\/sijaci-i-sokci-u-pozeskoj-kotlini-etnolingvisticko-i-knjizevnopovijesno-istrazivanje\/#webpage\",\"url\":\"https:\/\/hipsb.hr\/proizvod\/sijaci-i-sokci-u-pozeskoj-kotlini-etnolingvisticko-i-knjizevnopovijesno-istrazivanje\/\",\"name\":\"\\u0160ijaci i \\u0160okci u Po\\u017ee\\u0161koj kotlini. Etnolingvisti\\u010dko i knji\\u017eevnopovijesno istra\\u017eivanje - Hrvatski institut za povijest\",\"isPartOf\":{\"@id\":\"http:\/\/hipsb.hr\/en\/#website\"},\"primaryImageOfPage\":{\"@id\":\"https:\/\/hipsb.hr\/proizvod\/sijaci-i-sokci-u-pozeskoj-kotlini-etnolingvisticko-i-knjizevnopovijesno-istrazivanje\/#primaryimage\"},\"datePublished\":\"2025-09-22T10:18:14+00:00\",\"dateModified\":\"2025-11-18T22:00:47+00:00\",\"breadcrumb\":{\"@id\":\"https:\/\/hipsb.hr\/proizvod\/sijaci-i-sokci-u-pozeskoj-kotlini-etnolingvisticko-i-knjizevnopovijesno-istrazivanje\/#breadcrumb\"},\"inLanguage\":\"en-US\",\"potentialAction\":[{\"@type\":\"ReadAction\",\"target\":[\"https:\/\/hipsb.hr\/proizvod\/sijaci-i-sokci-u-pozeskoj-kotlini-etnolingvisticko-i-knjizevnopovijesno-istrazivanje\/\"]}]},{\"@type\":\"BreadcrumbList\",\"@id\":\"https:\/\/hipsb.hr\/proizvod\/sijaci-i-sokci-u-pozeskoj-kotlini-etnolingvisticko-i-knjizevnopovijesno-istrazivanje\/#breadcrumb\",\"itemListElement\":[{\"@type\":\"ListItem\",\"position\":1,\"item\":{\"@type\":\"WebPage\",\"@id\":\"http:\/\/hipsb.hr\/en\/\",\"url\":\"http:\/\/hipsb.hr\/en\/\",\"name\":\"Home\"}},{\"@type\":\"ListItem\",\"position\":2,\"item\":{\"@type\":\"WebPage\",\"@id\":\"http:\/\/hipsb.hr\/en\/shop\/\",\"url\":\"http:\/\/hipsb.hr\/en\/shop\/\",\"name\":\"Proizvodi\"}},{\"@type\":\"ListItem\",\"position\":3,\"item\":{\"@type\":\"WebPage\",\"@id\":\"https:\/\/hipsb.hr\/proizvod\/sijaci-i-sokci-u-pozeskoj-kotlini-etnolingvisticko-i-knjizevnopovijesno-istrazivanje\/\",\"url\":\"https:\/\/hipsb.hr\/proizvod\/sijaci-i-sokci-u-pozeskoj-kotlini-etnolingvisticko-i-knjizevnopovijesno-istrazivanje\/\",\"name\":\"\\u0160ijaci i \\u0160okci u Po\\u017ee\\u0161koj kotlini. Etnolingvisti\\u010dko i knji\\u017eevnopovijesno istra\\u017eivanje\"}}]}]}<\/script>\n<!-- \/ Yoast SEO plugin. -->","_links":{"self":[{"href":"https:\/\/hipsb.hr\/en\/wp-json\/wp\/v2\/product\/15901"}],"collection":[{"href":"https:\/\/hipsb.hr\/en\/wp-json\/wp\/v2\/product"}],"about":[{"href":"https:\/\/hipsb.hr\/en\/wp-json\/wp\/v2\/types\/product"}],"replies":[{"embeddable":true,"href":"https:\/\/hipsb.hr\/en\/wp-json\/wp\/v2\/comments?post=15901"}],"wp:featuredmedia":[{"embeddable":true,"href":"https:\/\/hipsb.hr\/en\/wp-json\/wp\/v2\/media\/15906"}],"wp:attachment":[{"href":"https:\/\/hipsb.hr\/en\/wp-json\/wp\/v2\/media?parent=15901"}],"curies":[{"name":"wp","href":"https:\/\/api.w.org\/{rel}","templated":true}]}}