{"id":16449,"date":"2026-03-10T11:01:58","date_gmt":"2026-03-10T10:01:58","guid":{"rendered":"http:\/\/hipsb.hr\/?post_type=product&#038;p=16449"},"modified":"2026-03-10T11:11:36","modified_gmt":"2026-03-10T10:11:36","slug":"dakovo-poslije-strossmayera-panoramski-pregled-dakovackih-listova-hrvatske-pucke-novine-1907-1913-i-djakovacke-hrvatske-pucke-novine-1913-1914","status":"publish","type":"product","link":"https:\/\/hipsb.hr\/en\/proizvod\/dakovo-poslije-strossmayera-panoramski-pregled-dakovackih-listova-hrvatske-pucke-novine-1907-1913-i-djakovacke-hrvatske-pucke-novine-1913-1914\/","title":{"rendered":"\u0110AKOVO POSLIJE STROSSMAYERA. Panoramski pregled \u0111akova\u010dkih listova \u00bbHrvatske pu\u010dke novine\u00ab (1907.-1913.)  i \u00bbDjakova\u010dke hrvatske pu\u010dke novine\u00ab (1913.-1914.)"},"content":{"rendered":"<p><strong><span style=\"color: #0000ff;\"><a style=\"color: #0000ff;\" href=\"http:\/\/hipsb.hr\/wp-content\/uploads\/2026\/03\/DAKOVO-POSLIJE-STROSSMAYERA_sadrzaj.pdf\">S A D R \u017d A J<\/a><\/span><\/strong><\/p>\n","protected":false},"excerpt":{"rendered":"<p>S A D R \u017d A J<\/p>\n","protected":false},"featured_media":16450,"comment_status":"closed","ping_status":"closed","template":"","meta":[],"yoast_head":"<!-- This site is optimized with the Yoast SEO plugin v16.1.1 - https:\/\/yoast.com\/wordpress\/plugins\/seo\/ -->\n<title>\u0110AKOVO POSLIJE STROSSMAYERA. Panoramski pregled \u0111akova\u010dkih listova \u00bbHrvatske pu\u010dke novine\u00ab (1907.-1913.) i \u00bbDjakova\u010dke hrvatske pu\u010dke novine\u00ab (1913.-1914.) - Hrvatski institut za povijest<\/title>\n<link rel=\"canonical\" href=\"https:\/\/hipsb.hr\/en\/proizvod\/dakovo-poslije-strossmayera-panoramski-pregled-dakovackih-listova-hrvatske-pucke-novine-1907-1913-i-djakovacke-hrvatske-pucke-novine-1913-1914\/\" \/>\n<meta property=\"og:locale\" content=\"en_US\" \/>\n<meta property=\"og:type\" content=\"article\" \/>\n<meta property=\"og:title\" content=\"\u0110AKOVO POSLIJE STROSSMAYERA. Panoramski pregled \u0111akova\u010dkih listova \u00bbHrvatske pu\u010dke novine\u00ab (1907.-1913.) i \u00bbDjakova\u010dke hrvatske pu\u010dke novine\u00ab (1913.-1914.) - Hrvatski institut za povijest\" \/>\n<meta property=\"og:description\" content=\"S A D R \u017d A J\" \/>\n<meta property=\"og:url\" content=\"https:\/\/hipsb.hr\/en\/proizvod\/dakovo-poslije-strossmayera-panoramski-pregled-dakovackih-listova-hrvatske-pucke-novine-1907-1913-i-djakovacke-hrvatske-pucke-novine-1913-1914\/\" \/>\n<meta property=\"og:site_name\" content=\"Hrvatski institut za povijest\" \/>\n<meta property=\"article:modified_time\" content=\"2026-03-10T10:11:36+00:00\" \/>\n<meta property=\"og:image\" content=\"https:\/\/hipsb.hr\/wp-content\/uploads\/2026\/03\/DAKOVO-POSLIJE-STROSSMAYERA_korice-FINAL-\u2013Web.png\" \/>\n\t<meta property=\"og:image:width\" content=\"1122\" \/>\n\t<meta property=\"og:image:height\" content=\"1576\" \/>\n<meta name=\"twitter:label1\" content=\"Est. reading time\">\n\t<meta name=\"twitter:data1\" content=\"1 minute\">\n<script type=\"application\/ld+json\" class=\"yoast-schema-graph\">{\"@context\":\"https:\/\/schema.org\",\"@graph\":[{\"@type\":\"WebSite\",\"@id\":\"http:\/\/hipsb.hr\/en\/#website\",\"url\":\"http:\/\/hipsb.hr\/en\/\",\"name\":\"Hrvatski institut za povijest\",\"description\":\"Podru\\u017enica za povijest Slavonije, Srijema i Baranje\",\"potentialAction\":[{\"@type\":\"SearchAction\",\"target\":\"http:\/\/hipsb.hr\/en\/?s={search_term_string}\",\"query-input\":\"required name=search_term_string\"}],\"inLanguage\":\"en-US\"},{\"@type\":\"ImageObject\",\"@id\":\"https:\/\/hipsb.hr\/en\/proizvod\/dakovo-poslije-strossmayera-panoramski-pregled-dakovackih-listova-hrvatske-pucke-novine-1907-1913-i-djakovacke-hrvatske-pucke-novine-1913-1914\/#primaryimage\",\"inLanguage\":\"en-US\",\"url\":\"https:\/\/hipsb.hr\/wp-content\/uploads\/2026\/03\/DAKOVO-POSLIJE-STROSSMAYERA_korice-FINAL-\\u2013Web.png\",\"contentUrl\":\"https:\/\/hipsb.hr\/wp-content\/uploads\/2026\/03\/DAKOVO-POSLIJE-STROSSMAYERA_korice-FINAL-\\u2013Web.png\",\"width\":1122,\"height\":1576},{\"@type\":\"WebPage\",\"@id\":\"https:\/\/hipsb.hr\/en\/proizvod\/dakovo-poslije-strossmayera-panoramski-pregled-dakovackih-listova-hrvatske-pucke-novine-1907-1913-i-djakovacke-hrvatske-pucke-novine-1913-1914\/#webpage\",\"url\":\"https:\/\/hipsb.hr\/en\/proizvod\/dakovo-poslije-strossmayera-panoramski-pregled-dakovackih-listova-hrvatske-pucke-novine-1907-1913-i-djakovacke-hrvatske-pucke-novine-1913-1914\/\",\"name\":\"\\u0110AKOVO POSLIJE STROSSMAYERA. Panoramski pregled \\u0111akova\\u010dkih listova \\u00bbHrvatske pu\\u010dke novine\\u00ab (1907.-1913.) i \\u00bbDjakova\\u010dke hrvatske pu\\u010dke novine\\u00ab (1913.-1914.) - Hrvatski institut za povijest\",\"isPartOf\":{\"@id\":\"http:\/\/hipsb.hr\/en\/#website\"},\"primaryImageOfPage\":{\"@id\":\"https:\/\/hipsb.hr\/en\/proizvod\/dakovo-poslije-strossmayera-panoramski-pregled-dakovackih-listova-hrvatske-pucke-novine-1907-1913-i-djakovacke-hrvatske-pucke-novine-1913-1914\/#primaryimage\"},\"datePublished\":\"2026-03-10T10:01:58+00:00\",\"dateModified\":\"2026-03-10T10:11:36+00:00\",\"breadcrumb\":{\"@id\":\"https:\/\/hipsb.hr\/en\/proizvod\/dakovo-poslije-strossmayera-panoramski-pregled-dakovackih-listova-hrvatske-pucke-novine-1907-1913-i-djakovacke-hrvatske-pucke-novine-1913-1914\/#breadcrumb\"},\"inLanguage\":\"en-US\",\"potentialAction\":[{\"@type\":\"ReadAction\",\"target\":[\"https:\/\/hipsb.hr\/en\/proizvod\/dakovo-poslije-strossmayera-panoramski-pregled-dakovackih-listova-hrvatske-pucke-novine-1907-1913-i-djakovacke-hrvatske-pucke-novine-1913-1914\/\"]}]},{\"@type\":\"BreadcrumbList\",\"@id\":\"https:\/\/hipsb.hr\/en\/proizvod\/dakovo-poslije-strossmayera-panoramski-pregled-dakovackih-listova-hrvatske-pucke-novine-1907-1913-i-djakovacke-hrvatske-pucke-novine-1913-1914\/#breadcrumb\",\"itemListElement\":[{\"@type\":\"ListItem\",\"position\":1,\"item\":{\"@type\":\"WebPage\",\"@id\":\"http:\/\/hipsb.hr\/en\/\",\"url\":\"http:\/\/hipsb.hr\/en\/\",\"name\":\"Home\"}},{\"@type\":\"ListItem\",\"position\":2,\"item\":{\"@type\":\"WebPage\",\"@id\":\"https:\/\/hipsb.hr\/shop\/\",\"url\":\"https:\/\/hipsb.hr\/shop\/\",\"name\":\"Proizvodi\"}},{\"@type\":\"ListItem\",\"position\":3,\"item\":{\"@type\":\"WebPage\",\"@id\":\"https:\/\/hipsb.hr\/en\/proizvod\/dakovo-poslije-strossmayera-panoramski-pregled-dakovackih-listova-hrvatske-pucke-novine-1907-1913-i-djakovacke-hrvatske-pucke-novine-1913-1914\/\",\"url\":\"https:\/\/hipsb.hr\/en\/proizvod\/dakovo-poslije-strossmayera-panoramski-pregled-dakovackih-listova-hrvatske-pucke-novine-1907-1913-i-djakovacke-hrvatske-pucke-novine-1913-1914\/\",\"name\":\"\\u0110AKOVO POSLIJE STROSSMAYERA. Panoramski pregled \\u0111akova\\u010dkih listova \\u00bbHrvatske pu\\u010dke novine\\u00ab (1907.-1913.) i \\u00bbDjakova\\u010dke hrvatske pu\\u010dke novine\\u00ab (1913.-1914.)\"}}]}]}<\/script>\n<!-- \/ Yoast SEO plugin. -->","_links":{"self":[{"href":"https:\/\/hipsb.hr\/en\/wp-json\/wp\/v2\/product\/16449"}],"collection":[{"href":"https:\/\/hipsb.hr\/en\/wp-json\/wp\/v2\/product"}],"about":[{"href":"https:\/\/hipsb.hr\/en\/wp-json\/wp\/v2\/types\/product"}],"replies":[{"embeddable":true,"href":"https:\/\/hipsb.hr\/en\/wp-json\/wp\/v2\/comments?post=16449"}],"wp:featuredmedia":[{"embeddable":true,"href":"https:\/\/hipsb.hr\/en\/wp-json\/wp\/v2\/media\/16450"}],"wp:attachment":[{"href":"https:\/\/hipsb.hr\/en\/wp-json\/wp\/v2\/media?parent=16449"}],"curies":[{"name":"wp","href":"https:\/\/api.w.org\/{rel}","templated":true}]}}