{"id":16591,"date":"2026-05-05T19:25:44","date_gmt":"2026-05-05T17:25:44","guid":{"rendered":"http:\/\/hipsb.hr\/?post_type=product&#038;p=16591"},"modified":"2026-05-11T12:49:00","modified_gmt":"2026-05-11T10:49:00","slug":"nije-zapazeno-da-djeluje-neprijateljski-elaborat-udb-e-o-politicarima-iz-bivsih-gradanskih-stranaka-na-kotaru-slavonski-brod","status":"publish","type":"product","link":"https:\/\/hipsb.hr\/en\/proizvod\/nije-zapazeno-da-djeluje-neprijateljski-elaborat-udb-e-o-politicarima-iz-bivsih-gradanskih-stranaka-na-kotaru-slavonski-brod\/","title":{"rendered":"\u201e(Ni)je zapa\u017eeno da djeluje neprijateljski\u201c. Elaborat UDB-e o politi\u010darima iz biv\u0161ih gra\u0111anskih stranaka na kotaru Slavonski Brod"},"content":{"rendered":"<p><strong><span style=\"color: #0000ff;\"><a style=\"color: #0000ff;\" href=\"http:\/\/hipsb.hr\/wp-content\/uploads\/2026\/05\/Sadrzaj_IMilec.pdf\">S a d r \u017e a j<\/a><\/span><\/strong><\/p>\n","protected":false},"excerpt":{"rendered":"<p>S a d r \u017e a j<\/p>\n","protected":false},"featured_media":16595,"comment_status":"closed","ping_status":"closed","template":"","meta":[],"yoast_head":"<!-- This site is optimized with the Yoast SEO plugin v16.1.1 - https:\/\/yoast.com\/wordpress\/plugins\/seo\/ -->\n<title>\u201e(Ni)je zapa\u017eeno da djeluje neprijateljski\u201c. Elaborat UDB-e o politi\u010darima iz biv\u0161ih gra\u0111anskih stranaka na kotaru Slavonski Brod - Hrvatski institut za povijest<\/title>\n<link rel=\"canonical\" href=\"http:\/\/hipsb.hr\/en\/proizvod\/nije-zapazeno-da-djeluje-neprijateljski-elaborat-udb-e-o-politicarima-iz-bivsih-gradanskih-stranaka-na-kotaru-slavonski-brod\/\" \/>\n<meta property=\"og:locale\" content=\"en_US\" \/>\n<meta property=\"og:type\" content=\"article\" \/>\n<meta property=\"og:title\" content=\"\u201e(Ni)je zapa\u017eeno da djeluje neprijateljski\u201c. Elaborat UDB-e o politi\u010darima iz biv\u0161ih gra\u0111anskih stranaka na kotaru Slavonski Brod - Hrvatski institut za povijest\" \/>\n<meta property=\"og:description\" content=\"S a d r \u017e a j\" \/>\n<meta property=\"og:url\" content=\"http:\/\/hipsb.hr\/en\/proizvod\/nije-zapazeno-da-djeluje-neprijateljski-elaborat-udb-e-o-politicarima-iz-bivsih-gradanskih-stranaka-na-kotaru-slavonski-brod\/\" \/>\n<meta property=\"og:site_name\" content=\"Hrvatski institut za povijest\" \/>\n<meta property=\"article:modified_time\" content=\"2026-05-11T10:49:00+00:00\" \/>\n<meta property=\"og:image\" content=\"https:\/\/hipsb.hr\/wp-content\/uploads\/2026\/05\/milec-naslovnica.png\" \/>\n\t<meta property=\"og:image:width\" content=\"857\" \/>\n\t<meta property=\"og:image:height\" content=\"1262\" \/>\n<script type=\"application\/ld+json\" class=\"yoast-schema-graph\">{\"@context\":\"https:\/\/schema.org\",\"@graph\":[{\"@type\":\"WebSite\",\"@id\":\"https:\/\/hipsb.hr\/#website\",\"url\":\"https:\/\/hipsb.hr\/\",\"name\":\"Hrvatski institut za povijest\",\"description\":\"Podru\\u017enica za povijest Slavonije, Srijema i Baranje\",\"potentialAction\":[{\"@type\":\"SearchAction\",\"target\":\"https:\/\/hipsb.hr\/?s={search_term_string}\",\"query-input\":\"required name=search_term_string\"}],\"inLanguage\":\"en-US\"},{\"@type\":\"ImageObject\",\"@id\":\"http:\/\/hipsb.hr\/en\/proizvod\/nije-zapazeno-da-djeluje-neprijateljski-elaborat-udb-e-o-politicarima-iz-bivsih-gradanskih-stranaka-na-kotaru-slavonski-brod\/#primaryimage\",\"inLanguage\":\"en-US\",\"url\":\"https:\/\/hipsb.hr\/wp-content\/uploads\/2026\/05\/milec-naslovnica.png\",\"contentUrl\":\"https:\/\/hipsb.hr\/wp-content\/uploads\/2026\/05\/milec-naslovnica.png\",\"width\":857,\"height\":1262},{\"@type\":\"WebPage\",\"@id\":\"http:\/\/hipsb.hr\/en\/proizvod\/nije-zapazeno-da-djeluje-neprijateljski-elaborat-udb-e-o-politicarima-iz-bivsih-gradanskih-stranaka-na-kotaru-slavonski-brod\/#webpage\",\"url\":\"http:\/\/hipsb.hr\/en\/proizvod\/nije-zapazeno-da-djeluje-neprijateljski-elaborat-udb-e-o-politicarima-iz-bivsih-gradanskih-stranaka-na-kotaru-slavonski-brod\/\",\"name\":\"\\u201e(Ni)je zapa\\u017eeno da djeluje neprijateljski\\u201c. Elaborat UDB-e o politi\\u010darima iz biv\\u0161ih gra\\u0111anskih stranaka na kotaru Slavonski Brod - Hrvatski institut za povijest\",\"isPartOf\":{\"@id\":\"https:\/\/hipsb.hr\/#website\"},\"primaryImageOfPage\":{\"@id\":\"http:\/\/hipsb.hr\/en\/proizvod\/nije-zapazeno-da-djeluje-neprijateljski-elaborat-udb-e-o-politicarima-iz-bivsih-gradanskih-stranaka-na-kotaru-slavonski-brod\/#primaryimage\"},\"datePublished\":\"2026-05-05T17:25:44+00:00\",\"dateModified\":\"2026-05-11T10:49:00+00:00\",\"breadcrumb\":{\"@id\":\"http:\/\/hipsb.hr\/en\/proizvod\/nije-zapazeno-da-djeluje-neprijateljski-elaborat-udb-e-o-politicarima-iz-bivsih-gradanskih-stranaka-na-kotaru-slavonski-brod\/#breadcrumb\"},\"inLanguage\":\"en-US\",\"potentialAction\":[{\"@type\":\"ReadAction\",\"target\":[\"http:\/\/hipsb.hr\/en\/proizvod\/nije-zapazeno-da-djeluje-neprijateljski-elaborat-udb-e-o-politicarima-iz-bivsih-gradanskih-stranaka-na-kotaru-slavonski-brod\/\"]}]},{\"@type\":\"BreadcrumbList\",\"@id\":\"http:\/\/hipsb.hr\/en\/proizvod\/nije-zapazeno-da-djeluje-neprijateljski-elaborat-udb-e-o-politicarima-iz-bivsih-gradanskih-stranaka-na-kotaru-slavonski-brod\/#breadcrumb\",\"itemListElement\":[{\"@type\":\"ListItem\",\"position\":1,\"item\":{\"@type\":\"WebPage\",\"@id\":\"http:\/\/hipsb.hr\/en\/\",\"url\":\"http:\/\/hipsb.hr\/en\/\",\"name\":\"Home\"}},{\"@type\":\"ListItem\",\"position\":2,\"item\":{\"@type\":\"WebPage\",\"@id\":\"https:\/\/hipsb.hr\/shop\/\",\"url\":\"https:\/\/hipsb.hr\/shop\/\",\"name\":\"Proizvodi\"}},{\"@type\":\"ListItem\",\"position\":3,\"item\":{\"@type\":\"WebPage\",\"@id\":\"http:\/\/hipsb.hr\/en\/proizvod\/nije-zapazeno-da-djeluje-neprijateljski-elaborat-udb-e-o-politicarima-iz-bivsih-gradanskih-stranaka-na-kotaru-slavonski-brod\/\",\"url\":\"http:\/\/hipsb.hr\/en\/proizvod\/nije-zapazeno-da-djeluje-neprijateljski-elaborat-udb-e-o-politicarima-iz-bivsih-gradanskih-stranaka-na-kotaru-slavonski-brod\/\",\"name\":\"\\u201e(Ni)je zapa\\u017eeno da djeluje neprijateljski\\u201c. Elaborat UDB-e o politi\\u010darima iz biv\\u0161ih gra\\u0111anskih stranaka na kotaru Slavonski Brod\"}}]}]}<\/script>\n<!-- \/ Yoast SEO plugin. -->","_links":{"self":[{"href":"https:\/\/hipsb.hr\/en\/wp-json\/wp\/v2\/product\/16591"}],"collection":[{"href":"https:\/\/hipsb.hr\/en\/wp-json\/wp\/v2\/product"}],"about":[{"href":"https:\/\/hipsb.hr\/en\/wp-json\/wp\/v2\/types\/product"}],"replies":[{"embeddable":true,"href":"https:\/\/hipsb.hr\/en\/wp-json\/wp\/v2\/comments?post=16591"}],"wp:featuredmedia":[{"embeddable":true,"href":"https:\/\/hipsb.hr\/en\/wp-json\/wp\/v2\/media\/16595"}],"wp:attachment":[{"href":"https:\/\/hipsb.hr\/en\/wp-json\/wp\/v2\/media?parent=16591"}],"curies":[{"name":"wp","href":"https:\/\/api.w.org\/{rel}","templated":true}]}}