{"id":2903,"date":"2013-11-23T11:35:23","date_gmt":"2013-11-23T10:35:23","guid":{"rendered":"http:\/\/hipsb.hr\/?post_type=product&#038;p=2903"},"modified":"2026-01-01T15:51:10","modified_gmt":"2026-01-01T14:51:10","slug":"josip-matasovic-paradigma-kulturne-povijesti-zbornik-radova-znanstvenog-skupa","status":"publish","type":"product","link":"https:\/\/hipsb.hr\/en\/proizvod\/josip-matasovic-paradigma-kulturne-povijesti-zbornik-radova-znanstvenog-skupa\/","title":{"rendered":"Josip Matasovi\u0107 i paradigma kulturne povijesti. Zbornik radova znanstvenog skupa"},"content":{"rendered":"<p>U Zborniku je sabrano\u00a0 21 izlaganje s istoimenog znanstvenog skupa odr\u017eanog povodom 50-te obljetnice smrti <strong>Josipa Matasovi\u0107a <\/strong>(Slavonski Brod, 23.-24.11.2012.). Josip Matasovi\u0107, prvo neshva\u0107en pa zamalo zaboravljen, a danas gotovo kultni povjesni\u010dar, bio je aktivan u prvoj polovini 20. stolje\u0107a. Njegova izvanredno napredna, a za na\u0161u sredinu i avangardna, istra\u017eiva\u010dka polazi\u0161ta, \u010dine ga intrigantnim suvremenoj historiografiji. Polaze\u0107i od toga da povijesnu znanost pi\u0161u konkretni ljudi u odre\u0111enim dru\u0161tvenim prilikama, dio radova pozabavio se Matasovi\u0107evim kulturnim\/dru\u0161tvenim okru\u017eenjem, a drugi je dio ukazao na mjesto njegovih radova u kontekstu kulturne (totalne) povijesti, te poku\u0161ao odrediti njihovu dana\u0161nju relevantnost.<\/p>\n","protected":false},"excerpt":{"rendered":"<p>U Zborniku je sabrano\u00a0 21 izlaganje s istoimenog znanstvenog skupa odr\u017eanog povodom 50-te obljetnice smrti Josipa Matasovi\u0107a (Slavonski Brod, 23.-24.11.2012.). Josip Matasovi\u0107, prvo neshva\u0107en pa zamalo zaboravljen, a danas gotovo kultni povjesni\u010dar, bio je aktivan u prvoj polovini 20. stolje\u0107a. Njegova izvanredno napredna, a za na\u0161u sredinu i avangardna, istra\u017eiva\u010dka polazi\u0161ta, \u010dine ga intrigantnim suvremenoj [&hellip;]<\/p>\n","protected":false},"featured_media":4018,"comment_status":"closed","ping_status":"closed","template":"","meta":[],"yoast_head":"<!-- This site is optimized with the Yoast SEO plugin v16.1.1 - https:\/\/yoast.com\/wordpress\/plugins\/seo\/ -->\n<title>Josip Matasovi\u0107 i paradigma kulturne povijesti. Zbornik radova znanstvenog skupa - Hrvatski institut za povijest<\/title>\n<link rel=\"canonical\" href=\"https:\/\/hipsb.hr\/en\/proizvod\/josip-matasovic-paradigma-kulturne-povijesti-zbornik-radova-znanstvenog-skupa\/\" \/>\n<meta property=\"og:locale\" content=\"en_US\" \/>\n<meta property=\"og:type\" content=\"article\" \/>\n<meta property=\"og:title\" content=\"Josip Matasovi\u0107 i paradigma kulturne povijesti. Zbornik radova znanstvenog skupa - Hrvatski institut za povijest\" \/>\n<meta property=\"og:description\" content=\"U Zborniku je sabrano\u00a0 21 izlaganje s istoimenog znanstvenog skupa odr\u017eanog povodom 50-te obljetnice smrti Josipa Matasovi\u0107a (Slavonski Brod, 23.-24.11.2012.). Josip Matasovi\u0107, prvo neshva\u0107en pa zamalo zaboravljen, a danas gotovo kultni povjesni\u010dar, bio je aktivan u prvoj polovini 20. stolje\u0107a. Njegova izvanredno napredna, a za na\u0161u sredinu i avangardna, istra\u017eiva\u010dka polazi\u0161ta, \u010dine ga intrigantnim suvremenoj [&hellip;]\" \/>\n<meta property=\"og:url\" content=\"https:\/\/hipsb.hr\/en\/proizvod\/josip-matasovic-paradigma-kulturne-povijesti-zbornik-radova-znanstvenog-skupa\/\" \/>\n<meta property=\"og:site_name\" content=\"Hrvatski institut za povijest\" \/>\n<meta property=\"article:modified_time\" content=\"2026-01-01T14:51:10+00:00\" \/>\n<meta property=\"og:image\" content=\"https:\/\/hipsb.hr\/wp-content\/uploads\/2013\/11\/matasovic_korice1.png\" \/>\n\t<meta property=\"og:image:width\" content=\"442\" \/>\n\t<meta property=\"og:image:height\" content=\"640\" \/>\n<meta name=\"twitter:label1\" content=\"Est. reading time\">\n\t<meta name=\"twitter:data1\" content=\"1 minute\">\n<script type=\"application\/ld+json\" class=\"yoast-schema-graph\">{\"@context\":\"https:\/\/schema.org\",\"@graph\":[{\"@type\":\"WebSite\",\"@id\":\"http:\/\/hipsb.hr\/#website\",\"url\":\"http:\/\/hipsb.hr\/\",\"name\":\"Hrvatski institut za povijest\",\"description\":\"Podru\\u017enica za povijest Slavonije, Srijema i Baranje\",\"potentialAction\":[{\"@type\":\"SearchAction\",\"target\":\"http:\/\/hipsb.hr\/?s={search_term_string}\",\"query-input\":\"required name=search_term_string\"}],\"inLanguage\":\"en-US\"},{\"@type\":\"ImageObject\",\"@id\":\"https:\/\/hipsb.hr\/en\/proizvod\/josip-matasovic-paradigma-kulturne-povijesti-zbornik-radova-znanstvenog-skupa\/#primaryimage\",\"inLanguage\":\"en-US\",\"url\":\"https:\/\/hipsb.hr\/wp-content\/uploads\/2013\/11\/matasovic_korice1.png\",\"contentUrl\":\"https:\/\/hipsb.hr\/wp-content\/uploads\/2013\/11\/matasovic_korice1.png\",\"width\":442,\"height\":640},{\"@type\":\"WebPage\",\"@id\":\"https:\/\/hipsb.hr\/en\/proizvod\/josip-matasovic-paradigma-kulturne-povijesti-zbornik-radova-znanstvenog-skupa\/#webpage\",\"url\":\"https:\/\/hipsb.hr\/en\/proizvod\/josip-matasovic-paradigma-kulturne-povijesti-zbornik-radova-znanstvenog-skupa\/\",\"name\":\"Josip Matasovi\\u0107 i paradigma kulturne povijesti. Zbornik radova znanstvenog skupa - Hrvatski institut za povijest\",\"isPartOf\":{\"@id\":\"http:\/\/hipsb.hr\/#website\"},\"primaryImageOfPage\":{\"@id\":\"https:\/\/hipsb.hr\/en\/proizvod\/josip-matasovic-paradigma-kulturne-povijesti-zbornik-radova-znanstvenog-skupa\/#primaryimage\"},\"datePublished\":\"2013-11-23T10:35:23+00:00\",\"dateModified\":\"2026-01-01T14:51:10+00:00\",\"breadcrumb\":{\"@id\":\"https:\/\/hipsb.hr\/en\/proizvod\/josip-matasovic-paradigma-kulturne-povijesti-zbornik-radova-znanstvenog-skupa\/#breadcrumb\"},\"inLanguage\":\"en-US\",\"potentialAction\":[{\"@type\":\"ReadAction\",\"target\":[\"https:\/\/hipsb.hr\/en\/proizvod\/josip-matasovic-paradigma-kulturne-povijesti-zbornik-radova-znanstvenog-skupa\/\"]}]},{\"@type\":\"BreadcrumbList\",\"@id\":\"https:\/\/hipsb.hr\/en\/proizvod\/josip-matasovic-paradigma-kulturne-povijesti-zbornik-radova-znanstvenog-skupa\/#breadcrumb\",\"itemListElement\":[{\"@type\":\"ListItem\",\"position\":1,\"item\":{\"@type\":\"WebPage\",\"@id\":\"http:\/\/hipsb.hr\/en\/\",\"url\":\"http:\/\/hipsb.hr\/en\/\",\"name\":\"Home\"}},{\"@type\":\"ListItem\",\"position\":2,\"item\":{\"@type\":\"WebPage\",\"@id\":\"http:\/\/hipsb.hr\/shop\/\",\"url\":\"http:\/\/hipsb.hr\/shop\/\",\"name\":\"Proizvodi\"}},{\"@type\":\"ListItem\",\"position\":3,\"item\":{\"@type\":\"WebPage\",\"@id\":\"https:\/\/hipsb.hr\/en\/proizvod\/josip-matasovic-paradigma-kulturne-povijesti-zbornik-radova-znanstvenog-skupa\/\",\"url\":\"https:\/\/hipsb.hr\/en\/proizvod\/josip-matasovic-paradigma-kulturne-povijesti-zbornik-radova-znanstvenog-skupa\/\",\"name\":\"Josip Matasovi\\u0107 i paradigma kulturne povijesti. Zbornik radova znanstvenog skupa\"}}]}]}<\/script>\n<!-- \/ Yoast SEO plugin. -->","_links":{"self":[{"href":"https:\/\/hipsb.hr\/en\/wp-json\/wp\/v2\/product\/2903"}],"collection":[{"href":"https:\/\/hipsb.hr\/en\/wp-json\/wp\/v2\/product"}],"about":[{"href":"https:\/\/hipsb.hr\/en\/wp-json\/wp\/v2\/types\/product"}],"replies":[{"embeddable":true,"href":"https:\/\/hipsb.hr\/en\/wp-json\/wp\/v2\/comments?post=2903"}],"wp:featuredmedia":[{"embeddable":true,"href":"https:\/\/hipsb.hr\/en\/wp-json\/wp\/v2\/media\/4018"}],"wp:attachment":[{"href":"https:\/\/hipsb.hr\/en\/wp-json\/wp\/v2\/media?parent=2903"}],"curies":[{"name":"wp","href":"https:\/\/api.w.org\/{rel}","templated":true}]}}