{"id":2951,"date":"2013-12-30T12:09:42","date_gmt":"2013-12-30T11:09:42","guid":{"rendered":"http:\/\/hipsb.hr\/?post_type=product&#038;p=2951"},"modified":"2026-01-01T15:51:51","modified_gmt":"2026-01-01T14:51:51","slug":"plemicki-rod-borica-bana","status":"publish","type":"product","link":"https:\/\/hipsb.hr\/en\/proizvod\/plemicki-rod-borica-bana\/","title":{"rendered":"Plemi\u0107ki rod Bori\u0107a bana"},"content":{"rendered":"<p>Knjiga obra\u0111uje povijest jednog od najzna\u010dajnijih plemi\u0107kih rodova s prostora dana\u0161nje Slavonije, roda Bori\u0107a bana, te ujedno predstavlja i prvu cjelovitu obradu jednog plemi\u0107kog roda s toga podru\u010dja. U knjizi je obuhva\u0107eno razdoblje od pojave roda u izvorima do pada Slavonije pod osmanlijsku vlast. Uz to \u0161to se rekonstruira povijest plemi\u0107kog roda Bori\u0107a bana, odnosno obitelji koje su iz njega proistekle (Berislavi\u0107i Grabarski, Podvr\u0161ki, Cerni\u010dki), te djelovanje pojedinih \u010dlanova roda, osobita se pa\u017enja poklanja i problematici funkcioniranja i strukture samog roda. Razmatraju se pitanja poput polo\u017eaja \u017eena, va\u017enosti bra\u010dnih veza, utjecaja posjedovnih odnosa na promjene u obiteljskim strukturama, a posebno poglavlje posve\u0107eno je odnosu sa crkvenim institucijama.<\/p>\n","protected":false},"excerpt":{"rendered":"<p>Knjiga obra\u0111uje povijest jednog od najzna\u010dajnijih plemi\u0107kih rodova s prostora dana\u0161nje Slavonije, roda Bori\u0107a bana, te ujedno predstavlja i prvu cjelovitu obradu jednog plemi\u0107kog roda s toga podru\u010dja. U knjizi je obuhva\u0107eno razdoblje od pojave roda u izvorima do pada Slavonije pod osmanlijsku vlast. Uz to \u0161to se rekonstruira povijest plemi\u0107kog roda Bori\u0107a bana, odnosno [&hellip;]<\/p>\n","protected":false},"featured_media":4012,"comment_status":"closed","ping_status":"closed","template":"","meta":[],"yoast_head":"<!-- This site is optimized with the Yoast SEO plugin v16.1.1 - https:\/\/yoast.com\/wordpress\/plugins\/seo\/ -->\n<title>Plemi\u0107ki rod Bori\u0107a bana - Hrvatski institut za povijest<\/title>\n<link rel=\"canonical\" href=\"https:\/\/hipsb.hr\/en\/proizvod\/plemicki-rod-borica-bana\/\" \/>\n<meta property=\"og:locale\" content=\"en_US\" \/>\n<meta property=\"og:type\" content=\"article\" \/>\n<meta property=\"og:title\" content=\"Plemi\u0107ki rod Bori\u0107a bana - Hrvatski institut za povijest\" \/>\n<meta property=\"og:description\" content=\"Knjiga obra\u0111uje povijest jednog od najzna\u010dajnijih plemi\u0107kih rodova s prostora dana\u0161nje Slavonije, roda Bori\u0107a bana, te ujedno predstavlja i prvu cjelovitu obradu jednog plemi\u0107kog roda s toga podru\u010dja. U knjizi je obuhva\u0107eno razdoblje od pojave roda u izvorima do pada Slavonije pod osmanlijsku vlast. Uz to \u0161to se rekonstruira povijest plemi\u0107kog roda Bori\u0107a bana, odnosno [&hellip;]\" \/>\n<meta property=\"og:url\" content=\"https:\/\/hipsb.hr\/en\/proizvod\/plemicki-rod-borica-bana\/\" \/>\n<meta property=\"og:site_name\" content=\"Hrvatski institut za povijest\" \/>\n<meta property=\"article:modified_time\" content=\"2026-01-01T14:51:51+00:00\" \/>\n<meta property=\"og:image\" content=\"https:\/\/hipsb.hr\/wp-content\/uploads\/2013\/12\/plemicki_rod.jpg\" \/>\n\t<meta property=\"og:image:width\" content=\"456\" \/>\n\t<meta property=\"og:image:height\" content=\"640\" \/>\n<meta name=\"twitter:label1\" content=\"Est. reading time\">\n\t<meta name=\"twitter:data1\" content=\"1 minute\">\n<script type=\"application\/ld+json\" class=\"yoast-schema-graph\">{\"@context\":\"https:\/\/schema.org\",\"@graph\":[{\"@type\":\"WebSite\",\"@id\":\"http:\/\/hipsb.hr\/en\/#website\",\"url\":\"http:\/\/hipsb.hr\/en\/\",\"name\":\"Hrvatski institut za povijest\",\"description\":\"Podru\\u017enica za povijest Slavonije, Srijema i Baranje\",\"potentialAction\":[{\"@type\":\"SearchAction\",\"target\":\"http:\/\/hipsb.hr\/en\/?s={search_term_string}\",\"query-input\":\"required name=search_term_string\"}],\"inLanguage\":\"en-US\"},{\"@type\":\"ImageObject\",\"@id\":\"https:\/\/hipsb.hr\/en\/proizvod\/plemicki-rod-borica-bana\/#primaryimage\",\"inLanguage\":\"en-US\",\"url\":\"https:\/\/hipsb.hr\/wp-content\/uploads\/2013\/12\/plemicki_rod.jpg\",\"contentUrl\":\"https:\/\/hipsb.hr\/wp-content\/uploads\/2013\/12\/plemicki_rod.jpg\",\"width\":456,\"height\":640},{\"@type\":\"WebPage\",\"@id\":\"https:\/\/hipsb.hr\/en\/proizvod\/plemicki-rod-borica-bana\/#webpage\",\"url\":\"https:\/\/hipsb.hr\/en\/proizvod\/plemicki-rod-borica-bana\/\",\"name\":\"Plemi\\u0107ki rod Bori\\u0107a bana - Hrvatski institut za povijest\",\"isPartOf\":{\"@id\":\"http:\/\/hipsb.hr\/en\/#website\"},\"primaryImageOfPage\":{\"@id\":\"https:\/\/hipsb.hr\/en\/proizvod\/plemicki-rod-borica-bana\/#primaryimage\"},\"datePublished\":\"2013-12-30T11:09:42+00:00\",\"dateModified\":\"2026-01-01T14:51:51+00:00\",\"breadcrumb\":{\"@id\":\"https:\/\/hipsb.hr\/en\/proizvod\/plemicki-rod-borica-bana\/#breadcrumb\"},\"inLanguage\":\"en-US\",\"potentialAction\":[{\"@type\":\"ReadAction\",\"target\":[\"https:\/\/hipsb.hr\/en\/proizvod\/plemicki-rod-borica-bana\/\"]}]},{\"@type\":\"BreadcrumbList\",\"@id\":\"https:\/\/hipsb.hr\/en\/proizvod\/plemicki-rod-borica-bana\/#breadcrumb\",\"itemListElement\":[{\"@type\":\"ListItem\",\"position\":1,\"item\":{\"@type\":\"WebPage\",\"@id\":\"http:\/\/hipsb.hr\/en\/\",\"url\":\"http:\/\/hipsb.hr\/en\/\",\"name\":\"Home\"}},{\"@type\":\"ListItem\",\"position\":2,\"item\":{\"@type\":\"WebPage\",\"@id\":\"http:\/\/hipsb.hr\/shop\/\",\"url\":\"http:\/\/hipsb.hr\/shop\/\",\"name\":\"Proizvodi\"}},{\"@type\":\"ListItem\",\"position\":3,\"item\":{\"@type\":\"WebPage\",\"@id\":\"https:\/\/hipsb.hr\/en\/proizvod\/plemicki-rod-borica-bana\/\",\"url\":\"https:\/\/hipsb.hr\/en\/proizvod\/plemicki-rod-borica-bana\/\",\"name\":\"Plemi\\u0107ki rod Bori\\u0107a bana\"}}]}]}<\/script>\n<!-- \/ Yoast SEO plugin. -->","_links":{"self":[{"href":"https:\/\/hipsb.hr\/en\/wp-json\/wp\/v2\/product\/2951"}],"collection":[{"href":"https:\/\/hipsb.hr\/en\/wp-json\/wp\/v2\/product"}],"about":[{"href":"https:\/\/hipsb.hr\/en\/wp-json\/wp\/v2\/types\/product"}],"replies":[{"embeddable":true,"href":"https:\/\/hipsb.hr\/en\/wp-json\/wp\/v2\/comments?post=2951"}],"wp:featuredmedia":[{"embeddable":true,"href":"https:\/\/hipsb.hr\/en\/wp-json\/wp\/v2\/media\/4012"}],"wp:attachment":[{"href":"https:\/\/hipsb.hr\/en\/wp-json\/wp\/v2\/media?parent=2951"}],"curies":[{"name":"wp","href":"https:\/\/api.w.org\/{rel}","templated":true}]}}