{"id":4195,"date":"2015-11-28T13:25:12","date_gmt":"2015-11-28T12:25:12","guid":{"rendered":"http:\/\/hipsb.hr\/?post_type=product&#038;p=4195"},"modified":"2026-01-01T16:17:22","modified_gmt":"2026-01-01T15:17:22","slug":"republika-hrvatska-i-domovinski-rat-1990-1995-dokumenti-knjiga-18-dokumenti-institucija-pobunjenih-srba-u-republici-hrvatskoj-svibanj-kolovoz-1995","status":"publish","type":"product","link":"https:\/\/hipsb.hr\/en\/proizvod\/republika-hrvatska-i-domovinski-rat-1990-1995-dokumenti-knjiga-18-dokumenti-institucija-pobunjenih-srba-u-republici-hrvatskoj-svibanj-kolovoz-1995\/","title":{"rendered":"Republika Hrvatska i Domovinski rat 1990.-1995. \u2013 Dokumenti (knjiga 18): Dokumenti institucija pobunjenih Srba u Republici Hrvatskoj (svibanj \u2013 kolovoz 1995.)"},"content":{"rendered":"<p>Knjiga \u201e<em>Republika Hrvatska i Domovinski rat 1990.-1995. \u2013 Dokumenti, knjiga 18:<\/em> <em>Dokumenti institucija pobunjenih Srba u Republici Hrvatskoj (<\/em><em>svibanj-kolovoz 1995.)\u201d\u00a0<\/em>osamnaesta je knjiga u seriji HMDCDR-a \u201e<em>Republika Hrvatska i Domovinski rat 1990.-1995. \u2013 Dokumenti\u201d<\/em><em> i deveta knjiga u seriji Hrvatskog instituta za povijest \u2013 Podru\u017enice za povijest Slavonije, Srijema i Baranje \u201e<\/em><em>Hrvatski demokratski pokret i Domovinski rat \u2013 Dokument\u201di.<\/em> U knjizi su kronolo\u0161kim slijedom s potrebnim znanstvenim aparatom predstavljeni dokumenti (104) iz arhivskog gradiva \u201eRepublike Srpske Krajine\u201c (RSK) koji se \u010duvaju u arhivskim ustanovama u Republici Hrvatskoj, a odnose se na rad paradr\u017eavnih i politi\u010dkih ustanova pobunjenih Srba od svibnja do kolovoza 1995. godine.<\/p>\n<p><strong>\u00a0<\/strong><\/p>\n","protected":false},"excerpt":{"rendered":"<p>Knjiga \u201eRepublika Hrvatska i Domovinski rat 1990.-1995. \u2013 Dokumenti, knjiga 18: Dokumenti institucija pobunjenih Srba u Republici Hrvatskoj (svibanj-kolovoz 1995.)\u201d\u00a0osamnaesta je knjiga u seriji HMDCDR-a \u201eRepublika Hrvatska i Domovinski rat 1990.-1995. \u2013 Dokumenti\u201d i deveta knjiga u seriji Hrvatskog instituta za povijest \u2013 Podru\u017enice za povijest Slavonije, Srijema i Baranje \u201eHrvatski demokratski pokret i Domovinski [&hellip;]<\/p>\n","protected":false},"featured_media":4198,"comment_status":"closed","ping_status":"closed","template":"","meta":[],"yoast_head":"<!-- This site is optimized with the Yoast SEO plugin v16.1.1 - https:\/\/yoast.com\/wordpress\/plugins\/seo\/ -->\n<title>Republika Hrvatska i Domovinski rat 1990.-1995. \u2013 Dokumenti (knjiga 18): Dokumenti institucija pobunjenih Srba u Republici Hrvatskoj (svibanj \u2013 kolovoz 1995.) - Hrvatski institut za povijest<\/title>\n<link rel=\"canonical\" href=\"https:\/\/hipsb.hr\/en\/proizvod\/republika-hrvatska-i-domovinski-rat-1990-1995-dokumenti-knjiga-18-dokumenti-institucija-pobunjenih-srba-u-republici-hrvatskoj-svibanj-kolovoz-1995\/\" \/>\n<meta property=\"og:locale\" content=\"en_US\" \/>\n<meta property=\"og:type\" content=\"article\" \/>\n<meta property=\"og:title\" content=\"Republika Hrvatska i Domovinski rat 1990.-1995. \u2013 Dokumenti (knjiga 18): Dokumenti institucija pobunjenih Srba u Republici Hrvatskoj (svibanj \u2013 kolovoz 1995.) - Hrvatski institut za povijest\" \/>\n<meta property=\"og:description\" content=\"Knjiga \u201eRepublika Hrvatska i Domovinski rat 1990.-1995. \u2013 Dokumenti, knjiga 18: Dokumenti institucija pobunjenih Srba u Republici Hrvatskoj (svibanj-kolovoz 1995.)\u201d\u00a0osamnaesta je knjiga u seriji HMDCDR-a \u201eRepublika Hrvatska i Domovinski rat 1990.-1995. \u2013 Dokumenti\u201d i deveta knjiga u seriji Hrvatskog instituta za povijest \u2013 Podru\u017enice za povijest Slavonije, Srijema i Baranje \u201eHrvatski demokratski pokret i Domovinski [&hellip;]\" \/>\n<meta property=\"og:url\" content=\"https:\/\/hipsb.hr\/en\/proizvod\/republika-hrvatska-i-domovinski-rat-1990-1995-dokumenti-knjiga-18-dokumenti-institucija-pobunjenih-srba-u-republici-hrvatskoj-svibanj-kolovoz-1995\/\" \/>\n<meta property=\"og:site_name\" content=\"Hrvatski institut za povijest\" \/>\n<meta property=\"article:modified_time\" content=\"2026-01-01T15:17:22+00:00\" \/>\n<meta property=\"og:image\" content=\"https:\/\/hipsb.hr\/wp-content\/uploads\/2015\/11\/drsk_18_web.jpg\" \/>\n\t<meta property=\"og:image:width\" content=\"480\" \/>\n\t<meta property=\"og:image:height\" content=\"635\" \/>\n<meta name=\"twitter:label1\" content=\"Est. reading time\">\n\t<meta name=\"twitter:data1\" content=\"1 minute\">\n<script type=\"application\/ld+json\" class=\"yoast-schema-graph\">{\"@context\":\"https:\/\/schema.org\",\"@graph\":[{\"@type\":\"WebSite\",\"@id\":\"https:\/\/hipsb.hr\/#website\",\"url\":\"https:\/\/hipsb.hr\/\",\"name\":\"Hrvatski institut za povijest\",\"description\":\"Podru\\u017enica za povijest Slavonije, Srijema i Baranje\",\"potentialAction\":[{\"@type\":\"SearchAction\",\"target\":\"https:\/\/hipsb.hr\/?s={search_term_string}\",\"query-input\":\"required name=search_term_string\"}],\"inLanguage\":\"en-US\"},{\"@type\":\"ImageObject\",\"@id\":\"https:\/\/hipsb.hr\/en\/proizvod\/republika-hrvatska-i-domovinski-rat-1990-1995-dokumenti-knjiga-18-dokumenti-institucija-pobunjenih-srba-u-republici-hrvatskoj-svibanj-kolovoz-1995\/#primaryimage\",\"inLanguage\":\"en-US\",\"url\":\"https:\/\/hipsb.hr\/wp-content\/uploads\/2015\/11\/drsk_18_web.jpg\",\"contentUrl\":\"https:\/\/hipsb.hr\/wp-content\/uploads\/2015\/11\/drsk_18_web.jpg\",\"width\":480,\"height\":635},{\"@type\":\"WebPage\",\"@id\":\"https:\/\/hipsb.hr\/en\/proizvod\/republika-hrvatska-i-domovinski-rat-1990-1995-dokumenti-knjiga-18-dokumenti-institucija-pobunjenih-srba-u-republici-hrvatskoj-svibanj-kolovoz-1995\/#webpage\",\"url\":\"https:\/\/hipsb.hr\/en\/proizvod\/republika-hrvatska-i-domovinski-rat-1990-1995-dokumenti-knjiga-18-dokumenti-institucija-pobunjenih-srba-u-republici-hrvatskoj-svibanj-kolovoz-1995\/\",\"name\":\"Republika Hrvatska i Domovinski rat 1990.-1995. \\u2013 Dokumenti (knjiga 18): Dokumenti institucija pobunjenih Srba u Republici Hrvatskoj (svibanj \\u2013 kolovoz 1995.) - Hrvatski institut za povijest\",\"isPartOf\":{\"@id\":\"https:\/\/hipsb.hr\/#website\"},\"primaryImageOfPage\":{\"@id\":\"https:\/\/hipsb.hr\/en\/proizvod\/republika-hrvatska-i-domovinski-rat-1990-1995-dokumenti-knjiga-18-dokumenti-institucija-pobunjenih-srba-u-republici-hrvatskoj-svibanj-kolovoz-1995\/#primaryimage\"},\"datePublished\":\"2015-11-28T12:25:12+00:00\",\"dateModified\":\"2026-01-01T15:17:22+00:00\",\"breadcrumb\":{\"@id\":\"https:\/\/hipsb.hr\/en\/proizvod\/republika-hrvatska-i-domovinski-rat-1990-1995-dokumenti-knjiga-18-dokumenti-institucija-pobunjenih-srba-u-republici-hrvatskoj-svibanj-kolovoz-1995\/#breadcrumb\"},\"inLanguage\":\"en-US\",\"potentialAction\":[{\"@type\":\"ReadAction\",\"target\":[\"https:\/\/hipsb.hr\/en\/proizvod\/republika-hrvatska-i-domovinski-rat-1990-1995-dokumenti-knjiga-18-dokumenti-institucija-pobunjenih-srba-u-republici-hrvatskoj-svibanj-kolovoz-1995\/\"]}]},{\"@type\":\"BreadcrumbList\",\"@id\":\"https:\/\/hipsb.hr\/en\/proizvod\/republika-hrvatska-i-domovinski-rat-1990-1995-dokumenti-knjiga-18-dokumenti-institucija-pobunjenih-srba-u-republici-hrvatskoj-svibanj-kolovoz-1995\/#breadcrumb\",\"itemListElement\":[{\"@type\":\"ListItem\",\"position\":1,\"item\":{\"@type\":\"WebPage\",\"@id\":\"https:\/\/hipsb.hr\/en\/\",\"url\":\"https:\/\/hipsb.hr\/en\/\",\"name\":\"Home\"}},{\"@type\":\"ListItem\",\"position\":2,\"item\":{\"@type\":\"WebPage\",\"@id\":\"http:\/\/hipsb.hr\/shop\/\",\"url\":\"http:\/\/hipsb.hr\/shop\/\",\"name\":\"Proizvodi\"}},{\"@type\":\"ListItem\",\"position\":3,\"item\":{\"@type\":\"WebPage\",\"@id\":\"https:\/\/hipsb.hr\/en\/proizvod\/republika-hrvatska-i-domovinski-rat-1990-1995-dokumenti-knjiga-18-dokumenti-institucija-pobunjenih-srba-u-republici-hrvatskoj-svibanj-kolovoz-1995\/\",\"url\":\"https:\/\/hipsb.hr\/en\/proizvod\/republika-hrvatska-i-domovinski-rat-1990-1995-dokumenti-knjiga-18-dokumenti-institucija-pobunjenih-srba-u-republici-hrvatskoj-svibanj-kolovoz-1995\/\",\"name\":\"Republika Hrvatska i Domovinski rat 1990.-1995. \\u2013 Dokumenti (knjiga 18): Dokumenti institucija pobunjenih Srba u Republici Hrvatskoj (svibanj \\u2013 kolovoz 1995.)\"}}]}]}<\/script>\n<!-- \/ Yoast SEO plugin. -->","_links":{"self":[{"href":"https:\/\/hipsb.hr\/en\/wp-json\/wp\/v2\/product\/4195"}],"collection":[{"href":"https:\/\/hipsb.hr\/en\/wp-json\/wp\/v2\/product"}],"about":[{"href":"https:\/\/hipsb.hr\/en\/wp-json\/wp\/v2\/types\/product"}],"replies":[{"embeddable":true,"href":"https:\/\/hipsb.hr\/en\/wp-json\/wp\/v2\/comments?post=4195"}],"wp:featuredmedia":[{"embeddable":true,"href":"https:\/\/hipsb.hr\/en\/wp-json\/wp\/v2\/media\/4198"}],"wp:attachment":[{"href":"https:\/\/hipsb.hr\/en\/wp-json\/wp\/v2\/media?parent=4195"}],"curies":[{"name":"wp","href":"https:\/\/api.w.org\/{rel}","templated":true}]}}