{"id":4226,"date":"2015-12-31T08:26:44","date_gmt":"2015-12-31T07:26:44","guid":{"rendered":"http:\/\/hipsb.hr\/?post_type=product&#038;p=4226"},"modified":"2026-01-01T16:17:40","modified_gmt":"2026-01-01T15:17:40","slug":"prilozi-za-povijest-broda-i-okolice-knjiga-2","status":"publish","type":"product","link":"https:\/\/hipsb.hr\/en\/proizvod\/prilozi-za-povijest-broda-i-okolice-knjiga-2\/","title":{"rendered":"Prilozi za povijest Broda i okolice. Knjiga 2"},"content":{"rendered":"<p>Druga knjiga Priloga za povijest Broda i okolice uglavnom je posve\u0107ena temama iz 20. stolje\u0107a, kojima se bavi \u0161est od osam zastupljenih autora: I. Miku\u0161 je obradio osnivanje i djelovanje \u201eHrvatskog orla\u201c u Brodu i Brodskom Varo\u0161u, N. Bari\u0107 ulogu Broda kao \u017eeljezni\u010dkog \u010dvori\u0161ta u krijum\u010darenju hrane u NDH, M. Tomas krizu poduze\u0107a \u201e\u0110uro \u0110akovi\u0107\u201c od demokratskih promjena do Domovinskog rata, dok su tri priloga komentirane arivske gra\u0111e (o tvrtkama u Brodu\u00a0 1919. \u2013 1923., posjetu Bro\u0111ana grobu Aleksandra I. Kara\u0111or\u0111evi\u0107a 1934. i pjesmama iz logora Krndija 1945. \u2013 1946.) priredili M. Artukovi\u0107 , D. Zovak i V. Geiger. L. Jakop\u010di\u0107 autor je ekohistorijski usmjerenog poglavlja Crtice iz \u017eivota rijeke Save \u2013 slo\u017eeni procesi 18. stolje\u0107a, a najopse\u017eniji je u zborniku prilog D. Hrka\u0107a, naslovljen Neki aspekti povijesti mentaliteta kroz brodske katoli\u010dke mati\u010dne knjige od 1780. do 1850. godine.<\/p>\n","protected":false},"excerpt":{"rendered":"<p>Druga knjiga Priloga za povijest Broda i okolice uglavnom je posve\u0107ena temama iz 20. stolje\u0107a, kojima se bavi \u0161est od osam zastupljenih autora: I. Miku\u0161 je obradio osnivanje i djelovanje \u201eHrvatskog orla\u201c u Brodu i Brodskom Varo\u0161u, N. Bari\u0107 ulogu Broda kao \u017eeljezni\u010dkog \u010dvori\u0161ta u krijum\u010darenju hrane u NDH, M. Tomas krizu poduze\u0107a \u201e\u0110uro \u0110akovi\u0107\u201c [&hellip;]<\/p>\n","protected":false},"featured_media":4569,"comment_status":"closed","ping_status":"closed","template":"","meta":[],"yoast_head":"<!-- This site is optimized with the Yoast SEO plugin v16.1.1 - https:\/\/yoast.com\/wordpress\/plugins\/seo\/ -->\n<title>Prilozi za povijest Broda i okolice. Knjiga 2 - Hrvatski institut za povijest<\/title>\n<link rel=\"canonical\" href=\"https:\/\/hipsb.hr\/en\/proizvod\/prilozi-za-povijest-broda-i-okolice-knjiga-2\/\" \/>\n<meta property=\"og:locale\" content=\"en_US\" \/>\n<meta property=\"og:type\" content=\"article\" \/>\n<meta property=\"og:title\" content=\"Prilozi za povijest Broda i okolice. Knjiga 2 - Hrvatski institut za povijest\" \/>\n<meta property=\"og:description\" content=\"Druga knjiga Priloga za povijest Broda i okolice uglavnom je posve\u0107ena temama iz 20. stolje\u0107a, kojima se bavi \u0161est od osam zastupljenih autora: I. Miku\u0161 je obradio osnivanje i djelovanje \u201eHrvatskog orla\u201c u Brodu i Brodskom Varo\u0161u, N. Bari\u0107 ulogu Broda kao \u017eeljezni\u010dkog \u010dvori\u0161ta u krijum\u010darenju hrane u NDH, M. Tomas krizu poduze\u0107a \u201e\u0110uro \u0110akovi\u0107\u201c [&hellip;]\" \/>\n<meta property=\"og:url\" content=\"https:\/\/hipsb.hr\/en\/proizvod\/prilozi-za-povijest-broda-i-okolice-knjiga-2\/\" \/>\n<meta property=\"og:site_name\" content=\"Hrvatski institut za povijest\" \/>\n<meta property=\"article:modified_time\" content=\"2026-01-01T15:17:40+00:00\" \/>\n<meta property=\"og:image\" content=\"https:\/\/hipsb.hr\/wp-content\/uploads\/2015\/12\/ppbio_2.jpg\" \/>\n\t<meta property=\"og:image:width\" content=\"428\" \/>\n\t<meta property=\"og:image:height\" content=\"640\" \/>\n<meta name=\"twitter:label1\" content=\"Est. reading time\">\n\t<meta name=\"twitter:data1\" content=\"1 minute\">\n<script type=\"application\/ld+json\" class=\"yoast-schema-graph\">{\"@context\":\"https:\/\/schema.org\",\"@graph\":[{\"@type\":\"WebSite\",\"@id\":\"https:\/\/hipsb.hr\/#website\",\"url\":\"https:\/\/hipsb.hr\/\",\"name\":\"Hrvatski institut za povijest\",\"description\":\"Podru\\u017enica za povijest Slavonije, Srijema i Baranje\",\"potentialAction\":[{\"@type\":\"SearchAction\",\"target\":\"https:\/\/hipsb.hr\/?s={search_term_string}\",\"query-input\":\"required name=search_term_string\"}],\"inLanguage\":\"en-US\"},{\"@type\":\"ImageObject\",\"@id\":\"https:\/\/hipsb.hr\/en\/proizvod\/prilozi-za-povijest-broda-i-okolice-knjiga-2\/#primaryimage\",\"inLanguage\":\"en-US\",\"url\":\"https:\/\/hipsb.hr\/wp-content\/uploads\/2015\/12\/ppbio_2.jpg\",\"contentUrl\":\"https:\/\/hipsb.hr\/wp-content\/uploads\/2015\/12\/ppbio_2.jpg\",\"width\":428,\"height\":640},{\"@type\":\"WebPage\",\"@id\":\"https:\/\/hipsb.hr\/en\/proizvod\/prilozi-za-povijest-broda-i-okolice-knjiga-2\/#webpage\",\"url\":\"https:\/\/hipsb.hr\/en\/proizvod\/prilozi-za-povijest-broda-i-okolice-knjiga-2\/\",\"name\":\"Prilozi za povijest Broda i okolice. Knjiga 2 - Hrvatski institut za povijest\",\"isPartOf\":{\"@id\":\"https:\/\/hipsb.hr\/#website\"},\"primaryImageOfPage\":{\"@id\":\"https:\/\/hipsb.hr\/en\/proizvod\/prilozi-za-povijest-broda-i-okolice-knjiga-2\/#primaryimage\"},\"datePublished\":\"2015-12-31T07:26:44+00:00\",\"dateModified\":\"2026-01-01T15:17:40+00:00\",\"breadcrumb\":{\"@id\":\"https:\/\/hipsb.hr\/en\/proizvod\/prilozi-za-povijest-broda-i-okolice-knjiga-2\/#breadcrumb\"},\"inLanguage\":\"en-US\",\"potentialAction\":[{\"@type\":\"ReadAction\",\"target\":[\"https:\/\/hipsb.hr\/en\/proizvod\/prilozi-za-povijest-broda-i-okolice-knjiga-2\/\"]}]},{\"@type\":\"BreadcrumbList\",\"@id\":\"https:\/\/hipsb.hr\/en\/proizvod\/prilozi-za-povijest-broda-i-okolice-knjiga-2\/#breadcrumb\",\"itemListElement\":[{\"@type\":\"ListItem\",\"position\":1,\"item\":{\"@type\":\"WebPage\",\"@id\":\"https:\/\/hipsb.hr\/en\/\",\"url\":\"https:\/\/hipsb.hr\/en\/\",\"name\":\"Home\"}},{\"@type\":\"ListItem\",\"position\":2,\"item\":{\"@type\":\"WebPage\",\"@id\":\"http:\/\/hipsb.hr\/shop\/\",\"url\":\"http:\/\/hipsb.hr\/shop\/\",\"name\":\"Proizvodi\"}},{\"@type\":\"ListItem\",\"position\":3,\"item\":{\"@type\":\"WebPage\",\"@id\":\"https:\/\/hipsb.hr\/en\/proizvod\/prilozi-za-povijest-broda-i-okolice-knjiga-2\/\",\"url\":\"https:\/\/hipsb.hr\/en\/proizvod\/prilozi-za-povijest-broda-i-okolice-knjiga-2\/\",\"name\":\"Prilozi za povijest Broda i okolice. Knjiga 2\"}}]}]}<\/script>\n<!-- \/ Yoast SEO plugin. -->","_links":{"self":[{"href":"https:\/\/hipsb.hr\/en\/wp-json\/wp\/v2\/product\/4226"}],"collection":[{"href":"https:\/\/hipsb.hr\/en\/wp-json\/wp\/v2\/product"}],"about":[{"href":"https:\/\/hipsb.hr\/en\/wp-json\/wp\/v2\/types\/product"}],"replies":[{"embeddable":true,"href":"https:\/\/hipsb.hr\/en\/wp-json\/wp\/v2\/comments?post=4226"}],"wp:featuredmedia":[{"embeddable":true,"href":"https:\/\/hipsb.hr\/en\/wp-json\/wp\/v2\/media\/4569"}],"wp:attachment":[{"href":"https:\/\/hipsb.hr\/en\/wp-json\/wp\/v2\/media?parent=4226"}],"curies":[{"name":"wp","href":"https:\/\/api.w.org\/{rel}","templated":true}]}}