{"id":4564,"date":"2016-04-06T14:29:30","date_gmt":"2016-04-06T12:29:30","guid":{"rendered":"http:\/\/hipsb.hr\/?post_type=product&#038;p=4564"},"modified":"2025-11-20T10:55:53","modified_gmt":"2025-11-20T09:55:53","slug":"pozeski-sandzak-i-osmanska-slavonija","status":"publish","type":"product","link":"https:\/\/hipsb.hr\/en\/proizvod\/pozeski-sandzak-i-osmanska-slavonija\/","title":{"rendered":"Po\u017ee\u0161ki sand\u017eak i osmanska Slavonija"},"content":{"rendered":"<p>Povijest\u00a0Slavonije u osmanskom periodu dugo je vremena bila, za \u0161to je vi\u0161e razloga, predstavljena samo na osnovi neosmanskih izvora. Jedan od razloga je taj \u0161to je osmanski jezik jedan konglomerat sastavljen od turskog, arapskog i perzijskog jezika, tako da se moralo posjedovati znanje sva tri ova jezika, da bi se rukom pisani dokument mogao pro\u010ditati i prevesti.<\/p>\n<p>Radovi\/rasprave sakupljene u ovom izdanju dr. Hafizovi\u0107 napisala je upravo na temelju izvora osmanske provenijencije, a odnose se na povijest <em>Po\u017ee\u0161kog sand\u017eaka<\/em> \u2013 upravna jedinica u Osmanskom carstvu stvorena nakon \u0161to su osmanske snage osvojile Po\u017eegu 1537. godine. Kao pograni\u010dni sand\u017eak odr\u017eao se sve do 1691. godine.<\/p>\n<p>Neki od njih su prvi radovi koje je uop\u0107e napisala, po\u010dinju\u0107i se baviti ovim poslom, a njihova je najve\u0107a vrijednost upravo u njihovoj apsolutnoj oslonjenosti na izvore. To su podaci koji se ne mogu falsificirati ili zanemariti.<\/p>\n<p>Radovi\/rasprave objavljene su u vi\u0161e znanstvenih \u010dasopisa, \u010diji se nazivi nalaze u fusnotama, a poredani su kronolo\u0161ki, kako su i objavljivani. Svaki rad je dora\u0111en u me\u0111uvremenu prona\u0111enim novim podacima, bilo da su oni direktno iz izvora, bilo iz literature koja se u proteklom vremenu pojavila. Novi podaci priop\u0107eni su u fusnotama, dok je osnovni tekst uglavnom ostao isti. Tako\u0111er su dodata i ne\u0161to \u0161ira obja\u0161njenja manje poznatih termina, na mjestu gdje se svaki od njih prvi put spominje.<\/p>\n","protected":false},"excerpt":{"rendered":"<p>Povijest\u00a0Slavonije u osmanskom periodu dugo je vremena bila, za \u0161to je vi\u0161e razloga, predstavljena samo na osnovi neosmanskih izvora. Jedan od razloga je taj \u0161to je osmanski jezik jedan konglomerat sastavljen od turskog, arapskog i perzijskog jezika, tako da se moralo posjedovati znanje sva tri ova jezika, da bi se rukom pisani dokument mogao pro\u010ditati [&hellip;]<\/p>\n","protected":false},"featured_media":4571,"comment_status":"closed","ping_status":"closed","template":"","meta":[],"yoast_head":"<!-- This site is optimized with the Yoast SEO plugin v16.1.1 - https:\/\/yoast.com\/wordpress\/plugins\/seo\/ -->\n<title>Po\u017ee\u0161ki sand\u017eak i osmanska Slavonija - Hrvatski institut za povijest<\/title>\n<link rel=\"canonical\" href=\"https:\/\/hipsb.hr\/proizvod\/pozeski-sandzak-i-osmanska-slavonija\/\" \/>\n<meta property=\"og:locale\" content=\"en_US\" \/>\n<meta property=\"og:type\" content=\"article\" \/>\n<meta property=\"og:title\" content=\"Po\u017ee\u0161ki sand\u017eak i osmanska Slavonija - Hrvatski institut za povijest\" \/>\n<meta property=\"og:description\" content=\"Povijest\u00a0Slavonije u osmanskom periodu dugo je vremena bila, za \u0161to je vi\u0161e razloga, predstavljena samo na osnovi neosmanskih izvora. Jedan od razloga je taj \u0161to je osmanski jezik jedan konglomerat sastavljen od turskog, arapskog i perzijskog jezika, tako da se moralo posjedovati znanje sva tri ova jezika, da bi se rukom pisani dokument mogao pro\u010ditati [&hellip;]\" \/>\n<meta property=\"og:url\" content=\"https:\/\/hipsb.hr\/proizvod\/pozeski-sandzak-i-osmanska-slavonija\/\" \/>\n<meta property=\"og:site_name\" content=\"Hrvatski institut za povijest\" \/>\n<meta property=\"article:modified_time\" content=\"2025-11-20T09:55:53+00:00\" \/>\n<meta property=\"og:image\" content=\"https:\/\/hipsb.hr\/wp-content\/uploads\/2016\/04\/pozeski_sandzak.jpg\" \/>\n\t<meta property=\"og:image:width\" content=\"438\" \/>\n\t<meta property=\"og:image:height\" content=\"640\" \/>\n<meta name=\"twitter:label1\" content=\"Est. reading time\">\n\t<meta name=\"twitter:data1\" content=\"1 minute\">\n<script type=\"application\/ld+json\" class=\"yoast-schema-graph\">{\"@context\":\"https:\/\/schema.org\",\"@graph\":[{\"@type\":\"WebSite\",\"@id\":\"http:\/\/hipsb.hr\/#website\",\"url\":\"http:\/\/hipsb.hr\/\",\"name\":\"Hrvatski institut za povijest\",\"description\":\"Podru\\u017enica za povijest Slavonije, Srijema i Baranje\",\"potentialAction\":[{\"@type\":\"SearchAction\",\"target\":\"http:\/\/hipsb.hr\/?s={search_term_string}\",\"query-input\":\"required name=search_term_string\"}],\"inLanguage\":\"en-US\"},{\"@type\":\"ImageObject\",\"@id\":\"https:\/\/hipsb.hr\/proizvod\/pozeski-sandzak-i-osmanska-slavonija\/#primaryimage\",\"inLanguage\":\"en-US\",\"url\":\"https:\/\/hipsb.hr\/wp-content\/uploads\/2016\/04\/pozeski_sandzak.jpg\",\"contentUrl\":\"https:\/\/hipsb.hr\/wp-content\/uploads\/2016\/04\/pozeski_sandzak.jpg\",\"width\":438,\"height\":640},{\"@type\":\"WebPage\",\"@id\":\"https:\/\/hipsb.hr\/proizvod\/pozeski-sandzak-i-osmanska-slavonija\/#webpage\",\"url\":\"https:\/\/hipsb.hr\/proizvod\/pozeski-sandzak-i-osmanska-slavonija\/\",\"name\":\"Po\\u017ee\\u0161ki sand\\u017eak i osmanska Slavonija - Hrvatski institut za povijest\",\"isPartOf\":{\"@id\":\"http:\/\/hipsb.hr\/#website\"},\"primaryImageOfPage\":{\"@id\":\"https:\/\/hipsb.hr\/proizvod\/pozeski-sandzak-i-osmanska-slavonija\/#primaryimage\"},\"datePublished\":\"2016-04-06T12:29:30+00:00\",\"dateModified\":\"2025-11-20T09:55:53+00:00\",\"breadcrumb\":{\"@id\":\"https:\/\/hipsb.hr\/proizvod\/pozeski-sandzak-i-osmanska-slavonija\/#breadcrumb\"},\"inLanguage\":\"en-US\",\"potentialAction\":[{\"@type\":\"ReadAction\",\"target\":[\"https:\/\/hipsb.hr\/proizvod\/pozeski-sandzak-i-osmanska-slavonija\/\"]}]},{\"@type\":\"BreadcrumbList\",\"@id\":\"https:\/\/hipsb.hr\/proizvod\/pozeski-sandzak-i-osmanska-slavonija\/#breadcrumb\",\"itemListElement\":[{\"@type\":\"ListItem\",\"position\":1,\"item\":{\"@type\":\"WebPage\",\"@id\":\"http:\/\/hipsb.hr\/en\/\",\"url\":\"http:\/\/hipsb.hr\/en\/\",\"name\":\"Home\"}},{\"@type\":\"ListItem\",\"position\":2,\"item\":{\"@type\":\"WebPage\",\"@id\":\"http:\/\/hipsb.hr\/shop\/\",\"url\":\"http:\/\/hipsb.hr\/shop\/\",\"name\":\"Proizvodi\"}},{\"@type\":\"ListItem\",\"position\":3,\"item\":{\"@type\":\"WebPage\",\"@id\":\"https:\/\/hipsb.hr\/proizvod\/pozeski-sandzak-i-osmanska-slavonija\/\",\"url\":\"https:\/\/hipsb.hr\/proizvod\/pozeski-sandzak-i-osmanska-slavonija\/\",\"name\":\"Po\\u017ee\\u0161ki sand\\u017eak i osmanska Slavonija\"}}]}]}<\/script>\n<!-- \/ Yoast SEO plugin. -->","_links":{"self":[{"href":"https:\/\/hipsb.hr\/en\/wp-json\/wp\/v2\/product\/4564"}],"collection":[{"href":"https:\/\/hipsb.hr\/en\/wp-json\/wp\/v2\/product"}],"about":[{"href":"https:\/\/hipsb.hr\/en\/wp-json\/wp\/v2\/types\/product"}],"replies":[{"embeddable":true,"href":"https:\/\/hipsb.hr\/en\/wp-json\/wp\/v2\/comments?post=4564"}],"wp:featuredmedia":[{"embeddable":true,"href":"https:\/\/hipsb.hr\/en\/wp-json\/wp\/v2\/media\/4571"}],"wp:attachment":[{"href":"https:\/\/hipsb.hr\/en\/wp-json\/wp\/v2\/media?parent=4564"}],"curies":[{"name":"wp","href":"https:\/\/api.w.org\/{rel}","templated":true}]}}