{"id":797,"date":"2013-01-01T11:40:13","date_gmt":"2013-01-01T10:40:13","guid":{"rendered":"http:\/\/hipsb.hr\/?post_type=product&#038;p=797"},"modified":"2026-01-01T15:29:56","modified_gmt":"2026-01-01T14:29:56","slug":"cudesa-svetoga-ivana-kapistrana","status":"publish","type":"product","link":"https:\/\/hipsb.hr\/en\/proizvod\/cudesa-svetoga-ivana-kapistrana\/","title":{"rendered":"\u010cudesa svetoga Ivana Kapistrana"},"content":{"rendered":"<p>&#8220;Autor ove knjige, stru\u010dnjak jezi\u010dno-knji\u017eevne provenijencije (\u0161to se, uostalom, vidi i iz njegova domi\u0161ljatog stila pisanja, koji, \u010dak i u trenucima kada bi se o\u010dekivalo da bude takav, nije suhoparan) tako\u0111er je i odli\u010dan povjesni\u010dar, upu\u0107en u doma\u0107a i strana historiografska dostignu\u0107a na polju hagiografije i rnedijevistike, te s o\u010diglednim talentom za uo\u010davanje povijesnih analogija&#8230;&#8221;<br \/>\nBo\u017eidar Domagoj Buri\u0107, <span style=\"font-style: italic;\">Historijski zbornik<\/span><\/p>\n<p>&#8220;&#8230; Zato su izvje\u0161\u0107a o \u010dudesima ujedno i vrijedna gra\u0111a za prou\u010davanje ljudi, obi\u010daja i povijesti mjesta u kojima su se ona dogodila. Time je Andri\u0107eva studija prilog povijesti Iloka, okolnih naselja, Srijema, franjeva\u010dkoga \u017eivota i opservancije na tome tlu&#8230;&#8221;<br \/>\nAndrija Zirdum, <span style=\"font-style: italic;\">Bosna Franciscana\u00a0<\/span><\/p>\n<p>&#8220;Monografija <span style=\"font-style: italic;\">\u010cudesa svetoga Ivana Kapistrana<\/span> prati kronolo\u0161ku nit sve\u010deva \u017eivota, zaustavlja se poslije smrti te klasificira i tuma\u010di \u010dudesa u\u010dinjena u pravom vremenu sveta\u010dke djelatnosti &#8211; post mortem (&#8230;) Grupiraju\u0107i Kapistranova \u010dudesa prema na\u010dinu njihove proizvodnje i\/ili statusu fikcionalnosti doga\u0111aja, Andri\u0107 dolazi do sedrnero\u010dlane ljestvice koja prikazuje prili\u010dan stupanj disparatnosti \u010duda&#8230;&#8221;<br \/>\nAndrea Zlatar, <span style=\"font-style: italic;\">Zarez\u00a0<\/span><\/p>\n<p>&#8220;Minuciozna faktografija likova i nedvojbena povijesna utemeljenost fabule ne \u010dine pri\u010du neprohodnom njegovom veli\u010danstvu prosje\u010dnom \u010ditatelju, prosje\u010dno upu\u0107enom i prosje\u010dno zainteresiranom. Podvrgavaju\u0107i drevni hagiografski \u017eanr nepristranoj (ali dobronamjernoj) znanstvenoj skepsi, Andri\u0107eva knjiga zanimljiva je slitina koja u\u017eitak \u010ditanja znala\u010dki prilago\u0111uje vrsti i dimenziji \u010ditateijeva interesa.&#8221;<br \/>\nDavor \u0160i\u0161manovi\u0107, <span style=\"font-style: italic;\">Vjesnik<\/span><\/p>\n","protected":false},"excerpt":{"rendered":"<p>&#8220;Autor ove knjige, stru\u010dnjak jezi\u010dno-knji\u017eevne provenijencije (\u0161to se, uostalom, vidi i iz njegova domi\u0161ljatog stila pisanja, koji, \u010dak i u trenucima kada bi se o\u010dekivalo da bude takav, nije suhoparan) tako\u0111er je i odli\u010dan povjesni\u010dar, upu\u0107en u doma\u0107a i strana historiografska dostignu\u0107a na polju hagiografije i rnedijevistike, te s o\u010diglednim talentom za uo\u010davanje povijesnih analogija&#8230;&#8221; [&hellip;]<\/p>\n","protected":false},"featured_media":798,"comment_status":"open","ping_status":"closed","template":"","meta":[],"yoast_head":"<!-- This site is optimized with the Yoast SEO plugin v16.1.1 - https:\/\/yoast.com\/wordpress\/plugins\/seo\/ -->\n<title>\u010cudesa svetoga Ivana Kapistrana - Hrvatski institut za povijest<\/title>\n<link rel=\"canonical\" href=\"https:\/\/hipsb.hr\/proizvod\/cudesa-svetoga-ivana-kapistrana\/\" \/>\n<meta property=\"og:locale\" content=\"en_US\" \/>\n<meta property=\"og:type\" content=\"article\" \/>\n<meta property=\"og:title\" content=\"\u010cudesa svetoga Ivana Kapistrana - Hrvatski institut za povijest\" \/>\n<meta property=\"og:description\" content=\"&#8220;Autor ove knjige, stru\u010dnjak jezi\u010dno-knji\u017eevne provenijencije (\u0161to se, uostalom, vidi i iz njegova domi\u0161ljatog stila pisanja, koji, \u010dak i u trenucima kada bi se o\u010dekivalo da bude takav, nije suhoparan) tako\u0111er je i odli\u010dan povjesni\u010dar, upu\u0107en u doma\u0107a i strana historiografska dostignu\u0107a na polju hagiografije i rnedijevistike, te s o\u010diglednim talentom za uo\u010davanje povijesnih analogija&#8230;&#8221; [&hellip;]\" \/>\n<meta property=\"og:url\" content=\"https:\/\/hipsb.hr\/proizvod\/cudesa-svetoga-ivana-kapistrana\/\" \/>\n<meta property=\"og:site_name\" content=\"Hrvatski institut za povijest\" \/>\n<meta property=\"article:modified_time\" content=\"2026-01-01T14:29:56+00:00\" \/>\n<meta property=\"og:image\" content=\"https:\/\/hipsb.hr\/wp-content\/uploads\/2013\/01\/9_cudesa.jpg\" \/>\n\t<meta property=\"og:image:width\" content=\"465\" \/>\n\t<meta property=\"og:image:height\" content=\"678\" \/>\n<meta name=\"twitter:label1\" content=\"Est. reading time\">\n\t<meta name=\"twitter:data1\" content=\"1 minute\">\n<script type=\"application\/ld+json\" class=\"yoast-schema-graph\">{\"@context\":\"https:\/\/schema.org\",\"@graph\":[{\"@type\":\"WebSite\",\"@id\":\"https:\/\/hipsb.hr\/#website\",\"url\":\"https:\/\/hipsb.hr\/\",\"name\":\"Hrvatski institut za povijest\",\"description\":\"Podru\\u017enica za povijest Slavonije, Srijema i Baranje\",\"potentialAction\":[{\"@type\":\"SearchAction\",\"target\":\"https:\/\/hipsb.hr\/?s={search_term_string}\",\"query-input\":\"required name=search_term_string\"}],\"inLanguage\":\"en-US\"},{\"@type\":\"ImageObject\",\"@id\":\"https:\/\/hipsb.hr\/proizvod\/cudesa-svetoga-ivana-kapistrana\/#primaryimage\",\"inLanguage\":\"en-US\",\"url\":\"https:\/\/hipsb.hr\/wp-content\/uploads\/2013\/01\/9_cudesa.jpg\",\"contentUrl\":\"https:\/\/hipsb.hr\/wp-content\/uploads\/2013\/01\/9_cudesa.jpg\",\"width\":465,\"height\":678},{\"@type\":\"WebPage\",\"@id\":\"https:\/\/hipsb.hr\/proizvod\/cudesa-svetoga-ivana-kapistrana\/#webpage\",\"url\":\"https:\/\/hipsb.hr\/proizvod\/cudesa-svetoga-ivana-kapistrana\/\",\"name\":\"\\u010cudesa svetoga Ivana Kapistrana - Hrvatski institut za povijest\",\"isPartOf\":{\"@id\":\"https:\/\/hipsb.hr\/#website\"},\"primaryImageOfPage\":{\"@id\":\"https:\/\/hipsb.hr\/proizvod\/cudesa-svetoga-ivana-kapistrana\/#primaryimage\"},\"datePublished\":\"2013-01-01T10:40:13+00:00\",\"dateModified\":\"2026-01-01T14:29:56+00:00\",\"breadcrumb\":{\"@id\":\"https:\/\/hipsb.hr\/proizvod\/cudesa-svetoga-ivana-kapistrana\/#breadcrumb\"},\"inLanguage\":\"en-US\",\"potentialAction\":[{\"@type\":\"ReadAction\",\"target\":[\"https:\/\/hipsb.hr\/proizvod\/cudesa-svetoga-ivana-kapistrana\/\"]}]},{\"@type\":\"BreadcrumbList\",\"@id\":\"https:\/\/hipsb.hr\/proizvod\/cudesa-svetoga-ivana-kapistrana\/#breadcrumb\",\"itemListElement\":[{\"@type\":\"ListItem\",\"position\":1,\"item\":{\"@type\":\"WebPage\",\"@id\":\"https:\/\/hipsb.hr\/en\/\",\"url\":\"https:\/\/hipsb.hr\/en\/\",\"name\":\"Home\"}},{\"@type\":\"ListItem\",\"position\":2,\"item\":{\"@type\":\"WebPage\",\"@id\":\"http:\/\/hipsb.hr\/shop\/\",\"url\":\"http:\/\/hipsb.hr\/shop\/\",\"name\":\"Proizvodi\"}},{\"@type\":\"ListItem\",\"position\":3,\"item\":{\"@type\":\"WebPage\",\"@id\":\"https:\/\/hipsb.hr\/proizvod\/cudesa-svetoga-ivana-kapistrana\/\",\"url\":\"https:\/\/hipsb.hr\/proizvod\/cudesa-svetoga-ivana-kapistrana\/\",\"name\":\"\\u010cudesa svetoga Ivana Kapistrana\"}}]}]}<\/script>\n<!-- \/ Yoast SEO plugin. -->","_links":{"self":[{"href":"https:\/\/hipsb.hr\/en\/wp-json\/wp\/v2\/product\/797"}],"collection":[{"href":"https:\/\/hipsb.hr\/en\/wp-json\/wp\/v2\/product"}],"about":[{"href":"https:\/\/hipsb.hr\/en\/wp-json\/wp\/v2\/types\/product"}],"replies":[{"embeddable":true,"href":"https:\/\/hipsb.hr\/en\/wp-json\/wp\/v2\/comments?post=797"}],"wp:featuredmedia":[{"embeddable":true,"href":"https:\/\/hipsb.hr\/en\/wp-json\/wp\/v2\/media\/798"}],"wp:attachment":[{"href":"https:\/\/hipsb.hr\/en\/wp-json\/wp\/v2\/media?parent=797"}],"curies":[{"name":"wp","href":"https:\/\/api.w.org\/{rel}","templated":true}]}}