{"id":800,"date":"2013-01-01T11:48:54","date_gmt":"2013-01-01T10:48:54","guid":{"rendered":"http:\/\/hipsb.hr\/?post_type=product&#038;p=800"},"modified":"2026-01-01T15:30:31","modified_gmt":"2026-01-01T14:30:31","slug":"srijem-naselja-i-stanovnistvo","status":"publish","type":"product","link":"https:\/\/hipsb.hr\/en\/proizvod\/srijem-naselja-i-stanovnistvo\/","title":{"rendered":"Srijem \u2013 naselja i stanovni\u0161tvo"},"content":{"rendered":"<p>Tek u novije vrijeme priznaje se dr. Rudolfu Horvatu pripadnost grupi najuglednijih povjesni\u010dara Hrvatske. Zbog otvorenosti i pisanja bio je \u010desto proganjan, pa je, kako bi mogao svoje poruke slati u narod, \u010desto pribjegavao novinarskom radu objavljuju\u0107i stotine i stotine povijesnih crtica. Me\u0111utim, kada se ovi fragmenti slo\u017ee, tada se vidi svrha Horvatova pisanja. Nikada nije uspio objaviti i ovo, sada prvi put objavljeno, djelo o Srijemu. Ono svakako ima politi\u010dku svrhu, a Horval je \u017eelio pokazati velike promjene na ovom, pripadnicima mnogih naroda, vrlo po\u017eeljnom bogatom podru\u010dju izme\u0111u Dunava i Save te na ogromne promjene koje su nastale pod utjecajem Osmanlija, utjecajem Habsbur\u0161ke odnosno Austro-Ugarske monarhije i jugoslavenske dr\u017eave poslije 1918. godine.<br \/>\nRudolf Horvat je ro\u0111en u Koprivnici 14. o\u017eujka 1873. godine, a umro u Zagrebu 25. svibnja 1947. Horvat je u Koprivnici polazio pu\u010dku \u0161kolu. Ni\u017eu gimnaziju polazi u Zagrebu, dva razreda gimnazije u Vara\u017edinu, zadnja dva u zagreba\u010dkom nadbiskupskom liceju, a maturu pola\u017ee na gornjogradskoj gimnaziji 1892. godine. Sveu\u010dili\u0161ne studije po\u010deo je na Bogoslovnom fakultetu u Zagrebu, ali je isklju\u010den zbog svoga kriti\u010dkoga stava, pa prelazi na Filozofski fakultet u Zagrebu gdje godine 1897. zavr\u0161ava povijest i zemljopis. Doktorirao je ve\u0107 sljede\u0107e godine disertacijom &#8220;Kralj Tomislav i njegovo doba&#8221;. Djelovao je kao gimnazijski profesor u Osijeku, Zemunu, Petrinji i Zagrebu; \u010desto je bio izlo\u017een progonima, otpu\u0161tanjima i premje\u0161tajima. Bio je vrlo aktivan u Hrvatskom sokolu, Hrvatskoj \u017eeni, Dru\u0161tvu bra\u0107e hrvatskoga zmaja, Hrvatskom Radi\u0161i, a sam je osnovao dru\u0161tvo Rodoljub. Bio je i urednik povijesnoga \u010dasopisa Hrvatska pro\u0161lost (1940. -1943.). U godini 1945. je su\u0111en zbog pisanja knjige &#8220;Hrvatska na mu\u010dili\u0161tu&#8221; (Zagreb, 1942.). Me\u0111utim, unato\u010d vrlo napetom \u017eivotu uspio je objaviti 56 knjiga i vi\u0161e od 1.100 \u010dlanaka u raznim novinama.<\/p>\n","protected":false},"excerpt":{"rendered":"<p>Tek u novije vrijeme priznaje se dr. Rudolfu Horvatu pripadnost grupi najuglednijih povjesni\u010dara Hrvatske. Zbog otvorenosti i pisanja bio je \u010desto proganjan, pa je, kako bi mogao svoje poruke slati u narod, \u010desto pribjegavao novinarskom radu objavljuju\u0107i stotine i stotine povijesnih crtica. Me\u0111utim, kada se ovi fragmenti slo\u017ee, tada se vidi svrha Horvatova pisanja. Nikada [&hellip;]<\/p>\n","protected":false},"featured_media":799,"comment_status":"open","ping_status":"closed","template":"","meta":[],"yoast_head":"<!-- This site is optimized with the Yoast SEO plugin v16.1.1 - https:\/\/yoast.com\/wordpress\/plugins\/seo\/ -->\n<title>Srijem \u2013 naselja i stanovni\u0161tvo - Hrvatski institut za povijest<\/title>\n<link rel=\"canonical\" href=\"http:\/\/hipsb.hr\/proizvod\/srijem-naselja-i-stanovnistvo\/\" \/>\n<meta property=\"og:locale\" content=\"en_US\" \/>\n<meta property=\"og:type\" content=\"article\" \/>\n<meta property=\"og:title\" content=\"Srijem \u2013 naselja i stanovni\u0161tvo - Hrvatski institut za povijest\" \/>\n<meta property=\"og:description\" content=\"Tek u novije vrijeme priznaje se dr. Rudolfu Horvatu pripadnost grupi najuglednijih povjesni\u010dara Hrvatske. Zbog otvorenosti i pisanja bio je \u010desto proganjan, pa je, kako bi mogao svoje poruke slati u narod, \u010desto pribjegavao novinarskom radu objavljuju\u0107i stotine i stotine povijesnih crtica. Me\u0111utim, kada se ovi fragmenti slo\u017ee, tada se vidi svrha Horvatova pisanja. Nikada [&hellip;]\" \/>\n<meta property=\"og:url\" content=\"http:\/\/hipsb.hr\/proizvod\/srijem-naselja-i-stanovnistvo\/\" \/>\n<meta property=\"og:site_name\" content=\"Hrvatski institut za povijest\" \/>\n<meta property=\"article:modified_time\" content=\"2026-01-01T14:30:31+00:00\" \/>\n<meta property=\"og:image\" content=\"https:\/\/hipsb.hr\/wp-content\/uploads\/2013\/01\/10_srijem.jpg\" \/>\n\t<meta property=\"og:image:width\" content=\"456\" \/>\n\t<meta property=\"og:image:height\" content=\"669\" \/>\n<meta name=\"twitter:label1\" content=\"Est. reading time\">\n\t<meta name=\"twitter:data1\" content=\"2 minutes\">\n<script type=\"application\/ld+json\" class=\"yoast-schema-graph\">{\"@context\":\"https:\/\/schema.org\",\"@graph\":[{\"@type\":\"WebSite\",\"@id\":\"http:\/\/hipsb.hr\/#website\",\"url\":\"http:\/\/hipsb.hr\/\",\"name\":\"Hrvatski institut za povijest\",\"description\":\"Podru\\u017enica za povijest Slavonije, Srijema i Baranje\",\"potentialAction\":[{\"@type\":\"SearchAction\",\"target\":\"http:\/\/hipsb.hr\/?s={search_term_string}\",\"query-input\":\"required name=search_term_string\"}],\"inLanguage\":\"en-US\"},{\"@type\":\"ImageObject\",\"@id\":\"http:\/\/hipsb.hr\/proizvod\/srijem-naselja-i-stanovnistvo\/#primaryimage\",\"inLanguage\":\"en-US\",\"url\":\"https:\/\/hipsb.hr\/wp-content\/uploads\/2013\/01\/10_srijem.jpg\",\"contentUrl\":\"https:\/\/hipsb.hr\/wp-content\/uploads\/2013\/01\/10_srijem.jpg\",\"width\":456,\"height\":669},{\"@type\":\"WebPage\",\"@id\":\"http:\/\/hipsb.hr\/proizvod\/srijem-naselja-i-stanovnistvo\/#webpage\",\"url\":\"http:\/\/hipsb.hr\/proizvod\/srijem-naselja-i-stanovnistvo\/\",\"name\":\"Srijem \\u2013 naselja i stanovni\\u0161tvo - Hrvatski institut za povijest\",\"isPartOf\":{\"@id\":\"http:\/\/hipsb.hr\/#website\"},\"primaryImageOfPage\":{\"@id\":\"http:\/\/hipsb.hr\/proizvod\/srijem-naselja-i-stanovnistvo\/#primaryimage\"},\"datePublished\":\"2013-01-01T10:48:54+00:00\",\"dateModified\":\"2026-01-01T14:30:31+00:00\",\"breadcrumb\":{\"@id\":\"http:\/\/hipsb.hr\/proizvod\/srijem-naselja-i-stanovnistvo\/#breadcrumb\"},\"inLanguage\":\"en-US\",\"potentialAction\":[{\"@type\":\"ReadAction\",\"target\":[\"http:\/\/hipsb.hr\/proizvod\/srijem-naselja-i-stanovnistvo\/\"]}]},{\"@type\":\"BreadcrumbList\",\"@id\":\"http:\/\/hipsb.hr\/proizvod\/srijem-naselja-i-stanovnistvo\/#breadcrumb\",\"itemListElement\":[{\"@type\":\"ListItem\",\"position\":1,\"item\":{\"@type\":\"WebPage\",\"@id\":\"http:\/\/hipsb.hr\/en\/\",\"url\":\"http:\/\/hipsb.hr\/en\/\",\"name\":\"Home\"}},{\"@type\":\"ListItem\",\"position\":2,\"item\":{\"@type\":\"WebPage\",\"@id\":\"http:\/\/hipsb.hr\/shop\/\",\"url\":\"http:\/\/hipsb.hr\/shop\/\",\"name\":\"Proizvodi\"}},{\"@type\":\"ListItem\",\"position\":3,\"item\":{\"@type\":\"WebPage\",\"@id\":\"http:\/\/hipsb.hr\/proizvod\/srijem-naselja-i-stanovnistvo\/\",\"url\":\"http:\/\/hipsb.hr\/proizvod\/srijem-naselja-i-stanovnistvo\/\",\"name\":\"Srijem \\u2013 naselja i stanovni\\u0161tvo\"}}]}]}<\/script>\n<!-- \/ Yoast SEO plugin. -->","_links":{"self":[{"href":"https:\/\/hipsb.hr\/en\/wp-json\/wp\/v2\/product\/800"}],"collection":[{"href":"https:\/\/hipsb.hr\/en\/wp-json\/wp\/v2\/product"}],"about":[{"href":"https:\/\/hipsb.hr\/en\/wp-json\/wp\/v2\/types\/product"}],"replies":[{"embeddable":true,"href":"https:\/\/hipsb.hr\/en\/wp-json\/wp\/v2\/comments?post=800"}],"wp:featuredmedia":[{"embeddable":true,"href":"https:\/\/hipsb.hr\/en\/wp-json\/wp\/v2\/media\/799"}],"wp:attachment":[{"href":"https:\/\/hipsb.hr\/en\/wp-json\/wp\/v2\/media?parent=800"}],"curies":[{"name":"wp","href":"https:\/\/api.w.org\/{rel}","templated":true}]}}