{"id":804,"date":"2013-01-01T11:59:39","date_gmt":"2013-01-01T10:59:39","guid":{"rendered":"http:\/\/hipsb.hr\/?post_type=product&#038;p=804"},"modified":"2026-01-01T15:32:01","modified_gmt":"2026-01-01T14:32:01","slug":"vjekoslav-klaic-zivot-i-djelo-zbornik-radova-sa-znanstvenoga-skupa-o-zivotu-i-djelu-vjekoslava-klaica","status":"publish","type":"product","link":"https:\/\/hipsb.hr\/en\/proizvod\/vjekoslav-klaic-zivot-i-djelo-zbornik-radova-sa-znanstvenoga-skupa-o-zivotu-i-djelu-vjekoslava-klaica\/","title":{"rendered":"Vjekoslav Klai\u0107 \u2013 \u017eivot i djelo. Zbornik radova sa Znanstvenoga skupa o \u017eivotu i djelu Vjekoslava Klai\u0107a"},"content":{"rendered":"","protected":false},"excerpt":{"rendered":"","protected":false},"featured_media":803,"comment_status":"open","ping_status":"closed","template":"","meta":[],"yoast_head":"<!-- This site is optimized with the Yoast SEO plugin v16.1.1 - https:\/\/yoast.com\/wordpress\/plugins\/seo\/ -->\n<title>Vjekoslav Klai\u0107 \u2013 \u017eivot i djelo. Zbornik radova sa Znanstvenoga skupa o \u017eivotu i djelu Vjekoslava Klai\u0107a - Hrvatski institut za povijest<\/title>\n<link rel=\"canonical\" href=\"https:\/\/hipsb.hr\/en\/proizvod\/vjekoslav-klaic-zivot-i-djelo-zbornik-radova-sa-znanstvenoga-skupa-o-zivotu-i-djelu-vjekoslava-klaica\/\" \/>\n<meta property=\"og:locale\" content=\"en_US\" \/>\n<meta property=\"og:type\" content=\"article\" \/>\n<meta property=\"og:title\" content=\"Vjekoslav Klai\u0107 \u2013 \u017eivot i djelo. Zbornik radova sa Znanstvenoga skupa o \u017eivotu i djelu Vjekoslava Klai\u0107a - Hrvatski institut za povijest\" \/>\n<meta property=\"og:url\" content=\"https:\/\/hipsb.hr\/en\/proizvod\/vjekoslav-klaic-zivot-i-djelo-zbornik-radova-sa-znanstvenoga-skupa-o-zivotu-i-djelu-vjekoslava-klaica\/\" \/>\n<meta property=\"og:site_name\" content=\"Hrvatski institut za povijest\" \/>\n<meta property=\"article:modified_time\" content=\"2026-01-01T14:32:01+00:00\" \/>\n<meta property=\"og:image\" content=\"https:\/\/hipsb.hr\/wp-content\/uploads\/2013\/01\/12_klaic.jpg\" \/>\n\t<meta property=\"og:image:width\" content=\"465\" \/>\n\t<meta property=\"og:image:height\" content=\"689\" \/>\n<script type=\"application\/ld+json\" class=\"yoast-schema-graph\">{\"@context\":\"https:\/\/schema.org\",\"@graph\":[{\"@type\":\"WebSite\",\"@id\":\"https:\/\/hipsb.hr\/#website\",\"url\":\"https:\/\/hipsb.hr\/\",\"name\":\"Hrvatski institut za povijest\",\"description\":\"Podru\\u017enica za povijest Slavonije, Srijema i Baranje\",\"potentialAction\":[{\"@type\":\"SearchAction\",\"target\":\"https:\/\/hipsb.hr\/?s={search_term_string}\",\"query-input\":\"required name=search_term_string\"}],\"inLanguage\":\"en-US\"},{\"@type\":\"ImageObject\",\"@id\":\"https:\/\/hipsb.hr\/en\/proizvod\/vjekoslav-klaic-zivot-i-djelo-zbornik-radova-sa-znanstvenoga-skupa-o-zivotu-i-djelu-vjekoslava-klaica\/#primaryimage\",\"inLanguage\":\"en-US\",\"url\":\"https:\/\/hipsb.hr\/wp-content\/uploads\/2013\/01\/12_klaic.jpg\",\"contentUrl\":\"https:\/\/hipsb.hr\/wp-content\/uploads\/2013\/01\/12_klaic.jpg\",\"width\":465,\"height\":689},{\"@type\":\"WebPage\",\"@id\":\"https:\/\/hipsb.hr\/en\/proizvod\/vjekoslav-klaic-zivot-i-djelo-zbornik-radova-sa-znanstvenoga-skupa-o-zivotu-i-djelu-vjekoslava-klaica\/#webpage\",\"url\":\"https:\/\/hipsb.hr\/en\/proizvod\/vjekoslav-klaic-zivot-i-djelo-zbornik-radova-sa-znanstvenoga-skupa-o-zivotu-i-djelu-vjekoslava-klaica\/\",\"name\":\"Vjekoslav Klai\\u0107 \\u2013 \\u017eivot i djelo. Zbornik radova sa Znanstvenoga skupa o \\u017eivotu i djelu Vjekoslava Klai\\u0107a - Hrvatski institut za povijest\",\"isPartOf\":{\"@id\":\"https:\/\/hipsb.hr\/#website\"},\"primaryImageOfPage\":{\"@id\":\"https:\/\/hipsb.hr\/en\/proizvod\/vjekoslav-klaic-zivot-i-djelo-zbornik-radova-sa-znanstvenoga-skupa-o-zivotu-i-djelu-vjekoslava-klaica\/#primaryimage\"},\"datePublished\":\"2013-01-01T10:59:39+00:00\",\"dateModified\":\"2026-01-01T14:32:01+00:00\",\"breadcrumb\":{\"@id\":\"https:\/\/hipsb.hr\/en\/proizvod\/vjekoslav-klaic-zivot-i-djelo-zbornik-radova-sa-znanstvenoga-skupa-o-zivotu-i-djelu-vjekoslava-klaica\/#breadcrumb\"},\"inLanguage\":\"en-US\",\"potentialAction\":[{\"@type\":\"ReadAction\",\"target\":[\"https:\/\/hipsb.hr\/en\/proizvod\/vjekoslav-klaic-zivot-i-djelo-zbornik-radova-sa-znanstvenoga-skupa-o-zivotu-i-djelu-vjekoslava-klaica\/\"]}]},{\"@type\":\"BreadcrumbList\",\"@id\":\"https:\/\/hipsb.hr\/en\/proizvod\/vjekoslav-klaic-zivot-i-djelo-zbornik-radova-sa-znanstvenoga-skupa-o-zivotu-i-djelu-vjekoslava-klaica\/#breadcrumb\",\"itemListElement\":[{\"@type\":\"ListItem\",\"position\":1,\"item\":{\"@type\":\"WebPage\",\"@id\":\"https:\/\/hipsb.hr\/en\/\",\"url\":\"https:\/\/hipsb.hr\/en\/\",\"name\":\"Home\"}},{\"@type\":\"ListItem\",\"position\":2,\"item\":{\"@type\":\"WebPage\",\"@id\":\"http:\/\/hipsb.hr\/shop\/\",\"url\":\"http:\/\/hipsb.hr\/shop\/\",\"name\":\"Proizvodi\"}},{\"@type\":\"ListItem\",\"position\":3,\"item\":{\"@type\":\"WebPage\",\"@id\":\"https:\/\/hipsb.hr\/en\/proizvod\/vjekoslav-klaic-zivot-i-djelo-zbornik-radova-sa-znanstvenoga-skupa-o-zivotu-i-djelu-vjekoslava-klaica\/\",\"url\":\"https:\/\/hipsb.hr\/en\/proizvod\/vjekoslav-klaic-zivot-i-djelo-zbornik-radova-sa-znanstvenoga-skupa-o-zivotu-i-djelu-vjekoslava-klaica\/\",\"name\":\"Vjekoslav Klai\\u0107 \\u2013 \\u017eivot i djelo. Zbornik radova sa Znanstvenoga skupa o \\u017eivotu i djelu Vjekoslava Klai\\u0107a\"}}]}]}<\/script>\n<!-- \/ Yoast SEO plugin. -->","_links":{"self":[{"href":"https:\/\/hipsb.hr\/en\/wp-json\/wp\/v2\/product\/804"}],"collection":[{"href":"https:\/\/hipsb.hr\/en\/wp-json\/wp\/v2\/product"}],"about":[{"href":"https:\/\/hipsb.hr\/en\/wp-json\/wp\/v2\/types\/product"}],"replies":[{"embeddable":true,"href":"https:\/\/hipsb.hr\/en\/wp-json\/wp\/v2\/comments?post=804"}],"wp:featuredmedia":[{"embeddable":true,"href":"https:\/\/hipsb.hr\/en\/wp-json\/wp\/v2\/media\/803"}],"wp:attachment":[{"href":"https:\/\/hipsb.hr\/en\/wp-json\/wp\/v2\/media?parent=804"}],"curies":[{"name":"wp","href":"https:\/\/api.w.org\/{rel}","templated":true}]}}