{"id":816,"date":"2013-01-01T14:20:28","date_gmt":"2013-01-01T13:20:28","guid":{"rendered":"http:\/\/hipsb.hr\/?post_type=product&#038;p=816"},"modified":"2026-01-21T13:46:52","modified_gmt":"2026-01-21T12:46:52","slug":"slavonija-i-srijem-u-razdoblju-osmanske-vladavine","status":"publish","type":"product","link":"https:\/\/hipsb.hr\/en\/proizvod\/slavonija-i-srijem-u-razdoblju-osmanske-vladavine\/","title":{"rendered":"Slavonija i Srijem u razdoblju osmanske vladavine"},"content":{"rendered":"<p>U knjizi se analiziraju prete\u017eno neobjavljeni osmansko-turski izvori za povijest Slavonije i Srijema, poglavito za socijalnu i gospodarsku povijest. Predlo\u017eena su nova tuma\u010denja osmanskog poreznog sustava i katastarskih popisa, koja je mogu\u0107e primijeniti i na \u0161iri prostor Jugoisto\u010dne Europe.<\/p>\n","protected":false},"excerpt":{"rendered":"<p>U knjizi se analiziraju prete\u017eno neobjavljeni osmansko-turski izvori za povijest Slavonije i Srijema, poglavito za socijalnu i gospodarsku povijest. Predlo\u017eena su nova tuma\u010denja osmanskog poreznog sustava i katastarskih popisa, koja je mogu\u0107e primijeniti i na \u0161iri prostor Jugoisto\u010dne Europe.<\/p>\n","protected":false},"featured_media":817,"comment_status":"open","ping_status":"closed","template":"","meta":[],"yoast_head":"<!-- This site is optimized with the Yoast SEO plugin v16.1.1 - https:\/\/yoast.com\/wordpress\/plugins\/seo\/ -->\n<title>Slavonija i Srijem u razdoblju osmanske vladavine - Hrvatski institut za povijest<\/title>\n<link rel=\"canonical\" href=\"https:\/\/hipsb.hr\/en\/proizvod\/slavonija-i-srijem-u-razdoblju-osmanske-vladavine\/\" \/>\n<meta property=\"og:locale\" content=\"en_US\" \/>\n<meta property=\"og:type\" content=\"article\" \/>\n<meta property=\"og:title\" content=\"Slavonija i Srijem u razdoblju osmanske vladavine - Hrvatski institut za povijest\" \/>\n<meta property=\"og:description\" content=\"U knjizi se analiziraju prete\u017eno neobjavljeni osmansko-turski izvori za povijest Slavonije i Srijema, poglavito za socijalnu i gospodarsku povijest. Predlo\u017eena su nova tuma\u010denja osmanskog poreznog sustava i katastarskih popisa, koja je mogu\u0107e primijeniti i na \u0161iri prostor Jugoisto\u010dne Europe.\" \/>\n<meta property=\"og:url\" content=\"https:\/\/hipsb.hr\/en\/proizvod\/slavonija-i-srijem-u-razdoblju-osmanske-vladavine\/\" \/>\n<meta property=\"og:site_name\" content=\"Hrvatski institut za povijest\" \/>\n<meta property=\"article:modified_time\" content=\"2026-01-21T12:46:52+00:00\" \/>\n<meta property=\"og:image\" content=\"https:\/\/hipsb.hr\/wp-content\/uploads\/2013\/01\/16_moacanin.jpg\" \/>\n\t<meta property=\"og:image:width\" content=\"478\" \/>\n\t<meta property=\"og:image:height\" content=\"673\" \/>\n<script type=\"application\/ld+json\" class=\"yoast-schema-graph\">{\"@context\":\"https:\/\/schema.org\",\"@graph\":[{\"@type\":\"WebSite\",\"@id\":\"https:\/\/hipsb.hr\/#website\",\"url\":\"https:\/\/hipsb.hr\/\",\"name\":\"Hrvatski institut za povijest\",\"description\":\"Podru\\u017enica za povijest Slavonije, Srijema i Baranje\",\"potentialAction\":[{\"@type\":\"SearchAction\",\"target\":\"https:\/\/hipsb.hr\/?s={search_term_string}\",\"query-input\":\"required name=search_term_string\"}],\"inLanguage\":\"en-US\"},{\"@type\":\"ImageObject\",\"@id\":\"https:\/\/hipsb.hr\/en\/proizvod\/slavonija-i-srijem-u-razdoblju-osmanske-vladavine\/#primaryimage\",\"inLanguage\":\"en-US\",\"url\":\"https:\/\/hipsb.hr\/wp-content\/uploads\/2013\/01\/16_moacanin.jpg\",\"contentUrl\":\"https:\/\/hipsb.hr\/wp-content\/uploads\/2013\/01\/16_moacanin.jpg\",\"width\":478,\"height\":673},{\"@type\":\"WebPage\",\"@id\":\"https:\/\/hipsb.hr\/en\/proizvod\/slavonija-i-srijem-u-razdoblju-osmanske-vladavine\/#webpage\",\"url\":\"https:\/\/hipsb.hr\/en\/proizvod\/slavonija-i-srijem-u-razdoblju-osmanske-vladavine\/\",\"name\":\"Slavonija i Srijem u razdoblju osmanske vladavine - Hrvatski institut za povijest\",\"isPartOf\":{\"@id\":\"https:\/\/hipsb.hr\/#website\"},\"primaryImageOfPage\":{\"@id\":\"https:\/\/hipsb.hr\/en\/proizvod\/slavonija-i-srijem-u-razdoblju-osmanske-vladavine\/#primaryimage\"},\"datePublished\":\"2013-01-01T13:20:28+00:00\",\"dateModified\":\"2026-01-21T12:46:52+00:00\",\"breadcrumb\":{\"@id\":\"https:\/\/hipsb.hr\/en\/proizvod\/slavonija-i-srijem-u-razdoblju-osmanske-vladavine\/#breadcrumb\"},\"inLanguage\":\"en-US\",\"potentialAction\":[{\"@type\":\"ReadAction\",\"target\":[\"https:\/\/hipsb.hr\/en\/proizvod\/slavonija-i-srijem-u-razdoblju-osmanske-vladavine\/\"]}]},{\"@type\":\"BreadcrumbList\",\"@id\":\"https:\/\/hipsb.hr\/en\/proizvod\/slavonija-i-srijem-u-razdoblju-osmanske-vladavine\/#breadcrumb\",\"itemListElement\":[{\"@type\":\"ListItem\",\"position\":1,\"item\":{\"@type\":\"WebPage\",\"@id\":\"https:\/\/hipsb.hr\/en\/\",\"url\":\"https:\/\/hipsb.hr\/en\/\",\"name\":\"Home\"}},{\"@type\":\"ListItem\",\"position\":2,\"item\":{\"@type\":\"WebPage\",\"@id\":\"http:\/\/hipsb.hr\/shop\/\",\"url\":\"http:\/\/hipsb.hr\/shop\/\",\"name\":\"Proizvodi\"}},{\"@type\":\"ListItem\",\"position\":3,\"item\":{\"@type\":\"WebPage\",\"@id\":\"https:\/\/hipsb.hr\/en\/proizvod\/slavonija-i-srijem-u-razdoblju-osmanske-vladavine\/\",\"url\":\"https:\/\/hipsb.hr\/en\/proizvod\/slavonija-i-srijem-u-razdoblju-osmanske-vladavine\/\",\"name\":\"Slavonija i Srijem u razdoblju osmanske vladavine\"}}]}]}<\/script>\n<!-- \/ Yoast SEO plugin. -->","_links":{"self":[{"href":"https:\/\/hipsb.hr\/en\/wp-json\/wp\/v2\/product\/816"}],"collection":[{"href":"https:\/\/hipsb.hr\/en\/wp-json\/wp\/v2\/product"}],"about":[{"href":"https:\/\/hipsb.hr\/en\/wp-json\/wp\/v2\/types\/product"}],"replies":[{"embeddable":true,"href":"https:\/\/hipsb.hr\/en\/wp-json\/wp\/v2\/comments?post=816"}],"wp:featuredmedia":[{"embeddable":true,"href":"https:\/\/hipsb.hr\/en\/wp-json\/wp\/v2\/media\/817"}],"wp:attachment":[{"href":"https:\/\/hipsb.hr\/en\/wp-json\/wp\/v2\/media?parent=816"}],"curies":[{"name":"wp","href":"https:\/\/api.w.org\/{rel}","templated":true}]}}