{"id":822,"date":"2013-01-01T14:42:05","date_gmt":"2013-01-01T13:42:05","guid":{"rendered":"http:\/\/hipsb.hr\/?post_type=product&#038;p=822"},"modified":"2026-01-01T15:34:35","modified_gmt":"2026-01-01T14:34:35","slug":"slavonski-pucki-proroci-i-sveci-studija-iz-pucke-poboznosti-slavonije","status":"publish","type":"product","link":"https:\/\/hipsb.hr\/en\/proizvod\/slavonski-pucki-proroci-i-sveci-studija-iz-pucke-poboznosti-slavonije\/","title":{"rendered":"Slavonski pu\u010dki proroci i sveci. Studija iz pu\u010dke pobo\u017enosti Slavonije"},"content":{"rendered":"<p>Istra\u017eivanje pu\u010dke pobo\u017enosti pripada novijim temama hrvatske etnologije. Me\u0111u najranije radove s ovog podru\u010dja treba spomenuti rad Vitomira Belaja o Mariji u narodnim vjerovanjima Hrvata, odr\u017ean 1983, a objavljen nekoliko godina kasnije (Belaj 1988.). Na poticaj Dunje Rihtman-Augu\u0161tin 1991. godine odr\u017ean u Zagrebu znanstveni skup Hrvatskog etnolo\u0161kog dru\u0161tva pod nazivom \u201cIstra\u017eivanje pu\u010dke pobo\u017enosti\u201d, a godi\u0161njak ovog dru\u0161tva, Etnolo\u0161ka tribina, u broju 14. iz 1991. godine objavio je \u010detiri priloga hrvatskih i jedan francuskog autora. Time se i hrvatska etnologija pridru\u017eila pojedinim autorima iz crkvenih krugova, uglavnom teolozima i sociolozima religije (Franjo Emanuel Ho\u0161ko, Jakov Juki\u0107, Josip \u0160imi\u0107 i drugi), koji su tijekom 80-ih godina po\u010deli objavljivati radove s ovog podru\u010dja.<\/p>\n<p>Teme i sadr\u017eaji iz korpusa pu\u010dke pobo\u017enosti bile su zastupljene i u ranijim etnolo\u0161kim radovima, ali uglavnom u sklopu jednog od tradicionalnih usmjerenja hrvatske etnologije prema \u017eivotnim i godi\u0161njim obi\u010dajima (osobito pogrebnim, bo\u017ei\u0107nim i uskr\u0161njim obi\u010dajima). Znakovita je okolnost da tematski sklop radova u Etnolo\u0161koj tribini br. 14 zapo\u010dinje upravo \u010dlankom Dunje Rihtman Augu\u0161tin Bo\u017ei\u0107ni obi\u010daji i pu\u010dka pobo\u017enost, pokazuju\u0107i put novim sadr\u017eajnim i metodolo\u0161kim mogu\u0107nostima istra\u017eivanja niklim na temelju starijih etnolo\u0161kih saznanja.<\/p>\n<p>Potaknut takvim kretanjima u na\u0161oj etnologiji, po\u0161ao sam u vlastita istra\u017eivanja te do\u0161ao na ovo va\u017eno i novo podru\u010dje etnolo\u0161ke znanosti.<\/p>\n<p>Petnaestogodi\u0161nji rad na za\u0161titi spomenika kulture (istra\u017eivanje, dokumentiranje i za\u0161tita tradicijske graditeljske ba\u0161tine) usmjerio me je na pu\u010dko sakralno graditeljstvo koje se mo\u017ee podijeliti na dva glavna dijela. Prvi dio \u010dine drvene crkve i kapele, a drugi razni sitniji gra\u0111evni oblici \u2013 poklonci, raspela, kri\u017eevi, kalvarije, fasadne kapelice i pilovi sa skulpturama svetaca \u2013 na koje sam primijenio naziv, preuzet od An\u0111ele Horvat, mala sakralna arhitektura. Druga skupina pokazala se etnolo\u0161ki zanimljivijom budu\u0107i da su je u pravilu podizali pojedinci ili nekoliko udru\u017eenih pojedinaca na temelju osobnih i konkretnih pobuda, a ne predstavnici\u00a0Crkve. Stoga je vezanost male sakralne arhitekture uz pu\u010dku pobo\u017enost ubrzo do\u0161la do izra\u017eaja. Razlozi gradnje male sakralne arhitekture i obredni postupci koji su uz njih vezani, ne svode se samo na izraz i poticaj pobo\u017enosti. Nastanak neke kapelice, poklonca ili raspela \u010desto je potaknut odre\u0111enim razlozima, bilo da se radi o ispunjenju zavjeta, mjestu navodnog ukazanja, izvoru vode kojoj se pripisuje \u010dudotvorna mo\u0107 ozdravljenja ili ne\u010dem drugom. Osobito reprezentativnom u tom pogledu pokazala se kapelica sv. Ilije u Vukojevcima pokraj Na\u0161ica. Uz pobo\u017enosti i vjerovanja koja su vezana za nju, kaziva\u010di su spominjali svetu Julu iz Ceremo\u0161njaka i svetog Ivu iz Donje Moti\u010dine. Intrigantno je bilo to \u0161to se atribut sveti\/sveta pridaje nepoznatim ljudima iz puka. Istra\u017eivanja su odmah po\u010dela davati mno\u0161tvo podataka o tim neobi\u010dnim osobama koji su se spajali u zanimljive i slo\u017eene \u017eivotne pri\u010de, a pokazalo se da one nisu bile usamljeni primjeri u Slavoniji.<\/p>\n<p>Po\u010detne rezultate ovog istra\u017eivanja dopunila je Tihana Petrovi\u0107 novim obavijestima o ovoj temi i novim kaziva\u010dima. Zajedni\u010dko istra\u017eivanje rezultiralo je manjim prikazom u \u010dasopisu Otium (\u0160pani\u010dek \u2013 Petrovi\u0107\u00a01996: 62-69).<\/p>\n<p>Nastavljaju\u0107i samostalno ovo istra\u017eivanje, zapazio sam da ulazim u nepoznat i uzbudljiv svijet satkan od nekonformisti\u010dkih oblika pobo\u017enosti i vjerske ortodoksije, prastarih vjerovanja i obrednih postupaka, te njihove suvremene primjene u kr\u0161\u0107anskom kultu, od svakodnevnih \u017eivotnih problema i neobi\u010dnih egzistencijalnih drama. Taj svijet pu\u010dke pobo\u017enosti imao je svoje istaknute likove \u2013 slavonske pu\u010dke proroke i svece i druge mistike koji se kontinuirano mogu pratiti od kraja 19. st. do na\u0161ih dana.<\/p>\n<p style=\"text-align: right;\"><em>Uvod<\/em><\/p>\n","protected":false},"excerpt":{"rendered":"<p>Istra\u017eivanje pu\u010dke pobo\u017enosti pripada novijim temama hrvatske etnologije. Me\u0111u najranije radove s ovog podru\u010dja treba spomenuti rad Vitomira Belaja o Mariji u narodnim vjerovanjima Hrvata, odr\u017ean 1983, a objavljen nekoliko godina kasnije (Belaj 1988.). Na poticaj Dunje Rihtman-Augu\u0161tin 1991. godine odr\u017ean u Zagrebu znanstveni skup Hrvatskog etnolo\u0161kog dru\u0161tva pod nazivom \u201cIstra\u017eivanje pu\u010dke pobo\u017enosti\u201d, a godi\u0161njak [&hellip;]<\/p>\n","protected":false},"featured_media":1203,"comment_status":"open","ping_status":"closed","template":"","meta":[],"yoast_head":"<!-- This site is optimized with the Yoast SEO plugin v16.1.1 - https:\/\/yoast.com\/wordpress\/plugins\/seo\/ -->\n<title>Slavonski pu\u010dki proroci i sveci. Studija iz pu\u010dke pobo\u017enosti Slavonije - Hrvatski institut za povijest<\/title>\n<link rel=\"canonical\" href=\"https:\/\/hipsb.hr\/en\/proizvod\/slavonski-pucki-proroci-i-sveci-studija-iz-pucke-poboznosti-slavonije\/\" \/>\n<meta property=\"og:locale\" content=\"en_US\" \/>\n<meta property=\"og:type\" content=\"article\" \/>\n<meta property=\"og:title\" content=\"Slavonski pu\u010dki proroci i sveci. Studija iz pu\u010dke pobo\u017enosti Slavonije - Hrvatski institut za povijest\" \/>\n<meta property=\"og:description\" content=\"Istra\u017eivanje pu\u010dke pobo\u017enosti pripada novijim temama hrvatske etnologije. Me\u0111u najranije radove s ovog podru\u010dja treba spomenuti rad Vitomira Belaja o Mariji u narodnim vjerovanjima Hrvata, odr\u017ean 1983, a objavljen nekoliko godina kasnije (Belaj 1988.). Na poticaj Dunje Rihtman-Augu\u0161tin 1991. godine odr\u017ean u Zagrebu znanstveni skup Hrvatskog etnolo\u0161kog dru\u0161tva pod nazivom \u201cIstra\u017eivanje pu\u010dke pobo\u017enosti\u201d, a godi\u0161njak [&hellip;]\" \/>\n<meta property=\"og:url\" content=\"https:\/\/hipsb.hr\/en\/proizvod\/slavonski-pucki-proroci-i-sveci-studija-iz-pucke-poboznosti-slavonije\/\" \/>\n<meta property=\"og:site_name\" content=\"Hrvatski institut za povijest\" \/>\n<meta property=\"article:modified_time\" content=\"2026-01-01T14:34:35+00:00\" \/>\n<meta property=\"og:image\" content=\"https:\/\/hipsb.hr\/wp-content\/uploads\/2013\/01\/slavonski_pucki_proroci-673x960.png\" \/>\n\t<meta property=\"og:image:width\" content=\"673\" \/>\n\t<meta property=\"og:image:height\" content=\"960\" \/>\n<meta name=\"twitter:label1\" content=\"Est. reading time\">\n\t<meta name=\"twitter:data1\" content=\"3 minutes\">\n<script type=\"application\/ld+json\" class=\"yoast-schema-graph\">{\"@context\":\"https:\/\/schema.org\",\"@graph\":[{\"@type\":\"WebSite\",\"@id\":\"https:\/\/hipsb.hr\/#website\",\"url\":\"https:\/\/hipsb.hr\/\",\"name\":\"Hrvatski institut za povijest\",\"description\":\"Podru\\u017enica za povijest Slavonije, Srijema i Baranje\",\"potentialAction\":[{\"@type\":\"SearchAction\",\"target\":\"https:\/\/hipsb.hr\/?s={search_term_string}\",\"query-input\":\"required name=search_term_string\"}],\"inLanguage\":\"en-US\"},{\"@type\":\"ImageObject\",\"@id\":\"https:\/\/hipsb.hr\/en\/proizvod\/slavonski-pucki-proroci-i-sveci-studija-iz-pucke-poboznosti-slavonije\/#primaryimage\",\"inLanguage\":\"en-US\",\"url\":\"https:\/\/hipsb.hr\/wp-content\/uploads\/2013\/01\/slavonski_pucki_proroci.png\",\"contentUrl\":\"https:\/\/hipsb.hr\/wp-content\/uploads\/2013\/01\/slavonski_pucki_proroci.png\",\"width\":2179,\"height\":3106},{\"@type\":\"WebPage\",\"@id\":\"https:\/\/hipsb.hr\/en\/proizvod\/slavonski-pucki-proroci-i-sveci-studija-iz-pucke-poboznosti-slavonije\/#webpage\",\"url\":\"https:\/\/hipsb.hr\/en\/proizvod\/slavonski-pucki-proroci-i-sveci-studija-iz-pucke-poboznosti-slavonije\/\",\"name\":\"Slavonski pu\\u010dki proroci i sveci. Studija iz pu\\u010dke pobo\\u017enosti Slavonije - Hrvatski institut za povijest\",\"isPartOf\":{\"@id\":\"https:\/\/hipsb.hr\/#website\"},\"primaryImageOfPage\":{\"@id\":\"https:\/\/hipsb.hr\/en\/proizvod\/slavonski-pucki-proroci-i-sveci-studija-iz-pucke-poboznosti-slavonije\/#primaryimage\"},\"datePublished\":\"2013-01-01T13:42:05+00:00\",\"dateModified\":\"2026-01-01T14:34:35+00:00\",\"breadcrumb\":{\"@id\":\"https:\/\/hipsb.hr\/en\/proizvod\/slavonski-pucki-proroci-i-sveci-studija-iz-pucke-poboznosti-slavonije\/#breadcrumb\"},\"inLanguage\":\"en-US\",\"potentialAction\":[{\"@type\":\"ReadAction\",\"target\":[\"https:\/\/hipsb.hr\/en\/proizvod\/slavonski-pucki-proroci-i-sveci-studija-iz-pucke-poboznosti-slavonije\/\"]}]},{\"@type\":\"BreadcrumbList\",\"@id\":\"https:\/\/hipsb.hr\/en\/proizvod\/slavonski-pucki-proroci-i-sveci-studija-iz-pucke-poboznosti-slavonije\/#breadcrumb\",\"itemListElement\":[{\"@type\":\"ListItem\",\"position\":1,\"item\":{\"@type\":\"WebPage\",\"@id\":\"http:\/\/hipsb.hr\/en\/\",\"url\":\"http:\/\/hipsb.hr\/en\/\",\"name\":\"Home\"}},{\"@type\":\"ListItem\",\"position\":2,\"item\":{\"@type\":\"WebPage\",\"@id\":\"https:\/\/hipsb.hr\/shop\/\",\"url\":\"https:\/\/hipsb.hr\/shop\/\",\"name\":\"Proizvodi\"}},{\"@type\":\"ListItem\",\"position\":3,\"item\":{\"@type\":\"WebPage\",\"@id\":\"https:\/\/hipsb.hr\/en\/proizvod\/slavonski-pucki-proroci-i-sveci-studija-iz-pucke-poboznosti-slavonije\/\",\"url\":\"https:\/\/hipsb.hr\/en\/proizvod\/slavonski-pucki-proroci-i-sveci-studija-iz-pucke-poboznosti-slavonije\/\",\"name\":\"Slavonski pu\\u010dki proroci i sveci. Studija iz pu\\u010dke pobo\\u017enosti Slavonije\"}}]}]}<\/script>\n<!-- \/ Yoast SEO plugin. -->","_links":{"self":[{"href":"https:\/\/hipsb.hr\/en\/wp-json\/wp\/v2\/product\/822"}],"collection":[{"href":"https:\/\/hipsb.hr\/en\/wp-json\/wp\/v2\/product"}],"about":[{"href":"https:\/\/hipsb.hr\/en\/wp-json\/wp\/v2\/types\/product"}],"replies":[{"embeddable":true,"href":"https:\/\/hipsb.hr\/en\/wp-json\/wp\/v2\/comments?post=822"}],"wp:featuredmedia":[{"embeddable":true,"href":"https:\/\/hipsb.hr\/en\/wp-json\/wp\/v2\/media\/1203"}],"wp:attachment":[{"href":"https:\/\/hipsb.hr\/en\/wp-json\/wp\/v2\/media?parent=822"}],"curies":[{"name":"wp","href":"https:\/\/api.w.org\/{rel}","templated":true}]}}