{"id":856,"date":"2013-01-01T18:11:00","date_gmt":"2013-01-01T17:11:00","guid":{"rendered":"http:\/\/hipsb.hr\/?post_type=product&#038;p=856"},"modified":"2022-09-09T12:32:11","modified_gmt":"2022-09-09T10:32:11","slug":"republika-hrvatska-i-domovinski-rat-1990-1995-dokumenti-knjiga-2-dokumenti-institucija-pobunjenih-srba-u-republici-hrvatskoj-1990-1991","status":"publish","type":"product","link":"https:\/\/hipsb.hr\/en\/proizvod\/republika-hrvatska-i-domovinski-rat-1990-1995-dokumenti-knjiga-2-dokumenti-institucija-pobunjenih-srba-u-republici-hrvatskoj-1990-1991\/","title":{"rendered":"Republika Hrvatska i Domovinski rat 1990.-1995. \u2013 Dokumenti (knjiga 2): Dokumenti institucija pobunjenih Srba u Republici Hrvatskoj (1990.-1991.)"},"content":{"rendered":"<div>U nastojanju da upozori na gradivo iz Domovinskoga rata koje se \u010duva u Centru i da ga u\u010dini \u0161to dostupnijim istra\u017eiva\u010dima i cijelokupnoj javnosti, Centar je pokrenuo seriju zbornika dokumenata pod naslovom\u00a0<em>Republika<\/em><em>Hrvatska\u00a0<\/em><em>i\u00a0<\/em><em>Domovinski<\/em><em>\u00a0rat<\/em><em>\u00a0\u2013\u00a0<\/em><em>Dokumenti<\/em><em>.<\/em>\u00a0Gradivo tzv. Republike Srpske Krajine objavljeno u ove dvije knjige svjedo\u010di o oru\u017eanoj pobuni Srba u Hrvatskoj 1990. te o agresiji Oru\u017eanih snaga SRFJ (JNA i TO Srbije, Crne Gore i BiH) i srpskih paravojnih postrojbi na Republiku Hrvatsku 1991., odnosno o ulozi i odgovornosti jugoslavenskog, srbijanskog i crnogorskog vodstva za doga\u0111aje u Hrvatskoj po\u010detkom 90.-tih godna pro\u0161log stolje\u0107a.<\/div>\n<p>Posebno su objavljeni dokumenti vojne provenijencije (knjiga 1), nastali djelovanjem Jugoslavenske narodne armije (Vojske Jugoslavije) i paravojnih postrojbi pobunjenih Srba u Republici Hrvatskoj, a posebno dokumenti paradr\u017eavnih tijela vlasti, politi\u010dkih stranaka i ostalih civilnih ustanova (knjiga 2), koje su pobunjenici osnovali s ciljem izdvajanja dijela teritorija Republike Hrvatske i njegova pripajanja Republici Srbiji, odnosno novoj velikoj srpskoj dr\u017eavi. Prva knjiga dokumenata vojne provenijencije obuhva\u0107a razdoblje od 1. velja\u010de 1990. do kraja 1991. godine. Zapo\u010dinje zapovije\u0161\u0107u na\u010delnika General\u0161taba OS SFRJ za oduzimanje oru\u017eja TO SR Hrvatske, a zavr\u0161ava zapovije\u0161\u0107u za planiranu napadnu operaciju JNA \u201eUdar-91\u201c s ciljem zauzimanja Zadra i odsijecanja juga Hrvatske. Druga knjiga dokumenata obuhva\u0107a razdoblje od 27. sije\u010dnja 1990. do 31. prosinca 1991. godine. Zapo\u010dinje govorom jednog od \u010delnika Srpske demokratske stranke Jovana Opa\u010di\u0107a nad jamom \u201cKuk\u201d, a zavr\u0161ava \u201eZapisnikom sa 19. sjednice Vlade Republike Srpska Krajina\u201c odr\u017eane 31. prosinca 1991. godine. Sadr\u017eaj navedenih dokumenata trebao bi povjesni\u010darima i svim zainteresiranima pomo\u0107i u razumijevanju tijeka povijesnog procesa i okolnosti stvaranja suvremene hrvatske dr\u017eave. To je razdoblje u kojem je politi\u010dko vodstvo Srba u Hrvatskoj, uzdaju\u0107i se u potporu srbijanskih politi\u010dara i u snagu prosrpske JNA, potaknulo svoje sunarodnjake na pobunu protiv demokratski izabrane vlasti u Hrvatskoj, prouzro\u010div\u0161i tako stradanje i patnju brojnih gra\u0111ana Hrvatske.<\/p>\n","protected":false},"excerpt":{"rendered":"<p>U nastojanju da upozori na gradivo iz Domovinskoga rata koje se \u010duva u Centru i da ga u\u010dini \u0161to dostupnijim istra\u017eiva\u010dima i cijelokupnoj javnosti, Centar je pokrenuo seriju zbornika dokumenata pod naslovom\u00a0RepublikaHrvatska\u00a0i\u00a0Domovinski\u00a0rat\u00a0\u2013\u00a0Dokumenti.\u00a0Gradivo tzv. Republike Srpske Krajine objavljeno u ove dvije knjige svjedo\u010di o oru\u017eanoj pobuni Srba u Hrvatskoj 1990. te o agresiji Oru\u017eanih snaga SRFJ [&hellip;]<\/p>\n","protected":false},"featured_media":857,"comment_status":"open","ping_status":"closed","template":"","meta":[],"yoast_head":"<!-- This site is optimized with the Yoast SEO plugin v16.1.1 - https:\/\/yoast.com\/wordpress\/plugins\/seo\/ -->\n<title>Republika Hrvatska i Domovinski rat 1990.-1995. \u2013 Dokumenti (knjiga 2): Dokumenti institucija pobunjenih Srba u Republici Hrvatskoj (1990.-1991.) - Hrvatski institut za povijest<\/title>\n<link rel=\"canonical\" href=\"http:\/\/hipsb.hr\/proizvod\/republika-hrvatska-i-domovinski-rat-1990-1995-dokumenti-knjiga-2-dokumenti-institucija-pobunjenih-srba-u-republici-hrvatskoj-1990-1991\/\" \/>\n<meta property=\"og:locale\" content=\"en_US\" \/>\n<meta property=\"og:type\" content=\"article\" \/>\n<meta property=\"og:title\" content=\"Republika Hrvatska i Domovinski rat 1990.-1995. \u2013 Dokumenti (knjiga 2): Dokumenti institucija pobunjenih Srba u Republici Hrvatskoj (1990.-1991.) - Hrvatski institut za povijest\" \/>\n<meta property=\"og:description\" content=\"U nastojanju da upozori na gradivo iz Domovinskoga rata koje se \u010duva u Centru i da ga u\u010dini \u0161to dostupnijim istra\u017eiva\u010dima i cijelokupnoj javnosti, Centar je pokrenuo seriju zbornika dokumenata pod naslovom\u00a0RepublikaHrvatska\u00a0i\u00a0Domovinski\u00a0rat\u00a0\u2013\u00a0Dokumenti.\u00a0Gradivo tzv. Republike Srpske Krajine objavljeno u ove dvije knjige svjedo\u010di o oru\u017eanoj pobuni Srba u Hrvatskoj 1990. te o agresiji Oru\u017eanih snaga SRFJ [&hellip;]\" \/>\n<meta property=\"og:url\" content=\"http:\/\/hipsb.hr\/proizvod\/republika-hrvatska-i-domovinski-rat-1990-1995-dokumenti-knjiga-2-dokumenti-institucija-pobunjenih-srba-u-republici-hrvatskoj-1990-1991\/\" \/>\n<meta property=\"og:site_name\" content=\"Hrvatski institut za povijest\" \/>\n<meta property=\"article:modified_time\" content=\"2022-09-09T10:32:11+00:00\" \/>\n<meta property=\"og:image\" content=\"https:\/\/hipsb.hr\/wp-content\/uploads\/2013\/01\/36_dokumentirsk2.jpg\" \/>\n\t<meta property=\"og:image:width\" content=\"480\" \/>\n\t<meta property=\"og:image:height\" content=\"683\" \/>\n<meta name=\"twitter:label1\" content=\"Est. reading time\">\n\t<meta name=\"twitter:data1\" content=\"2 minutes\">\n<script type=\"application\/ld+json\" class=\"yoast-schema-graph\">{\"@context\":\"https:\/\/schema.org\",\"@graph\":[{\"@type\":\"WebSite\",\"@id\":\"http:\/\/hipsb.hr\/#website\",\"url\":\"http:\/\/hipsb.hr\/\",\"name\":\"Hrvatski institut za povijest\",\"description\":\"Podru\\u017enica za povijest Slavonije, Srijema i Baranje\",\"potentialAction\":[{\"@type\":\"SearchAction\",\"target\":\"http:\/\/hipsb.hr\/?s={search_term_string}\",\"query-input\":\"required name=search_term_string\"}],\"inLanguage\":\"en-US\"},{\"@type\":\"ImageObject\",\"@id\":\"http:\/\/hipsb.hr\/proizvod\/republika-hrvatska-i-domovinski-rat-1990-1995-dokumenti-knjiga-2-dokumenti-institucija-pobunjenih-srba-u-republici-hrvatskoj-1990-1991\/#primaryimage\",\"inLanguage\":\"en-US\",\"url\":\"https:\/\/hipsb.hr\/wp-content\/uploads\/2013\/01\/36_dokumentirsk2.jpg\",\"contentUrl\":\"https:\/\/hipsb.hr\/wp-content\/uploads\/2013\/01\/36_dokumentirsk2.jpg\",\"width\":480,\"height\":683},{\"@type\":\"WebPage\",\"@id\":\"http:\/\/hipsb.hr\/proizvod\/republika-hrvatska-i-domovinski-rat-1990-1995-dokumenti-knjiga-2-dokumenti-institucija-pobunjenih-srba-u-republici-hrvatskoj-1990-1991\/#webpage\",\"url\":\"http:\/\/hipsb.hr\/proizvod\/republika-hrvatska-i-domovinski-rat-1990-1995-dokumenti-knjiga-2-dokumenti-institucija-pobunjenih-srba-u-republici-hrvatskoj-1990-1991\/\",\"name\":\"Republika Hrvatska i Domovinski rat 1990.-1995. \\u2013 Dokumenti (knjiga 2): Dokumenti institucija pobunjenih Srba u Republici Hrvatskoj (1990.-1991.) - Hrvatski institut za povijest\",\"isPartOf\":{\"@id\":\"http:\/\/hipsb.hr\/#website\"},\"primaryImageOfPage\":{\"@id\":\"http:\/\/hipsb.hr\/proizvod\/republika-hrvatska-i-domovinski-rat-1990-1995-dokumenti-knjiga-2-dokumenti-institucija-pobunjenih-srba-u-republici-hrvatskoj-1990-1991\/#primaryimage\"},\"datePublished\":\"2013-01-01T17:11:00+00:00\",\"dateModified\":\"2022-09-09T10:32:11+00:00\",\"breadcrumb\":{\"@id\":\"http:\/\/hipsb.hr\/proizvod\/republika-hrvatska-i-domovinski-rat-1990-1995-dokumenti-knjiga-2-dokumenti-institucija-pobunjenih-srba-u-republici-hrvatskoj-1990-1991\/#breadcrumb\"},\"inLanguage\":\"en-US\",\"potentialAction\":[{\"@type\":\"ReadAction\",\"target\":[\"http:\/\/hipsb.hr\/proizvod\/republika-hrvatska-i-domovinski-rat-1990-1995-dokumenti-knjiga-2-dokumenti-institucija-pobunjenih-srba-u-republici-hrvatskoj-1990-1991\/\"]}]},{\"@type\":\"BreadcrumbList\",\"@id\":\"http:\/\/hipsb.hr\/proizvod\/republika-hrvatska-i-domovinski-rat-1990-1995-dokumenti-knjiga-2-dokumenti-institucija-pobunjenih-srba-u-republici-hrvatskoj-1990-1991\/#breadcrumb\",\"itemListElement\":[{\"@type\":\"ListItem\",\"position\":1,\"item\":{\"@type\":\"WebPage\",\"@id\":\"http:\/\/hipsb.hr\/en\/\",\"url\":\"http:\/\/hipsb.hr\/en\/\",\"name\":\"Home\"}},{\"@type\":\"ListItem\",\"position\":2,\"item\":{\"@type\":\"WebPage\",\"@id\":\"http:\/\/hipsb.hr\/shop\/\",\"url\":\"http:\/\/hipsb.hr\/shop\/\",\"name\":\"Proizvodi\"}},{\"@type\":\"ListItem\",\"position\":3,\"item\":{\"@type\":\"WebPage\",\"@id\":\"http:\/\/hipsb.hr\/proizvod\/republika-hrvatska-i-domovinski-rat-1990-1995-dokumenti-knjiga-2-dokumenti-institucija-pobunjenih-srba-u-republici-hrvatskoj-1990-1991\/\",\"url\":\"http:\/\/hipsb.hr\/proizvod\/republika-hrvatska-i-domovinski-rat-1990-1995-dokumenti-knjiga-2-dokumenti-institucija-pobunjenih-srba-u-republici-hrvatskoj-1990-1991\/\",\"name\":\"Republika Hrvatska i Domovinski rat 1990.-1995. \\u2013 Dokumenti (knjiga 2): Dokumenti institucija pobunjenih Srba u Republici Hrvatskoj (1990.-1991.)\"}}]}]}<\/script>\n<!-- \/ Yoast SEO plugin. -->","_links":{"self":[{"href":"https:\/\/hipsb.hr\/en\/wp-json\/wp\/v2\/product\/856"}],"collection":[{"href":"https:\/\/hipsb.hr\/en\/wp-json\/wp\/v2\/product"}],"about":[{"href":"https:\/\/hipsb.hr\/en\/wp-json\/wp\/v2\/types\/product"}],"replies":[{"embeddable":true,"href":"https:\/\/hipsb.hr\/en\/wp-json\/wp\/v2\/comments?post=856"}],"wp:featuredmedia":[{"embeddable":true,"href":"https:\/\/hipsb.hr\/en\/wp-json\/wp\/v2\/media\/857"}],"wp:attachment":[{"href":"https:\/\/hipsb.hr\/en\/wp-json\/wp\/v2\/media?parent=856"}],"curies":[{"name":"wp","href":"https:\/\/api.w.org\/{rel}","templated":true}]}}