{"id":874,"date":"2013-01-01T18:42:21","date_gmt":"2013-01-01T17:42:21","guid":{"rendered":"http:\/\/hipsb.hr\/?post_type=product&#038;p=874"},"modified":"2026-01-01T15:41:49","modified_gmt":"2026-01-01T14:41:49","slug":"zbrinjavanje-gladne-djece-u-hrvatskoj-za-prvoga-svjetskog-rata","status":"publish","type":"product","link":"https:\/\/hipsb.hr\/en\/proizvod\/zbrinjavanje-gladne-djece-u-hrvatskoj-za-prvoga-svjetskog-rata\/","title":{"rendered":"Zbrinjavanje gladne djece u Hrvatskoj za Prvoga svjetskog rata"},"content":{"rendered":"<p>Jedna od tema koju je gra\u0111anska historiografija u potpunosti zaobi\u0161la je veliko spa\u0161avanje gla\u0111u ugro\u017eene djece iz Dalmacije, Bosne i Hercegovine i Slovenskog primorja i preseljenje te djece u \u017eitorodne krajeve sjeverne Hrvatske (najve\u0107im dijelom u Slavoniju, Srijem i Podravinu) za vrijeme Prvoga svjetskog rata. U ovoj knjizi\u00a0prof. dr. sc. Mira Kolar bavi se upravo ovom velikom \u201ccivilizacijskom akcijom u europskom duhu mirotvorstva i kr\u0161\u0107anske crkve\u201d, koja se odvijala tijekom posljednje dvije godine Prvoga svjetskog rata, a zavr\u0161ni epilop imala u prvim godinama nove dr\u017eavne zajednice, Kraljevine SHS. Naime, 1917., zbog su\u0161e, prekida prometa i ote\u017eane opskrbe, zavladala je na jugu Austro-Ugarske velika glad. Ljudi su po\u010deli masovno umirati i zagreba\u010dki Sredi\u0161nji odbor za zbrinjavanje porodica mobiliziranih i u ratu poginulih vojnika po\u010deo je veliku humanitarnu akciju preseljavanja djece iz Istre na sjever Hrvatske. Nakon toga akciju su prihvatili franjevci (fra Didak Bunti\u0107) kao spas za hercegova\u010dku djecu. Bio je to spas i za dalmatinsku djecu i bosansku djecu i za slovensku djecu iz Gorice i Slovenskog primorja. Tako je akcija, kojom su iz Zagreba rukovodili dr. Josip \u0160ilovi\u0107 i dr. \u0110uro Basari\u010dek, postala masovna i na prehranu je dopremljeno vi\u0161e od 20 000 djece. Ona su zapravo bila razmje\u0161tena po brojnim obiteljima koje su prihvatile skrb o izgladnjelim mali\u0161anima. Taj broj nije posve to\u010dan jer su evidencije iz vremena rata nestale, a popis na\u010dinjen 1920. ne obuhva\u0107a onu djecu koja su se vratila ku\u0107ama. U provo\u0111enje ove akcije bili su\u00a0 uklju\u010deni pojedinci, ustanove, gradovi i sela, kao i razne strukture iz redova dobrih ljudi.<\/p>\n","protected":false},"excerpt":{"rendered":"<p>Jedna od tema koju je gra\u0111anska historiografija u potpunosti zaobi\u0161la je veliko spa\u0161avanje gla\u0111u ugro\u017eene djece iz Dalmacije, Bosne i Hercegovine i Slovenskog primorja i preseljenje te djece u \u017eitorodne krajeve sjeverne Hrvatske (najve\u0107im dijelom u Slavoniju, Srijem i Podravinu) za vrijeme Prvoga svjetskog rata. U ovoj knjizi\u00a0prof. dr. sc. Mira Kolar bavi se upravo [&hellip;]<\/p>\n","protected":false},"featured_media":1184,"comment_status":"open","ping_status":"closed","template":"","meta":[],"yoast_head":"<!-- This site is optimized with the Yoast SEO plugin v16.1.1 - https:\/\/yoast.com\/wordpress\/plugins\/seo\/ -->\n<title>Zbrinjavanje gladne djece u Hrvatskoj za Prvoga svjetskog rata - Hrvatski institut za povijest<\/title>\n<link rel=\"canonical\" href=\"http:\/\/hipsb.hr\/proizvod\/zbrinjavanje-gladne-djece-u-hrvatskoj-za-prvoga-svjetskog-rata\/\" \/>\n<meta property=\"og:locale\" content=\"en_US\" \/>\n<meta property=\"og:type\" content=\"article\" \/>\n<meta property=\"og:title\" content=\"Zbrinjavanje gladne djece u Hrvatskoj za Prvoga svjetskog rata - Hrvatski institut za povijest\" \/>\n<meta property=\"og:description\" content=\"Jedna od tema koju je gra\u0111anska historiografija u potpunosti zaobi\u0161la je veliko spa\u0161avanje gla\u0111u ugro\u017eene djece iz Dalmacije, Bosne i Hercegovine i Slovenskog primorja i preseljenje te djece u \u017eitorodne krajeve sjeverne Hrvatske (najve\u0107im dijelom u Slavoniju, Srijem i Podravinu) za vrijeme Prvoga svjetskog rata. U ovoj knjizi\u00a0prof. dr. sc. Mira Kolar bavi se upravo [&hellip;]\" \/>\n<meta property=\"og:url\" content=\"http:\/\/hipsb.hr\/proizvod\/zbrinjavanje-gladne-djece-u-hrvatskoj-za-prvoga-svjetskog-rata\/\" \/>\n<meta property=\"og:site_name\" content=\"Hrvatski institut za povijest\" \/>\n<meta property=\"article:modified_time\" content=\"2026-01-01T14:41:49+00:00\" \/>\n<meta property=\"og:image\" content=\"https:\/\/hipsb.hr\/wp-content\/uploads\/2013\/01\/zbrinjavanje_gladne_djece-678x960.png\" \/>\n\t<meta property=\"og:image:width\" content=\"678\" \/>\n\t<meta property=\"og:image:height\" content=\"960\" \/>\n<meta name=\"twitter:label1\" content=\"Est. reading time\">\n\t<meta name=\"twitter:data1\" content=\"1 minute\">\n<script type=\"application\/ld+json\" class=\"yoast-schema-graph\">{\"@context\":\"https:\/\/schema.org\",\"@graph\":[{\"@type\":\"WebSite\",\"@id\":\"http:\/\/hipsb.hr\/#website\",\"url\":\"http:\/\/hipsb.hr\/\",\"name\":\"Hrvatski institut za povijest\",\"description\":\"Podru\\u017enica za povijest Slavonije, Srijema i Baranje\",\"potentialAction\":[{\"@type\":\"SearchAction\",\"target\":\"http:\/\/hipsb.hr\/?s={search_term_string}\",\"query-input\":\"required name=search_term_string\"}],\"inLanguage\":\"en-US\"},{\"@type\":\"ImageObject\",\"@id\":\"http:\/\/hipsb.hr\/proizvod\/zbrinjavanje-gladne-djece-u-hrvatskoj-za-prvoga-svjetskog-rata\/#primaryimage\",\"inLanguage\":\"en-US\",\"url\":\"https:\/\/hipsb.hr\/wp-content\/uploads\/2013\/01\/zbrinjavanje_gladne_djece.png\",\"contentUrl\":\"https:\/\/hipsb.hr\/wp-content\/uploads\/2013\/01\/zbrinjavanje_gladne_djece.png\",\"width\":2034,\"height\":2880},{\"@type\":\"WebPage\",\"@id\":\"http:\/\/hipsb.hr\/proizvod\/zbrinjavanje-gladne-djece-u-hrvatskoj-za-prvoga-svjetskog-rata\/#webpage\",\"url\":\"http:\/\/hipsb.hr\/proizvod\/zbrinjavanje-gladne-djece-u-hrvatskoj-za-prvoga-svjetskog-rata\/\",\"name\":\"Zbrinjavanje gladne djece u Hrvatskoj za Prvoga svjetskog rata - Hrvatski institut za povijest\",\"isPartOf\":{\"@id\":\"http:\/\/hipsb.hr\/#website\"},\"primaryImageOfPage\":{\"@id\":\"http:\/\/hipsb.hr\/proizvod\/zbrinjavanje-gladne-djece-u-hrvatskoj-za-prvoga-svjetskog-rata\/#primaryimage\"},\"datePublished\":\"2013-01-01T17:42:21+00:00\",\"dateModified\":\"2026-01-01T14:41:49+00:00\",\"breadcrumb\":{\"@id\":\"http:\/\/hipsb.hr\/proizvod\/zbrinjavanje-gladne-djece-u-hrvatskoj-za-prvoga-svjetskog-rata\/#breadcrumb\"},\"inLanguage\":\"en-US\",\"potentialAction\":[{\"@type\":\"ReadAction\",\"target\":[\"http:\/\/hipsb.hr\/proizvod\/zbrinjavanje-gladne-djece-u-hrvatskoj-za-prvoga-svjetskog-rata\/\"]}]},{\"@type\":\"BreadcrumbList\",\"@id\":\"http:\/\/hipsb.hr\/proizvod\/zbrinjavanje-gladne-djece-u-hrvatskoj-za-prvoga-svjetskog-rata\/#breadcrumb\",\"itemListElement\":[{\"@type\":\"ListItem\",\"position\":1,\"item\":{\"@type\":\"WebPage\",\"@id\":\"http:\/\/hipsb.hr\/en\/\",\"url\":\"http:\/\/hipsb.hr\/en\/\",\"name\":\"Home\"}},{\"@type\":\"ListItem\",\"position\":2,\"item\":{\"@type\":\"WebPage\",\"@id\":\"http:\/\/hipsb.hr\/shop\/\",\"url\":\"http:\/\/hipsb.hr\/shop\/\",\"name\":\"Proizvodi\"}},{\"@type\":\"ListItem\",\"position\":3,\"item\":{\"@type\":\"WebPage\",\"@id\":\"http:\/\/hipsb.hr\/proizvod\/zbrinjavanje-gladne-djece-u-hrvatskoj-za-prvoga-svjetskog-rata\/\",\"url\":\"http:\/\/hipsb.hr\/proizvod\/zbrinjavanje-gladne-djece-u-hrvatskoj-za-prvoga-svjetskog-rata\/\",\"name\":\"Zbrinjavanje gladne djece u Hrvatskoj za Prvoga svjetskog rata\"}}]}]}<\/script>\n<!-- \/ Yoast SEO plugin. -->","_links":{"self":[{"href":"https:\/\/hipsb.hr\/en\/wp-json\/wp\/v2\/product\/874"}],"collection":[{"href":"https:\/\/hipsb.hr\/en\/wp-json\/wp\/v2\/product"}],"about":[{"href":"https:\/\/hipsb.hr\/en\/wp-json\/wp\/v2\/types\/product"}],"replies":[{"embeddable":true,"href":"https:\/\/hipsb.hr\/en\/wp-json\/wp\/v2\/comments?post=874"}],"wp:featuredmedia":[{"embeddable":true,"href":"https:\/\/hipsb.hr\/en\/wp-json\/wp\/v2\/media\/1184"}],"wp:attachment":[{"href":"https:\/\/hipsb.hr\/en\/wp-json\/wp\/v2\/media?parent=874"}],"curies":[{"name":"wp","href":"https:\/\/api.w.org\/{rel}","templated":true}]}}