{"id":908,"date":"2013-01-01T20:04:26","date_gmt":"2013-01-01T19:04:26","guid":{"rendered":"http:\/\/hipsb.hr\/?post_type=product&#038;p=908"},"modified":"2023-02-08T15:46:34","modified_gmt":"2023-02-08T14:46:34","slug":"krunoslav-draganovic-iskazi-komunistickim-istraziteljima","status":"publish","type":"product","link":"https:\/\/hipsb.hr\/en\/proizvod\/krunoslav-draganovic-iskazi-komunistickim-istraziteljima\/","title":{"rendered":"Krunoslav Draganovi\u0107. Iskazi komunisti\u010dkim istra\u017eiteljima"},"content":{"rendered":"<p>Krunoslav Draganovi\u0107 (1903.-1983.),\u00a0sve\u0107enik, povjesni\u010dar i politi\u010dar,\u00a0jedna je od najkontroverznijih osoba novije hrvatske crkvene i politi\u010dke povijesti.\u00a0Od svibnja 1941. \u010dlan je Ravnateljstva Zavoda za kolonizaciju, te kao izaslanik NDH u prolje\u0107e i ljeto 1941. u okupiranoj Srbiji i Makedoniji poma\u017ee pri povratku u domovinu zarobljenim hrvatskim vojnicima\u00a0biv\u0161e jugoslavenske vojske. Krajem kolovoza 1943. pridijeljen je hrvatskom predstavni\u0161tvu pri Svetoj Stolici kako bi pomagao Caritasu Zagreba\u010dke nadbiskupije i Hrvatskom crvenom kri\u017eu pri osloba\u0111anju, zbrinjavanju i upu\u0107ivanju uhi\u0107enih i zarobljenih Hrvata iz Italije nakon njezine kapitulacije. Uspostavlja vezu i uru\u010duje podneske (1944. i 1945.) britanskim i ameri\u010dkim diplomatima u Rimu, te savezni\u010dkom vrhovnom zapovjedni\u0161tvu za Sredozemlje u kojima se tra\u017ei o\u010duvanje hrvatske dr\u017eavne samostalnosti te izlaz za Hrvatske oru\u017eane snage i izbjeglice iz NDH. Kraj rata i slom NDH zatje\u010de ga u Rimu. Uz znanje Vatikana obilazi zarobljeni\u010dke logore u Italiji i Austriji u kojima se nalaze hrvatske izbjeglice i poma\u017ee im. Njegovim osobnim zalaganjem, tisu\u0107ama Hrvata, a me\u0111u njima i mnogim du\u017enosnicima NDH, omogu\u0107ena je najnu\u017enija humanitarna pomo\u0107, izbavljenje iz logora, spa\u0161avanje \u017eivota, te odlazak u nova boravi\u0161ta. Istodobno izvje\u0161\u0107uje politi\u010dke krugove Zapada o stanju i prilikama u Hrvatskoj i o stradanju hrvatskog naroda.<\/p>\n<p>Istra\u017euju\u0107i po raznim arhivskim fondovima, autor je prona\u0161ao u Hrvatskom dr\u017eavnom arhivu, Fondu Slu\u017ebe dr\u017eavne sigurnosti Republi\u010dkog sekretarijata unutra\u0161njih poslova SR Hrvatske, zapisnike o iskazima Krunoslava Draganovi\u0107a pred komunisti\u010dkim istra\u017eiteljima, nakon njegovog zagonetnog povratka u Jugoslaviju u rujnu 1967. godine. O\u010dito se radi samo o dijelu njegovih iskaza izdvojenih iz njegovog dosjea, koji se \u010duva u nekom od beogradskih arhiva, a navodno i negdje u Sarajevu, kojeg su jugoslavenske slu\u017ebe sigurnosti oformile kroz istragu nakon njegova povratka u Jugoslaviju, a vjerojatno i prate\u0107i njegov dotada\u0161nji rad. Ti iskazi su i glavni temelj ove knjige.<\/p>\n","protected":false},"excerpt":{"rendered":"<p>Krunoslav Draganovi\u0107 (1903.-1983.),\u00a0sve\u0107enik, povjesni\u010dar i politi\u010dar,\u00a0jedna je od najkontroverznijih osoba novije hrvatske crkvene i politi\u010dke povijesti.\u00a0Od svibnja 1941. \u010dlan je Ravnateljstva Zavoda za kolonizaciju, te kao izaslanik NDH u prolje\u0107e i ljeto 1941. u okupiranoj Srbiji i Makedoniji poma\u017ee pri povratku u domovinu zarobljenim hrvatskim vojnicima\u00a0biv\u0161e jugoslavenske vojske. Krajem kolovoza 1943. pridijeljen je hrvatskom predstavni\u0161tvu [&hellip;]<\/p>\n","protected":false},"featured_media":909,"comment_status":"open","ping_status":"closed","template":"","meta":[],"yoast_head":"<!-- This site is optimized with the Yoast SEO plugin v16.1.1 - https:\/\/yoast.com\/wordpress\/plugins\/seo\/ -->\n<title>Krunoslav Draganovi\u0107. Iskazi komunisti\u010dkim istra\u017eiteljima - Hrvatski institut za povijest<\/title>\n<link rel=\"canonical\" href=\"https:\/\/hipsb.hr\/en\/proizvod\/krunoslav-draganovic-iskazi-komunistickim-istraziteljima\/\" \/>\n<meta property=\"og:locale\" content=\"en_US\" \/>\n<meta property=\"og:type\" content=\"article\" \/>\n<meta property=\"og:title\" content=\"Krunoslav Draganovi\u0107. Iskazi komunisti\u010dkim istra\u017eiteljima - Hrvatski institut za povijest\" \/>\n<meta property=\"og:description\" content=\"Krunoslav Draganovi\u0107 (1903.-1983.),\u00a0sve\u0107enik, povjesni\u010dar i politi\u010dar,\u00a0jedna je od najkontroverznijih osoba novije hrvatske crkvene i politi\u010dke povijesti.\u00a0Od svibnja 1941. \u010dlan je Ravnateljstva Zavoda za kolonizaciju, te kao izaslanik NDH u prolje\u0107e i ljeto 1941. u okupiranoj Srbiji i Makedoniji poma\u017ee pri povratku u domovinu zarobljenim hrvatskim vojnicima\u00a0biv\u0161e jugoslavenske vojske. Krajem kolovoza 1943. pridijeljen je hrvatskom predstavni\u0161tvu [&hellip;]\" \/>\n<meta property=\"og:url\" content=\"https:\/\/hipsb.hr\/en\/proizvod\/krunoslav-draganovic-iskazi-komunistickim-istraziteljima\/\" \/>\n<meta property=\"og:site_name\" content=\"Hrvatski institut za povijest\" \/>\n<meta property=\"article:modified_time\" content=\"2023-02-08T14:46:34+00:00\" \/>\n<meta property=\"og:image\" content=\"https:\/\/hipsb.hr\/wp-content\/uploads\/2013\/01\/62_draganovic.jpg\" \/>\n\t<meta property=\"og:image:width\" content=\"481\" \/>\n\t<meta property=\"og:image:height\" content=\"705\" \/>\n<meta name=\"twitter:label1\" content=\"Est. reading time\">\n\t<meta name=\"twitter:data1\" content=\"2 minutes\">\n<script type=\"application\/ld+json\" class=\"yoast-schema-graph\">{\"@context\":\"https:\/\/schema.org\",\"@graph\":[{\"@type\":\"WebSite\",\"@id\":\"http:\/\/hipsb.hr\/en\/#website\",\"url\":\"http:\/\/hipsb.hr\/en\/\",\"name\":\"Hrvatski institut za povijest\",\"description\":\"Podru\\u017enica za povijest Slavonije, Srijema i Baranje\",\"potentialAction\":[{\"@type\":\"SearchAction\",\"target\":\"http:\/\/hipsb.hr\/en\/?s={search_term_string}\",\"query-input\":\"required name=search_term_string\"}],\"inLanguage\":\"en-US\"},{\"@type\":\"ImageObject\",\"@id\":\"https:\/\/hipsb.hr\/en\/proizvod\/krunoslav-draganovic-iskazi-komunistickim-istraziteljima\/#primaryimage\",\"inLanguage\":\"en-US\",\"url\":\"https:\/\/hipsb.hr\/wp-content\/uploads\/2013\/01\/62_draganovic.jpg\",\"contentUrl\":\"https:\/\/hipsb.hr\/wp-content\/uploads\/2013\/01\/62_draganovic.jpg\",\"width\":481,\"height\":705},{\"@type\":\"WebPage\",\"@id\":\"https:\/\/hipsb.hr\/en\/proizvod\/krunoslav-draganovic-iskazi-komunistickim-istraziteljima\/#webpage\",\"url\":\"https:\/\/hipsb.hr\/en\/proizvod\/krunoslav-draganovic-iskazi-komunistickim-istraziteljima\/\",\"name\":\"Krunoslav Draganovi\\u0107. Iskazi komunisti\\u010dkim istra\\u017eiteljima - Hrvatski institut za povijest\",\"isPartOf\":{\"@id\":\"http:\/\/hipsb.hr\/en\/#website\"},\"primaryImageOfPage\":{\"@id\":\"https:\/\/hipsb.hr\/en\/proizvod\/krunoslav-draganovic-iskazi-komunistickim-istraziteljima\/#primaryimage\"},\"datePublished\":\"2013-01-01T19:04:26+00:00\",\"dateModified\":\"2023-02-08T14:46:34+00:00\",\"breadcrumb\":{\"@id\":\"https:\/\/hipsb.hr\/en\/proizvod\/krunoslav-draganovic-iskazi-komunistickim-istraziteljima\/#breadcrumb\"},\"inLanguage\":\"en-US\",\"potentialAction\":[{\"@type\":\"ReadAction\",\"target\":[\"https:\/\/hipsb.hr\/en\/proizvod\/krunoslav-draganovic-iskazi-komunistickim-istraziteljima\/\"]}]},{\"@type\":\"BreadcrumbList\",\"@id\":\"https:\/\/hipsb.hr\/en\/proizvod\/krunoslav-draganovic-iskazi-komunistickim-istraziteljima\/#breadcrumb\",\"itemListElement\":[{\"@type\":\"ListItem\",\"position\":1,\"item\":{\"@type\":\"WebPage\",\"@id\":\"http:\/\/hipsb.hr\/en\/\",\"url\":\"http:\/\/hipsb.hr\/en\/\",\"name\":\"Home\"}},{\"@type\":\"ListItem\",\"position\":2,\"item\":{\"@type\":\"WebPage\",\"@id\":\"http:\/\/hipsb.hr\/en\/shop\/\",\"url\":\"http:\/\/hipsb.hr\/en\/shop\/\",\"name\":\"Proizvodi\"}},{\"@type\":\"ListItem\",\"position\":3,\"item\":{\"@type\":\"WebPage\",\"@id\":\"https:\/\/hipsb.hr\/en\/proizvod\/krunoslav-draganovic-iskazi-komunistickim-istraziteljima\/\",\"url\":\"https:\/\/hipsb.hr\/en\/proizvod\/krunoslav-draganovic-iskazi-komunistickim-istraziteljima\/\",\"name\":\"Krunoslav Draganovi\\u0107. Iskazi komunisti\\u010dkim istra\\u017eiteljima\"}}]}]}<\/script>\n<!-- \/ Yoast SEO plugin. -->","_links":{"self":[{"href":"https:\/\/hipsb.hr\/en\/wp-json\/wp\/v2\/product\/908"}],"collection":[{"href":"https:\/\/hipsb.hr\/en\/wp-json\/wp\/v2\/product"}],"about":[{"href":"https:\/\/hipsb.hr\/en\/wp-json\/wp\/v2\/types\/product"}],"replies":[{"embeddable":true,"href":"https:\/\/hipsb.hr\/en\/wp-json\/wp\/v2\/comments?post=908"}],"wp:featuredmedia":[{"embeddable":true,"href":"https:\/\/hipsb.hr\/en\/wp-json\/wp\/v2\/media\/909"}],"wp:attachment":[{"href":"https:\/\/hipsb.hr\/en\/wp-json\/wp\/v2\/media?parent=908"}],"curies":[{"name":"wp","href":"https:\/\/api.w.org\/{rel}","templated":true}]}}