{"id":921,"date":"2013-01-01T20:24:22","date_gmt":"2013-01-01T19:24:22","guid":{"rendered":"http:\/\/hipsb.hr\/?post_type=product&#038;p=921"},"modified":"2023-11-14T23:00:43","modified_gmt":"2023-11-14T22:00:43","slug":"partizanska-i-komunisticka-represija-i-zlocini-u-hrvatskoj-1944-1946-dokumenti-knjiga-4-dalmacija","status":"publish","type":"product","link":"https:\/\/hipsb.hr\/en\/proizvod\/partizanska-i-komunisticka-represija-i-zlocini-u-hrvatskoj-1944-1946-dokumenti-knjiga-4-dalmacija\/","title":{"rendered":"Partizanska i komunisti\u010dka represija i zlo\u010dini u Hrvatskoj 1944.-1946.: dokumenti. Knjiga 4: Dalmacija"},"content":{"rendered":"<p>Knjiga je prvo kriti\u010dko izdanje izvornih dokumenata (njih 290) postrojba i ustanova NOV i PO Jugoslavije i Hrvatske, organa KP Jugoslavije i Hrvatske te DF\/FNR Jugoslavije i FD\/NR Hrvatske o postupanju protiv pora\u017eenih vojnih i politi\u010dkih protivnika na podru\u010dju Dalmacije prije i neposredno po zavr\u0161etku Drugoga svjetskog rata.<\/p>\n","protected":false},"excerpt":{"rendered":"<p>Knjiga je prvo kriti\u010dko izdanje izvornih dokumenata (njih 290) postrojba i ustanova NOV i PO Jugoslavije i Hrvatske, organa KP Jugoslavije i Hrvatske te DF\/FNR Jugoslavije i FD\/NR Hrvatske o postupanju protiv pora\u017eenih vojnih i politi\u010dkih protivnika na podru\u010dju Dalmacije prije i neposredno po zavr\u0161etku Drugoga svjetskog rata.<\/p>\n","protected":false},"featured_media":922,"comment_status":"open","ping_status":"closed","template":"","meta":[],"yoast_head":"<!-- This site is optimized with the Yoast SEO plugin v16.1.1 - https:\/\/yoast.com\/wordpress\/plugins\/seo\/ -->\n<title>Partizanska i komunisti\u010dka represija i zlo\u010dini u Hrvatskoj 1944.-1946.: dokumenti. Knjiga 4: Dalmacija - Hrvatski institut za povijest<\/title>\n<link rel=\"canonical\" href=\"https:\/\/hipsb.hr\/proizvod\/partizanska-i-komunisticka-represija-i-zlocini-u-hrvatskoj-1944-1946-dokumenti-knjiga-4-dalmacija\/\" \/>\n<meta property=\"og:locale\" content=\"en_US\" \/>\n<meta property=\"og:type\" content=\"article\" \/>\n<meta property=\"og:title\" content=\"Partizanska i komunisti\u010dka represija i zlo\u010dini u Hrvatskoj 1944.-1946.: dokumenti. Knjiga 4: Dalmacija - Hrvatski institut za povijest\" \/>\n<meta property=\"og:description\" content=\"Knjiga je prvo kriti\u010dko izdanje izvornih dokumenata (njih 290) postrojba i ustanova NOV i PO Jugoslavije i Hrvatske, organa KP Jugoslavije i Hrvatske te DF\/FNR Jugoslavije i FD\/NR Hrvatske o postupanju protiv pora\u017eenih vojnih i politi\u010dkih protivnika na podru\u010dju Dalmacije prije i neposredno po zavr\u0161etku Drugoga svjetskog rata.\" \/>\n<meta property=\"og:url\" content=\"https:\/\/hipsb.hr\/proizvod\/partizanska-i-komunisticka-represija-i-zlocini-u-hrvatskoj-1944-1946-dokumenti-knjiga-4-dalmacija\/\" \/>\n<meta property=\"og:site_name\" content=\"Hrvatski institut za povijest\" \/>\n<meta property=\"article:modified_time\" content=\"2023-11-14T22:00:43+00:00\" \/>\n<meta property=\"og:image\" content=\"https:\/\/hipsb.hr\/wp-content\/uploads\/2013\/01\/68_partizanskizlocini4.jpg\" \/>\n\t<meta property=\"og:image:width\" content=\"496\" \/>\n\t<meta property=\"og:image:height\" content=\"702\" \/>\n<script type=\"application\/ld+json\" class=\"yoast-schema-graph\">{\"@context\":\"https:\/\/schema.org\",\"@graph\":[{\"@type\":\"WebSite\",\"@id\":\"http:\/\/hipsb.hr\/en\/#website\",\"url\":\"http:\/\/hipsb.hr\/en\/\",\"name\":\"Hrvatski institut za povijest\",\"description\":\"Podru\\u017enica za povijest Slavonije, Srijema i Baranje\",\"potentialAction\":[{\"@type\":\"SearchAction\",\"target\":\"http:\/\/hipsb.hr\/en\/?s={search_term_string}\",\"query-input\":\"required name=search_term_string\"}],\"inLanguage\":\"en-US\"},{\"@type\":\"ImageObject\",\"@id\":\"https:\/\/hipsb.hr\/proizvod\/partizanska-i-komunisticka-represija-i-zlocini-u-hrvatskoj-1944-1946-dokumenti-knjiga-4-dalmacija\/#primaryimage\",\"inLanguage\":\"en-US\",\"url\":\"https:\/\/hipsb.hr\/wp-content\/uploads\/2013\/01\/68_partizanskizlocini4.jpg\",\"contentUrl\":\"https:\/\/hipsb.hr\/wp-content\/uploads\/2013\/01\/68_partizanskizlocini4.jpg\",\"width\":496,\"height\":702},{\"@type\":\"WebPage\",\"@id\":\"https:\/\/hipsb.hr\/proizvod\/partizanska-i-komunisticka-represija-i-zlocini-u-hrvatskoj-1944-1946-dokumenti-knjiga-4-dalmacija\/#webpage\",\"url\":\"https:\/\/hipsb.hr\/proizvod\/partizanska-i-komunisticka-represija-i-zlocini-u-hrvatskoj-1944-1946-dokumenti-knjiga-4-dalmacija\/\",\"name\":\"Partizanska i komunisti\\u010dka represija i zlo\\u010dini u Hrvatskoj 1944.-1946.: dokumenti. Knjiga 4: Dalmacija - Hrvatski institut za povijest\",\"isPartOf\":{\"@id\":\"http:\/\/hipsb.hr\/en\/#website\"},\"primaryImageOfPage\":{\"@id\":\"https:\/\/hipsb.hr\/proizvod\/partizanska-i-komunisticka-represija-i-zlocini-u-hrvatskoj-1944-1946-dokumenti-knjiga-4-dalmacija\/#primaryimage\"},\"datePublished\":\"2013-01-01T19:24:22+00:00\",\"dateModified\":\"2023-11-14T22:00:43+00:00\",\"breadcrumb\":{\"@id\":\"https:\/\/hipsb.hr\/proizvod\/partizanska-i-komunisticka-represija-i-zlocini-u-hrvatskoj-1944-1946-dokumenti-knjiga-4-dalmacija\/#breadcrumb\"},\"inLanguage\":\"en-US\",\"potentialAction\":[{\"@type\":\"ReadAction\",\"target\":[\"https:\/\/hipsb.hr\/proizvod\/partizanska-i-komunisticka-represija-i-zlocini-u-hrvatskoj-1944-1946-dokumenti-knjiga-4-dalmacija\/\"]}]},{\"@type\":\"BreadcrumbList\",\"@id\":\"https:\/\/hipsb.hr\/proizvod\/partizanska-i-komunisticka-represija-i-zlocini-u-hrvatskoj-1944-1946-dokumenti-knjiga-4-dalmacija\/#breadcrumb\",\"itemListElement\":[{\"@type\":\"ListItem\",\"position\":1,\"item\":{\"@type\":\"WebPage\",\"@id\":\"http:\/\/hipsb.hr\/en\/\",\"url\":\"http:\/\/hipsb.hr\/en\/\",\"name\":\"Home\"}},{\"@type\":\"ListItem\",\"position\":2,\"item\":{\"@type\":\"WebPage\",\"@id\":\"https:\/\/hipsb.hr\/shop\/\",\"url\":\"https:\/\/hipsb.hr\/shop\/\",\"name\":\"Proizvodi\"}},{\"@type\":\"ListItem\",\"position\":3,\"item\":{\"@type\":\"WebPage\",\"@id\":\"https:\/\/hipsb.hr\/proizvod\/partizanska-i-komunisticka-represija-i-zlocini-u-hrvatskoj-1944-1946-dokumenti-knjiga-4-dalmacija\/\",\"url\":\"https:\/\/hipsb.hr\/proizvod\/partizanska-i-komunisticka-represija-i-zlocini-u-hrvatskoj-1944-1946-dokumenti-knjiga-4-dalmacija\/\",\"name\":\"Partizanska i komunisti\\u010dka represija i zlo\\u010dini u Hrvatskoj 1944.-1946.: dokumenti. Knjiga 4: Dalmacija\"}}]}]}<\/script>\n<!-- \/ Yoast SEO plugin. -->","_links":{"self":[{"href":"https:\/\/hipsb.hr\/en\/wp-json\/wp\/v2\/product\/921"}],"collection":[{"href":"https:\/\/hipsb.hr\/en\/wp-json\/wp\/v2\/product"}],"about":[{"href":"https:\/\/hipsb.hr\/en\/wp-json\/wp\/v2\/types\/product"}],"replies":[{"embeddable":true,"href":"https:\/\/hipsb.hr\/en\/wp-json\/wp\/v2\/comments?post=921"}],"wp:featuredmedia":[{"embeddable":true,"href":"https:\/\/hipsb.hr\/en\/wp-json\/wp\/v2\/media\/922"}],"wp:attachment":[{"href":"https:\/\/hipsb.hr\/en\/wp-json\/wp\/v2\/media?parent=921"}],"curies":[{"name":"wp","href":"https:\/\/api.w.org\/{rel}","templated":true}]}}