{"id":943,"date":"2013-01-01T20:58:26","date_gmt":"2013-01-01T19:58:26","guid":{"rendered":"http:\/\/hipsb.hr\/?post_type=product&#038;p=943"},"modified":"2026-01-01T15:48:38","modified_gmt":"2026-01-01T14:48:38","slug":"ideali-strast-i-politika-zivot-i-djelo-andrije-torkvata-brlica","status":"publish","type":"product","link":"https:\/\/hipsb.hr\/en\/proizvod\/ideali-strast-i-politika-zivot-i-djelo-andrije-torkvata-brlica\/","title":{"rendered":"Ideali, strast i politika. \u017divot i djelo Andrije Torkvata Brli\u0107a"},"content":{"rendered":"<p>Knjiga monografski obra\u0111uje \u017eivot te politi\u010dko i publicisti\u010dko djelovanje Andrije Torkvata Brli\u0107a (1826.-1868.), politi\u010dara, publicista, jezikoslovca, povjesni\u010dara i odvjetnika. Nakon studija teologije u Be\u010du sudjelovao je u revolucionarnim zbivanjima 1848.-1849. u Habsbur\u0161koj Monarhiji, a na prijelazu iz 1848. u 1849. kao izaslanik bana Josipa Jela\u010di\u0107a u Parizu je radio na suzbijanju ma\u0111arske protuhrvatske propagande. Nakon povratka u Zagreb radio je kao tajnik Matice ilirske i Dru\u0161tva za jugoslavensku povjesnicu, a potkraj 1851. oti\u0161ao je u \u0110akovo gdje je nepune dvije godine radio kao gospodarski tajnik biskupa Josipa Jurja Strossmayera. Slijedio je studij prava u Be\u010du, a od 1857. do smrti 1868. radio je kao odvjetnik u Slavonskome Brodu. Od sredine \u010detrdesetih godina 19. st. do svoje smrti 1868. objavio je brojne razli\u010dite publicisti\u010dke tekstove u doma\u0107im i inozemnim listovima (politi\u010dke komentare, izvje\u0161taje i komentirane izvje\u0161taje, reporta\u017ee, znanstveno-stru\u010dne historiografske tekstove, pjesme, putopise i sl.). Objavio je i tri knjige &#8211; jednu gramatiku hrvatskog jezika i dvije knjige povijesnih izvora. Bio je prvi novinski izvjestitelj iz inozemstva u povijesti hrvatskoga novinstva, a smatra se i utemeljiteljem osmanistike u Hrvatskoj. Na Hrvatskom saboru 1861. sudjelovao je kao predstavnik rodnoga grada i predvodio je zastupnike Vojne krajine u Be\u010du koji su vladaru predali adresu o stanju u Vojnoj krajini. Knjiga je prvi cjeloviti monografski prikaz \u017eivota i javnog djelovanja tog vrlo zanimljivog i intrigantnog politi\u010dara iz 19. stolje\u0107a.<\/p>\n","protected":false},"excerpt":{"rendered":"<p>Knjiga monografski obra\u0111uje \u017eivot te politi\u010dko i publicisti\u010dko djelovanje Andrije Torkvata Brli\u0107a (1826.-1868.), politi\u010dara, publicista, jezikoslovca, povjesni\u010dara i odvjetnika. Nakon studija teologije u Be\u010du sudjelovao je u revolucionarnim zbivanjima 1848.-1849. u Habsbur\u0161koj Monarhiji, a na prijelazu iz 1848. u 1849. kao izaslanik bana Josipa Jela\u010di\u0107a u Parizu je radio na suzbijanju ma\u0111arske protuhrvatske propagande. Nakon [&hellip;]<\/p>\n","protected":false},"featured_media":944,"comment_status":"open","ping_status":"closed","template":"","meta":[],"yoast_head":"<!-- This site is optimized with the Yoast SEO plugin v16.1.1 - https:\/\/yoast.com\/wordpress\/plugins\/seo\/ -->\n<title>Ideali, strast i politika. \u017divot i djelo Andrije Torkvata Brli\u0107a - Hrvatski institut za povijest<\/title>\n<link rel=\"canonical\" href=\"https:\/\/hipsb.hr\/en\/proizvod\/ideali-strast-i-politika-zivot-i-djelo-andrije-torkvata-brlica\/\" \/>\n<meta property=\"og:locale\" content=\"en_US\" \/>\n<meta property=\"og:type\" content=\"article\" \/>\n<meta property=\"og:title\" content=\"Ideali, strast i politika. \u017divot i djelo Andrije Torkvata Brli\u0107a - Hrvatski institut za povijest\" \/>\n<meta property=\"og:description\" content=\"Knjiga monografski obra\u0111uje \u017eivot te politi\u010dko i publicisti\u010dko djelovanje Andrije Torkvata Brli\u0107a (1826.-1868.), politi\u010dara, publicista, jezikoslovca, povjesni\u010dara i odvjetnika. Nakon studija teologije u Be\u010du sudjelovao je u revolucionarnim zbivanjima 1848.-1849. u Habsbur\u0161koj Monarhiji, a na prijelazu iz 1848. u 1849. kao izaslanik bana Josipa Jela\u010di\u0107a u Parizu je radio na suzbijanju ma\u0111arske protuhrvatske propagande. Nakon [&hellip;]\" \/>\n<meta property=\"og:url\" content=\"https:\/\/hipsb.hr\/en\/proizvod\/ideali-strast-i-politika-zivot-i-djelo-andrije-torkvata-brlica\/\" \/>\n<meta property=\"og:site_name\" content=\"Hrvatski institut za povijest\" \/>\n<meta property=\"article:modified_time\" content=\"2026-01-01T14:48:38+00:00\" \/>\n<meta property=\"og:image\" content=\"https:\/\/hipsb.hr\/wp-content\/uploads\/2013\/01\/79_atorkvat.jpg\" \/>\n\t<meta property=\"og:image:width\" content=\"477\" \/>\n\t<meta property=\"og:image:height\" content=\"678\" \/>\n<meta name=\"twitter:label1\" content=\"Est. reading time\">\n\t<meta name=\"twitter:data1\" content=\"1 minute\">\n<script type=\"application\/ld+json\" class=\"yoast-schema-graph\">{\"@context\":\"https:\/\/schema.org\",\"@graph\":[{\"@type\":\"WebSite\",\"@id\":\"http:\/\/hipsb.hr\/#website\",\"url\":\"http:\/\/hipsb.hr\/\",\"name\":\"Hrvatski institut za povijest\",\"description\":\"Podru\\u017enica za povijest Slavonije, Srijema i Baranje\",\"potentialAction\":[{\"@type\":\"SearchAction\",\"target\":\"http:\/\/hipsb.hr\/?s={search_term_string}\",\"query-input\":\"required name=search_term_string\"}],\"inLanguage\":\"en-US\"},{\"@type\":\"ImageObject\",\"@id\":\"https:\/\/hipsb.hr\/en\/proizvod\/ideali-strast-i-politika-zivot-i-djelo-andrije-torkvata-brlica\/#primaryimage\",\"inLanguage\":\"en-US\",\"url\":\"https:\/\/hipsb.hr\/wp-content\/uploads\/2013\/01\/79_atorkvat.jpg\",\"contentUrl\":\"https:\/\/hipsb.hr\/wp-content\/uploads\/2013\/01\/79_atorkvat.jpg\",\"width\":477,\"height\":678},{\"@type\":\"WebPage\",\"@id\":\"https:\/\/hipsb.hr\/en\/proizvod\/ideali-strast-i-politika-zivot-i-djelo-andrije-torkvata-brlica\/#webpage\",\"url\":\"https:\/\/hipsb.hr\/en\/proizvod\/ideali-strast-i-politika-zivot-i-djelo-andrije-torkvata-brlica\/\",\"name\":\"Ideali, strast i politika. \\u017divot i djelo Andrije Torkvata Brli\\u0107a - Hrvatski institut za povijest\",\"isPartOf\":{\"@id\":\"http:\/\/hipsb.hr\/#website\"},\"primaryImageOfPage\":{\"@id\":\"https:\/\/hipsb.hr\/en\/proizvod\/ideali-strast-i-politika-zivot-i-djelo-andrije-torkvata-brlica\/#primaryimage\"},\"datePublished\":\"2013-01-01T19:58:26+00:00\",\"dateModified\":\"2026-01-01T14:48:38+00:00\",\"breadcrumb\":{\"@id\":\"https:\/\/hipsb.hr\/en\/proizvod\/ideali-strast-i-politika-zivot-i-djelo-andrije-torkvata-brlica\/#breadcrumb\"},\"inLanguage\":\"en-US\",\"potentialAction\":[{\"@type\":\"ReadAction\",\"target\":[\"https:\/\/hipsb.hr\/en\/proizvod\/ideali-strast-i-politika-zivot-i-djelo-andrije-torkvata-brlica\/\"]}]},{\"@type\":\"BreadcrumbList\",\"@id\":\"https:\/\/hipsb.hr\/en\/proizvod\/ideali-strast-i-politika-zivot-i-djelo-andrije-torkvata-brlica\/#breadcrumb\",\"itemListElement\":[{\"@type\":\"ListItem\",\"position\":1,\"item\":{\"@type\":\"WebPage\",\"@id\":\"http:\/\/hipsb.hr\/en\/\",\"url\":\"http:\/\/hipsb.hr\/en\/\",\"name\":\"Home\"}},{\"@type\":\"ListItem\",\"position\":2,\"item\":{\"@type\":\"WebPage\",\"@id\":\"http:\/\/hipsb.hr\/shop\/\",\"url\":\"http:\/\/hipsb.hr\/shop\/\",\"name\":\"Proizvodi\"}},{\"@type\":\"ListItem\",\"position\":3,\"item\":{\"@type\":\"WebPage\",\"@id\":\"https:\/\/hipsb.hr\/en\/proizvod\/ideali-strast-i-politika-zivot-i-djelo-andrije-torkvata-brlica\/\",\"url\":\"https:\/\/hipsb.hr\/en\/proizvod\/ideali-strast-i-politika-zivot-i-djelo-andrije-torkvata-brlica\/\",\"name\":\"Ideali, strast i politika. \\u017divot i djelo Andrije Torkvata Brli\\u0107a\"}}]}]}<\/script>\n<!-- \/ Yoast SEO plugin. -->","_links":{"self":[{"href":"https:\/\/hipsb.hr\/en\/wp-json\/wp\/v2\/product\/943"}],"collection":[{"href":"https:\/\/hipsb.hr\/en\/wp-json\/wp\/v2\/product"}],"about":[{"href":"https:\/\/hipsb.hr\/en\/wp-json\/wp\/v2\/types\/product"}],"replies":[{"embeddable":true,"href":"https:\/\/hipsb.hr\/en\/wp-json\/wp\/v2\/comments?post=943"}],"wp:featuredmedia":[{"embeddable":true,"href":"https:\/\/hipsb.hr\/en\/wp-json\/wp\/v2\/media\/944"}],"wp:attachment":[{"href":"https:\/\/hipsb.hr\/en\/wp-json\/wp\/v2\/media?parent=943"}],"curies":[{"name":"wp","href":"https:\/\/api.w.org\/{rel}","templated":true}]}}