{"id":945,"date":"2013-01-01T21:01:18","date_gmt":"2013-01-01T20:01:18","guid":{"rendered":"http:\/\/hipsb.hr\/?post_type=product&#038;p=945"},"modified":"2026-01-01T15:48:57","modified_gmt":"2026-01-01T14:48:57","slug":"republika-hrvatska-i-domovinski-rat-1990-1995-dokumenti-knjiga-12-dokumenti-institucija-pobunjenih-srba-u-republici-hrvatskoj-sijecanj-lipanj-1994","status":"publish","type":"product","link":"https:\/\/hipsb.hr\/en\/proizvod\/republika-hrvatska-i-domovinski-rat-1990-1995-dokumenti-knjiga-12-dokumenti-institucija-pobunjenih-srba-u-republici-hrvatskoj-sijecanj-lipanj-1994\/","title":{"rendered":"Republika Hrvatska i Domovinski rat 1990.-1995. \u2013 Dokumenti (knjiga 12): Dokumenti institucija pobunjenih Srba u Republici Hrvatskoj (sije\u010danj-lipanj 1994.)"},"content":{"rendered":"<p><em>Dokumenti institucija pobunjenih Srba u Republici Hrvatskoj (sije\u010danj \u2013 lipanj\u00a01994.)<\/em> dvanaesta su knjiga u seriji koju je pod naslovom \u201cRepublika Hrvatska\u00a0i Domovinski rat 1990.-1995. \u2013 Dokumenti\u201d, od 2007. po\u010deo objavljivati\u00a0Hrvatski memorijalno-dokumentacijski centar Domovinskog rata (dalje Centar). U knjizi\u00a0su predstavljeni dokumenti iz arhivskog gradiva \u201cRepublike Srpske Krajine\u201d (RSK) koji\u00a0se \u010duvaju u Centru i drugim arhivskim ustanovama u Republici Hrvatskoj. Objavljeni su\u00a0kronolo\u0161kim slijedom s potrebnim znanstvenim aparatom, a obuhva\u0107aju razdoblje prve\u00a0polovice 1994. godine. Svi navedeni dokumenti prepisani su, a njihovi originali ili preslike\u00a0originala u posjedu su Centra. Ve\u0107i zahvati u tekstu nazna\u010deni su stavljanjem teksta u uglatu\u00a0zagradu, a u bilje\u0161kama je upozoreno na dijelove dokumenta koji su u izvorniku o\u0161te\u0107eni\u00a0i na dijelove koji su izostavljeni. Jednako tako, radi boljeg razumijevanja, u bilje\u0161kama su\u00a0navedena imena ili prezimena sudionika koja se ne spominju u dokumentu ili podaci o\u00a0drugim dokumentima i literaturi u kojima se spominje isti doga\u0111aj.<\/p>\n","protected":false},"excerpt":{"rendered":"<p>Dokumenti institucija pobunjenih Srba u Republici Hrvatskoj (sije\u010danj \u2013 lipanj\u00a01994.) dvanaesta su knjiga u seriji koju je pod naslovom \u201cRepublika Hrvatska\u00a0i Domovinski rat 1990.-1995. \u2013 Dokumenti\u201d, od 2007. po\u010deo objavljivati\u00a0Hrvatski memorijalno-dokumentacijski centar Domovinskog rata (dalje Centar). U knjizi\u00a0su predstavljeni dokumenti iz arhivskog gradiva \u201cRepublike Srpske Krajine\u201d (RSK) koji\u00a0se \u010duvaju u Centru i drugim arhivskim ustanovama [&hellip;]<\/p>\n","protected":false},"featured_media":946,"comment_status":"open","ping_status":"closed","template":"","meta":[],"yoast_head":"<!-- This site is optimized with the Yoast SEO plugin v16.1.1 - https:\/\/yoast.com\/wordpress\/plugins\/seo\/ -->\n<title>Republika Hrvatska i Domovinski rat 1990.-1995. \u2013 Dokumenti (knjiga 12): Dokumenti institucija pobunjenih Srba u Republici Hrvatskoj (sije\u010danj-lipanj 1994.) - Hrvatski institut za povijest<\/title>\n<link rel=\"canonical\" href=\"http:\/\/hipsb.hr\/proizvod\/republika-hrvatska-i-domovinski-rat-1990-1995-dokumenti-knjiga-12-dokumenti-institucija-pobunjenih-srba-u-republici-hrvatskoj-sijecanj-lipanj-1994\/\" \/>\n<meta property=\"og:locale\" content=\"en_US\" \/>\n<meta property=\"og:type\" content=\"article\" \/>\n<meta property=\"og:title\" content=\"Republika Hrvatska i Domovinski rat 1990.-1995. \u2013 Dokumenti (knjiga 12): Dokumenti institucija pobunjenih Srba u Republici Hrvatskoj (sije\u010danj-lipanj 1994.) - Hrvatski institut za povijest\" \/>\n<meta property=\"og:description\" content=\"Dokumenti institucija pobunjenih Srba u Republici Hrvatskoj (sije\u010danj \u2013 lipanj\u00a01994.) dvanaesta su knjiga u seriji koju je pod naslovom \u201cRepublika Hrvatska\u00a0i Domovinski rat 1990.-1995. \u2013 Dokumenti\u201d, od 2007. po\u010deo objavljivati\u00a0Hrvatski memorijalno-dokumentacijski centar Domovinskog rata (dalje Centar). U knjizi\u00a0su predstavljeni dokumenti iz arhivskog gradiva \u201cRepublike Srpske Krajine\u201d (RSK) koji\u00a0se \u010duvaju u Centru i drugim arhivskim ustanovama [&hellip;]\" \/>\n<meta property=\"og:url\" content=\"http:\/\/hipsb.hr\/proizvod\/republika-hrvatska-i-domovinski-rat-1990-1995-dokumenti-knjiga-12-dokumenti-institucija-pobunjenih-srba-u-republici-hrvatskoj-sijecanj-lipanj-1994\/\" \/>\n<meta property=\"og:site_name\" content=\"Hrvatski institut za povijest\" \/>\n<meta property=\"article:modified_time\" content=\"2026-01-01T14:48:57+00:00\" \/>\n<meta property=\"og:image\" content=\"https:\/\/hipsb.hr\/wp-content\/uploads\/2013\/01\/80_dokumenti12.jpg\" \/>\n\t<meta property=\"og:image:width\" content=\"531\" \/>\n\t<meta property=\"og:image:height\" content=\"688\" \/>\n<meta name=\"twitter:label1\" content=\"Est. reading time\">\n\t<meta name=\"twitter:data1\" content=\"1 minute\">\n<script type=\"application\/ld+json\" class=\"yoast-schema-graph\">{\"@context\":\"https:\/\/schema.org\",\"@graph\":[{\"@type\":\"WebSite\",\"@id\":\"http:\/\/hipsb.hr\/#website\",\"url\":\"http:\/\/hipsb.hr\/\",\"name\":\"Hrvatski institut za povijest\",\"description\":\"Podru\\u017enica za povijest Slavonije, Srijema i Baranje\",\"potentialAction\":[{\"@type\":\"SearchAction\",\"target\":\"http:\/\/hipsb.hr\/?s={search_term_string}\",\"query-input\":\"required name=search_term_string\"}],\"inLanguage\":\"en-US\"},{\"@type\":\"ImageObject\",\"@id\":\"http:\/\/hipsb.hr\/proizvod\/republika-hrvatska-i-domovinski-rat-1990-1995-dokumenti-knjiga-12-dokumenti-institucija-pobunjenih-srba-u-republici-hrvatskoj-sijecanj-lipanj-1994\/#primaryimage\",\"inLanguage\":\"en-US\",\"url\":\"https:\/\/hipsb.hr\/wp-content\/uploads\/2013\/01\/80_dokumenti12.jpg\",\"contentUrl\":\"https:\/\/hipsb.hr\/wp-content\/uploads\/2013\/01\/80_dokumenti12.jpg\",\"width\":531,\"height\":688},{\"@type\":\"WebPage\",\"@id\":\"http:\/\/hipsb.hr\/proizvod\/republika-hrvatska-i-domovinski-rat-1990-1995-dokumenti-knjiga-12-dokumenti-institucija-pobunjenih-srba-u-republici-hrvatskoj-sijecanj-lipanj-1994\/#webpage\",\"url\":\"http:\/\/hipsb.hr\/proizvod\/republika-hrvatska-i-domovinski-rat-1990-1995-dokumenti-knjiga-12-dokumenti-institucija-pobunjenih-srba-u-republici-hrvatskoj-sijecanj-lipanj-1994\/\",\"name\":\"Republika Hrvatska i Domovinski rat 1990.-1995. \\u2013 Dokumenti (knjiga 12): Dokumenti institucija pobunjenih Srba u Republici Hrvatskoj (sije\\u010danj-lipanj 1994.) - Hrvatski institut za povijest\",\"isPartOf\":{\"@id\":\"http:\/\/hipsb.hr\/#website\"},\"primaryImageOfPage\":{\"@id\":\"http:\/\/hipsb.hr\/proizvod\/republika-hrvatska-i-domovinski-rat-1990-1995-dokumenti-knjiga-12-dokumenti-institucija-pobunjenih-srba-u-republici-hrvatskoj-sijecanj-lipanj-1994\/#primaryimage\"},\"datePublished\":\"2013-01-01T20:01:18+00:00\",\"dateModified\":\"2026-01-01T14:48:57+00:00\",\"breadcrumb\":{\"@id\":\"http:\/\/hipsb.hr\/proizvod\/republika-hrvatska-i-domovinski-rat-1990-1995-dokumenti-knjiga-12-dokumenti-institucija-pobunjenih-srba-u-republici-hrvatskoj-sijecanj-lipanj-1994\/#breadcrumb\"},\"inLanguage\":\"en-US\",\"potentialAction\":[{\"@type\":\"ReadAction\",\"target\":[\"http:\/\/hipsb.hr\/proizvod\/republika-hrvatska-i-domovinski-rat-1990-1995-dokumenti-knjiga-12-dokumenti-institucija-pobunjenih-srba-u-republici-hrvatskoj-sijecanj-lipanj-1994\/\"]}]},{\"@type\":\"BreadcrumbList\",\"@id\":\"http:\/\/hipsb.hr\/proizvod\/republika-hrvatska-i-domovinski-rat-1990-1995-dokumenti-knjiga-12-dokumenti-institucija-pobunjenih-srba-u-republici-hrvatskoj-sijecanj-lipanj-1994\/#breadcrumb\",\"itemListElement\":[{\"@type\":\"ListItem\",\"position\":1,\"item\":{\"@type\":\"WebPage\",\"@id\":\"http:\/\/hipsb.hr\/en\/\",\"url\":\"http:\/\/hipsb.hr\/en\/\",\"name\":\"Home\"}},{\"@type\":\"ListItem\",\"position\":2,\"item\":{\"@type\":\"WebPage\",\"@id\":\"http:\/\/hipsb.hr\/shop\/\",\"url\":\"http:\/\/hipsb.hr\/shop\/\",\"name\":\"Proizvodi\"}},{\"@type\":\"ListItem\",\"position\":3,\"item\":{\"@type\":\"WebPage\",\"@id\":\"http:\/\/hipsb.hr\/proizvod\/republika-hrvatska-i-domovinski-rat-1990-1995-dokumenti-knjiga-12-dokumenti-institucija-pobunjenih-srba-u-republici-hrvatskoj-sijecanj-lipanj-1994\/\",\"url\":\"http:\/\/hipsb.hr\/proizvod\/republika-hrvatska-i-domovinski-rat-1990-1995-dokumenti-knjiga-12-dokumenti-institucija-pobunjenih-srba-u-republici-hrvatskoj-sijecanj-lipanj-1994\/\",\"name\":\"Republika Hrvatska i Domovinski rat 1990.-1995. \\u2013 Dokumenti (knjiga 12): Dokumenti institucija pobunjenih Srba u Republici Hrvatskoj (sije\\u010danj-lipanj 1994.)\"}}]}]}<\/script>\n<!-- \/ Yoast SEO plugin. -->","_links":{"self":[{"href":"https:\/\/hipsb.hr\/en\/wp-json\/wp\/v2\/product\/945"}],"collection":[{"href":"https:\/\/hipsb.hr\/en\/wp-json\/wp\/v2\/product"}],"about":[{"href":"https:\/\/hipsb.hr\/en\/wp-json\/wp\/v2\/types\/product"}],"replies":[{"embeddable":true,"href":"https:\/\/hipsb.hr\/en\/wp-json\/wp\/v2\/comments?post=945"}],"wp:featuredmedia":[{"embeddable":true,"href":"https:\/\/hipsb.hr\/en\/wp-json\/wp\/v2\/media\/946"}],"wp:attachment":[{"href":"https:\/\/hipsb.hr\/en\/wp-json\/wp\/v2\/media?parent=945"}],"curies":[{"name":"wp","href":"https:\/\/api.w.org\/{rel}","templated":true}]}}