{"id":947,"date":"2013-01-01T21:04:30","date_gmt":"2013-01-01T20:04:30","guid":{"rendered":"http:\/\/hipsb.hr\/?post_type=product&#038;p=947"},"modified":"2026-01-22T12:14:07","modified_gmt":"2026-01-22T11:14:07","slug":"stradanja-svecenika-dakovacke-i-srijemske-biskupije-1944-1960","status":"publish","type":"product","link":"https:\/\/hipsb.hr\/en\/proizvod\/stradanja-svecenika-dakovacke-i-srijemske-biskupije-1944-1960\/","title":{"rendered":"Stradanja sve\u0107enika \u0110akova\u010dke i Srijemske biskupije 1944.-1960."},"content":{"rendered":"<p>Istra\u017euju\u0107i problematiku crkveno-dr\u017eavnih odnosa u komunisti\u010dkoj Jugoslaviji, posebice odnosa Katoli\u010dke crkve i dr\u017eavnih vlasti u Hrvatskoj, susreli smo se s mnogim, dosad neobjavljenim izvorima, koji svjedo\u010de o sustavnom progonu katoli\u010dkih sve\u0107enika, posebice u prvim godinama nakon Drugog svjetskog rata. Iznimno je pohvalno \u0161to su pojedini autori, uglavnom sve\u0107enici (Anto Bakovi\u0107, Petar Bezina, Stjepan Ko\u017eul) posvetili veliku pozornost toj problematici i objavili podatke o ubojstvima i progonima velikog broja sve\u0107enika. Na\u0161u pozornost ovom je prigodom privukla sudbina sve\u0107enika \u0110akova\u010dke i Srijemske biskupije, koji su na razne na\u010dine bili \u017ertve komunisti\u010dke represije. Iako su zna\u010dajan doprinos istra\u017eivanju ove problematike dali Antun Jarm, u knjizi <i>Pribrojeni zboru mu\u010denika<\/i>, \u0110akovo, 2007. i Anto Bakovi\u0107 u knjizi <i>Hrvatski martirologij XX. stolje\u0107a<\/i>, Zagreb, 2007., odlu\u010dili smo se na dodatna istra\u017eivanja i izradu nove studije, jer smo ustanovili, da postoji jo\u0161 prili\u010dna koli\u010dina neobjavljenih izvora, koji mogu dati cjelovitiju sliku navedene problematike.<\/p>\n<p>&nbsp;<\/p>\n<p>U ovoj knjizi, nastojali smo, objaviti \u0161to vi\u0161e podataka o sudbini svih sve\u0107enika \u0110akova\u010dke i Srijemske biskupije, koji su nakon partizanskog preuzimanja nadzora nad pojedinim podru\u010djima biskupije (Srijem) 1944. i uspostave komunisti\u010dke vlasti 1945. ubijeni, osu\u0111eni na smrt, vi\u0161egodi\u0161nje, ali i one najkra\u0107e kazne zatvora. Kao zavr\u0161nu godinu odredili smo 1960., tj. godinu jednog od najve\u0107ih sudskih postupaka protiv sve\u0107enika Katoli\u010dke crkve u tada\u0161njoj Jugoslaviji, tj. su\u0111enja profesorima i sve\u0107enicima \u0110akova\u010dkog sjemeni\u0161ta. To smo su\u0111enje u ovoj knjizi izdvojili kao posebno poglavlje, dok smo sve ostale sve\u0107enike, ubijane i proganjane od komunisti\u010dkih vlasti obradili pojedina\u010dno. Naravno, ne zna\u010di da smo ovime do kraja rije\u0161ili navedenu problematiku, jer je ostalo jo\u0161 nerazja\u0161njenih sudbina, a vjerojatno u ovu knjigu spadaju i jo\u0161 neki sve\u0107enici, za koje, zasad, nismo na\u0161li nikakvih podataka.<\/p>\n<p>&nbsp;<\/p>\n<p style=\"text-align: right;\"><em>Autori<\/em><\/p>\n","protected":false},"excerpt":{"rendered":"<p>Istra\u017euju\u0107i problematiku crkveno-dr\u017eavnih odnosa u komunisti\u010dkoj Jugoslaviji, posebice odnosa Katoli\u010dke crkve i dr\u017eavnih vlasti u Hrvatskoj, susreli smo se s mnogim, dosad neobjavljenim izvorima, koji svjedo\u010de o sustavnom progonu katoli\u010dkih sve\u0107enika, posebice u prvim godinama nakon Drugog svjetskog rata. Iznimno je pohvalno \u0161to su pojedini autori, uglavnom sve\u0107enici (Anto Bakovi\u0107, Petar Bezina, Stjepan Ko\u017eul) posvetili [&hellip;]<\/p>\n","protected":false},"featured_media":948,"comment_status":"closed","ping_status":"closed","template":"","meta":[],"yoast_head":"<!-- This site is optimized with the Yoast SEO plugin v16.1.1 - https:\/\/yoast.com\/wordpress\/plugins\/seo\/ -->\n<title>Stradanja sve\u0107enika \u0110akova\u010dke i Srijemske biskupije 1944.-1960. - Hrvatski institut za povijest<\/title>\n<link rel=\"canonical\" href=\"https:\/\/hipsb.hr\/en\/proizvod\/stradanja-svecenika-dakovacke-i-srijemske-biskupije-1944-1960\/\" \/>\n<meta property=\"og:locale\" content=\"en_US\" \/>\n<meta property=\"og:type\" content=\"article\" \/>\n<meta property=\"og:title\" content=\"Stradanja sve\u0107enika \u0110akova\u010dke i Srijemske biskupije 1944.-1960. - Hrvatski institut za povijest\" \/>\n<meta property=\"og:description\" content=\"Istra\u017euju\u0107i problematiku crkveno-dr\u017eavnih odnosa u komunisti\u010dkoj Jugoslaviji, posebice odnosa Katoli\u010dke crkve i dr\u017eavnih vlasti u Hrvatskoj, susreli smo se s mnogim, dosad neobjavljenim izvorima, koji svjedo\u010de o sustavnom progonu katoli\u010dkih sve\u0107enika, posebice u prvim godinama nakon Drugog svjetskog rata. Iznimno je pohvalno \u0161to su pojedini autori, uglavnom sve\u0107enici (Anto Bakovi\u0107, Petar Bezina, Stjepan Ko\u017eul) posvetili [&hellip;]\" \/>\n<meta property=\"og:url\" content=\"https:\/\/hipsb.hr\/en\/proizvod\/stradanja-svecenika-dakovacke-i-srijemske-biskupije-1944-1960\/\" \/>\n<meta property=\"og:site_name\" content=\"Hrvatski institut za povijest\" \/>\n<meta property=\"article:modified_time\" content=\"2026-01-22T11:14:07+00:00\" \/>\n<meta property=\"og:image\" content=\"https:\/\/hipsb.hr\/wp-content\/uploads\/2013\/01\/81_stradanjasvecenika.jpg\" \/>\n\t<meta property=\"og:image:width\" content=\"551\" \/>\n\t<meta property=\"og:image:height\" content=\"806\" \/>\n<meta name=\"twitter:label1\" content=\"Est. reading time\">\n\t<meta name=\"twitter:data1\" content=\"2 minutes\">\n<script type=\"application\/ld+json\" class=\"yoast-schema-graph\">{\"@context\":\"https:\/\/schema.org\",\"@graph\":[{\"@type\":\"WebSite\",\"@id\":\"http:\/\/hipsb.hr\/en\/#website\",\"url\":\"http:\/\/hipsb.hr\/en\/\",\"name\":\"Hrvatski institut za povijest\",\"description\":\"Podru\\u017enica za povijest Slavonije, Srijema i Baranje\",\"potentialAction\":[{\"@type\":\"SearchAction\",\"target\":\"http:\/\/hipsb.hr\/en\/?s={search_term_string}\",\"query-input\":\"required name=search_term_string\"}],\"inLanguage\":\"en-US\"},{\"@type\":\"ImageObject\",\"@id\":\"https:\/\/hipsb.hr\/en\/proizvod\/stradanja-svecenika-dakovacke-i-srijemske-biskupije-1944-1960\/#primaryimage\",\"inLanguage\":\"en-US\",\"url\":\"https:\/\/hipsb.hr\/wp-content\/uploads\/2013\/01\/81_stradanjasvecenika.jpg\",\"contentUrl\":\"https:\/\/hipsb.hr\/wp-content\/uploads\/2013\/01\/81_stradanjasvecenika.jpg\",\"width\":551,\"height\":806},{\"@type\":\"WebPage\",\"@id\":\"https:\/\/hipsb.hr\/en\/proizvod\/stradanja-svecenika-dakovacke-i-srijemske-biskupije-1944-1960\/#webpage\",\"url\":\"https:\/\/hipsb.hr\/en\/proizvod\/stradanja-svecenika-dakovacke-i-srijemske-biskupije-1944-1960\/\",\"name\":\"Stradanja sve\\u0107enika \\u0110akova\\u010dke i Srijemske biskupije 1944.-1960. - Hrvatski institut za povijest\",\"isPartOf\":{\"@id\":\"http:\/\/hipsb.hr\/en\/#website\"},\"primaryImageOfPage\":{\"@id\":\"https:\/\/hipsb.hr\/en\/proizvod\/stradanja-svecenika-dakovacke-i-srijemske-biskupije-1944-1960\/#primaryimage\"},\"datePublished\":\"2013-01-01T20:04:30+00:00\",\"dateModified\":\"2026-01-22T11:14:07+00:00\",\"breadcrumb\":{\"@id\":\"https:\/\/hipsb.hr\/en\/proizvod\/stradanja-svecenika-dakovacke-i-srijemske-biskupije-1944-1960\/#breadcrumb\"},\"inLanguage\":\"en-US\",\"potentialAction\":[{\"@type\":\"ReadAction\",\"target\":[\"https:\/\/hipsb.hr\/en\/proizvod\/stradanja-svecenika-dakovacke-i-srijemske-biskupije-1944-1960\/\"]}]},{\"@type\":\"BreadcrumbList\",\"@id\":\"https:\/\/hipsb.hr\/en\/proizvod\/stradanja-svecenika-dakovacke-i-srijemske-biskupije-1944-1960\/#breadcrumb\",\"itemListElement\":[{\"@type\":\"ListItem\",\"position\":1,\"item\":{\"@type\":\"WebPage\",\"@id\":\"http:\/\/hipsb.hr\/en\/\",\"url\":\"http:\/\/hipsb.hr\/en\/\",\"name\":\"Home\"}},{\"@type\":\"ListItem\",\"position\":2,\"item\":{\"@type\":\"WebPage\",\"@id\":\"http:\/\/hipsb.hr\/shop\/\",\"url\":\"http:\/\/hipsb.hr\/shop\/\",\"name\":\"Proizvodi\"}},{\"@type\":\"ListItem\",\"position\":3,\"item\":{\"@type\":\"WebPage\",\"@id\":\"https:\/\/hipsb.hr\/en\/proizvod\/stradanja-svecenika-dakovacke-i-srijemske-biskupije-1944-1960\/\",\"url\":\"https:\/\/hipsb.hr\/en\/proizvod\/stradanja-svecenika-dakovacke-i-srijemske-biskupije-1944-1960\/\",\"name\":\"Stradanja sve\\u0107enika \\u0110akova\\u010dke i Srijemske biskupije 1944.-1960.\"}}]}]}<\/script>\n<!-- \/ Yoast SEO plugin. -->","_links":{"self":[{"href":"https:\/\/hipsb.hr\/en\/wp-json\/wp\/v2\/product\/947"}],"collection":[{"href":"https:\/\/hipsb.hr\/en\/wp-json\/wp\/v2\/product"}],"about":[{"href":"https:\/\/hipsb.hr\/en\/wp-json\/wp\/v2\/types\/product"}],"replies":[{"embeddable":true,"href":"https:\/\/hipsb.hr\/en\/wp-json\/wp\/v2\/comments?post=947"}],"wp:featuredmedia":[{"embeddable":true,"href":"https:\/\/hipsb.hr\/en\/wp-json\/wp\/v2\/media\/948"}],"wp:attachment":[{"href":"https:\/\/hipsb.hr\/en\/wp-json\/wp\/v2\/media?parent=947"}],"curies":[{"name":"wp","href":"https:\/\/api.w.org\/{rel}","templated":true}]}}