{"id":9506,"date":"2021-05-13T12:09:44","date_gmt":"2021-05-13T10:09:44","guid":{"rendered":"http:\/\/hipsb.hr\/?post_type=product&#038;p=9506"},"modified":"2025-11-18T23:00:45","modified_gmt":"2025-11-18T22:00:45","slug":"donji-andrijevci-povijest-i-bastina","status":"publish","type":"product","link":"https:\/\/hipsb.hr\/en\/proizvod\/donji-andrijevci-povijest-i-bastina\/","title":{"rendered":"Donji Andrijevci \u2013 povijest i ba\u0161tina"},"content":{"rendered":"<p><span style=\"color: #ff0000;\"><a style=\"color: #ff0000;\" href=\"http:\/\/hipsb.hr\/wp-content\/uploads\/2021\/05\/DonjiAndrijevci_sadrzaj.pdf\"><strong><span style=\"color: #0000ff;\">Sadr\u017eaj zbornika \u2013 PDF<\/span><\/strong><\/a><\/span><\/p>\n<p>&nbsp;<\/p>\n<p>&nbsp;<\/p>\n<p><span style=\"color: #000000;\"><strong>Proslov<\/strong><\/span><\/p>\n<p>&nbsp;<\/p>\n<p><span style=\"color: #000000;\">Ideju o zborniku u kojem bi bile obra\u0111ene razli\u010dite teme iz povijesti Donjih Andrijevaca prvi sam put \u010duo od kolege Domagoja Zovka iz Dr\u017eavnog arhiva u Slavonskom Brodu, u rujnu 2017. Negdje u to vrijeme istu je ideju izlo\u017eio i predstojniku Podru\u017enice za povijest Slavonije, Srijema i Baranje Hrvatskog instituta za povijest Stanku Andri\u0107u, te na\u010delniku Op\u0107ine Donji Andrijevci Tomislavu Marijanovi\u0107u, koji su ubrzo prona\u0161li zajedni\u010dki jezik i okvirno se slo\u017eili da \u0107e Op\u0107ina i Podru\u017enica zajedni\u010dki krenuti u ovaj nakladni\u010dki projekt. I kolegij Podru\u017enice prihvatio je ovu inicijativu i 28. prosinca 2017. mene imenovao administratorom budu\u0107eg zbornika. Osim istra\u017eiva\u010dima Podru\u017enice, slu\u017ebeni poziv za suradnju uputio sam i odre\u0111enom broju kulturnih, znanstvenih i znanstveno-nastavnih ustanova. Kako je vrijeme odmicalo javljalo nam se sve vi\u0161e potencijalnih suradnika \u2013 pored izvanrednih pandemijskih uvjeta i to je bio razlog zbog kojeg su se radovi na zborniku usporili pa nije, kako je prvotno planirano, objavljen tijekom 2020.<\/span><\/p>\n<p>&nbsp;<\/p>\n<p><span style=\"color: #000000;\">Nismo imali ambiciju zaokru\u017eiti spoznaju o povijesti Donjih Andrijevaca, nego smo nastojali okupiti respektabilnu ekipu suradnika koji \u0107e na temelju dostupne im gra\u0111e, izvora i literature mo\u0107i kompetentno i u \u0161irem kontekstu pisati o razli\u010ditim aspektima povijesti, tradicije i kulture podru\u010dja i okolice podru\u010dja koje danas u administrativnom smislu pokriva ova op\u0107ina. Autori u zborniku su razli\u010ditih profesija i stru\u010dnih profila, od arheologa, povjesni\u010dara i arhivista do etnomuzikologa i lije\u010dnika, stoga se na razini cijele knjige nije moglo u potpunosti ujedna\u010diti stil i koncepciju svakog pojedinog priloga. Neke teme nismo uspjeli obuhvatiti, primjerice povijest sporta ili pregled kronologije dragovoljnog vatrogastva u Donjim Andrijevcima, no to je samo pokazatelj da na ovakvim nakladni\u010dkim projektima treba nastojati i u budu\u0107nosti. U tom bi smislu zbornik \u00bb<em>Donji Andrijevci \u2013 povijest i ba\u0161tina\u00ab <\/em>mogao poslu\u017eiti kao paradigmatski model suradnje op\u0107ina i gradova sa znanstvenim ustanovama dru\u0161tvenog i humanisti\u010dkog usmjerenja, ne samo u Brodsko-posavskoj \u017eupaniji.<\/span><\/p>\n<p>&nbsp;<\/p>\n<p><span style=\"color: #000000;\">U zborniku je na gotovo 650 autorskih kartica teksta objavljeno osamnaest priloga iz pera dvadeset i jedne autorice i autora. Svima njima od srca zahvaljujemo na marljivom i savjesnom radu na zajedni\u010dkom poslu koji u uvjetima pandemije nije bio lak, naro\u010dito onim suradnicima koje su k tomu pogodile i posljedice potresa. Posebnu zahvalnost dugujemo recenzenticama i recenzentima na dobronamjernim i korisnim ocjenama, primjedbama i ispravcima kojima su zna\u010dajnu podigli razinu kvaliteta ove publikacije, te Ministarstvu znanosti i obrazovanja Republike Hrvatske, koje je financijski potpomoglo njeno objavljivanje.<\/span><\/p>\n<p>&nbsp;<\/p>\n<p style=\"text-align: right;\"><span style=\"color: #000000;\">Urednik<\/span><\/p>\n","protected":false},"excerpt":{"rendered":"<p>Sadr\u017eaj zbornika \u2013 PDF &nbsp; &nbsp; Proslov &nbsp; Ideju o zborniku u kojem bi bile obra\u0111ene razli\u010dite teme iz povijesti Donjih Andrijevaca prvi sam put \u010duo od kolege Domagoja Zovka iz Dr\u017eavnog arhiva u Slavonskom Brodu, u rujnu 2017. Negdje u to vrijeme istu je ideju izlo\u017eio i predstojniku Podru\u017enice za povijest Slavonije, Srijema i [&hellip;]<\/p>\n","protected":false},"featured_media":9514,"comment_status":"closed","ping_status":"closed","template":"","meta":[],"yoast_head":"<!-- This site is optimized with the Yoast SEO plugin v16.1.1 - https:\/\/yoast.com\/wordpress\/plugins\/seo\/ -->\n<title>Donji Andrijevci \u2013 povijest i ba\u0161tina - Hrvatski institut za povijest<\/title>\n<link rel=\"canonical\" href=\"https:\/\/hipsb.hr\/proizvod\/donji-andrijevci-povijest-i-bastina\/\" \/>\n<meta property=\"og:locale\" content=\"en_US\" \/>\n<meta property=\"og:type\" content=\"article\" \/>\n<meta property=\"og:title\" content=\"Donji Andrijevci \u2013 povijest i ba\u0161tina - Hrvatski institut za povijest\" \/>\n<meta property=\"og:description\" content=\"Sadr\u017eaj zbornika \u2013 PDF &nbsp; &nbsp; Proslov &nbsp; Ideju o zborniku u kojem bi bile obra\u0111ene razli\u010dite teme iz povijesti Donjih Andrijevaca prvi sam put \u010duo od kolege Domagoja Zovka iz Dr\u017eavnog arhiva u Slavonskom Brodu, u rujnu 2017. Negdje u to vrijeme istu je ideju izlo\u017eio i predstojniku Podru\u017enice za povijest Slavonije, Srijema i [&hellip;]\" \/>\n<meta property=\"og:url\" content=\"https:\/\/hipsb.hr\/proizvod\/donji-andrijevci-povijest-i-bastina\/\" \/>\n<meta property=\"og:site_name\" content=\"Hrvatski institut za povijest\" \/>\n<meta property=\"article:modified_time\" content=\"2025-11-18T22:00:45+00:00\" \/>\n<meta property=\"og:image\" content=\"https:\/\/hipsb.hr\/wp-content\/uploads\/2021\/05\/Naslovnica_Donji_Andrijevci-1.jpg\" \/>\n\t<meta property=\"og:image:width\" content=\"722\" \/>\n\t<meta property=\"og:image:height\" content=\"1024\" \/>\n<meta name=\"twitter:label1\" content=\"Est. reading time\">\n\t<meta name=\"twitter:data1\" content=\"2 minutes\">\n<script type=\"application\/ld+json\" class=\"yoast-schema-graph\">{\"@context\":\"https:\/\/schema.org\",\"@graph\":[{\"@type\":\"WebSite\",\"@id\":\"http:\/\/hipsb.hr\/en\/#website\",\"url\":\"http:\/\/hipsb.hr\/en\/\",\"name\":\"Hrvatski institut za povijest\",\"description\":\"Podru\\u017enica za povijest Slavonije, Srijema i Baranje\",\"potentialAction\":[{\"@type\":\"SearchAction\",\"target\":\"http:\/\/hipsb.hr\/en\/?s={search_term_string}\",\"query-input\":\"required name=search_term_string\"}],\"inLanguage\":\"en-US\"},{\"@type\":\"ImageObject\",\"@id\":\"https:\/\/hipsb.hr\/proizvod\/donji-andrijevci-povijest-i-bastina\/#primaryimage\",\"inLanguage\":\"en-US\",\"url\":\"https:\/\/hipsb.hr\/wp-content\/uploads\/2021\/05\/Naslovnica_Donji_Andrijevci-1.jpg\",\"contentUrl\":\"https:\/\/hipsb.hr\/wp-content\/uploads\/2021\/05\/Naslovnica_Donji_Andrijevci-1.jpg\",\"width\":722,\"height\":1024},{\"@type\":\"WebPage\",\"@id\":\"https:\/\/hipsb.hr\/proizvod\/donji-andrijevci-povijest-i-bastina\/#webpage\",\"url\":\"https:\/\/hipsb.hr\/proizvod\/donji-andrijevci-povijest-i-bastina\/\",\"name\":\"Donji Andrijevci \\u2013 povijest i ba\\u0161tina - Hrvatski institut za povijest\",\"isPartOf\":{\"@id\":\"http:\/\/hipsb.hr\/en\/#website\"},\"primaryImageOfPage\":{\"@id\":\"https:\/\/hipsb.hr\/proizvod\/donji-andrijevci-povijest-i-bastina\/#primaryimage\"},\"datePublished\":\"2021-05-13T10:09:44+00:00\",\"dateModified\":\"2025-11-18T22:00:45+00:00\",\"breadcrumb\":{\"@id\":\"https:\/\/hipsb.hr\/proizvod\/donji-andrijevci-povijest-i-bastina\/#breadcrumb\"},\"inLanguage\":\"en-US\",\"potentialAction\":[{\"@type\":\"ReadAction\",\"target\":[\"https:\/\/hipsb.hr\/proizvod\/donji-andrijevci-povijest-i-bastina\/\"]}]},{\"@type\":\"BreadcrumbList\",\"@id\":\"https:\/\/hipsb.hr\/proizvod\/donji-andrijevci-povijest-i-bastina\/#breadcrumb\",\"itemListElement\":[{\"@type\":\"ListItem\",\"position\":1,\"item\":{\"@type\":\"WebPage\",\"@id\":\"http:\/\/hipsb.hr\/en\/\",\"url\":\"http:\/\/hipsb.hr\/en\/\",\"name\":\"Home\"}},{\"@type\":\"ListItem\",\"position\":2,\"item\":{\"@type\":\"WebPage\",\"@id\":\"http:\/\/hipsb.hr\/en\/shop\/\",\"url\":\"http:\/\/hipsb.hr\/en\/shop\/\",\"name\":\"Proizvodi\"}},{\"@type\":\"ListItem\",\"position\":3,\"item\":{\"@type\":\"WebPage\",\"@id\":\"https:\/\/hipsb.hr\/proizvod\/donji-andrijevci-povijest-i-bastina\/\",\"url\":\"https:\/\/hipsb.hr\/proizvod\/donji-andrijevci-povijest-i-bastina\/\",\"name\":\"Donji Andrijevci \\u2013 povijest i ba\\u0161tina\"}}]}]}<\/script>\n<!-- \/ Yoast SEO plugin. -->","_links":{"self":[{"href":"https:\/\/hipsb.hr\/en\/wp-json\/wp\/v2\/product\/9506"}],"collection":[{"href":"https:\/\/hipsb.hr\/en\/wp-json\/wp\/v2\/product"}],"about":[{"href":"https:\/\/hipsb.hr\/en\/wp-json\/wp\/v2\/types\/product"}],"replies":[{"embeddable":true,"href":"https:\/\/hipsb.hr\/en\/wp-json\/wp\/v2\/comments?post=9506"}],"wp:featuredmedia":[{"embeddable":true,"href":"https:\/\/hipsb.hr\/en\/wp-json\/wp\/v2\/media\/9514"}],"wp:attachment":[{"href":"https:\/\/hipsb.hr\/en\/wp-json\/wp\/v2\/media?parent=9506"}],"curies":[{"name":"wp","href":"https:\/\/api.w.org\/{rel}","templated":true}]}}