{"id":954,"date":"2013-01-02T08:21:32","date_gmt":"2013-01-02T07:21:32","guid":{"rendered":"http:\/\/hipsb.hr\/?post_type=product&#038;p=954"},"modified":"2024-11-19T23:01:05","modified_gmt":"2024-11-19T22:01:05","slug":"crkva-i-drzava-dopisivanje-i-razgovori-izmedu-predstavnika-katolicke-crkve-i-komunisticke-drzavne-vlasti-u-jugoslaviji-sv-iii-1961-1964","status":"publish","type":"product","link":"https:\/\/hipsb.hr\/en\/proizvod\/crkva-i-drzava-dopisivanje-i-razgovori-izmedu-predstavnika-katolicke-crkve-i-komunisticke-drzavne-vlasti-u-jugoslaviji-sv-iii-1961-1964\/","title":{"rendered":"Crkva i dr\u017eava: dopisivanje i razgovori izme\u0111u predstavnika Katoli\u010dke crkve i komunisti\u010dke dr\u017eavne vlasti u Jugoslaviji. Sv. III. (1961.-1964.)"},"content":{"rendered":"<p>Miroslav Akmad\u017ea ovom knjigom nastavlja svoj niz, te ovim III. sveskom daje javnosti daljnje arhivsko gradivo, koje se odnosi na dopisivanje Katoli\u010dke crkve i komunisti\u010dke dr\u017eavne vlasti u Jugoslaviji u razdoblju 1961.-1964.<br \/>\nSvako obra\u0111eno podru\u010dje u ovoj knjizi zanimljivo je na svoj na\u010din, a posebice poglavlja &#8220;Drugi vatikanski sabor i crkveno-dr\u017eavni odnosi u Jugoslaviji&#8221;, &#8220;Stale\u0161ko sve\u0107eni\u010dko dru\u0161tvo u okolnostima smirivanja crkveno-dr\u017eavnih odnosa&#8221; te &#8220;Po\u010detak pregovora izme\u0111u Svete Stolice i Jugoslavije&#8221;.<\/p>\n","protected":false},"excerpt":{"rendered":"<p>Miroslav Akmad\u017ea ovom knjigom nastavlja svoj niz, te ovim III. sveskom daje javnosti daljnje arhivsko gradivo, koje se odnosi na dopisivanje Katoli\u010dke crkve i komunisti\u010dke dr\u017eavne vlasti u Jugoslaviji u razdoblju 1961.-1964. Svako obra\u0111eno podru\u010dje u ovoj knjizi zanimljivo je na svoj na\u010din, a posebice poglavlja &#8220;Drugi vatikanski sabor i crkveno-dr\u017eavni odnosi u Jugoslaviji&#8221;, &#8220;Stale\u0161ko [&hellip;]<\/p>\n","protected":false},"featured_media":957,"comment_status":"closed","ping_status":"closed","template":"","meta":[],"yoast_head":"<!-- This site is optimized with the Yoast SEO plugin v16.1.1 - https:\/\/yoast.com\/wordpress\/plugins\/seo\/ -->\n<title>Crkva i dr\u017eava: dopisivanje i razgovori izme\u0111u predstavnika Katoli\u010dke crkve i komunisti\u010dke dr\u017eavne vlasti u Jugoslaviji. Sv. III. (1961.-1964.) - Hrvatski institut za povijest<\/title>\n<link rel=\"canonical\" href=\"https:\/\/hipsb.hr\/proizvod\/crkva-i-drzava-dopisivanje-i-razgovori-izmedu-predstavnika-katolicke-crkve-i-komunisticke-drzavne-vlasti-u-jugoslaviji-sv-iii-1961-1964\/\" \/>\n<meta property=\"og:locale\" content=\"en_US\" \/>\n<meta property=\"og:type\" content=\"article\" \/>\n<meta property=\"og:title\" content=\"Crkva i dr\u017eava: dopisivanje i razgovori izme\u0111u predstavnika Katoli\u010dke crkve i komunisti\u010dke dr\u017eavne vlasti u Jugoslaviji. Sv. III. (1961.-1964.) - Hrvatski institut za povijest\" \/>\n<meta property=\"og:description\" content=\"Miroslav Akmad\u017ea ovom knjigom nastavlja svoj niz, te ovim III. sveskom daje javnosti daljnje arhivsko gradivo, koje se odnosi na dopisivanje Katoli\u010dke crkve i komunisti\u010dke dr\u017eavne vlasti u Jugoslaviji u razdoblju 1961.-1964. Svako obra\u0111eno podru\u010dje u ovoj knjizi zanimljivo je na svoj na\u010din, a posebice poglavlja &#8220;Drugi vatikanski sabor i crkveno-dr\u017eavni odnosi u Jugoslaviji&#8221;, &#8220;Stale\u0161ko [&hellip;]\" \/>\n<meta property=\"og:url\" content=\"https:\/\/hipsb.hr\/proizvod\/crkva-i-drzava-dopisivanje-i-razgovori-izmedu-predstavnika-katolicke-crkve-i-komunisticke-drzavne-vlasti-u-jugoslaviji-sv-iii-1961-1964\/\" \/>\n<meta property=\"og:site_name\" content=\"Hrvatski institut za povijest\" \/>\n<meta property=\"article:modified_time\" content=\"2024-11-19T22:01:05+00:00\" \/>\n<meta property=\"og:image\" content=\"https:\/\/hipsb.hr\/wp-content\/uploads\/2013\/01\/cid_3-e1357116095768.jpg\" \/>\n\t<meta property=\"og:image:width\" content=\"588\" \/>\n\t<meta property=\"og:image:height\" content=\"840\" \/>\n<script type=\"application\/ld+json\" class=\"yoast-schema-graph\">{\"@context\":\"https:\/\/schema.org\",\"@graph\":[{\"@type\":\"WebSite\",\"@id\":\"http:\/\/hipsb.hr\/en\/#website\",\"url\":\"http:\/\/hipsb.hr\/en\/\",\"name\":\"Hrvatski institut za povijest\",\"description\":\"Podru\\u017enica za povijest Slavonije, Srijema i Baranje\",\"potentialAction\":[{\"@type\":\"SearchAction\",\"target\":\"http:\/\/hipsb.hr\/en\/?s={search_term_string}\",\"query-input\":\"required name=search_term_string\"}],\"inLanguage\":\"en-US\"},{\"@type\":\"ImageObject\",\"@id\":\"https:\/\/hipsb.hr\/proizvod\/crkva-i-drzava-dopisivanje-i-razgovori-izmedu-predstavnika-katolicke-crkve-i-komunisticke-drzavne-vlasti-u-jugoslaviji-sv-iii-1961-1964\/#primaryimage\",\"inLanguage\":\"en-US\",\"url\":\"https:\/\/hipsb.hr\/wp-content\/uploads\/2013\/01\/cid_3-e1357116095768.jpg\",\"contentUrl\":\"https:\/\/hipsb.hr\/wp-content\/uploads\/2013\/01\/cid_3-e1357116095768.jpg\",\"width\":588,\"height\":840},{\"@type\":\"WebPage\",\"@id\":\"https:\/\/hipsb.hr\/proizvod\/crkva-i-drzava-dopisivanje-i-razgovori-izmedu-predstavnika-katolicke-crkve-i-komunisticke-drzavne-vlasti-u-jugoslaviji-sv-iii-1961-1964\/#webpage\",\"url\":\"https:\/\/hipsb.hr\/proizvod\/crkva-i-drzava-dopisivanje-i-razgovori-izmedu-predstavnika-katolicke-crkve-i-komunisticke-drzavne-vlasti-u-jugoslaviji-sv-iii-1961-1964\/\",\"name\":\"Crkva i dr\\u017eava: dopisivanje i razgovori izme\\u0111u predstavnika Katoli\\u010dke crkve i komunisti\\u010dke dr\\u017eavne vlasti u Jugoslaviji. Sv. III. (1961.-1964.) - Hrvatski institut za povijest\",\"isPartOf\":{\"@id\":\"http:\/\/hipsb.hr\/en\/#website\"},\"primaryImageOfPage\":{\"@id\":\"https:\/\/hipsb.hr\/proizvod\/crkva-i-drzava-dopisivanje-i-razgovori-izmedu-predstavnika-katolicke-crkve-i-komunisticke-drzavne-vlasti-u-jugoslaviji-sv-iii-1961-1964\/#primaryimage\"},\"datePublished\":\"2013-01-02T07:21:32+00:00\",\"dateModified\":\"2024-11-19T22:01:05+00:00\",\"breadcrumb\":{\"@id\":\"https:\/\/hipsb.hr\/proizvod\/crkva-i-drzava-dopisivanje-i-razgovori-izmedu-predstavnika-katolicke-crkve-i-komunisticke-drzavne-vlasti-u-jugoslaviji-sv-iii-1961-1964\/#breadcrumb\"},\"inLanguage\":\"en-US\",\"potentialAction\":[{\"@type\":\"ReadAction\",\"target\":[\"https:\/\/hipsb.hr\/proizvod\/crkva-i-drzava-dopisivanje-i-razgovori-izmedu-predstavnika-katolicke-crkve-i-komunisticke-drzavne-vlasti-u-jugoslaviji-sv-iii-1961-1964\/\"]}]},{\"@type\":\"BreadcrumbList\",\"@id\":\"https:\/\/hipsb.hr\/proizvod\/crkva-i-drzava-dopisivanje-i-razgovori-izmedu-predstavnika-katolicke-crkve-i-komunisticke-drzavne-vlasti-u-jugoslaviji-sv-iii-1961-1964\/#breadcrumb\",\"itemListElement\":[{\"@type\":\"ListItem\",\"position\":1,\"item\":{\"@type\":\"WebPage\",\"@id\":\"http:\/\/hipsb.hr\/en\/\",\"url\":\"http:\/\/hipsb.hr\/en\/\",\"name\":\"Home\"}},{\"@type\":\"ListItem\",\"position\":2,\"item\":{\"@type\":\"WebPage\",\"@id\":\"http:\/\/hipsb.hr\/shop\/\",\"url\":\"http:\/\/hipsb.hr\/shop\/\",\"name\":\"Proizvodi\"}},{\"@type\":\"ListItem\",\"position\":3,\"item\":{\"@type\":\"WebPage\",\"@id\":\"https:\/\/hipsb.hr\/proizvod\/crkva-i-drzava-dopisivanje-i-razgovori-izmedu-predstavnika-katolicke-crkve-i-komunisticke-drzavne-vlasti-u-jugoslaviji-sv-iii-1961-1964\/\",\"url\":\"https:\/\/hipsb.hr\/proizvod\/crkva-i-drzava-dopisivanje-i-razgovori-izmedu-predstavnika-katolicke-crkve-i-komunisticke-drzavne-vlasti-u-jugoslaviji-sv-iii-1961-1964\/\",\"name\":\"Crkva i dr\\u017eava: dopisivanje i razgovori izme\\u0111u predstavnika Katoli\\u010dke crkve i komunisti\\u010dke dr\\u017eavne vlasti u Jugoslaviji. Sv. III. (1961.-1964.)\"}}]}]}<\/script>\n<!-- \/ Yoast SEO plugin. -->","_links":{"self":[{"href":"https:\/\/hipsb.hr\/en\/wp-json\/wp\/v2\/product\/954"}],"collection":[{"href":"https:\/\/hipsb.hr\/en\/wp-json\/wp\/v2\/product"}],"about":[{"href":"https:\/\/hipsb.hr\/en\/wp-json\/wp\/v2\/types\/product"}],"replies":[{"embeddable":true,"href":"https:\/\/hipsb.hr\/en\/wp-json\/wp\/v2\/comments?post=954"}],"wp:featuredmedia":[{"embeddable":true,"href":"https:\/\/hipsb.hr\/en\/wp-json\/wp\/v2\/media\/957"}],"wp:attachment":[{"href":"https:\/\/hipsb.hr\/en\/wp-json\/wp\/v2\/media?parent=954"}],"curies":[{"name":"wp","href":"https:\/\/api.w.org\/{rel}","templated":true}]}}